{"id":122,"date":"2019-01-25T11:36:15","date_gmt":"2019-01-25T11:36:15","guid":{"rendered":"http:\/\/www.pro-it.hu\/kunagota.hu\/?page_id=122"},"modified":"2020-01-16T11:32:06","modified_gmt":"2020-01-16T11:32:06","slug":"kepviselo-testulet","status":"publish","type":"page","link":"http:\/\/pro-it.hu\/kunagota.hu\/onkormanyzat\/kepviselo-testulet\/","title":{"rendered":"K\u00e9pvisel\u0151-test\u00fclet"},"content":{"rendered":"<p><strong><u>2019 Okt\u00f3ber 13.t\u00f3l<br \/>\n<\/u><\/strong><strong>Polg\u00e1rmester:<br \/>\n<\/strong><strong>P\u00e1pai Zolt\u00e1n<\/strong><\/p>\n<p><strong>Telep\u00fcl\u00e9si K\u00e9pvisel\u0151k:<br \/>\n<\/strong><strong>G\u00e1bor L\u00e1szl\u00f3<br \/>\n<\/strong><strong>G\u00e1born\u00e9 Dohar Edit<br \/>\n<\/strong><strong>Gy\u00f6ngy\u00f6si K\u00e1roly<br \/>\n<\/strong><strong>Dr. K\u00e9p\u00edr\u00f3 Zsuzsanna<br \/>\n<\/strong><strong>P\u00e1li J\u00f3zsefn\u00e9<br \/>\n<\/strong><strong>S\u00fcli Ern\u0151<\/strong><\/p>\n<p>&nbsp;<\/p>\n<p><strong>2014. okt\u00f3ber 13:<\/strong><br \/>\n<strong>Polg\u00e1rmester:<\/strong><br \/>\nS\u00fcli Ern\u0151<\/p>\n<p><strong>K\u00e9pvisel\u0151k:<\/strong><br \/>\nBal\u00e1zs Istv\u00e1nn\u00e9<br \/>\nF\u00fcl\u00f6p Istv\u00e1n alpolg\u00e1rmester<br \/>\nGazdagn\u00e9 G\u00e1l Margit<br \/>\nDr. Gyurk\u00f3-Rigler Magda<br \/>\nDr. K\u00e9p\u00edr\u00f3 Zsuzsanna<br \/>\nKiss Csab\u00e1n\u00e9<\/p>\n<p><strong>2010. okt\u00f3ber 4:<\/strong><br \/>\nPolg\u00e1rmester:<br \/>\nP\u00e1pai Zolt\u00e1n<\/p>\n<p><strong>K\u00e9pvisel\u0151k:<\/strong><br \/>\nBal\u00e1zs Istv\u00e1nn\u00e9<br \/>\nF\u00fcl\u00f6p Istv\u00e1n<br \/>\nGazdagn\u00e9 G\u00e1l Margit<br \/>\nGy\u00f6ngy\u00f6si K\u00e1roly alpolg\u00e1rmester<br \/>\nDr. Gyurk\u00f3-Rigler Magda<br \/>\nDr. K\u00e9p\u00edr\u00f3 Zsuzsanna<\/p>\n<p><strong style=\"font-family: Helvetica, sans-serif; font-size: 14px; font-style: normal;\">2006. okt\u00f3ber 1:<\/strong><br \/>\n<strong>Polg\u00e1rmester:<\/strong><br \/>\nP\u00e1pai Zolt\u00e1n<\/p>\n<p><strong>K\u00e9pvisel\u0151k:<\/strong><br \/>\nAlbertus Istv\u00e1n alpolg\u00e1rmester<br \/>\nAndr\u00e1s Tiborn\u00e9<br \/>\nBal\u00e1zs Istv\u00e1nn\u00e9<br \/>\nBorsos Ferenc \/ S\u00fcli Ern\u0151n\u00e9<br \/>\nDr. Csiff\u00e1ry Lajos \/ F\u00fcl\u00f6p Istv\u00e1n<br \/>\nGazdagn\u00e9 G\u00e1l Margit<br \/>\nDr. Gyurk\u00f3-Rigler Magda<br \/>\nDr. K\u00e9p\u00edr\u00f3 Zsuzsanna<br \/>\nMag Etelka<br \/>\nP\u00e1li J\u00f3zsefn\u00e9<br \/>\nSamu S\u00e1ndor<\/p>\n<p><strong>2002. okt\u00f3ber 20:<\/strong><br \/>\n<strong>Polg\u00e1rmester:<\/strong><br \/>\nP\u00e1pai Zolt\u00e1n<\/p>\n<p><strong>K\u00e9pvisel\u0151k:<\/strong><br \/>\nAlbertus Istv\u00e1n alpolg\u00e1rmester<br \/>\nBal\u00e1zs Istv\u00e1nn\u00e9<br \/>\nDr. Csiff\u00e1ry Lajos<br \/>\nDohar J\u00e1nos<br \/>\nGazdagn\u00e9 G\u00e1l Margit<br \/>\nGyura Istv\u00e1n<br \/>\nJ\u00f3zsa Lajos<br \/>\nDr. K\u00e9p\u00edr\u00f3 Zsuzsanna \/ G\u00e1l S\u00e1ndorn\u00e9<br \/>\nKish\u00e1zi Zolt\u00e1nn\u00e9<br \/>\nSamu S\u00e1ndor<br \/>\nS\u00fcli Ern\u0151n\u00e9<br \/>\nDr. Rigler Magda \/ Borsos Ferenc<\/p>\n<p><strong>1998. okt\u00f3ber 18:<\/strong><br \/>\n<strong>Polg\u00e1rmester:<\/strong><br \/>\nP\u00e1pai Zolt\u00e1n<\/p>\n<p><strong>K\u00e9pvisel\u0151k:<\/strong><br \/>\nAlbertus Istv\u00e1n alpolg\u00e1rmester<br \/>\nBal\u00e1zs Istv\u00e1nn\u00e9<br \/>\nDr. Csiff\u00e1ry Lajos<br \/>\nDohar J\u00e1nos<br \/>\nFekete J\u00f3zsefn\u00e9<br \/>\nGyura Istv\u00e1n<br \/>\nJ\u00f3zsa Lajos<br \/>\nKish\u00e1zi Zolt\u00e1nn\u00e9<br \/>\nKov\u00e1cs Istv\u00e1n<br \/>\nDr. Rigler Magda<br \/>\nSamu Jen\u0151<br \/>\nS\u00fcli Ern\u0151n\u00e9<\/p>\n<p><strong>1994. december 11:<\/strong><br \/>\n<strong>Polg\u00e1rmester:<\/strong><br \/>\nP\u00e1pai Zolt\u00e1n<\/p>\n<p><strong>K\u00e9pvisel\u0151k:<\/strong><br \/>\nAlbertus Istv\u00e1n alpolg\u00e1rmester<br \/>\nDr. Csiff\u00e1ry Lajos<br \/>\nEgri J\u00f3zsef<br \/>\nDr. Elekes Zsolt<br \/>\nJ\u00f3zsa Lajos<br \/>\nKish\u00e1zi Zolt\u00e1nn\u00e9<br \/>\nKov\u00e1csn\u00e9 Kittik \u00c9va \/ Csik\u00f3s J\u00e1nosn\u00e9<br \/>\nKov\u00e1cs Istv\u00e1n<br \/>\nP\u00f3csik G\u00e1bor<br \/>\nDr. Rigler Magda<br \/>\nS\u00fcli Ern\u0151n\u00e9<\/p>\n<p><strong>1990. szeptember 30:<\/strong><br \/>\n<strong>Polg\u00e1rmester:<\/strong><br \/>\nP\u00e1pai Zolt\u00e1n<\/p>\n<p><strong>K\u00e9pvisel\u0151k:<\/strong><br \/>\nAlbertus Istv\u00e1n<br \/>\nB\u00e1rdi Lajos alpolg\u00e1rmester<br \/>\nCzabai G\u00e9za<br \/>\nCsipai Zolt\u00e1n<br \/>\nDr. Csiff\u00e1ry Lajos<br \/>\nEgri J\u00e1nos \/ Dohar J\u00e1nos<br \/>\nEgri J\u00f3zsef<br \/>\nGy\u00f6ngy\u00f6si K\u00e1roly<br \/>\nKov\u00e1cs Istv\u00e1n<br \/>\nP\u00f3csik G\u00e1bor<br \/>\nDr. Rigler Magda<\/p>\n","protected":false},"excerpt":{"rendered":"<p>2019 Okt\u00f3ber 13.t\u00f3l Polg\u00e1rmester: P\u00e1pai Zolt\u00e1n Telep\u00fcl\u00e9si K\u00e9pvisel\u0151k: G\u00e1bor L\u00e1szl\u00f3 G\u00e1born\u00e9 Dohar Edit Gy\u00f6ngy\u00f6si K\u00e1roly Dr. K\u00e9p\u00edr\u00f3 Zsuzsanna P\u00e1li J\u00f3zsefn\u00e9 S\u00fcli Ern\u0151 &nbsp; 2014. okt\u00f3ber 13: Polg\u00e1rmester: S\u00fcli Ern\u0151 K\u00e9pvisel\u0151k: Bal\u00e1zs Istv\u00e1nn\u00e9 F\u00fcl\u00f6p Istv\u00e1n alpolg\u00e1rmester Gazdagn\u00e9 G\u00e1l Margit Dr. Gyurk\u00f3-Rigler&hellip; <\/p>\n","protected":false},"author":1,"featured_media":0,"parent":119,"menu_order":0,"comment_status":"closed","ping_status":"closed","template":"","meta":{"ngg_post_thumbnail":0,"footnotes":"","_links_to":"","_links_to_target":""},"class_list":["post-122","page","type-page","status-publish","hentry"],"_links":{"self":[{"href":"http:\/\/pro-it.hu\/kunagota.hu\/wp-json\/wp\/v2\/pages\/122","targetHints":{"allow":["GET"]}}],"collection":[{"href":"http:\/\/pro-it.hu\/kunagota.hu\/wp-json\/wp\/v2\/pages"}],"about":[{"href":"http:\/\/pro-it.hu\/kunagota.hu\/wp-json\/wp\/v2\/types\/page"}],"author":[{"embeddable":true,"href":"http:\/\/pro-it.hu\/kunagota.hu\/wp-json\/wp\/v2\/users\/1"}],"replies":[{"embeddable":true,"href":"http:\/\/pro-it.hu\/kunagota.hu\/wp-json\/wp\/v2\/comments?post=122"}],"version-history":[{"count":6,"href":"http:\/\/pro-it.hu\/kunagota.hu\/wp-json\/wp\/v2\/pages\/122\/revisions"}],"predecessor-version":[{"id":1390,"href":"http:\/\/pro-it.hu\/kunagota.hu\/wp-json\/wp\/v2\/pages\/122\/revisions\/1390"}],"up":[{"embeddable":true,"href":"http:\/\/pro-it.hu\/kunagota.hu\/wp-json\/wp\/v2\/pages\/119"}],"wp:attachment":[{"href":"http:\/\/pro-it.hu\/kunagota.hu\/wp-json\/wp\/v2\/media?parent=122"}],"curies":[{"name":"wp","href":"https:\/\/api.w.org\/{rel}","templated":true}]}}