{"id":124,"date":"2019-01-25T11:36:43","date_gmt":"2019-01-25T11:36:43","guid":{"rendered":"http:\/\/www.pro-it.hu\/kunagota.hu\/?page_id=124"},"modified":"2024-07-11T08:00:17","modified_gmt":"2024-07-11T08:00:17","slug":"biztottsagok","status":"publish","type":"page","link":"http:\/\/pro-it.hu\/kunagota.hu\/onkormanyzat\/biztottsagok\/","title":{"rendered":"Biztotts\u00e1gok"},"content":{"rendered":"<p><strong>Kun\u00e1gota K\u00f6zs\u00e9g \u00d6nkorm\u00e1nyzat k\u00e9pvisel\u0151-test\u00fclet\u00e9nek&nbsp;<\/strong><strong>bizotts\u00e1gai: 2019. okt\u00f3ber 21-t\u0151l<\/strong><\/p>\n<p><strong><u>P\u00e9nz\u00fcgyi \u00e9s \u00dcgyrendi Bizotts\u00e1g:<br \/>\n<\/u><\/strong><strong>eln\u00f6ke:P\u00e1li J\u00f3zsefn\u00e9<br \/>\n<\/strong><strong>tagjai:<br \/>\n<\/strong><strong>G\u00e1born\u00e9 Dohar Edit<br \/>\nDr. K\u00e9p\u00edr\u00f3 Zsuzsanna&nbsp;<\/p>\n<p><\/strong><strong><u>Hum\u00e1npolitikai Bizotts\u00e1g<br \/>\n<\/u><\/strong><strong>eln\u00f6ke:<br \/>\nG\u00e1bor Ilona<br \/>\n<\/strong><strong>tagjai:<br \/>\nG\u00e1born\u00e9 Dohar Edit&nbsp;<br \/>\n<\/strong><strong>P\u00e1li J\u00f3zsefn\u00e9<br \/>\n<\/strong><strong>Papp J\u00e1nos<br \/>\n<\/strong><strong>Tat\u00e1r Vivien<\/strong><\/p>\n<p><strong><u>Ter\u00fclet- \u00e9s Telep\u00fcl\u00e9sfejleszt\u00e9si Bizotts\u00e1g:<\/u><\/strong><\/p>\n<p><strong>eln\u00f6ke:<br \/>\nS\u00fcli Ern\u0151<br \/>\n<\/strong><strong>tagjai:<br \/>\nG\u00e1bor L\u00e1szl\u00f3<br \/>\n<\/strong><strong>P\u00e1li J\u00f3zsefn\u00e9<\/strong><\/p>\n<h1>&nbsp;<\/h1>\n<h1>Kun\u00e1gota K\u00f6zs\u00e9gi \u00d6nkorm\u00e1nyzat K\u00e9pvisel\u0151-test\u00fclete bizotts\u00e1gai<\/h1>\n<h2>2014. okt\u00f3ber 20:<\/h2>\n<h4>P\u00c9NZ\u00dcGYI \u00c9S \u00dcGYRENDI BIZOTTS\u00c1G:<\/h4>\n<p><strong>eln\u00f6ke:<\/strong><br \/>\nBal\u00e1zs Istv\u00e1nn\u00e9<\/p>\n<p><strong>tagjai:<\/strong><br \/>\nGazdagn\u00e9 G\u00e1l Margit<br \/>\nDr. Gyurk\u00f3-Rigler Magda<br \/>\nDr. K\u00e9p\u00edr\u00f3 Zsuzsanna<br \/>\nBorz\u00e1si Gy\u00f6rgy<br \/>\nKorom Mih\u00e1ly<br \/>\nP\u00e1li J\u00f3zsefn\u00e9<\/p>\n<h4>HUM\u00c1NPOLITIKAI BIZOTTS\u00c1G:<\/h4>\n<p><strong>eln\u00f6ke:<\/strong><br \/>\nKiss Csab\u00e1n\u00e9<\/p>\n<p><strong>tagjai:<\/strong><br \/>\nGazdagn\u00e9 G\u00e1l Margit<br \/>\nDr. Gyurk\u00f3-Rigler Magda<br \/>\nDr. K\u00e9p\u00edr\u00f3 Zsuzsanna<br \/>\nCsikn\u00e9 Czifra M\u00e1ria<br \/>\nD\u00f3czi Istv\u00e1n<br \/>\nMezei Attila<\/p>\n<p>&nbsp;<\/p>\n<h2>2010. okt\u00f3ber 4:<\/h2>\n<h4>P\u00c9NZ\u00dcGYI \u00c9S \u00dcGYRENDI BIZOTTS\u00c1G:<\/h4>\n<p><strong>eln\u00f6ke:<\/strong><br \/>\nBal\u00e1zs Istv\u00e1nn\u00e9<\/p>\n<p><strong>tagjai:<\/strong><br \/>\nF\u00fcl\u00f6p Istv\u00e1n<br \/>\nGazdagn\u00e9 G\u00e1l Margit<br \/>\nBorsos Csaba<\/p>\n<h4>HUM\u00c1NPOLITIKAI BIZOTTS\u00c1G:<\/h4>\n<p><strong>eln\u00f6ke:<\/strong><br \/>\nF\u00fcl\u00f6p Istv\u00e1n<\/p>\n<p><strong>tagjai:<\/strong><br \/>\nDr. Gyurk\u00f3-Rigler Magda<br \/>\nDr. K\u00e9p\u00edr\u00f3 Zsuzsanna<br \/>\nP\u00e1li J\u00f3zsefn\u00e9<br \/>\nSamu Mih\u00e1ly<\/p>\n<h2>2006. okt\u00f3ber 1:<\/h2>\n<h4>\u00dcGYRENDI BIZOTTS\u00c1G:<\/h4>\n<p><strong>eln\u00f6ke:<\/strong><br \/>\nBal\u00e1zs Istv\u00e1nn\u00e9<\/p>\n<p><strong>tagjai:<\/strong><br \/>\nAndr\u00e1s Tiborn\u00e9<br \/>\nF\u00fcl\u00f6p Istv\u00e1n<br \/>\nDr. K\u00e9p\u00edr\u00f3 Zsuzsanna<br \/>\nGyura Istv\u00e1n<br \/>\nKov\u00e1cs Istv\u00e1n<\/p>\n<h4>P\u00c9NZ\u00dcGYI BIZOTTS\u00c1G:<\/h4>\n<p><strong>eln\u00f6ke:<\/strong><br \/>\nMag Etelka<\/p>\n<p><strong>tagjai:<\/strong><br \/>\nGazdagn\u00e9 G\u00e1l Margit<br \/>\nDr. Gyurk\u00f3-Rigler Magda<br \/>\nP\u00e1li J\u00f3zsefn\u00e9<br \/>\nS\u00fcli Ern\u0151n\u00e9<br \/>\nSzab\u00f3 N\u00e1ndor<\/p>\n<h4>EG\u00c9SZS\u00c9G\u00dcGYI \u00c9S SZOCI\u00c1LIS BIZOTTS\u00c1G:<\/h4>\n<p><strong>eln\u00f6ke:<\/strong><br \/>\nGazdagn\u00e9 G\u00e1l Margit<\/p>\n<p><strong>tagjai:<\/strong><br \/>\nBal\u00e1zs Istv\u00e1nn\u00e9<br \/>\nF\u00fcl\u00f6p Istv\u00e1n<br \/>\nDr. Gyurk\u00f3-Rigler Magda<br \/>\nDr. K\u00e9p\u00edr\u00f3 Zsuzsanna<br \/>\nSamu S\u00e1ndor<br \/>\nFekete J\u00f3zsefn\u00e9<br \/>\nJ\u00f3zsa Lajos<\/p>\n<h4>KULTUR\u00c1LIS, IFJ\u00daS\u00c1GI \u00c9S SPORT BIZOTTS\u00c1G:<\/h4>\n<p><strong>eln\u00f6ke:<\/strong><br \/>\nP\u00e1li J\u00f3zsefn\u00e9<\/p>\n<p><strong>tagjai:<\/strong><br \/>\nAndr\u00e1s Tiborn\u00e9<br \/>\nGazdagn\u00e9 G\u00e1l Margit<br \/>\nMag Etelka<br \/>\nSamu S\u00e1ndor<br \/>\nS\u00fcli Ern\u0151n\u00e9<br \/>\nBerta S\u00e1ndor<br \/>\nG\u00e1bor L\u00e1szl\u00f3<\/p>\n","protected":false},"excerpt":{"rendered":"<p>Kun\u00e1gota K\u00f6zs\u00e9g \u00d6nkorm\u00e1nyzat k\u00e9pvisel\u0151-test\u00fclet\u00e9nek&nbsp;bizotts\u00e1gai: 2019. okt\u00f3ber 21-t\u0151l P\u00e9nz\u00fcgyi \u00e9s \u00dcgyrendi Bizotts\u00e1g: eln\u00f6ke:P\u00e1li J\u00f3zsefn\u00e9 tagjai: G\u00e1born\u00e9 Dohar Edit Dr. K\u00e9p\u00edr\u00f3 Zsuzsanna&nbsp; Hum\u00e1npolitikai Bizotts\u00e1g eln\u00f6ke: G\u00e1bor Ilona tagjai: G\u00e1born\u00e9 Dohar Edit&nbsp; P\u00e1li J\u00f3zsefn\u00e9 Papp J\u00e1nos Tat\u00e1r Vivien Ter\u00fclet- \u00e9s Telep\u00fcl\u00e9sfejleszt\u00e9si Bizotts\u00e1g: eln\u00f6ke:&hellip; <\/p>\n","protected":false},"author":1,"featured_media":0,"parent":119,"menu_order":1,"comment_status":"closed","ping_status":"closed","template":"","meta":{"ngg_post_thumbnail":0,"footnotes":"","_links_to":"","_links_to_target":""},"class_list":["post-124","page","type-page","status-publish","hentry"],"_links":{"self":[{"href":"http:\/\/pro-it.hu\/kunagota.hu\/wp-json\/wp\/v2\/pages\/124","targetHints":{"allow":["GET"]}}],"collection":[{"href":"http:\/\/pro-it.hu\/kunagota.hu\/wp-json\/wp\/v2\/pages"}],"about":[{"href":"http:\/\/pro-it.hu\/kunagota.hu\/wp-json\/wp\/v2\/types\/page"}],"author":[{"embeddable":true,"href":"http:\/\/pro-it.hu\/kunagota.hu\/wp-json\/wp\/v2\/users\/1"}],"replies":[{"embeddable":true,"href":"http:\/\/pro-it.hu\/kunagota.hu\/wp-json\/wp\/v2\/comments?post=124"}],"version-history":[{"count":5,"href":"http:\/\/pro-it.hu\/kunagota.hu\/wp-json\/wp\/v2\/pages\/124\/revisions"}],"predecessor-version":[{"id":5088,"href":"http:\/\/pro-it.hu\/kunagota.hu\/wp-json\/wp\/v2\/pages\/124\/revisions\/5088"}],"up":[{"embeddable":true,"href":"http:\/\/pro-it.hu\/kunagota.hu\/wp-json\/wp\/v2\/pages\/119"}],"wp:attachment":[{"href":"http:\/\/pro-it.hu\/kunagota.hu\/wp-json\/wp\/v2\/media?parent=124"}],"curies":[{"name":"wp","href":"https:\/\/api.w.org\/{rel}","templated":true}]}}