{"id":126,"date":"2019-01-25T11:37:22","date_gmt":"2019-01-25T11:37:22","guid":{"rendered":"http:\/\/www.pro-it.hu\/kunagota.hu\/?page_id=126"},"modified":"2025-05-15T13:41:53","modified_gmt":"2025-05-15T13:41:53","slug":"rendeletek","status":"publish","type":"page","link":"http:\/\/pro-it.hu\/kunagota.hu\/onkormanyzat\/rendeletek\/","title":{"rendered":"Rendeletek"},"content":{"rendered":"<a href=\"http:\/\/pro-it.hu\/kunagota.hu\/wp-content\/uploads\/2025\/05\/3-2021.II_.24.-anyakonyvi-rendelet.pdf\" class=\"pdfemb-viewer\" style=\"\" data-width=\"max\" data-height=\"max\" data-toolbar=\"bottom\" data-toolbar-fixed=\"off\">3-2021.(II.24.) anyak\u00f6nyvi rendelet<\/a>\n<a href=\"http:\/\/pro-it.hu\/kunagota.hu\/wp-content\/uploads\/2025\/05\/3-2022.III_.25.-vagyon-gazdalkodas.pdf\" class=\"pdfemb-viewer\" style=\"\" data-width=\"max\" data-height=\"max\" data-toolbar=\"bottom\" data-toolbar-fixed=\"off\">3-2022.(III.25.) vagyon gazd\u00e1lkod\u00e1s<\/a>\n<a href=\"http:\/\/pro-it.hu\/kunagota.hu\/wp-content\/uploads\/2025\/05\/4-20215.III_.27.-avar-es-kerti-hulladekok-nyiltteri-egetesenek-szabalyairol.pdf\" class=\"pdfemb-viewer\" style=\"\" data-width=\"max\" data-height=\"max\" data-toolbar=\"bottom\" data-toolbar-fixed=\"off\">4-20215.(III.27.) avar \u00e9s kerti hullad\u00e9kok ny\u00edltt\u00e9ri \u00e9get\u00e9s\u00e9nek szab\u00e1lyair\u00f3l<\/a>\n<a href=\"http:\/\/pro-it.hu\/kunagota.hu\/wp-content\/uploads\/2025\/05\/6-2023.V.11.-a-kozteruletek-elnevezesenek-es-a-hazszamok-megallapitasanak-szabalyairol.pdf\" class=\"pdfemb-viewer\" style=\"\" data-width=\"max\" data-height=\"max\" data-toolbar=\"bottom\" data-toolbar-fixed=\"off\">6-2023.(V.11.) a k\u00f6zter\u00fcletek elnevez\u00e9s\u00e9nek \u00e9s a h\u00e1zsz\u00e1mok meg\u00e1llap\u00edt\u00e1s\u00e1nak szab\u00e1lyair\u00f3l<\/a>\n<a href=\"http:\/\/pro-it.hu\/kunagota.hu\/wp-content\/uploads\/2025\/05\/7-2024-VI.27.-a-vagyonkezeles-szabalyairol.pdf\" class=\"pdfemb-viewer\" style=\"\" data-width=\"max\" data-height=\"max\" data-toolbar=\"bottom\" data-toolbar-fixed=\"off\">7-2024 (VI.27.) a vagyonkezel\u00e9s szab\u00e1lyair\u00f3l<\/a>\n<a href=\"http:\/\/pro-it.hu\/kunagota.hu\/wp-content\/uploads\/2025\/05\/8_2021.X.29.-a-megfelelo-telepulesi-kornyezeti-allapot-kialakitasanak-szabalyairol.pdf\" class=\"pdfemb-viewer\" style=\"\" data-width=\"max\" data-height=\"max\" data-toolbar=\"bottom\" data-toolbar-fixed=\"off\">8_2021.(X.29.) a megfelel\u0151 telep\u00fcl\u00e9si k\u00f6rnyezeti \u00e1llapot kialak\u00edt\u00e1s\u00e1nak szab\u00e1lyair\u00f3l<\/a>\n<a href=\"http:\/\/pro-it.hu\/kunagota.hu\/wp-content\/uploads\/2025\/05\/8-2009.XI_.27.-HESZ.pdf\" class=\"pdfemb-viewer\" style=\"\" data-width=\"max\" data-height=\"max\" data-toolbar=\"bottom\" data-toolbar-fixed=\"off\">8-2009.(XI.27.) H\u00c9SZ<\/a>\n<a href=\"http:\/\/pro-it.hu\/kunagota.hu\/wp-content\/uploads\/2025\/05\/8-2024.X.15.-SzMSz-egyseges.pdf\" class=\"pdfemb-viewer\" style=\"\" data-width=\"max\" data-height=\"max\" data-toolbar=\"bottom\" data-toolbar-fixed=\"off\">8-2024.(X.15.) SzMSz egys\u00e9ges<\/a>\n<a href=\"http:\/\/pro-it.hu\/kunagota.hu\/wp-content\/uploads\/2025\/05\/9-2024.X.15.-kepviselok-es-bizottsagi-tagok-tiszteletdijanak-megallap.pdf\" class=\"pdfemb-viewer\" style=\"\" data-width=\"max\" data-height=\"max\" data-toolbar=\"bottom\" data-toolbar-fixed=\"off\">9-2024.(X.15.) k\u00e9pvisel\u0151k \u00e9s bizotts\u00e1gi tagok tiszteletd\u00edj\u00e1nak meg\u00e1llap.<\/a>\n<a href=\"http:\/\/pro-it.hu\/kunagota.hu\/wp-content\/uploads\/2025\/05\/11-2015.XI_.13.-a-helyi-adokrol.pdf\" class=\"pdfemb-viewer\" style=\"\" data-width=\"max\" data-height=\"max\" data-toolbar=\"bottom\" data-toolbar-fixed=\"off\">11-2015.(XI.13.) a helyi ad\u00f3kr\u00f3l<\/a>\n<a href=\"http:\/\/pro-it.hu\/kunagota.hu\/wp-content\/uploads\/2025\/05\/12-2022.09.08.-a-kozsegi-szolgalati-lakasok-berleti-dijarol.pdf\" class=\"pdfemb-viewer\" style=\"\" data-width=\"max\" data-height=\"max\" data-toolbar=\"bottom\" data-toolbar-fixed=\"off\">12-2022.(09.08.) a k\u00f6zs\u00e9gi szolg\u00e1lati lak\u00e1sok b\u00e9rleti d\u00edj\u00e1r\u00f3l<\/a>\n<a href=\"http:\/\/pro-it.hu\/kunagota.hu\/wp-content\/uploads\/2025\/05\/12-2023.IX_.1.-a-szocialis-berlakasokrol.pdf\" class=\"pdfemb-viewer\" style=\"\" data-width=\"max\" data-height=\"max\" data-toolbar=\"bottom\" data-toolbar-fixed=\"off\">12-2023.(IX.1.) a szoci\u00e1lis b\u00e9rlak\u00e1sokr\u00f3l<\/a>\n<a href=\"http:\/\/pro-it.hu\/kunagota.hu\/wp-content\/uploads\/2025\/05\/13-2017.XI_.24.-a-helyi-adokrol-egyseges.pdf\" class=\"pdfemb-viewer\" style=\"\" data-width=\"max\" data-height=\"max\" data-toolbar=\"bottom\" data-toolbar-fixed=\"off\">13-2017.(XI.24.) a helyi ad\u00f3kr\u00f3l egys\u00e9ges<\/a>\n<a href=\"http:\/\/pro-it.hu\/kunagota.hu\/wp-content\/uploads\/2025\/05\/15-2022.XII_.16.-a-helyi-termeloi-piac-mukodeserol-es-uzemelteteserol.pdf\" class=\"pdfemb-viewer\" style=\"\" data-width=\"max\" data-height=\"max\" data-toolbar=\"bottom\" data-toolbar-fixed=\"off\">15-2022.(XII.16.) a helyi termel\u0151i piac m\u0171k\u00f6d\u00e9s\u00e9r\u0151l \u00e9s \u00fczemeltet\u00e9s\u00e9r\u0151l<\/a>\n<a href=\"http:\/\/pro-it.hu\/kunagota.hu\/wp-content\/uploads\/2022\/12\/Rakoczi-17A-hazszam-megallapitas.pdf\" class=\"pdfemb-viewer\" style=\"\" data-width=\"max\" data-height=\"max\" data-toolbar=\"bottom\" data-toolbar-fixed=\"off\">Rakoczi 17A hazszam megallapitas<\/a>\n<a href=\"http:\/\/pro-it.hu\/kunagota.hu\/wp-content\/uploads\/2020\/01\/13Rt\u00e9r\u00edt\u00e9si-d\u00edj2020.pdf\" class=\"pdfemb-viewer\" style=\"\" data-width=\"max\" data-height=\"max\" data-toolbar=\"bottom\" data-toolbar-fixed=\"off\">13Rt\u00e9r\u00edt\u00e9si d\u00edj2020<\/a>\n<a href=\"http:\/\/pro-it.hu\/kunagota.hu\/wp-content\/uploads\/2020\/01\/Szoci\u00e1list-m\u00f3dos\u00edt\u00f3-14R2019.pdf\" class=\"pdfemb-viewer\" style=\"\" data-width=\"max\" data-height=\"max\" data-toolbar=\"bottom\" data-toolbar-fixed=\"off\">Szoci\u00e1list m\u00f3dos\u00edt\u00f3 14R2019<\/a>\n<table border=\"0\" width=\"90%\" cellspacing=\"0\" cellpadding=\"0\" align=\"center\">\n<tbody>\n<tr>\n<td class=\"topcolborder\">\n<h3>5-2018.(X.11.) \u00f6nkorm\u00e1nyzati rendelete Kun\u00e1gota K\u00f6zs\u00e9g telep\u00fcl\u00e9sk\u00e9p\u00e9nek v\u00e9delm\u00e9r\u0151l<\/h3>\n<\/td>\n<\/tr>\n<tr>\n<td class=\"bottomcolborder\">2018-11-06<\/p>\n<h3><a href=\"http:\/\/kunagota.hu\/res\/dokumentumok\/rendelet\/5-2018.(X.11.)%20%C3%B6nkorm.%20rendelet%20Kun%C3%A1gota%20K%C3%B6zs%C3%A9g%20telep%C3%BCl%C3%A9sk%C3%A9p%C3%A9nek%20v%C3%A9delm%C3%A9r%C5%91l.pdf\" target=\"_blank\" rel=\"noopener noreferrer\">Link<\/a><\/h3>\n<\/td>\n<\/tr>\n<\/tbody>\n<\/table>\n<p>&nbsp;<\/p>\n<table border=\"0\" width=\"90%\" cellspacing=\"0\" cellpadding=\"0\" align=\"center\">\n<tbody>\n<tr>\n<td class=\"topcolborder\">\n<h3>12-2017.(X.18.\u00d6nk.rendelet &#8211; a telep\u00fcl\u00e9sfejleszt\u00e9ssel \u00e9s a telep\u00fcl\u00e9sk\u00e9p \u00e9rv\u00e9nyes\u00edt\u00e9ssel \u00f6sszef\u00fcgg\u0151 partners\u00e9gi egyeztet\u00e9s helyi szab\u00e1lyair\u00f3l<\/h3>\n<\/td>\n<\/tr>\n<tr>\n<td class=\"bottomcolborder\">2017-10-27<\/p>\n<h3><a href=\"http:\/\/kunagota.hu\/res\/dokumentumok\/rendelet\/12-2017.(X.18.%C3%96nk.rendelet.pdf\" target=\"_blank\" rel=\"noopener noreferrer\">Link<\/a><\/h3>\n<\/td>\n<\/tr>\n<\/tbody>\n<\/table>\n<p>&nbsp;<\/p>\n<table border=\"0\" width=\"90%\" cellspacing=\"0\" cellpadding=\"0\" align=\"center\">\n<tbody>\n<tr>\n<td class=\"topcolborder\">\n<h3>8-2017.(IX.7.) a helyi n\u00e9pszavaz\u00e1s kezdem\u00e9nyez\u00e9s\u00e9hez sz\u00fcks\u00e9ges v\u00e1laszt\u00f3polg\u00e1rok sz\u00e1m\u00e1r\u00f3l<\/h3>\n<\/td>\n<\/tr>\n<tr>\n<td class=\"bottomcolborder\">2017-10-27<\/p>\n<h3><a href=\"http:\/\/kunagota.hu\/res\/dokumentumok\/rendelet\/8-2017.(IX.7.)%20a%20helyi%20n%C3%A9pszavaz%C3%A1s%20kezdem%C3%A9nyez%C3%A9s%C3%A9hez%20sz%C3%BCks%C3%A9ges%20v%C3%A1laszt%C3%B3polg%C3%A1rok%20sz%C3%A1m%C3%A1r%C3%B3l.pdf\" target=\"_blank\" rel=\"noopener noreferrer\">Link<\/a><\/h3>\n<\/td>\n<\/tr>\n<\/tbody>\n<\/table>\n<p>&nbsp;<\/p>\n<table border=\"0\" width=\"90%\" cellspacing=\"0\" cellpadding=\"0\" align=\"center\">\n<tbody>\n<tr>\n<td class=\"topcolborder\">\n<h3>11-2017.(X.18.) \u00f6nkorm\u00e1nyzati rendelet a hivatali helyis\u00e9gen k\u00edv\u00fcli, valamint a hivatali munkaid\u0151n k\u00edv\u00fcl t\u00f6rt\u00e9n\u0151 h\u00e1zass\u00e1gk\u00f6t\u00e9s enged\u00e9lyez\u00e9s\u00e9nek szab\u00e1lyair\u00f3l, a fizet\u0151 d\u00edjak m\u00e9rt\u00e9k\u00e9r\u0151l<\/h3>\n<\/td>\n<\/tr>\n<tr>\n<td class=\"bottomcolborder\">2017-10-27<\/p>\n<h3><a href=\"http:\/\/kunagota.hu\/res\/dokumentumok\/rendelet\/11-2017.(X.18.)%20%C3%B6nkorm%C3%A1nyzati%20rendelet%20a%20hivatali%20helyis%C3%A9gen%20k%C3%ADv%C3%BCli,%20valamint%20a%20hivatali%20munkaid%C5%91n%20k%C3%ADv%C3%BCl%20t%C3%B6rt%C3%A9n%C5%91%20h%C3%A1zass%C3%A1gk%C3%B6t%C3%A9s%20enged%C3%A9lyez%C3%A9s%C3%A9nek%20szab%C3%A1lyair%C3%B3l,%20a%20fizet%C5%91%20d%C3%ADjak%20m%C3%A9rt%C3%A9k%C3%A9r%C5%91l.pdf\" target=\"_blank\" rel=\"noopener noreferrer\">Link<\/a><\/h3>\n<\/td>\n<\/tr>\n<\/tbody>\n<\/table>\n<p>&nbsp;<\/p>\n<table border=\"0\" width=\"90%\" cellspacing=\"0\" cellpadding=\"0\" align=\"center\">\n<tbody>\n<tr>\n<td class=\"topcolborder\">\n<h3>Anyak\u00f6nyvi rendelet &#8211; Kun\u00e1gota K\u00f6zs\u00e9g \u00d6nkorm\u00e1nyzat K\u00e9pvisel\u0151-test\u00fclet\u00e9nek 9\/2013. (XI.05.) \u00f6nkorm\u00e1nyzati rendelete<\/h3>\n<\/td>\n<\/tr>\n<tr>\n<td class=\"bottomcolborder\">2017-03-06<\/p>\n<h3><a href=\"http:\/\/kunagota.hu\/res\/dokumentumok\/rendelet\/anyakonyvi_rendelet_2013.pdf\" target=\"_blank\" rel=\"noopener noreferrer\">Link<\/a><\/h3>\n<\/td>\n<\/tr>\n<\/tbody>\n<\/table>\n<p>&nbsp;<\/p>\n<table border=\"0\" width=\"90%\" cellspacing=\"0\" cellpadding=\"0\" align=\"center\">\n<tbody>\n<tr>\n<td class=\"topcolborder\">\n<h3>1\/2017. (II.7.) \u00f6nkorm\u00e1nyzati rendelete az \u00fczletek \u00e9jszakai nyitva tart\u00e1s\u00e1nak rendj\u00e9r\u0151l \u00e9s a lakoss\u00e1g nyugalm\u00e1nak biztos\u00edt\u00e1s\u00e1val kapcsolatos egyes helyi szab\u00e1lyokr\u00f3l egys\u00e9ges szerkezetben<\/h3>\n<\/td>\n<\/tr>\n<tr>\n<td class=\"bottomcolborder\">2017-03-06<\/p>\n<h3><a href=\"http:\/\/kunagota.hu\/res\/dokumentumok\/rendelet\/nyitvatartasrol_rendelet_modositassal_egyseges_szerkezetben.pdf\" target=\"_blank\" rel=\"noopener noreferrer\">Link<\/a><\/h3>\n<\/td>\n<\/tr>\n<\/tbody>\n<\/table>\n<p>&nbsp;<\/p>\n<table border=\"0\" width=\"90%\" cellspacing=\"0\" cellpadding=\"0\" align=\"center\">\n<tbody>\n<tr>\n<td class=\"topcolborder\">\n<h3>1-2017.(II.7.) az \u00fczletek \u00e9jszakai nyitva tart\u00e1s\u00e1nak rendj\u00e9r\u0151l<\/h3>\n<\/td>\n<\/tr>\n<tr>\n<td class=\"bottomcolborder\">2017-02-23<\/p>\n<h3><a href=\"http:\/\/kunagota.hu\/res\/dokumentumok\/rendelet\/2017-01.pdf\" target=\"_blank\" rel=\"noopener noreferrer\">Link<\/a><\/h3>\n<\/td>\n<\/tr>\n<\/tbody>\n<\/table>\n<p>&nbsp;<\/p>\n<table border=\"0\" width=\"90%\" cellspacing=\"0\" cellpadding=\"0\" align=\"center\">\n<tbody>\n<tr>\n<td class=\"topcolborder\">\n<h3>Kun\u00e1gota K\u00f6zs\u00e9g \u00d6nkorm\u00e1nyzat K\u00e9pvisel\u0151-test\u00fclet\u00e9nek 10\/2016. (IX.30.) \u00f6nkorm\u00e1nyzati rendelete az eg\u00e9szs\u00e9g\u00fcgyi alapell\u00e1t\u00e1si k\u00f6rzetek meg\u00e1llap\u00edt\u00e1s\u00e1r\u00f3l<\/h3>\n<\/td>\n<\/tr>\n<tr>\n<td class=\"bottomcolborder\">2016-12-02<\/p>\n<h3><a href=\"http:\/\/kunagota.hu\/res\/dokumentumok\/rendelet\/10-2016.pdf\" target=\"_blank\" rel=\"noopener noreferrer\">Link<\/a><\/h3>\n<\/td>\n<\/tr>\n<\/tbody>\n<\/table>\n<p>&nbsp;<\/p>\n<table border=\"0\" width=\"90%\" cellspacing=\"0\" cellpadding=\"0\" align=\"center\">\n<tbody>\n<tr>\n<td class=\"topcolborder\">\n<h3>Kun\u00e1gota K\u00f6zs\u00e9g \u00d6nkorm\u00e1nyzata K\u00e9pvisel\u0151-test\u00fclet\u00e9nek 4\/2015. (III.27.) \u00f6nkorm\u00e1nyzati rendelete az avar \u00e9s a kerti hullad\u00e9kok ny\u00edltt\u00e9ri \u00e9get\u00e9s\u00e9nek szab\u00e1lyair\u00f3l<\/h3>\n<\/td>\n<\/tr>\n<tr>\n<td class=\"bottomcolborder\">2016-10-10<\/p>\n<h3><a href=\"http:\/\/kunagota.hu\/res\/dokumentumok\/rendelet\/4-2015.pdf\" target=\"_blank\" rel=\"noopener noreferrer\">Link<\/a><\/h3>\n<\/td>\n<\/tr>\n<\/tbody>\n<\/table>\n<p>&nbsp;<\/p>\n<table border=\"0\" width=\"90%\" cellspacing=\"0\" cellpadding=\"0\" align=\"center\">\n<tbody>\n<tr>\n<td class=\"topcolborder\">\n<h3>Kun\u00e1gota K\u00f6zs\u00e9g \u00d6nkorm\u00e1nyzat K\u00e9pvisel\u0151-test\u00fclet\u00e9nek 7\/2020. (X.2.) \u00f6nkorm\u00e1nyzati rendelete a megfelel\u0151 telep\u00fcl\u00e9si k\u00f6rnyezeti \u00e1llapot kialak\u00edt\u00e1s\u00e1nak szab\u00e1lyair\u00f3l<\/h3>\n<\/td>\n<\/tr>\n<tr>\n<td class=\"bottomcolborder\">2021-01-20<\/p>\n<h3><a href=\"http:\/\/pro-it.hu\/kunagota.hu\/wp-content\/uploads\/2021\/01\/7-2020.X.2.-a-megfelel\u0151-telep\u00fcl\u00e9si-k\u00f6rnyezeti-\u00e1llapot-kialak\u00edt\u00e1s\u00e1nak-szab\u00e1lyair\u00f3l.pdf\" target=\"_blank\" rel=\"noopener noreferrer\">Link<\/a><\/h3>\n<\/td>\n<\/tr>\n<\/tbody>\n<\/table>\n<p>&nbsp;<\/p>\n<table border=\"0\" width=\"90%\" cellspacing=\"0\" cellpadding=\"0\" align=\"center\">\n<tbody>\n<tr>\n<td class=\"topcolborder\">\n<h3>Kun\u00e1gota K\u00f6zs\u00e9g \u00d6nkorm\u00e1nyzata K\u00e9pvisel\u0151-test\u00fclet\u00e9nek 11\/2015.(XI.13.) \u00f6nkorm\u00e1nyzati rendelete a helyi ad\u00f3kr\u00f3l<\/h3>\n<\/td>\n<\/tr>\n<tr>\n<td class=\"bottomcolborder\">2015-11-19<\/p>\n<h3><a href=\"http:\/\/kunagota.hu\/res\/dokumentumok\/adok\/11_2015_XI_13_ahelyiadokrol\" target=\"_blank\" rel=\"noopener noreferrer\">Link<\/a><\/h3>\n<\/td>\n<\/tr>\n<\/tbody>\n<\/table>\n<p>&nbsp;<\/p>\n<table border=\"0\" width=\"90%\" cellspacing=\"0\" cellpadding=\"0\" align=\"center\">\n<tbody>\n<tr>\n<td class=\"topcolborder\">\n<h3>Kun\u00e1gota hat\u00e1lyos k\u00fcl &#8211; \u00e9s belter\u00fcleti rendez\u00e9si terve<\/h3>\n<\/td>\n<\/tr>\n<tr>\n<td class=\"bottomcolborder\">2010-06-17<\/p>\n<h3><a href=\"http:\/\/www.kunagota.hu\/res\/dokumentumok\/rendezesiterv.doc\" target=\"_blank\" rel=\"noopener noreferrer\">Link<\/a><\/h3>\n<\/td>\n<\/tr>\n<\/tbody>\n<\/table>\n<p>&nbsp;<\/p>\n<table border=\"0\" width=\"90%\" cellspacing=\"0\" cellpadding=\"0\" align=\"center\">\n<tbody>\n<tr>\n<td class=\"topcolborder\">\n<h3>K\u00fclter\u00fcleti t\u00e9rk\u00e9p<\/h3>\n<\/td>\n<\/tr>\n<tr>\n<td class=\"bottomcolborder\">2010-06-17<\/p>\n<h3><a href=\"http:\/\/www.kunagota.hu\/res\/dokumentumok\/kul.pdf\" target=\"_blank\" rel=\"noopener noreferrer\">Link<\/a><\/h3>\n<\/td>\n<\/tr>\n<\/tbody>\n<\/table>\n<p>&nbsp;<\/p>\n<table border=\"0\" width=\"90%\" cellspacing=\"0\" cellpadding=\"0\" align=\"center\">\n<tbody>\n<tr>\n<td class=\"topcolborder\">\n<h3>Belter\u00fcleti t\u00e9rk\u00e9p<\/h3>\n<\/td>\n<\/tr>\n<tr>\n<td class=\"bottomcolborder\">2010-06-17<\/p>\n<h3><a href=\"http:\/\/www.kunagota.hu\/res\/dokumentumok\/bel.pdf\" target=\"_blank\" rel=\"noopener noreferrer\">Link<\/a><\/h3>\n<\/td>\n<\/tr>\n<\/tbody>\n<\/table>\n<p>&nbsp;<\/p>\n<table border=\"0\" width=\"90%\" cellspacing=\"0\" cellpadding=\"0\" align=\"center\">\n<tbody>\n<tr>\n<td class=\"topcolborder\">\n<h3>Kun\u00e1gota K\u00f6zs\u00e9gi \u00d6nkorm\u00e1nyzat 4\/1994. (III. 1.) sz\u00e1m\u00fa \u00d6nkorm\u00e1nyzati Rendelete Kun\u00e1gota K\u00f6zs\u00e9g z\u00e1szl\u00f3j\u00e1r\u00f3l \u00e9s c\u00edmer\u00e9r\u0151l<\/h3>\n<\/td>\n<\/tr>\n<tr>\n<td class=\"bottomcolborder\">2009-11-01<\/p>\n<h3><a href=\"http:\/\/www.kunagota.hu\/res\/dokumentumok\/rendeletek_kozseg_zaszloja_es_cimere.doc\" target=\"_blank\" rel=\"noopener noreferrer\">Link<\/a><\/h3>\n<\/td>\n<\/tr>\n<\/tbody>\n<\/table>\n<p>&nbsp;<\/p>\n","protected":false},"excerpt":{"rendered":"<p>5-2018.(X.11.) \u00f6nkorm\u00e1nyzati rendelete Kun\u00e1gota K\u00f6zs\u00e9g telep\u00fcl\u00e9sk\u00e9p\u00e9nek v\u00e9delm\u00e9r\u0151l 2018-11-06 Link &nbsp; 12-2017.(X.18.\u00d6nk.rendelet &#8211; a telep\u00fcl\u00e9sfejleszt\u00e9ssel \u00e9s a telep\u00fcl\u00e9sk\u00e9p \u00e9rv\u00e9nyes\u00edt\u00e9ssel \u00f6sszef\u00fcgg\u0151 partners\u00e9gi egyeztet\u00e9s helyi szab\u00e1lyair\u00f3l 2017-10-27 Link &nbsp; 8-2017.(IX.7.) a helyi n\u00e9pszavaz\u00e1s kezdem\u00e9nyez\u00e9s\u00e9hez sz\u00fcks\u00e9ges v\u00e1laszt\u00f3polg\u00e1rok sz\u00e1m\u00e1r\u00f3l 2017-10-27 Link &nbsp; 11-2017.(X.18.) \u00f6nkorm\u00e1nyzati rendelet&hellip; <\/p>\n","protected":false},"author":1,"featured_media":0,"parent":119,"menu_order":2,"comment_status":"closed","ping_status":"closed","template":"","meta":{"ngg_post_thumbnail":0,"footnotes":"","_links_to":"","_links_to_target":""},"class_list":["post-126","page","type-page","status-publish","hentry"],"_links":{"self":[{"href":"http:\/\/pro-it.hu\/kunagota.hu\/wp-json\/wp\/v2\/pages\/126","targetHints":{"allow":["GET"]}}],"collection":[{"href":"http:\/\/pro-it.hu\/kunagota.hu\/wp-json\/wp\/v2\/pages"}],"about":[{"href":"http:\/\/pro-it.hu\/kunagota.hu\/wp-json\/wp\/v2\/types\/page"}],"author":[{"embeddable":true,"href":"http:\/\/pro-it.hu\/kunagota.hu\/wp-json\/wp\/v2\/users\/1"}],"replies":[{"embeddable":true,"href":"http:\/\/pro-it.hu\/kunagota.hu\/wp-json\/wp\/v2\/comments?post=126"}],"version-history":[{"count":10,"href":"http:\/\/pro-it.hu\/kunagota.hu\/wp-json\/wp\/v2\/pages\/126\/revisions"}],"predecessor-version":[{"id":5704,"href":"http:\/\/pro-it.hu\/kunagota.hu\/wp-json\/wp\/v2\/pages\/126\/revisions\/5704"}],"up":[{"embeddable":true,"href":"http:\/\/pro-it.hu\/kunagota.hu\/wp-json\/wp\/v2\/pages\/119"}],"wp:attachment":[{"href":"http:\/\/pro-it.hu\/kunagota.hu\/wp-json\/wp\/v2\/media?parent=126"}],"curies":[{"name":"wp","href":"https:\/\/api.w.org\/{rel}","templated":true}]}}