{"id":130,"date":"2019-01-25T11:38:06","date_gmt":"2019-01-25T11:38:06","guid":{"rendered":"http:\/\/www.pro-it.hu\/kunagota.hu\/?page_id=130"},"modified":"2019-01-25T11:38:06","modified_gmt":"2019-01-25T11:38:06","slug":"beruhazasok-fejlesztesek","status":"publish","type":"page","link":"http:\/\/pro-it.hu\/kunagota.hu\/onkormanyzat\/beruhazasok-fejlesztesek\/","title":{"rendered":"Beruh\u00e1z\u00e1sok, fejleszt\u00e9sek"},"content":{"rendered":"<table border=\"0\" width=\"90%\" cellspacing=\"0\" cellpadding=\"0\" align=\"center\">\n<tbody>\n<tr>\n<td class=\"topcolborder\">\n<h3>Gazdas\u00e1gi Program 2015-2019.<\/h3>\n<\/td>\n<\/tr>\n<tr>\n<td class=\"bottomcolborder\">2015-04-16<\/p>\n<h3><a href=\"http:\/\/www.kunagota.hu\/res\/dokumentumok\/gazd_prog.pdf\" target=\"_blank\" rel=\"noopener\">Link<\/a><\/h3>\n<\/td>\n<\/tr>\n<\/tbody>\n<\/table>\n<p>&nbsp;<\/p>\n<table border=\"0\" width=\"90%\" cellspacing=\"0\" cellpadding=\"0\" align=\"center\">\n<tbody>\n<tr>\n<td class=\"topcolborder\">\n<h3>\u00c1ltal\u00e1nos Iskola b\u0151v\u00edt\u00e9s, tornacsarnok \u00e9p\u00edt\u00e9s \u00e9s rekonstrukci\u00f3<\/h3>\n<\/td>\n<\/tr>\n<tr>\n<td class=\"bottomcolborder\">2012-06-12<\/p>\n<h3><a href=\"http:\/\/www.kunagota.hu\/res\/dokumentumok\/iskola.pdf\" target=\"_blank\" rel=\"noopener\">Link<\/a><\/h3>\n<\/td>\n<\/tr>\n<\/tbody>\n<\/table>\n<p>&nbsp;<\/p>\n<table border=\"0\" width=\"90%\" cellspacing=\"0\" cellpadding=\"0\" align=\"center\">\n<tbody>\n<tr>\n<td class=\"topcolborder\">\n<h3>NF\u00dc T\u00e1mogatott Projektjeink<\/h3>\n<\/td>\n<\/tr>\n<tr>\n<td class=\"bottomcolborder\">2010-06-01A linkre kattintva megtekintheti Kun\u00e1gota K\u00f6zs\u00e9g \u00d6nkorm\u00e1nyzata \u00e1ltal nyert Eur\u00f3pai Uni\u00f3s p\u00e1ly\u00e1zatokat.<\/p>\n<h3><a href=\"http:\/\/www.nfu.hu\/content\/58\" target=\"_blank\" rel=\"noopener\">Link<\/a><\/h3>\n<\/td>\n<\/tr>\n<\/tbody>\n<\/table>\n<p>&nbsp;<\/p>\n<table border=\"0\" width=\"90%\" cellspacing=\"0\" cellpadding=\"0\" align=\"center\">\n<tbody>\n<tr>\n<td class=\"topcolborder\">\n<h3>Szennyv\u00edz &#8211; t\u00e1rsul\u00e1si meg\u00e1llapod\u00e1s<\/h3>\n<\/td>\n<\/tr>\n<tr>\n<td class=\"bottomcolborder\">2010-03-03Szennyv\u00edz &#8211; t\u00e1rsul\u00e1si meg\u00e1llapod\u00e1s:<\/p>\n<h3><a href=\"http:\/\/kunagota.hu\/res\/dokumentumok\/szennyviz_megall.doc\" target=\"_blank\" rel=\"noopener\">Link<\/a><\/h3>\n<\/td>\n<\/tr>\n<\/tbody>\n<\/table>\n<p>&nbsp;<\/p>\n<table border=\"0\" width=\"90%\" cellspacing=\"0\" cellpadding=\"0\" align=\"center\">\n<tbody>\n<tr>\n<td class=\"topcolborder\">\n<h3>Szennyv\u00edz &#8211; alap\u00edt\u00f3 okirat<\/h3>\n<\/td>\n<\/tr>\n<tr>\n<td class=\"bottomcolborder\">2010-03-03<\/p>\n<h3><a href=\"http:\/\/kunagota.hu\/res\/dokumentumok\/szennyviz_alap.doc\" target=\"_blank\" rel=\"noopener\">Link<\/a><\/h3>\n<\/td>\n<\/tr>\n<\/tbody>\n<\/table>\n<p>&nbsp;<\/p>\n<table border=\"0\" width=\"90%\" cellspacing=\"0\" cellpadding=\"0\" align=\"center\">\n<tbody>\n<tr>\n<td class=\"topcolborder\">\n<h3>Kun\u00e1gota \u2013 Alm\u00e1skamar\u00e1s \u2013 Nagyakamar\u00e1s szennyv\u00edzelvezet\u00e9se \u00e9s szennyv\u00edztiszt\u00edt\u00e1sa II. \u00fctem<\/h3>\n<\/td>\n<\/tr>\n<tr>\n<td class=\"bottomcolborder\">2009-11-15Projekt azonos\u00edt\u00f3: KEOP-7.1.2.0-2008-0107<\/p>\n<p>Honlap c\u00edme:<a class=\"moz-txt-link-freetext\" href=\"http:\/\/www.szennyvizberuhazas.eu\/\" target=\"_blank\" rel=\"noopener\">http:\/\/www.szennyvizberuhazas.eu\/<\/a><\/p>\n<p>&nbsp;<\/p>\n<p align=\"center\"><a href=\"http:\/\/www.nfu.hu\/\" target=\"_blank\" rel=\"noopener\"><img decoding=\"async\" src=\"http:\/\/kunagota.hu\/res\/page_files\/umft.jpg\" alt=\"\u00daMFT\" \/><\/a>\u00a0<a href=\"http:\/\/www.fi.kvvm.hu\/\" target=\"_blank\" rel=\"noopener\"><img decoding=\"async\" src=\"http:\/\/kunagota.hu\/res\/page_files\/kvvm.jpg\" alt=\"KvVM\" \/><\/a><\/p>\n<h3><a href=\"http:\/\/szennyvizberuhazas.eu\/\" target=\"_blank\" rel=\"noopener\">Link<\/a><\/h3>\n<\/td>\n<\/tr>\n<\/tbody>\n<\/table>\n","protected":false},"excerpt":{"rendered":"<p>Gazdas\u00e1gi Program 2015-2019. 2015-04-16 Link &nbsp; \u00c1ltal\u00e1nos Iskola b\u0151v\u00edt\u00e9s, tornacsarnok \u00e9p\u00edt\u00e9s \u00e9s rekonstrukci\u00f3 2012-06-12 Link &nbsp; NF\u00dc T\u00e1mogatott Projektjeink 2010-06-01A linkre kattintva megtekintheti Kun\u00e1gota K\u00f6zs\u00e9g \u00d6nkorm\u00e1nyzata \u00e1ltal nyert Eur\u00f3pai Uni\u00f3s p\u00e1ly\u00e1zatokat. Link &nbsp; Szennyv\u00edz &#8211; t\u00e1rsul\u00e1si meg\u00e1llapod\u00e1s 2010-03-03Szennyv\u00edz &#8211; t\u00e1rsul\u00e1si&hellip; <\/p>\n","protected":false},"author":1,"featured_media":0,"parent":119,"menu_order":4,"comment_status":"closed","ping_status":"closed","template":"","meta":{"ngg_post_thumbnail":0,"footnotes":"","_links_to":"","_links_to_target":""},"class_list":["post-130","page","type-page","status-publish","hentry"],"_links":{"self":[{"href":"http:\/\/pro-it.hu\/kunagota.hu\/wp-json\/wp\/v2\/pages\/130","targetHints":{"allow":["GET"]}}],"collection":[{"href":"http:\/\/pro-it.hu\/kunagota.hu\/wp-json\/wp\/v2\/pages"}],"about":[{"href":"http:\/\/pro-it.hu\/kunagota.hu\/wp-json\/wp\/v2\/types\/page"}],"author":[{"embeddable":true,"href":"http:\/\/pro-it.hu\/kunagota.hu\/wp-json\/wp\/v2\/users\/1"}],"replies":[{"embeddable":true,"href":"http:\/\/pro-it.hu\/kunagota.hu\/wp-json\/wp\/v2\/comments?post=130"}],"version-history":[{"count":1,"href":"http:\/\/pro-it.hu\/kunagota.hu\/wp-json\/wp\/v2\/pages\/130\/revisions"}],"predecessor-version":[{"id":131,"href":"http:\/\/pro-it.hu\/kunagota.hu\/wp-json\/wp\/v2\/pages\/130\/revisions\/131"}],"up":[{"embeddable":true,"href":"http:\/\/pro-it.hu\/kunagota.hu\/wp-json\/wp\/v2\/pages\/119"}],"wp:attachment":[{"href":"http:\/\/pro-it.hu\/kunagota.hu\/wp-json\/wp\/v2\/media?parent=130"}],"curies":[{"name":"wp","href":"https:\/\/api.w.org\/{rel}","templated":true}]}}