{"id":132,"date":"2019-01-25T11:38:28","date_gmt":"2019-01-25T11:38:28","guid":{"rendered":"http:\/\/www.pro-it.hu\/kunagota.hu\/?page_id=132"},"modified":"2019-01-25T11:38:28","modified_gmt":"2019-01-25T11:38:28","slug":"beszamolok-tajekoztatok","status":"publish","type":"page","link":"http:\/\/pro-it.hu\/kunagota.hu\/onkormanyzat\/beszamolok-tajekoztatok\/","title":{"rendered":"Besz\u00e1mol\u00f3k, t\u00e1j\u00e9koztat\u00f3k"},"content":{"rendered":"<table border=\"0\" width=\"90%\" cellspacing=\"0\" cellpadding=\"0\" align=\"center\">\n<tbody>\n<tr>\n<td class=\"topcolborder\">\n<h3>Lakoss\u00e1gi f\u00f3rum<\/h3>\n<\/td>\n<\/tr>\n<tr>\n<td class=\"bottomcolborder\">2016-02-08<\/p>\n<h3><a href=\"http:\/\/kunagota.hu\/res\/dokumentumok\/2016\/lakossagiforumjanuar.doc\" target=\"_blank\" rel=\"noopener\">Link<\/a><\/h3>\n<\/td>\n<\/tr>\n<\/tbody>\n<\/table>\n<p>&nbsp;<\/p>\n<table border=\"0\" width=\"90%\" cellspacing=\"0\" cellpadding=\"0\" align=\"center\">\n<tbody>\n<tr>\n<td class=\"topcolborder\">\n<h3>T\u00e1j\u00e9koztat\u00f3 a helyi ad\u00f3kr\u00f3l<\/h3>\n<\/td>\n<\/tr>\n<tr>\n<td class=\"bottomcolborder\">2015-05-14<\/p>\n<h3><a href=\"http:\/\/www.kunagota.hu\/res\/dokumentumok\/adotajekoztato2015.doc\" target=\"_blank\" rel=\"noopener\">Link<\/a><\/h3>\n<\/td>\n<\/tr>\n<\/tbody>\n<\/table>\n<p>&nbsp;<\/p>\n<table border=\"0\" width=\"90%\" cellspacing=\"0\" cellpadding=\"0\" align=\"center\">\n<tbody>\n<tr>\n<td class=\"topcolborder\">\n<h3>Kun\u00e1gota K\u00f6zs\u00e9gi \u00d6nkorm\u00e1nyzat Gazdas\u00e1gi Program 2015-2019.<\/h3>\n<\/td>\n<\/tr>\n<tr>\n<td class=\"bottomcolborder\">2015-05-14<\/p>\n<h3><a href=\"http:\/\/www.kunagota.hu\/res\/dokumentumok\/gazdprog2015_2019.doc\" target=\"_blank\" rel=\"noopener\">Link<\/a><\/h3>\n<\/td>\n<\/tr>\n<\/tbody>\n<\/table>\n<p>&nbsp;<\/p>\n<table border=\"0\" width=\"90%\" cellspacing=\"0\" cellpadding=\"0\" align=\"center\">\n<tbody>\n<tr>\n<td class=\"topcolborder\">\n<h3>Keresked\u0151k, m\u0171k\u00f6d\u0151 \u00fczletek<\/h3>\n<\/td>\n<\/tr>\n<tr>\n<td class=\"bottomcolborder\">2014-07-16<\/p>\n<h3><a href=\"http:\/\/www.kunagota.hu\/res\/dokumentumok\/kereskedok\/kereskedok.pdf\" target=\"_blank\" rel=\"noopener\">Link<\/a><\/h3>\n<\/td>\n<\/tr>\n<\/tbody>\n<\/table>\n<p>&nbsp;<\/p>\n<table border=\"0\" width=\"90%\" cellspacing=\"0\" cellpadding=\"0\" align=\"center\">\n<tbody>\n<tr>\n<td class=\"topcolborder\">\n<h3>2014. m\u00e1jusi szem\u00e9tsz\u00e1ll\u00edt\u00e1s<\/h3>\n<\/td>\n<\/tr>\n<tr>\n<td class=\"bottomcolborder\">2014-04-28<\/p>\n<h3><a href=\"http:\/\/www.kunagota.hu\/res\/dokumentumok\/szemetszallitas\/majusiszemetszallitas.doc\" target=\"_blank\" rel=\"noopener\">Link<\/a><\/h3>\n<\/td>\n<\/tr>\n<\/tbody>\n<\/table>\n<p>&nbsp;<\/p>\n<table border=\"0\" width=\"90%\" cellspacing=\"0\" cellpadding=\"0\" align=\"center\">\n<tbody>\n<tr>\n<td class=\"topcolborder\">\n<h3>T\u00e1j\u00e9koztat\u00e1s eb\u00f6sszeir\u00e1sr\u00f3l<\/h3>\n<\/td>\n<\/tr>\n<tr>\n<td class=\"bottomcolborder\">2014-04-28<\/p>\n<h3><a href=\"http:\/\/www.kunagota.hu\/res\/dokumentumok\/ebosszeiras\/ebosszeiras2014.doc\" target=\"_blank\" rel=\"noopener\">Link<\/a><\/h3>\n<\/td>\n<\/tr>\n<\/tbody>\n<\/table>\n<p>&nbsp;<\/p>\n<table border=\"0\" width=\"90%\" cellspacing=\"0\" cellpadding=\"0\" align=\"center\">\n<tbody>\n<tr>\n<td class=\"topcolborder\">\n<h3>Hidrogeol\u00f3giai v\u00e9d\u0151\u00f6vezet B<\/h3>\n<\/td>\n<\/tr>\n<tr>\n<td class=\"bottomcolborder\">2014-04-15<\/p>\n<h3><a href=\"http:\/\/www.kunagota.hu\/res\/dokumentumok\/hidrogeologia\/hidrogeologiai_vedoovezet_B.pdf\" target=\"_blank\" rel=\"noopener\">Link<\/a><\/h3>\n<\/td>\n<\/tr>\n<\/tbody>\n<\/table>\n<p>&nbsp;<\/p>\n<table border=\"0\" width=\"90%\" cellspacing=\"0\" cellpadding=\"0\" align=\"center\">\n<tbody>\n<tr>\n<td class=\"topcolborder\">\n<h3>Ad\u00f3t\u00e1j\u00e9koztat\u00f3 2014.<\/h3>\n<\/td>\n<\/tr>\n<tr>\n<td class=\"bottomcolborder\">2014-02-05<\/p>\n<h3><a href=\"http:\/\/www.kunagota.hu\/res\/dokumentumok\/adok\/adotajekoztato2014.doc\" target=\"_blank\" rel=\"noopener\">Link<\/a><\/h3>\n<\/td>\n<\/tr>\n<\/tbody>\n<\/table>\n<p>&nbsp;<\/p>\n<table border=\"0\" width=\"90%\" cellspacing=\"0\" cellpadding=\"0\" align=\"center\">\n<tbody>\n<tr>\n<td class=\"topcolborder\">\n<h3>Ter\u00fclet- \u00e9s telep\u00fcl\u00e9sfejleszt\u00e9si Operat\u00edv program<\/h3>\n<\/td>\n<\/tr>\n<tr>\n<td class=\"bottomcolborder\">2013-12-21<\/p>\n<h3><a href=\"http:\/\/www.kunagota.hu\/res\/dokumentumok\/top2014_2020.doc\" target=\"_blank\" rel=\"noopener\">Link<\/a><\/h3>\n<\/td>\n<\/tr>\n<\/tbody>\n<\/table>\n<p>&nbsp;<\/p>\n<table border=\"0\" width=\"90%\" cellspacing=\"0\" cellpadding=\"0\" align=\"center\">\n<tbody>\n<tr>\n<td class=\"topcolborder\">\n<h3>Talajterhel\u00e9si d\u00edjr\u00f3l t\u00e1j\u00e9koztat\u00f3<\/h3>\n<\/td>\n<\/tr>\n<tr>\n<td class=\"bottomcolborder\">2013-09-12<\/p>\n<h3><a href=\"http:\/\/www.kunagota.hu\/res\/dokumentumok\/talajterheles2013.doc\" target=\"_blank\" rel=\"noopener\">Link<\/a><\/h3>\n<\/td>\n<\/tr>\n<\/tbody>\n<\/table>\n<p>&nbsp;<\/p>\n<table border=\"0\" width=\"90%\" cellspacing=\"0\" cellpadding=\"0\" align=\"center\">\n<tbody>\n<tr>\n<td class=\"topcolborder\">\n<h3>K\u00f6rjegyz\u0151s\u00e9gi besz\u00e1mol\u00f3<\/h3>\n<\/td>\n<\/tr>\n<tr>\n<td class=\"bottomcolborder\">2013-04-30<\/p>\n<h3><a href=\"http:\/\/kunagota.hu\/res\/dokumentumok\/adok\/beszamolo2012.doc\" target=\"_blank\" rel=\"noopener\">Link<\/a><\/h3>\n<\/td>\n<\/tr>\n<\/tbody>\n<\/table>\n<p>&nbsp;<\/p>\n<table border=\"0\" width=\"90%\" cellspacing=\"0\" cellpadding=\"0\" align=\"center\">\n<tbody>\n<tr>\n<td class=\"topcolborder\">\n<h3>Lakoss\u00e1gi t\u00e1j\u00e9koztat\u00f3<\/h3>\n<\/td>\n<\/tr>\n<tr>\n<td class=\"bottomcolborder\">2013-03-08<\/p>\n<h3><a href=\"http:\/\/www.kunagota.hu\/res\/dokumentumok\/katved\/lakossagi_tajekoztato.docx\" target=\"_blank\" rel=\"noopener\">Link<\/a><\/h3>\n<\/td>\n<\/tr>\n<\/tbody>\n<\/table>\n<p>&nbsp;<\/p>\n<table border=\"0\" width=\"90%\" cellspacing=\"0\" cellpadding=\"0\" align=\"center\">\n<tbody>\n<tr>\n<td class=\"topcolborder\">\n<h3>Ad\u00f3t\u00e1j\u00e9koztat\u00f3 2013.<\/h3>\n<\/td>\n<\/tr>\n<tr>\n<td class=\"bottomcolborder\">2013-02-26<\/p>\n<h3><a href=\"http:\/\/www.kunagota.hu\/res\/dokumentumok\/adok\/adotajekoztato2013.doc\" target=\"_blank\" rel=\"noopener\">Link<\/a><\/h3>\n<\/td>\n<\/tr>\n<\/tbody>\n<\/table>\n<p>&nbsp;<\/p>\n<table border=\"0\" width=\"90%\" cellspacing=\"0\" cellpadding=\"0\" align=\"center\">\n<tbody>\n<tr>\n<td class=\"topcolborder\">\n<h3>Katasztr\u00f3fav\u00e9delmi Igazgat\u00f3s\u00e1g t\u00e1j\u00e9koztat\u00f3ja<\/h3>\n<\/td>\n<\/tr>\n<tr>\n<td class=\"bottomcolborder\">2012-05-18<\/p>\n<h3><a href=\"http:\/\/www.kunagota.hu\/res\/dokumentumok\/riasztasigyakorlat.pdf\" target=\"_blank\" rel=\"noopener\">Link<\/a><\/h3>\n<\/td>\n<\/tr>\n<\/tbody>\n<\/table>\n<p>&nbsp;<\/p>\n<table border=\"0\" width=\"90%\" cellspacing=\"0\" cellpadding=\"0\" align=\"center\">\n<tbody>\n<tr>\n<td class=\"topcolborder\">\n<h3>Besz\u00e1mol\u00f3 a K\u00f6rjegyz\u0151s\u00e9g munk\u00e1j\u00e1r\u00f3l<\/h3>\n<\/td>\n<\/tr>\n<tr>\n<td class=\"bottomcolborder\">2012-05-08<\/p>\n<h3><a href=\"http:\/\/www.kunagota.hu\/res\/dokumentumok\/korjegyzosegi_beszamolo2011rol.doc\" target=\"_blank\" rel=\"noopener\">Link<\/a><\/h3>\n<\/td>\n<\/tr>\n<\/tbody>\n<\/table>\n<p>&nbsp;<\/p>\n<table border=\"0\" width=\"90%\" cellspacing=\"0\" cellpadding=\"0\" align=\"center\">\n<tbody>\n<tr>\n<td class=\"topcolborder\">\n<h3>Ad\u00f3t\u00e1j\u00e9koztat\u00f3 2012.<\/h3>\n<\/td>\n<\/tr>\n<tr>\n<td class=\"bottomcolborder\">2012-03-12<\/p>\n<h3><a href=\"http:\/\/www.kunagota.hu\/res\/dokumentumok\/adotajekoztato2012kunagota.doc\" target=\"_blank\" rel=\"noopener\">Link<\/a><\/h3>\n<\/td>\n<\/tr>\n<\/tbody>\n<\/table>\n<p>&nbsp;<\/p>\n<table border=\"0\" width=\"90%\" cellspacing=\"0\" cellpadding=\"0\" align=\"center\">\n<tbody>\n<tr>\n<td class=\"topcolborder\">\n<h3>Ad\u00f3t\u00e1j\u00e9koztat\u00f3 2011.<\/h3>\n<\/td>\n<\/tr>\n<tr>\n<td class=\"bottomcolborder\">2011-05-23<\/p>\n<h3><a href=\"http:\/\/www.kunagota.hu\/res\/dokumentumok\/adotajekoztato2011kunagota.doc\" target=\"_blank\" rel=\"noopener\">Link<\/a><\/h3>\n<\/td>\n<\/tr>\n<\/tbody>\n<\/table>\n<p>&nbsp;<\/p>\n<table border=\"0\" width=\"90%\" cellspacing=\"0\" cellpadding=\"0\" align=\"center\">\n<tbody>\n<tr>\n<td class=\"topcolborder\">\n<h3>K\u00f6rjegyz\u0151s\u00e9gi besz\u00e1mol\u00f3 2010-r\u0151l<\/h3>\n<\/td>\n<\/tr>\n<tr>\n<td class=\"bottomcolborder\">2011-05-20<\/p>\n<h3><a href=\"http:\/\/www.kunagota.hu\/res\/dokumentumok\/korjegyzosegi_beszamolo_2010-rol.doc\" target=\"_blank\" rel=\"noopener\">Link<\/a><\/h3>\n<\/td>\n<\/tr>\n<\/tbody>\n<\/table>\n<p>&nbsp;<\/p>\n<table border=\"0\" width=\"90%\" cellspacing=\"0\" cellpadding=\"0\" align=\"center\">\n<tbody>\n<tr>\n<td class=\"topcolborder\">\n<h3>Kun\u00e1gota K\u00f6zs\u00e9gi \u00d6nkorm\u00e1nyzat Gazdas\u00e1gi Program 2011-2014.<\/h3>\n<\/td>\n<\/tr>\n<tr>\n<td class=\"bottomcolborder\">2011-04-15<\/p>\n<h3><a href=\"http:\/\/www.kunagota.hu\/res\/dokumentumok\/kunagota_program_2011-2014.doc\" target=\"_blank\" rel=\"noopener\">Link<\/a><\/h3>\n<\/td>\n<\/tr>\n<\/tbody>\n<\/table>\n<p>&nbsp;<\/p>\n<table border=\"0\" width=\"90%\" cellspacing=\"0\" cellpadding=\"0\" align=\"center\">\n<tbody>\n<tr>\n<td class=\"topcolborder\">\n<h3>N\u00e9gy\u00e9ves besz\u00e1mol\u00f3 2010<\/h3>\n<\/td>\n<\/tr>\n<tr>\n<td class=\"bottomcolborder\">2010-07-07<\/p>\n<h3><a href=\"http:\/\/kunagota.hu\/res\/dokumentumok\/negybesz.doc\" target=\"_blank\" rel=\"noopener\">Link<\/a><\/h3>\n<\/td>\n<\/tr>\n<\/tbody>\n<\/table>\n<p>&nbsp;<\/p>\n<table border=\"0\" width=\"90%\" cellspacing=\"0\" cellpadding=\"0\" align=\"center\">\n<tbody>\n<tr>\n<td class=\"topcolborder\">\n<h3>K\u00f6zoktat\u00e1si es\u00e9lyegyenl\u0151s\u00e9gi helyzetelemz\u00e9s \u00e9s int\u00e9zked\u00e9si terv<\/h3>\n<\/td>\n<\/tr>\n<tr>\n<td class=\"bottomcolborder\">2010-07-07<\/p>\n<h3><a href=\"http:\/\/kunagota.hu\/res\/dokumentumok\/kozokt.doc\" target=\"_blank\" rel=\"noopener\">Link<\/a><\/h3>\n<\/td>\n<\/tr>\n<\/tbody>\n<\/table>\n<p>&nbsp;<\/p>\n<table border=\"0\" width=\"90%\" cellspacing=\"0\" cellpadding=\"0\" align=\"center\">\n<tbody>\n<tr>\n<td class=\"topcolborder\">\n<h3>K\u00f6rjegyz\u0151s\u00e9gi besz\u00e1mol\u00f3 2009.<\/h3>\n<\/td>\n<\/tr>\n<tr>\n<td class=\"bottomcolborder\">2010-06-01<\/p>\n<h3><a href=\"http:\/\/www.kunagota.hu\/res\/dokumentumok\/Korjegyosegi_beszamolo_2009.doc\" target=\"_blank\" rel=\"noopener\">Link<\/a><\/h3>\n<\/td>\n<\/tr>\n<\/tbody>\n<\/table>\n<p>&nbsp;<\/p>\n<table border=\"0\" width=\"90%\" cellspacing=\"0\" cellpadding=\"0\" align=\"center\">\n<tbody>\n<tr>\n<td class=\"topcolborder\">\n<h3>Besz\u00e1mol\u00f3 &#8211; \u00c1MK oktat\u00f3 &#8211; nevel\u0151 munka<\/h3>\n<\/td>\n<\/tr>\n<tr>\n<td class=\"bottomcolborder\">2010-03-03Besz\u00e1mol\u00f3 az Alapfok\u00fa K\u00f6zoktat\u00e1si Int\u00e9zm\u00e9nyfenntart\u00f3 T\u00e1rsul\u00e1s<br \/>\n\u00e1ltal fenntartott \u00c1ltal\u00e1nos M\u0171vel\u0151d\u00e9si K\u00f6zpont<br \/>\nnevel\u0151-oktat\u00f3 munk\u00e1j\u00e1r\u00f3l:<\/p>\n<h3><a href=\"http:\/\/kunagota.hu\/res\/dokumentumok\/amk_nevokt.doc\" target=\"_blank\" rel=\"noopener\">Link<\/a><\/h3>\n<\/td>\n<\/tr>\n<\/tbody>\n<\/table>\n<p>&nbsp;<\/p>\n<table border=\"0\" width=\"90%\" cellspacing=\"0\" cellpadding=\"0\" align=\"center\">\n<tbody>\n<tr>\n<td class=\"topcolborder\">\n<h3>\u00c1MK Alap\u00edt\u00f3 okirata<\/h3>\n<\/td>\n<\/tr>\n<tr>\n<td class=\"bottomcolborder\">2010-03-03<\/p>\n<h3><a href=\"http:\/\/kunagota.hu\/res\/dokumentumok\/AMK_alapito.doc\" target=\"_blank\" rel=\"noopener\">Link<\/a><\/h3>\n<\/td>\n<\/tr>\n<\/tbody>\n<\/table>\n<p>&nbsp;<\/p>\n<table border=\"0\" width=\"90%\" cellspacing=\"0\" cellpadding=\"0\" align=\"center\">\n<tbody>\n<tr>\n<td class=\"topcolborder\">\n<h3>M\u00f3dos\u00edtott K\u00f6zoktat\u00e1si T\u00e1rsul\u00e1si Meg\u00e1llapod\u00e1s<\/h3>\n<\/td>\n<\/tr>\n<tr>\n<td class=\"bottomcolborder\">2010-03-03<\/p>\n<h3><a href=\"http:\/\/kunagota.hu\/res\/dokumentumok\/kozok_megall.doc\" target=\"_blank\" rel=\"noopener\">Link<\/a><\/h3>\n<\/td>\n<\/tr>\n<\/tbody>\n<\/table>\n<p>&nbsp;<\/p>\n<table border=\"0\" width=\"90%\" cellspacing=\"0\" cellpadding=\"0\" align=\"center\">\n<tbody>\n<tr>\n<td class=\"topcolborder\">\n<h3>Az \u00d6nkorm\u00e1nyzat gazdas\u00e1gi programja 2007-2010<\/h3>\n<\/td>\n<\/tr>\n<tr>\n<td class=\"bottomcolborder\">2009-11-07<\/p>\n<h3><a href=\"http:\/\/kunagota.hu\/res\/dokumentumok\/gazdasagi_program.doc\" target=\"_blank\" rel=\"noopener\">Link<\/a><\/h3>\n<\/td>\n<\/tr>\n<\/tbody>\n<\/table>\n<p>&nbsp;<\/p>\n<table border=\"0\" width=\"90%\" cellspacing=\"0\" cellpadding=\"0\" align=\"center\">\n<tbody>\n<tr>\n<td class=\"topcolborder\">\n<h3>N\u00e9gy\u00e9ves besz\u00e1mol\u00f3 1998<\/h3>\n<\/td>\n<\/tr>\n<tr>\n<td class=\"bottomcolborder\">2009-11-07<\/p>\n<h3><a href=\"http:\/\/kunagota.hu\/res\/dokumentumok\/negyeves_beszamolo_1998.doc\" target=\"_blank\" rel=\"noopener\">Link<\/a><\/h3>\n<\/td>\n<\/tr>\n<\/tbody>\n<\/table>\n<p>&nbsp;<\/p>\n<table border=\"0\" width=\"90%\" cellspacing=\"0\" cellpadding=\"0\" align=\"center\">\n<tbody>\n<tr>\n<td class=\"topcolborder\">\n<h3>N\u00e9gy\u00e9ves besz\u00e1mol\u00f3 2002<\/h3>\n<\/td>\n<\/tr>\n<tr>\n<td class=\"bottomcolborder\">2009-11-07<\/p>\n<h3><a href=\"http:\/\/kunagota.hu\/res\/dokumentumok\/negyeves_beszamolo_2002.doc\" target=\"_blank\" rel=\"noopener\">Link<\/a><\/h3>\n<\/td>\n<\/tr>\n<\/tbody>\n<\/table>\n<p>&nbsp;<\/p>\n<table border=\"0\" width=\"90%\" cellspacing=\"0\" cellpadding=\"0\" align=\"center\">\n<tbody>\n<tr>\n<td class=\"topcolborder\">\n<h3>N\u00e9gy\u00e9ves besz\u00e1mol\u00f3 2006<\/h3>\n<\/td>\n<\/tr>\n<tr>\n<td class=\"bottomcolborder\">2009-11-07<\/p>\n<h3><a href=\"http:\/\/kunagota.hu\/res\/dokumentumok\/negyeves_beszamolo_2006.doc\" target=\"_blank\" rel=\"noopener\">Link<\/a><\/h3>\n<\/td>\n<\/tr>\n<\/tbody>\n<\/table>\n<p>&nbsp;<\/p>\n<table border=\"0\" width=\"90%\" cellspacing=\"0\" cellpadding=\"0\" align=\"center\">\n<tbody>\n<tr>\n<td class=\"topcolborder\">\n<h3>Besz\u00e1mol\u00f3 a K\u00f6rjegyz\u0151s\u00e9g 2008. \u00e9vi munk\u00e1j\u00e1r\u00f3l<\/h3>\n<\/td>\n<\/tr>\n<tr>\n<td class=\"bottomcolborder\">2009-11-07<\/p>\n<h3><a href=\"http:\/\/kunagota.hu\/res\/dokumentumok\/beszamolo_korjegyzoseg_2008.doc\" target=\"_blank\" rel=\"noopener\">Link<\/a><\/h3>\n<\/td>\n<\/tr>\n<\/tbody>\n<\/table>\n<p>&nbsp;<\/p>\n<table border=\"0\" width=\"90%\" cellspacing=\"0\" cellpadding=\"0\" align=\"center\">\n<tbody>\n<tr>\n<td class=\"topcolborder\">\n<h3>Kieg\u00e9sz\u00edt\u00e9s a K\u00f6rjegyz\u0151s\u00e9g 2008. \u00e9vi munk\u00e1j\u00e1r\u00f3l sz\u00f3l\u00f3 besz\u00e1mol\u00f3hoz<\/h3>\n<\/td>\n<\/tr>\n<tr>\n<td class=\"bottomcolborder\">2009-11-07<\/p>\n<h3><a href=\"http:\/\/kunagota.hu\/res\/dokumentumok\/kiegeszites_korjegyzosegi_beszamolohoz_2009.doc\" target=\"_blank\" rel=\"noopener\">Link<\/a><\/h3>\n<\/td>\n<\/tr>\n<\/tbody>\n<\/table>\n<p>&nbsp;<\/p>\n<table border=\"0\" width=\"90%\" cellspacing=\"0\" cellpadding=\"0\" align=\"center\">\n<tbody>\n<tr>\n<td class=\"topcolborder\">\n<h3>Kun\u00e1gota K\u00f6zs\u00e9g d\u00edszpolg\u00e1rai<\/h3>\n<\/td>\n<\/tr>\n<tr>\n<td class=\"bottomcolborder\">2009-11-07<\/p>\n<h3><a href=\"http:\/\/kunagota.hu\/res\/dokumentumok\/diszpolgarok.doc\" target=\"_blank\" rel=\"noopener\">Link<\/a><\/h3>\n<\/td>\n<\/tr>\n<\/tbody>\n<\/table>\n","protected":false},"excerpt":{"rendered":"<p>Lakoss\u00e1gi f\u00f3rum 2016-02-08 Link &nbsp; T\u00e1j\u00e9koztat\u00f3 a helyi ad\u00f3kr\u00f3l 2015-05-14 Link &nbsp; Kun\u00e1gota K\u00f6zs\u00e9gi \u00d6nkorm\u00e1nyzat Gazdas\u00e1gi Program 2015-2019. 2015-05-14 Link &nbsp; Keresked\u0151k, m\u0171k\u00f6d\u0151 \u00fczletek 2014-07-16 Link &nbsp; 2014. m\u00e1jusi szem\u00e9tsz\u00e1ll\u00edt\u00e1s 2014-04-28 Link &nbsp; T\u00e1j\u00e9koztat\u00e1s eb\u00f6sszeir\u00e1sr\u00f3l 2014-04-28 Link &nbsp; Hidrogeol\u00f3giai v\u00e9d\u0151\u00f6vezet&hellip; <\/p>\n","protected":false},"author":1,"featured_media":0,"parent":119,"menu_order":5,"comment_status":"closed","ping_status":"closed","template":"","meta":{"ngg_post_thumbnail":0,"footnotes":"","_links_to":"","_links_to_target":""},"class_list":["post-132","page","type-page","status-publish","hentry"],"_links":{"self":[{"href":"http:\/\/pro-it.hu\/kunagota.hu\/wp-json\/wp\/v2\/pages\/132","targetHints":{"allow":["GET"]}}],"collection":[{"href":"http:\/\/pro-it.hu\/kunagota.hu\/wp-json\/wp\/v2\/pages"}],"about":[{"href":"http:\/\/pro-it.hu\/kunagota.hu\/wp-json\/wp\/v2\/types\/page"}],"author":[{"embeddable":true,"href":"http:\/\/pro-it.hu\/kunagota.hu\/wp-json\/wp\/v2\/users\/1"}],"replies":[{"embeddable":true,"href":"http:\/\/pro-it.hu\/kunagota.hu\/wp-json\/wp\/v2\/comments?post=132"}],"version-history":[{"count":1,"href":"http:\/\/pro-it.hu\/kunagota.hu\/wp-json\/wp\/v2\/pages\/132\/revisions"}],"predecessor-version":[{"id":133,"href":"http:\/\/pro-it.hu\/kunagota.hu\/wp-json\/wp\/v2\/pages\/132\/revisions\/133"}],"up":[{"embeddable":true,"href":"http:\/\/pro-it.hu\/kunagota.hu\/wp-json\/wp\/v2\/pages\/119"}],"wp:attachment":[{"href":"http:\/\/pro-it.hu\/kunagota.hu\/wp-json\/wp\/v2\/media?parent=132"}],"curies":[{"name":"wp","href":"https:\/\/api.w.org\/{rel}","templated":true}]}}