{"id":141,"date":"2019-01-25T11:42:05","date_gmt":"2019-01-25T11:42:05","guid":{"rendered":"http:\/\/www.pro-it.hu\/kunagota.hu\/?page_id=141"},"modified":"2025-10-13T13:29:38","modified_gmt":"2025-10-13T13:29:38","slug":"ugyfelfogadas","status":"publish","type":"page","link":"http:\/\/pro-it.hu\/kunagota.hu\/onkormanyzati-hivatal\/ugyfelfogadas\/","title":{"rendered":"\u00dcgyf\u00e9lfogad\u00e1s"},"content":{"rendered":"<p style=\"text-align: center;\"><strong>Kun\u00e1gota-Alm\u00e1skamar\u00e1s-Pusztaottlaka-Nagykamar\u00e1s jegyz\u0151<\/strong><br \/>\n5746. Kun\u00e1gota, R\u00e1k\u00f3czi u. 9.; Telefon\/Fax: 68\/430-000.<br \/>\nKirendelts\u00e9gei:<br \/>\n5747. Alm\u00e1skamar\u00e1s, D\u00f3zsa u. 54.; Telefon\/Fax: 68\/439-000.<br \/>\n5665. Pusztaottlaka, Drag\u00e1n u. 12.; Telefon\/Fax: 68\/428-000.<br \/>\n5751 Nagykamar\u00e1s, Kossuth u. 2. Telefon\/Fax: 68\/436-000<strong>&nbsp;<\/strong><\/p>\n<p>&nbsp;<\/p>\n<div style=\"text-align: center;\">\n<h3>Jegyz\u0151 \u00fcgyf\u00e9lfogad\u00e1si ideje:<\/h3>\n<\/div>\n<p style=\"text-align: center;\"><strong>Kun\u00e1gota:<\/strong><br \/>\n<strong>H\u00e9tf\u0151:&nbsp; 9 \u00e9s 12 \u00f3ra k\u00f6z\u00f6tt<\/strong><\/p>\n<p style=\"text-align: center;\"><strong>&nbsp;Alm\u00e1skamar\u00e1s:<\/strong><br \/>\n<strong>Kedd:&nbsp; 9 \u00e9s 12 \u00f3ra k\u00f6z\u00f6tt<\/strong><\/p>\n<p style=\"text-align: center;\"><strong>Pusztaottlaka:<\/strong><br \/>\n<strong>A h\u00f3nap els\u0151 szerd\u00e1j\u00e1n:&nbsp;&nbsp;&nbsp; 9 \u00e9s 12 \u00f3ra k\u00f6z\u00f6tt<\/strong><\/p>\n<p style=\"text-align: center;\"><strong>Nagykamar\u00e1s:<\/strong><br \/>\n<strong>Cs\u00fct\u00f6rt\u00f6k:&nbsp;&nbsp;&nbsp; 9 \u00e9s 12 \u00f3ra k\u00f6z\u00f6tt<\/strong><\/p>\n<table class=\" aligncenter\" border=\"0\" cellspacing=\"0\" cellpadding=\"0\">\n<tbody>\n<tr>\n<td class=\"topcolborder\" colspan=\"3\">&nbsp;<\/td>\n<\/tr>\n<tr>\n<td colspan=\"3\" align=\"center\">\n<h3>Kun\u00e1gotai K\u00f6z\u00f6s \u00d6nkorm\u00e1nyzati Hivatal<\/h3>\n<\/td>\n<\/tr>\n<tr>\n<td>&nbsp;<\/td>\n<td>&nbsp;<\/td>\n<td>&nbsp;<\/td>\n<\/tr>\n<tr>\n<td>H\u00e9tf\u0151<\/td>\n<td><strong>7:30-12:00<\/strong><\/td>\n<td><strong>12:30-17:00<\/strong><\/td>\n<\/tr>\n<tr>\n<td>.Kedd<\/td>\n<td><strong>7:30<\/strong><\/td>\n<td><strong>12:00<\/strong><\/td>\n<\/tr>\n<tr>\n<td>Szerda<\/td>\n<td><strong>7:30<\/strong><\/td>\n<td><strong>12:00<\/strong><\/td>\n<\/tr>\n<tr>\n<td>Cs\u00fct\u00f6rt\u00f6k<\/td>\n<td><strong>7:30<\/strong><\/td>\n<td><strong>12:00<\/strong><\/td>\n<\/tr>\n<tr>\n<td>P\u00e9ntek<\/td>\n<td><strong>8:00<\/strong><\/td>\n<td><strong>11:00<\/strong><\/td>\n<\/tr>\n<tr>\n<td class=\"bottomcolborder\" colspan=\"3\">&nbsp;<\/td>\n<\/tr>\n<\/tbody>\n<\/table>\n<h4 style=\"text-align: center;\"><a href=\"http:\/\/pro-it.hu\/kunagota.hu\/wp-content\/uploads\/2020\/06\/alapito.doc\">K\u00f6z\u00f6s Hivatal Alap\u00edt\u00f3 Okirata<\/a><\/h4>\n<h4 style=\"text-align: center;\"><a href=\"http:\/\/pro-it.hu\/kunagota.hu\/wp-content\/uploads\/2020\/06\/megallapodas.doc\">K\u00f6z\u00f6s \u00d6nkorm\u00e1nyzati Hivatal &#8211; Meg\u00e1llapod\u00e1s<\/a><\/h4>\n","protected":false},"excerpt":{"rendered":"<p>Kun\u00e1gota-Alm\u00e1skamar\u00e1s-Pusztaottlaka-Nagykamar\u00e1s jegyz\u0151 5746. Kun\u00e1gota, R\u00e1k\u00f3czi u. 9.; Telefon\/Fax: 68\/430-000. Kirendelts\u00e9gei: 5747. Alm\u00e1skamar\u00e1s, D\u00f3zsa u. 54.; Telefon\/Fax: 68\/439-000. 5665. Pusztaottlaka, Drag\u00e1n u. 12.; Telefon\/Fax: 68\/428-000. 5751 Nagykamar\u00e1s, Kossuth u. 2. Telefon\/Fax: 68\/436-000&nbsp; &nbsp; Jegyz\u0151 \u00fcgyf\u00e9lfogad\u00e1si ideje: Kun\u00e1gota: H\u00e9tf\u0151:&nbsp; 9 \u00e9s 12&hellip; <\/p>\n","protected":false},"author":1,"featured_media":0,"parent":138,"menu_order":0,"comment_status":"closed","ping_status":"closed","template":"","meta":{"ngg_post_thumbnail":0,"footnotes":"","_links_to":"","_links_to_target":""},"class_list":["post-141","page","type-page","status-publish","hentry"],"_links":{"self":[{"href":"http:\/\/pro-it.hu\/kunagota.hu\/wp-json\/wp\/v2\/pages\/141","targetHints":{"allow":["GET"]}}],"collection":[{"href":"http:\/\/pro-it.hu\/kunagota.hu\/wp-json\/wp\/v2\/pages"}],"about":[{"href":"http:\/\/pro-it.hu\/kunagota.hu\/wp-json\/wp\/v2\/types\/page"}],"author":[{"embeddable":true,"href":"http:\/\/pro-it.hu\/kunagota.hu\/wp-json\/wp\/v2\/users\/1"}],"replies":[{"embeddable":true,"href":"http:\/\/pro-it.hu\/kunagota.hu\/wp-json\/wp\/v2\/comments?post=141"}],"version-history":[{"count":10,"href":"http:\/\/pro-it.hu\/kunagota.hu\/wp-json\/wp\/v2\/pages\/141\/revisions"}],"predecessor-version":[{"id":5957,"href":"http:\/\/pro-it.hu\/kunagota.hu\/wp-json\/wp\/v2\/pages\/141\/revisions\/5957"}],"up":[{"embeddable":true,"href":"http:\/\/pro-it.hu\/kunagota.hu\/wp-json\/wp\/v2\/pages\/138"}],"wp:attachment":[{"href":"http:\/\/pro-it.hu\/kunagota.hu\/wp-json\/wp\/v2\/media?parent=141"}],"curies":[{"name":"wp","href":"https:\/\/api.w.org\/{rel}","templated":true}]}}