{"id":1435,"date":"2019-03-13T08:02:09","date_gmt":"2019-03-13T08:02:09","guid":{"rendered":"http:\/\/www.pro-it.hu\/kunagota.hu\/?page_id=1435"},"modified":"2020-09-29T07:11:45","modified_gmt":"2020-09-29T07:11:45","slug":"rendorsegi-hirlevelek","status":"publish","type":"page","link":"http:\/\/pro-it.hu\/kunagota.hu\/rendorsegi-hirlevelek\/","title":{"rendered":"Rend\u0151rs\u00e9gi h\u00edrlevelek"},"content":{"rendered":"<a href=\"http:\/\/pro-it.hu\/kunagota.hu\/wp-content\/uploads\/2020\/09\/39.-heti-h\u00edrlev\u00e9l.pdf\" class=\"pdfemb-viewer\" style=\"\" data-width=\"max\" data-height=\"max\" data-toolbar=\"bottom\" data-toolbar-fixed=\"off\">39. heti h\u00edrlev\u00e9l<\/a>\n<a href=\"http:\/\/pro-it.hu\/kunagota.hu\/wp-content\/uploads\/2020\/07\/30.-heti-h\u00edrlev\u00e9l.pdf\" class=\"pdfemb-viewer\" style=\"\" data-width=\"max\" data-height=\"max\" data-toolbar=\"bottom\" data-toolbar-fixed=\"off\">30. heti h\u00edrlev\u00e9l<\/a>\n<a href=\"http:\/\/pro-it.hu\/kunagota.hu\/wp-content\/uploads\/2020\/07\/29.-heti-h\u00edrlev\u00e9l.pdf\" class=\"pdfemb-viewer\" style=\"\" data-width=\"max\" data-height=\"max\" data-toolbar=\"bottom\" data-toolbar-fixed=\"off\">29. heti h\u00edrlev\u00e9l<\/a>\n<a href=\"http:\/\/pro-it.hu\/kunagota.hu\/wp-content\/uploads\/2020\/07\/27.-heti-h\u00edrlev\u00e9l.pdf\" class=\"pdfemb-viewer\" style=\"\" data-width=\"max\" data-height=\"max\" data-toolbar=\"bottom\" data-toolbar-fixed=\"off\">27. heti h\u00edrlev\u00e9l<\/a>\n<a href=\"http:\/\/pro-it.hu\/kunagota.hu\/wp-content\/uploads\/2020\/05\/22.-heti-h\u00edrlev\u00e9l.pdf\" class=\"pdfemb-viewer\" style=\"\" data-width=\"max\" data-height=\"max\" data-toolbar=\"bottom\" data-toolbar-fixed=\"off\">22. heti h\u00edrlev\u00e9l<\/a>\n<a href=\"http:\/\/pro-it.hu\/kunagota.hu\/wp-content\/uploads\/2020\/05\/21.-heti-h\u00edrlev\u00e9l.pdf\" class=\"pdfemb-viewer\" style=\"\" data-width=\"max\" data-height=\"max\" data-toolbar=\"bottom\" data-toolbar-fixed=\"off\">21. heti h\u00edrlev\u00e9l<\/a>\n<a href=\"http:\/\/pro-it.hu\/kunagota.hu\/wp-content\/uploads\/2020\/05\/20.-heti-h\u00edrlev\u00e9l.pdf\" class=\"pdfemb-viewer\" style=\"\" data-width=\"max\" data-height=\"max\" data-toolbar=\"bottom\" data-toolbar-fixed=\"off\">20. heti h\u00edrlev\u00e9l<\/a>\n<a href=\"http:\/\/pro-it.hu\/kunagota.hu\/wp-content\/uploads\/2020\/04\/Vagyonv\u00e9delmi-h\u00edrlev\u00e9l.pdf\" class=\"pdfemb-viewer\" style=\"\" data-width=\"max\" data-height=\"max\" data-toolbar=\"bottom\" data-toolbar-fixed=\"off\">Vagyonv\u00e9delmi h\u00edrlev\u00e9l<\/a>\n<a href=\"http:\/\/pro-it.hu\/kunagota.hu\/wp-content\/uploads\/2020\/04\/17.-heti-h\u00edrlev\u00e9l.pdf\" class=\"pdfemb-viewer\" style=\"\" data-width=\"max\" data-height=\"max\" data-toolbar=\"bottom\" data-toolbar-fixed=\"off\">17. heti h\u00edrlev\u00e9l<\/a>\n<a href=\"http:\/\/pro-it.hu\/kunagota.hu\/wp-content\/uploads\/2020\/04\/16.-heti-h\u00edrlev\u00e9l-Tippek-\u00e9s-tan\u00e1csok-munkav\u00e1llal\u00f3knak-v\u00e1llalatoknak.pdf\" class=\"pdfemb-viewer\" style=\"\" data-width=\"max\" data-height=\"max\" data-toolbar=\"bottom\" data-toolbar-fixed=\"off\">16. heti h\u00edrlev\u00e9l, Tippek \u00e9s tan\u00e1csok munkav\u00e1llal\u00f3knak, v\u00e1llalatoknak<\/a>\n<a href=\"http:\/\/pro-it.hu\/kunagota.hu\/wp-content\/uploads\/2020\/02\/H\u00edrlev\u00e9l-megk\u00fcld\u00e9se.pdf\" class=\"pdfemb-viewer\" style=\"\" data-width=\"max\" data-height=\"max\" data-toolbar=\"bottom\" data-toolbar-fixed=\"off\">H\u00edrlev\u00e9l megk\u00fcld\u00e9se<\/a>\n<a href=\"http:\/\/pro-it.hu\/kunagota.hu\/wp-content\/uploads\/2020\/02\/H\u00edrlev\u00e9l_megk\u00fcld\u00e9se_Biztons\u00e1gos_Internet_Nap.pdf\" class=\"pdfemb-viewer\" style=\"\" data-width=\"max\" data-height=\"max\" data-toolbar=\"bottom\" data-toolbar-fixed=\"off\">H\u00edrlev\u00e9l_megk\u00fcld\u00e9se,_Biztons\u00e1gos_Internet_Nap<\/a>\n<a href=\"http:\/\/pro-it.hu\/kunagota.hu\/wp-content\/uploads\/2020\/02\/Bizony\u00edtv\u00e1nyoszt\u00e1s_Polg\u00e1rmesteri_Hivataloknak.pdf\" class=\"pdfemb-viewer\" style=\"\" data-width=\"max\" data-height=\"max\" data-toolbar=\"bottom\" data-toolbar-fixed=\"off\">Bizony\u00edtv\u00e1nyoszt\u00e1s,_Polg\u00e1rmesteri_Hivataloknak<\/a>\n<a href=\"http:\/\/pro-it.hu\/kunagota.hu\/wp-content\/uploads\/2020\/01\/5.-heti-h\u00edrlev\u00e9l.pdf\" class=\"pdfemb-viewer\" style=\"\" data-width=\"max\" data-height=\"max\" data-toolbar=\"bottom\" data-toolbar-fixed=\"off\">5. heti h\u00edrlev\u00e9l<\/a>\n<a href=\"http:\/\/pro-it.hu\/kunagota.hu\/wp-content\/uploads\/2019\/12\/51.-heti-h\u00edrlev\u00e9l-B\u0171nmegel\u0151z\u00e9si-tan\u00e1csok.pdf\" class=\"pdfemb-viewer\" style=\"\" data-width=\"max\" data-height=\"max\" data-toolbar=\"bottom\" data-toolbar-fixed=\"off\">51. heti h\u00edrlev\u00e9l, B\u0171nmegel\u0151z\u00e9si tan\u00e1csok<\/a>\n<a href=\"http:\/\/pro-it.hu\/kunagota.hu\/wp-content\/uploads\/2019\/12\/112-Tudd-hogy-seg\u00edthess.pdf\" class=\"pdfemb-viewer\" style=\"\" data-width=\"max\" data-height=\"max\" data-toolbar=\"bottom\" data-toolbar-fixed=\"off\">112 - Tudd, hogy seg\u00edthess!<\/a>\n<a href=\"http:\/\/pro-it.hu\/kunagota.hu\/wp-content\/uploads\/2019\/12\/49.h\u00e9t-B\u0171nmegel\u0151z\u00e9si-tan\u00e1csok.pdf\" class=\"pdfemb-viewer\" style=\"\" data-width=\"max\" data-height=\"max\" data-toolbar=\"bottom\" data-toolbar-fixed=\"off\">49.h\u00e9t, B\u0171nmegel\u0151z\u00e9si tan\u00e1csok<\/a>\n<a href=\"http:\/\/pro-it.hu\/kunagota.hu\/wp-content\/uploads\/2019\/12\/48.-heti-h\u00edrlev\u00e9l.pdf\" class=\"pdfemb-viewer\" style=\"\" data-width=\"max\" data-height=\"max\" data-toolbar=\"bottom\" data-toolbar-fixed=\"off\">48. heti h\u00edrlev\u00e9l<\/a>\n<a href=\"http:\/\/pro-it.hu\/kunagota.hu\/wp-content\/uploads\/2019\/11\/46.heti-h\u00edrlev\u00e9l.pdf\" class=\"pdfemb-viewer\" style=\"\" data-width=\"max\" data-height=\"max\" data-toolbar=\"bottom\" data-toolbar-fixed=\"off\">46.heti h\u00edrlev\u00e9l<\/a>\n<a href=\"http:\/\/pro-it.hu\/kunagota.hu\/wp-content\/uploads\/2019\/10\/R\u00f6viden-az-\u00e1rubemutat\u00f3kr\u00f3l-42.-heti-h\u00edrlev\u00e9l.pdf\" class=\"pdfemb-viewer\" style=\"\" data-width=\"max\" data-height=\"max\" data-toolbar=\"bottom\" data-toolbar-fixed=\"off\">R\u00f6viden az \u00e1rubemutat\u00f3kr\u00f3l, 42. heti h\u00edrlev\u00e9l<\/a>\n<a href=\"http:\/\/pro-it.hu\/kunagota.hu\/wp-content\/uploads\/2019\/09\/H\u00edrlev\u00e9l_megk\u00fcld\u00e9se_37_h\u00e9t_Minden_szervezet_r\u00e9sz\u00e9re.pdf\" class=\"pdfemb-viewer\" style=\"\" data-width=\"max\" data-height=\"max\" data-toolbar=\"bottom\" data-toolbar-fixed=\"off\">H\u00edrlev\u00e9l_megk\u00fcld\u00e9se,_37_h\u00e9t,_Minden_szervezet_r\u00e9sz\u00e9re<\/a>\n<a href=\"http:\/\/pro-it.hu\/kunagota.hu\/wp-content\/uploads\/2019\/08\/H\u00edrlev\u00e9l_megk\u00fcld\u00e9se_35_h\u00e9t_Tr\u00fckk\u00f6s_t\u0171zifa\u00e1rusok_Minden_szervezet_r\u00e9sz\u00e9re.pdf\" class=\"pdfemb-viewer\" style=\"\" data-width=\"max\" data-height=\"max\" data-toolbar=\"bottom\" data-toolbar-fixed=\"off\">H\u00edrlev\u00e9l_megk\u00fcld\u00e9se,_35_h\u00e9t,_Tr\u00fckk\u00f6s_t\u0171zifa\u00e1rusok,_Minden_szervezet_r\u00e9sz\u00e9re<\/a>\n<p>&nbsp;<\/p>\n<a href=\"http:\/\/pro-it.hu\/kunagota.hu\/wp-content\/uploads\/2019\/08\/32.-h\u00e9t-H\u00edrlev\u00e9l-Szervezeteknek-k\u00e9sz.pdf\" class=\"pdfemb-viewer\" style=\"\" data-width=\"max\" data-height=\"max\" data-toolbar=\"bottom\" data-toolbar-fixed=\"off\">32. h\u00e9t H\u00edrlev\u00e9l Szervezeteknek k\u00e9sz<\/a>\n<a href=\"http:\/\/pro-it.hu\/kunagota.hu\/wp-content\/uploads\/2019\/07\/H\u00edrlev\u00e9l_megk\u00fcld\u00e9se_30_h\u00e9t_G\u00e9pj\u00e1rm\u0171felt\u00f6r\u00e9sek_megel\u0151z\u00e9se_Minden_szervezet_r\u00e9sz\u00e9re.pdf\" class=\"pdfemb-viewer\" style=\"\" data-width=\"max\" data-height=\"max\" data-toolbar=\"bottom\" data-toolbar-fixed=\"off\">H\u00edrlev\u00e9l_megk\u00fcld\u00e9se,_30_h\u00e9t,_G\u00e9pj\u00e1rm\u0171felt\u00f6r\u00e9sek_megel\u0151z\u00e9se,_Minden_szervezet_r\u00e9sz\u00e9re<\/a>\n<a href=\"http:\/\/pro-it.hu\/kunagota.hu\/wp-content\/uploads\/2019\/07\/29_h\u00e9t_Tr\u00fckk\u00f6s_lop\u00e1sok112-es_Minden_szervezet_r\u00e9sz\u00e9re.pdf\" class=\"pdfemb-viewer\" style=\"\" data-width=\"max\" data-height=\"max\" data-toolbar=\"bottom\" data-toolbar-fixed=\"off\">29_h\u00e9t,_Tr\u00fckk\u00f6s_lop\u00e1sok+112-es,_Minden_szervezet_r\u00e9sz\u00e9re<\/a>\n<a href=\"http:\/\/pro-it.hu\/kunagota.hu\/wp-content\/uploads\/2019\/06\/H\u00edrlev\u00e9l_megk\u00fcld\u00e9se_25_h\u00e9t_Biztons\u00e1gos_utaz\u00e1s_Minden_szervezet_r\u00e9sz\u00e9re.pdf\" class=\"pdfemb-viewer\" style=\"\" data-width=\"max\" data-height=\"max\" data-toolbar=\"bottom\" data-toolbar-fixed=\"off\">H\u00edrlev\u00e9l_megk\u00fcld\u00e9se,_25_h\u00e9t,_Biztons\u00e1gos_utaz\u00e1s,_Minden_szervezet_r\u00e9sz\u00e9re<\/a>\n<p>&nbsp;<\/p>\n<a href=\"http:\/\/pro-it.hu\/kunagota.hu\/wp-content\/uploads\/2019\/05\/N\u00e9vtelen-mell\u00e9klet-00005.pdf\" class=\"pdfemb-viewer\" style=\"\" data-width=\"max\" data-height=\"max\" data-toolbar=\"bottom\" data-toolbar-fixed=\"off\">N\u00e9vtelen mell\u00e9klet (00005)<\/a>\n<p>&nbsp;<\/p>\n<a href=\"http:\/\/pro-it.hu\/kunagota.hu\/wp-content\/uploads\/2019\/05\/H\u00edrlev\u00e9l_megk\u00fcld\u00e9se_21_h\u00e9t_Minden_szervezet_r\u00e9sz\u00e9re.pdf\" class=\"pdfemb-viewer\" style=\"\" data-width=\"max\" data-height=\"max\" data-toolbar=\"bottom\" data-toolbar-fixed=\"off\">H\u00edrlev\u00e9l_megk\u00fcld\u00e9se,_21_h\u00e9t,_Minden_szervezet_r\u00e9sz\u00e9re<\/a>\n<p>&nbsp;<\/p>\n<p>&nbsp;<\/p>\n<a href=\"http:\/\/pro-it.hu\/kunagota.hu\/wp-content\/uploads\/2019\/05\/H\u00edrlev\u00e9l_megk\u00fcld\u00e9se_18_h\u00e9t_Minden_szervezet_r\u00e9sz\u00e9re.pdf\" class=\"pdfemb-viewer\" style=\"\" data-width=\"max\" data-height=\"max\" data-toolbar=\"bottom\" data-toolbar-fixed=\"off\">H\u00edrlev\u00e9l_megk\u00fcld\u00e9se,_18_h\u00e9t,_Minden_szervezet_r\u00e9sz\u00e9re<\/a>\n<a href=\"http:\/\/pro-it.hu\/kunagota.hu\/wp-content\/uploads\/2019\/04\/Hirlevel_megkuldese_17_het_Minden_szervezet_reszere.pdf\" class=\"pdfemb-viewer\" style=\"\" data-width=\"max\" data-height=\"max\" data-toolbar=\"bottom\" data-toolbar-fixed=\"off\">Hirlevel_megkuldese,_17_het,_Minden_szervezet_reszere<\/a>\n<p>&nbsp;<\/p>\n<p>&nbsp;<\/p>\n<a href=\"http:\/\/pro-it.hu\/kunagota.hu\/wp-content\/uploads\/2019\/03\/Hirlevel-megkuldese-12.-het-Nehezitse-meg-a-betorok-dolgat.pdf\" class=\"pdfemb-viewer\" style=\"\" data-width=\"max\" data-height=\"max\" data-toolbar=\"bottom\" data-toolbar-fixed=\"off\">Hirlevel megkuldese, 12. het, Nehezitse meg a betorok dolgat<\/a>\n<p>&nbsp;<\/p>\n<a href=\"http:\/\/pro-it.hu\/kunagota.hu\/wp-content\/uploads\/2019\/03\/N\u00e9vtelen-mell\u00e9klet-00003.pdf\" class=\"pdfemb-viewer\" style=\"\" data-width=\"max\" data-height=\"max\" data-toolbar=\"bottom\" data-toolbar-fixed=\"off\">N\u00e9vtelen mell\u00e9klet (00003)<\/a>\n","protected":false},"excerpt":{"rendered":"<p>&nbsp; &nbsp; &nbsp; &nbsp; &nbsp; &nbsp; &nbsp; &nbsp;<\/p>\n","protected":false},"author":1,"featured_media":0,"parent":0,"menu_order":0,"comment_status":"closed","ping_status":"closed","template":"","meta":{"ngg_post_thumbnail":0,"footnotes":"","_links_to":"","_links_to_target":""},"class_list":["post-1435","page","type-page","status-publish","hentry"],"_links":{"self":[{"href":"http:\/\/pro-it.hu\/kunagota.hu\/wp-json\/wp\/v2\/pages\/1435","targetHints":{"allow":["GET"]}}],"collection":[{"href":"http:\/\/pro-it.hu\/kunagota.hu\/wp-json\/wp\/v2\/pages"}],"about":[{"href":"http:\/\/pro-it.hu\/kunagota.hu\/wp-json\/wp\/v2\/types\/page"}],"author":[{"embeddable":true,"href":"http:\/\/pro-it.hu\/kunagota.hu\/wp-json\/wp\/v2\/users\/1"}],"replies":[{"embeddable":true,"href":"http:\/\/pro-it.hu\/kunagota.hu\/wp-json\/wp\/v2\/comments?post=1435"}],"version-history":[{"count":48,"href":"http:\/\/pro-it.hu\/kunagota.hu\/wp-json\/wp\/v2\/pages\/1435\/revisions"}],"predecessor-version":[{"id":2225,"href":"http:\/\/pro-it.hu\/kunagota.hu\/wp-json\/wp\/v2\/pages\/1435\/revisions\/2225"}],"wp:attachment":[{"href":"http:\/\/pro-it.hu\/kunagota.hu\/wp-json\/wp\/v2\/media?parent=1435"}],"curies":[{"name":"wp","href":"https:\/\/api.w.org\/{rel}","templated":true}]}}