{"id":150,"date":"2019-01-25T11:44:10","date_gmt":"2019-01-25T11:44:10","guid":{"rendered":"http:\/\/www.pro-it.hu\/kunagota.hu\/?page_id=150"},"modified":"2019-01-25T11:44:10","modified_gmt":"2019-01-25T11:44:10","slug":"kunagotai-ovoda","status":"publish","type":"page","link":"http:\/\/pro-it.hu\/kunagota.hu\/intezmenyek\/oktatas-neveles-kozmuvelodes\/kunagotai-ovoda\/","title":{"rendered":"Kun\u00e1gotai \u00f3voda"},"content":{"rendered":"<h2>I. sz\u00e1m\u00fa \u00d3voda, Kun\u00e1gota<\/h2>\n<h2>\nII. sz\u00e1m\u00fa \u00d3voda, Kun\u00e1gota<\/h2>\n<h2>\n\u00d3voda, Dombiratos<\/h2>\n<h2>\n\u00d3voda, Alm\u00e1skamar\u00e1s<\/h2>\n","protected":false},"excerpt":{"rendered":"<p>I. sz\u00e1m\u00fa \u00d3voda, Kun\u00e1gota II. sz\u00e1m\u00fa \u00d3voda, Kun\u00e1gota \u00d3voda, Dombiratos \u00d3voda, Alm\u00e1skamar\u00e1s<\/p>\n","protected":false},"author":1,"featured_media":0,"parent":148,"menu_order":0,"comment_status":"closed","ping_status":"closed","template":"","meta":{"ngg_post_thumbnail":0,"footnotes":"","_links_to":"","_links_to_target":""},"class_list":["post-150","page","type-page","status-publish","hentry"],"_links":{"self":[{"href":"http:\/\/pro-it.hu\/kunagota.hu\/wp-json\/wp\/v2\/pages\/150","targetHints":{"allow":["GET"]}}],"collection":[{"href":"http:\/\/pro-it.hu\/kunagota.hu\/wp-json\/wp\/v2\/pages"}],"about":[{"href":"http:\/\/pro-it.hu\/kunagota.hu\/wp-json\/wp\/v2\/types\/page"}],"author":[{"embeddable":true,"href":"http:\/\/pro-it.hu\/kunagota.hu\/wp-json\/wp\/v2\/users\/1"}],"replies":[{"embeddable":true,"href":"http:\/\/pro-it.hu\/kunagota.hu\/wp-json\/wp\/v2\/comments?post=150"}],"version-history":[{"count":1,"href":"http:\/\/pro-it.hu\/kunagota.hu\/wp-json\/wp\/v2\/pages\/150\/revisions"}],"predecessor-version":[{"id":151,"href":"http:\/\/pro-it.hu\/kunagota.hu\/wp-json\/wp\/v2\/pages\/150\/revisions\/151"}],"up":[{"embeddable":true,"href":"http:\/\/pro-it.hu\/kunagota.hu\/wp-json\/wp\/v2\/pages\/148"}],"wp:attachment":[{"href":"http:\/\/pro-it.hu\/kunagota.hu\/wp-json\/wp\/v2\/media?parent=150"}],"curies":[{"name":"wp","href":"https:\/\/api.w.org\/{rel}","templated":true}]}}