{"id":152,"date":"2019-01-25T11:44:38","date_gmt":"2019-01-25T11:44:38","guid":{"rendered":"http:\/\/www.pro-it.hu\/kunagota.hu\/?page_id=152"},"modified":"2019-01-25T11:44:38","modified_gmt":"2019-01-25T11:44:38","slug":"bereczki-mate-altalanos-iskola","status":"publish","type":"page","link":"http:\/\/pro-it.hu\/kunagota.hu\/intezmenyek\/oktatas-neveles-kozmuvelodes\/bereczki-mate-altalanos-iskola\/","title":{"rendered":"Bereczki M\u00e1t\u00e9 \u00c1ltal\u00e1nos Iskola"},"content":{"rendered":"<h2>Kun\u00e1gota<\/h2>\n<h2>\nTagint\u00e9zm\u00e9nyek:<\/h2>\n<h2>\u00a0\u00a0\u00a0\u00a0\u00a0\u00a0\u00a0\u00a0\u00a0\u00a0 Alm\u00e1skamar\u00e1s<\/h2>\n<h2>\u00a0\u00a0\u00a0\u00a0\u00a0\u00a0\u00a0\u00a0\u00a0\u00a0 Dombiratos<\/h2>\n<p>&nbsp;<\/p>\n<p>Besz\u00e1mol\u00f3 az Alapfok\u00fa K\u00f6zoktat\u00e1si Int\u00e9zm\u00e9nyfenntart\u00f3 T\u00e1rsul\u00e1s \u00e1ltal fenntartott \u00c1ltal\u00e1nos M\u0171vel\u0151d\u00e9si K\u00f6zpont nevel\u0151-oktat\u00f3 munk\u00e1j\u00e1r\u00f3l (<a href=\"http:\/\/kunagota.hu\/res\/dokumentumok\/oktatasi_beszamolo2012.doc\">2012<\/a>)<\/p>\n<p>&nbsp;<\/p>\n<p>Besz\u00e1mol\u00f3 az Alapfok\u00fa K\u00f6zoktat\u00e1si Int\u00e9zm\u00e9nyfenntart\u00f3 T\u00e1rsul\u00e1s \u00e1ltal fenntartott \u00c1ltal\u00e1nos M\u0171vel\u0151d\u00e9si K\u00f6zpont nevel\u0151-oktat\u00f3 munk\u00e1j\u00e1r\u00f3l (<a href=\"http:\/\/kunagota.hu\/res\/dokumentumok\/oktatasi_beszamolo2011.doc\">2011<\/a>)<\/p>\n","protected":false},"excerpt":{"rendered":"<p>Kun\u00e1gota Tagint\u00e9zm\u00e9nyek: \u00a0\u00a0\u00a0\u00a0\u00a0\u00a0\u00a0\u00a0\u00a0\u00a0 Alm\u00e1skamar\u00e1s \u00a0\u00a0\u00a0\u00a0\u00a0\u00a0\u00a0\u00a0\u00a0\u00a0 Dombiratos &nbsp; Besz\u00e1mol\u00f3 az Alapfok\u00fa K\u00f6zoktat\u00e1si Int\u00e9zm\u00e9nyfenntart\u00f3 T\u00e1rsul\u00e1s \u00e1ltal fenntartott \u00c1ltal\u00e1nos M\u0171vel\u0151d\u00e9si K\u00f6zpont nevel\u0151-oktat\u00f3 munk\u00e1j\u00e1r\u00f3l (2012) &nbsp; Besz\u00e1mol\u00f3 az Alapfok\u00fa K\u00f6zoktat\u00e1si Int\u00e9zm\u00e9nyfenntart\u00f3 T\u00e1rsul\u00e1s \u00e1ltal fenntartott \u00c1ltal\u00e1nos M\u0171vel\u0151d\u00e9si K\u00f6zpont nevel\u0151-oktat\u00f3 munk\u00e1j\u00e1r\u00f3l (2011)<\/p>\n","protected":false},"author":1,"featured_media":0,"parent":148,"menu_order":1,"comment_status":"closed","ping_status":"closed","template":"","meta":{"ngg_post_thumbnail":0,"footnotes":"","_links_to":"","_links_to_target":""},"class_list":["post-152","page","type-page","status-publish","hentry"],"_links":{"self":[{"href":"http:\/\/pro-it.hu\/kunagota.hu\/wp-json\/wp\/v2\/pages\/152","targetHints":{"allow":["GET"]}}],"collection":[{"href":"http:\/\/pro-it.hu\/kunagota.hu\/wp-json\/wp\/v2\/pages"}],"about":[{"href":"http:\/\/pro-it.hu\/kunagota.hu\/wp-json\/wp\/v2\/types\/page"}],"author":[{"embeddable":true,"href":"http:\/\/pro-it.hu\/kunagota.hu\/wp-json\/wp\/v2\/users\/1"}],"replies":[{"embeddable":true,"href":"http:\/\/pro-it.hu\/kunagota.hu\/wp-json\/wp\/v2\/comments?post=152"}],"version-history":[{"count":1,"href":"http:\/\/pro-it.hu\/kunagota.hu\/wp-json\/wp\/v2\/pages\/152\/revisions"}],"predecessor-version":[{"id":153,"href":"http:\/\/pro-it.hu\/kunagota.hu\/wp-json\/wp\/v2\/pages\/152\/revisions\/153"}],"up":[{"embeddable":true,"href":"http:\/\/pro-it.hu\/kunagota.hu\/wp-json\/wp\/v2\/pages\/148"}],"wp:attachment":[{"href":"http:\/\/pro-it.hu\/kunagota.hu\/wp-json\/wp\/v2\/media?parent=152"}],"curies":[{"name":"wp","href":"https:\/\/api.w.org\/{rel}","templated":true}]}}