{"id":154,"date":"2019-01-25T12:03:03","date_gmt":"2019-01-25T12:03:03","guid":{"rendered":"http:\/\/www.pro-it.hu\/kunagota.hu\/?page_id=154"},"modified":"2020-06-22T07:40:42","modified_gmt":"2020-06-22T07:40:42","slug":"konyvtar","status":"publish","type":"page","link":"http:\/\/pro-it.hu\/kunagota.hu\/intezmenyek\/oktatas-neveles-kozmuvelodes\/konyvtar\/","title":{"rendered":"K\u00f6nyvt\u00e1r"},"content":{"rendered":"<p><strong>K\u00f6nyvt\u00e1r, Inform\u00e1ci\u00f3s \u00e9s K\u00f6z\u00f6ss\u00e9gi Hely <\/strong><\/p>\n<p>Kun\u00e1gota, \u00c1rp\u00e1d utca 69.<\/p>\n<p>5746<\/p>\n<p><strong>Telefonsz\u00e1m:<\/strong>&nbsp; +36-68\/431-322<\/p>\n<p><strong>email:&nbsp;<\/strong>kunagotakonyvtar@gmail.com<\/p>\n<p><strong>K\u00f6nyvt\u00e1ros:<\/strong> Nagy \u00c1gnes okleveles k\u00f6nyvt\u00e1ros, mentor<\/p>\n<p><strong>Nyitva tart\u00e1s<\/strong><\/p>\n<p>H\u00e9tf\u0151 &#8211; P\u00e9ntek : 8:00 \u2013 16:30<\/p>\n<p>Szombat: 9:00-10:00<\/p>\n<p><strong>T\u00e9rk\u00e9p:<\/strong><\/p>\n<p><iframe loading=\"lazy\" style=\"border: 0;\" tabindex=\"0\" src=\"https:\/\/www.google.com\/maps\/embed?pb=!1m18!1m12!1m3!1d1375.0825237036545!2d21.05509643685693!3d46.425608120976115!2m3!1f0!2f0!3f0!3m2!1i1024!2i768!4f13.1!3m3!1m2!1s0x4745b589e8cb6875%3A0xe1661210f52c75d8!2zS3Vuw6Fnb3RhLCDDgXJww6FkIHUuIDY5LCA1NzQ2!5e0!3m2!1shu!2shu!4v1590730888449!5m2!1shu!2shu\" width=\"600\" height=\"450\" frameborder=\"0\" allowfullscreen=\"allowfullscreen\" aria-hidden=\"false\"><\/iframe>&nbsp;<\/p>\n<p>KSZR Honlap: <a href=\"http:\/\/kszr.bmk.hu\/\" target=\"_blank\" rel=\"noopener noreferrer\">http:\/\/kszr.bmk.hu\/<\/a><\/p>\n<p><a href=\"http:\/\/www.pro-it.hu\/kunagota.hu\/wp-content\/uploads\/2020\/02\/K\u00e9p1.png\"><img loading=\"lazy\" decoding=\"async\" class=\"alignnone size-full wp-image-1933\" src=\"http:\/\/www.pro-it.hu\/kunagota.hu\/wp-content\/uploads\/2020\/02\/K\u00e9p1.png\" alt=\"\" width=\"439\" height=\"295\"><\/a><\/p>\n<h1><strong>Szolg\u00e1ltat\u00e1sok<\/strong><\/h1>\n<p><strong>&nbsp;<\/strong><\/p>\n<p><strong>KSZR h\u00e1l\u00f3zat r\u00e9szek\u00e9nt &nbsp;&nbsp;&nbsp;&nbsp;&nbsp;&nbsp;&nbsp;&nbsp;&nbsp;&nbsp;&nbsp;&nbsp;&nbsp;&nbsp;&nbsp;&nbsp;&nbsp;&nbsp;&nbsp;&nbsp;&nbsp;&nbsp;&nbsp;&nbsp;&nbsp;&nbsp;&nbsp;&nbsp;&nbsp;&nbsp;&nbsp;&nbsp;&nbsp;&nbsp;&nbsp;&nbsp;&nbsp;&nbsp;&nbsp;&nbsp;&nbsp;&nbsp;&nbsp;&nbsp;&nbsp;&nbsp;&nbsp;&nbsp;&nbsp;&nbsp;&nbsp;&nbsp;&nbsp;&nbsp;&nbsp;&nbsp;&nbsp;&nbsp;&nbsp;&nbsp;&nbsp;&nbsp;&nbsp;&nbsp;&nbsp;&nbsp;&nbsp;&nbsp;&nbsp;&nbsp;&nbsp;&nbsp;&nbsp;&nbsp;&nbsp;&nbsp;&nbsp;&nbsp;&nbsp;&nbsp;<\/strong><\/p>\n<p>k\u00f6nyvk\u00f6lcs\u00f6nz\u00e9s, k\u00f6nyvt\u00e1rk\u00f6zi k\u00f6nyvk\u00f6lcs\u00f6nz\u00e9s<\/p>\n<p>el\u0151ad\u00e1sok tart\u00e1sa<\/p>\n<p>iskolai tank\u00f6nyvell\u00e1t\u00e1s biztos\u00edt\u00e1sa<\/p>\n<p><a href=\"http:\/\/www.pro-it.hu\/kunagota.hu\/wp-content\/uploads\/2020\/02\/K\u00e9p2.png\"><img loading=\"lazy\" decoding=\"async\" class=\"alignnone size-full wp-image-1934\" src=\"http:\/\/www.pro-it.hu\/kunagota.hu\/wp-content\/uploads\/2020\/02\/K\u00e9p2.png\" alt=\"\" width=\"496\" height=\"162\"><\/a><\/p>\n<p><strong>DJP H\u00e1l\u00f3zati Pont r\u00e9szek\u00e9nt<\/strong><\/p>\n<p>informatika felz\u00e1rk\u00f3ztat\u00f3 oktat\u00e1s<\/p>\n<p>elektronikus \u00fcgyint\u00e9z\u00e9s<\/p>\n<p>digit\u00e1lis sz\u00fcl\u0151i felk\u00e9sz\u00edt\u00e9s<\/p>\n<p>robotika haszn\u00e1latra felk\u00e9sz\u00edt\u00e9s<\/p>\n<p><span style=\"font-family: Helvetica, sans-serif; font-size: 14px; font-style: normal; font-weight: 400;\">Wi-Fi haszn\u00e1lat biztos\u00edt\u00e1sa<\/span><\/p>\n<p>munk\u00e1ba \u00e1ll\u00e1s el\u0151seg\u00edt\u00e9s<\/p>\n<p><a href=\"http:\/\/www.pro-it.hu\/kunagota.hu\/wp-content\/uploads\/2020\/02\/K\u00e9p3.png\"><img loading=\"lazy\" decoding=\"async\" class=\"alignnone size-full wp-image-1935\" src=\"http:\/\/www.pro-it.hu\/kunagota.hu\/wp-content\/uploads\/2020\/02\/K\u00e9p3.png\" alt=\"\" width=\"501\" height=\"296\"><\/a><\/p>\n<p><strong>Az \u00e9n k\u00f6nyvt\u00e1ram projekt r\u00e9szek\u00e9nt feladatunk&nbsp;&nbsp;&nbsp;&nbsp;&nbsp;&nbsp;&nbsp;&nbsp;&nbsp;&nbsp;&nbsp;&nbsp;&nbsp;&nbsp;&nbsp;&nbsp;&nbsp;&nbsp;&nbsp;&nbsp;&nbsp;&nbsp;&nbsp;&nbsp;&nbsp;&nbsp;&nbsp;&nbsp;&nbsp;&nbsp;&nbsp;&nbsp;&nbsp;&nbsp;&nbsp;&nbsp;&nbsp; <\/strong><\/p>\n<p>iskolai \u00f3r\u00e1k tart\u00e1sa<\/p>\n<p><strong>&nbsp;<a href=\"http:\/\/www.pro-it.hu\/kunagota.hu\/wp-content\/uploads\/2020\/02\/K\u00e9p4.png\"><img loading=\"lazy\" decoding=\"async\" class=\"alignnone size-full wp-image-1936\" src=\"http:\/\/www.pro-it.hu\/kunagota.hu\/wp-content\/uploads\/2020\/02\/K\u00e9p4.png\" alt=\"\" width=\"372\" height=\"526\"><\/a><\/strong><\/p>\n<p><strong>&nbsp;<\/strong><strong>Klubfoglalkoz\u00e1sok tart\u00e1sa <\/strong>k\u00e9zm\u0171ves, k\u00f6nyvklub<\/p>\n<p>&nbsp;<\/p>\n<p><strong>NAVA Pont<\/strong> \u00e9s <strong>K\u00f6nyvt\u00e1rmozi<\/strong> m\u0171k\u00f6dtet\u00e9se&nbsp;&nbsp;<\/p>\n<p><a href=\"http:\/\/www.pro-it.hu\/kunagota.hu\/wp-content\/uploads\/2020\/02\/K\u00e9p5.png\"><img loading=\"lazy\" decoding=\"async\" class=\"alignnone size-full wp-image-1937\" src=\"http:\/\/www.pro-it.hu\/kunagota.hu\/wp-content\/uploads\/2020\/02\/K\u00e9p5.png\" alt=\"\" width=\"496\" height=\"483\"><\/a><\/p>\n<p><strong>Olvas\u00f3terem&nbsp;&nbsp;&nbsp;&nbsp;&nbsp;&nbsp;&nbsp;&nbsp;&nbsp;&nbsp;&nbsp;&nbsp;&nbsp;&nbsp;&nbsp;&nbsp;&nbsp;&nbsp;&nbsp;&nbsp;&nbsp;&nbsp;&nbsp;&nbsp;&nbsp;&nbsp; <\/strong><\/p>\n<p>Sz\u00e1m\u00edt\u00f3g\u00e9p-haszn\u00e1lat biztos\u00edt\u00e1sa<\/p>\n<p>Helyben haszn\u00e1lat<\/p>\n<p>F\u00e9nym\u00e1sol\u00e1s, nyomtat\u00e1s<\/p>\n<p>Foly\u00f3iratolvas\u00e1s<\/p>\n<p><strong>&nbsp;<\/strong><strong>\u00c1lland\u00f3 ki\u00e1ll\u00edt\u00e1sunk<\/strong><\/p>\n<p>Bal\u00e1zs Tibor fest\u0151m\u0171v\u00e9sz ki\u00e1ll\u00edt\u00e1sa<\/p>\n<p>&nbsp;<\/p>\n<p><a href=\"http:\/\/pro-it.hu\/kunagota.hu\/wp-content\/uploads\/2020\/06\/konyvtarkunagota.jpg\"><img loading=\"lazy\" decoding=\"async\" class=\"wp-image-2144 alignleft\" src=\"http:\/\/pro-it.hu\/kunagota.hu\/wp-content\/uploads\/2020\/06\/konyvtarkunagota.jpg\" alt=\"\" width=\"277\" height=\"270\"><\/a><\/p>\n<p><strong>Mad\u00e1rbar\u00e1t \u2013 kert a k\u00f6nyvt\u00e1r udvar\u00e1n<\/strong><\/p>\n<p>A Magyar Mad\u00e1rtani Egyes\u00fclet ind\u00edtotta el a Mad\u00e1rbar\u00e1t-kert programot, melyhez 2019. november\u00e9ben csatlakozott k\u00f6nyvt\u00e1runk. Ennek r\u00e9szek\u00e9nt mad\u00e1r od\u00fa telep\u00edt\u00e9s, mad\u00e1retet\u00e9s \u00e9s mad\u00e1rmegfigyel\u00e9s zajlik.<\/p>\n<p>A k\u00f6nyvt\u00e1r udvar\u00e1n k\u00e9t nagy feny\u0151fa \u00e1ll. Erre ker\u00fclt felhelyez\u00e9sre a mad\u00e1retet\u0151 \u00e9s k\u00e9t od\u00fa a madaraknak. A fa alatt mad\u00e1ritat\u00f3 \u00e9s porf\u00fcrd\u0151 lett elhelyezve.<\/p>\n<p>A Mad\u00e1rbar\u00e1t-kert c\u00edm elnyer\u00e9s\u00e9\u00e9rt egy \u00e9ven kereszt\u00fcl dolgozunk, \u00e9s megteremtj\u00fck az alapjait egy j\u00f3l m\u0171k\u00f6d\u0151 mad\u00e1rv\u00e9delmi c\u00e9lnak.<\/p>\n<p>Megfigyel\u00e9seink nyom\u00e1n m\u00e1r 10 f\u00e9le madarat azonos\u00edtottunk be, amelyek l\u00e1togatj\u00e1k a kertet \u00e9s annak k\u00f6rny\u00e9k\u00e9t, \u00e9s rem\u00e9lj\u00fck , a j\u00f6v\u0151ben ez a sz\u00e1m tov\u00e1bb fog b\u0151v\u00fclni.<\/p>\n<p>Az eddig \u00e9szleltek: Sz\u00e9ncinege, Balk\u00e1ni gerle, \u00d6rv\u00f6s galamb, Fekete rig\u00f3, Erdei rig\u00f3, H\u00e1zi ver\u00e9b, Feh\u00e9r g\u00f3lya, F\u00e1c\u00e1n, V\u00f6r\u00f6sbegy, Fakop\u00e1ncs.<\/p>\n<p>A k\u00f6nyvt\u00e1r Facebook oldal\u00e1n sz\u00e1molunk be minden \u00fajabb esem\u00e9nyr\u0151l.<\/p>\n<p>A Mad\u00e1rbar\u00e1t-kert bemutat\u00f3j\u00e1n Bogn\u00e1r \u00c1gnes besz\u00e9lt<\/p>\n<p>&nbsp;<\/p>\n<p>&nbsp;<\/p>\n<p>&nbsp;<\/p>\n<p>&nbsp;<\/p>\n<p>&nbsp;<\/p>\n<p>&nbsp;<\/p>\n","protected":false},"excerpt":{"rendered":"<p>K\u00f6nyvt\u00e1r, Inform\u00e1ci\u00f3s \u00e9s K\u00f6z\u00f6ss\u00e9gi Hely Kun\u00e1gota, \u00c1rp\u00e1d utca 69. 5746 Telefonsz\u00e1m:&nbsp; +36-68\/431-322 email:&nbsp;kunagotakonyvtar@gmail.com K\u00f6nyvt\u00e1ros: Nagy \u00c1gnes okleveles k\u00f6nyvt\u00e1ros, mentor Nyitva tart\u00e1s H\u00e9tf\u0151 &#8211; P\u00e9ntek : 8:00 \u2013 16:30 Szombat: 9:00-10:00 T\u00e9rk\u00e9p: &nbsp; KSZR Honlap: http:\/\/kszr.bmk.hu\/ Szolg\u00e1ltat\u00e1sok &nbsp; KSZR h\u00e1l\u00f3zat r\u00e9szek\u00e9nt&hellip; <\/p>\n","protected":false},"author":1,"featured_media":0,"parent":148,"menu_order":2,"comment_status":"closed","ping_status":"closed","template":"","meta":{"ngg_post_thumbnail":0,"footnotes":"","_links_to":"","_links_to_target":""},"class_list":["post-154","page","type-page","status-publish","hentry"],"_links":{"self":[{"href":"http:\/\/pro-it.hu\/kunagota.hu\/wp-json\/wp\/v2\/pages\/154","targetHints":{"allow":["GET"]}}],"collection":[{"href":"http:\/\/pro-it.hu\/kunagota.hu\/wp-json\/wp\/v2\/pages"}],"about":[{"href":"http:\/\/pro-it.hu\/kunagota.hu\/wp-json\/wp\/v2\/types\/page"}],"author":[{"embeddable":true,"href":"http:\/\/pro-it.hu\/kunagota.hu\/wp-json\/wp\/v2\/users\/1"}],"replies":[{"embeddable":true,"href":"http:\/\/pro-it.hu\/kunagota.hu\/wp-json\/wp\/v2\/comments?post=154"}],"version-history":[{"count":11,"href":"http:\/\/pro-it.hu\/kunagota.hu\/wp-json\/wp\/v2\/pages\/154\/revisions"}],"predecessor-version":[{"id":2147,"href":"http:\/\/pro-it.hu\/kunagota.hu\/wp-json\/wp\/v2\/pages\/154\/revisions\/2147"}],"up":[{"embeddable":true,"href":"http:\/\/pro-it.hu\/kunagota.hu\/wp-json\/wp\/v2\/pages\/148"}],"wp:attachment":[{"href":"http:\/\/pro-it.hu\/kunagota.hu\/wp-json\/wp\/v2\/media?parent=154"}],"curies":[{"name":"wp","href":"https:\/\/api.w.org\/{rel}","templated":true}]}}