{"id":156,"date":"2019-01-25T12:03:30","date_gmt":"2019-01-25T12:03:30","guid":{"rendered":"http:\/\/www.pro-it.hu\/kunagota.hu\/?page_id=156"},"modified":"2019-01-25T12:03:30","modified_gmt":"2019-01-25T12:03:30","slug":"muvelodesi-haz","status":"publish","type":"page","link":"http:\/\/pro-it.hu\/kunagota.hu\/intezmenyek\/oktatas-neveles-kozmuvelodes\/muvelodesi-haz\/","title":{"rendered":"M\u0171vel\u0151d\u00e9si H\u00e1z"},"content":{"rendered":"<p style=\"text-align: center;\">Az oldal fejleszt\u00e9s alatt \u00e1ll, meg\u00e9rt\u00e9s\u00fcket k\u00f6sz\u00f6nj\u00fck.<\/p>\n","protected":false},"excerpt":{"rendered":"<p>Az oldal fejleszt\u00e9s alatt \u00e1ll, meg\u00e9rt\u00e9s\u00fcket k\u00f6sz\u00f6nj\u00fck.<\/p>\n","protected":false},"author":1,"featured_media":0,"parent":148,"menu_order":3,"comment_status":"closed","ping_status":"closed","template":"","meta":{"ngg_post_thumbnail":0,"footnotes":"","_links_to":"","_links_to_target":""},"class_list":["post-156","page","type-page","status-publish","hentry"],"_links":{"self":[{"href":"http:\/\/pro-it.hu\/kunagota.hu\/wp-json\/wp\/v2\/pages\/156","targetHints":{"allow":["GET"]}}],"collection":[{"href":"http:\/\/pro-it.hu\/kunagota.hu\/wp-json\/wp\/v2\/pages"}],"about":[{"href":"http:\/\/pro-it.hu\/kunagota.hu\/wp-json\/wp\/v2\/types\/page"}],"author":[{"embeddable":true,"href":"http:\/\/pro-it.hu\/kunagota.hu\/wp-json\/wp\/v2\/users\/1"}],"replies":[{"embeddable":true,"href":"http:\/\/pro-it.hu\/kunagota.hu\/wp-json\/wp\/v2\/comments?post=156"}],"version-history":[{"count":1,"href":"http:\/\/pro-it.hu\/kunagota.hu\/wp-json\/wp\/v2\/pages\/156\/revisions"}],"predecessor-version":[{"id":157,"href":"http:\/\/pro-it.hu\/kunagota.hu\/wp-json\/wp\/v2\/pages\/156\/revisions\/157"}],"up":[{"embeddable":true,"href":"http:\/\/pro-it.hu\/kunagota.hu\/wp-json\/wp\/v2\/pages\/148"}],"wp:attachment":[{"href":"http:\/\/pro-it.hu\/kunagota.hu\/wp-json\/wp\/v2\/media?parent=156"}],"curies":[{"name":"wp","href":"https:\/\/api.w.org\/{rel}","templated":true}]}}