{"id":158,"date":"2019-01-25T12:04:20","date_gmt":"2019-01-25T12:04:20","guid":{"rendered":"http:\/\/www.pro-it.hu\/kunagota.hu\/?page_id=158"},"modified":"2021-09-08T11:30:28","modified_gmt":"2021-09-08T11:30:28","slug":"napkozi-konyha","status":"publish","type":"page","link":"http:\/\/pro-it.hu\/kunagota.hu\/intezmenyek\/oktatas-neveles-kozmuvelodes\/napkozi-konyha\/","title":{"rendered":"Napk\u00f6zi konyha"},"content":{"rendered":"<h2><a href=\"http:\/\/pro-it.hu\/kunagota.hu\/wp-content\/uploads\/2021\/09\/Etlap-b\u00f6lcs\u0151d\u00e9s-2021.09.13-09.24..pdf\" target=\"_blank\" rel=\"noopener noreferrer\">\u00c9tlap b\u00f6lcs\u0151d\u00e9sek r\u00e9sz\u00e9re:&nbsp;<\/a><\/h2>\n<h2><a href=\"http:\/\/pro-it.hu\/kunagota.hu\/wp-content\/uploads\/2021\/09\/Etlap-\u00f3vod\u00e1s-2021.09.13-09.24..pdf\" target=\"_blank\" rel=\"noopener noreferrer\">\u00c9tlap \u00f3vod\u00e1sok r\u00e9sz\u00e9re:<\/a><\/h2>\n<h2><a href=\"http:\/\/pro-it.hu\/kunagota.hu\/wp-content\/uploads\/2021\/09\/Etlap-iskol\u00e1s-2021.09.13-09.24..pdf\" target=\"_blank\" rel=\"noopener noreferrer\">\u00c9tlap iskol\u00e1sok r\u00e9sz\u00e9re:<\/a><\/h2>\n<h2><a href=\"http:\/\/pro-it.hu\/kunagota.hu\/wp-content\/uploads\/2021\/09\/Etlap-feln\u0151tt-2021.09.13-09.24..pdf\" target=\"_blank\" rel=\"noopener noreferrer\">\u00c9tlap feln\u0151ttek r\u00e9sz\u00e9re:<\/a><\/h2>\n<h2>&nbsp;<\/h2>\n<p>&nbsp;<\/p>\n","protected":false},"excerpt":{"rendered":"<p>\u00c9tlap b\u00f6lcs\u0151d\u00e9sek r\u00e9sz\u00e9re:&nbsp; \u00c9tlap \u00f3vod\u00e1sok r\u00e9sz\u00e9re: \u00c9tlap iskol\u00e1sok r\u00e9sz\u00e9re: \u00c9tlap feln\u0151ttek r\u00e9sz\u00e9re: &nbsp; &nbsp;<\/p>\n","protected":false},"author":1,"featured_media":0,"parent":148,"menu_order":4,"comment_status":"closed","ping_status":"closed","template":"","meta":{"ngg_post_thumbnail":0,"footnotes":"","_links_to":"","_links_to_target":""},"class_list":["post-158","page","type-page","status-publish","hentry"],"_links":{"self":[{"href":"http:\/\/pro-it.hu\/kunagota.hu\/wp-json\/wp\/v2\/pages\/158","targetHints":{"allow":["GET"]}}],"collection":[{"href":"http:\/\/pro-it.hu\/kunagota.hu\/wp-json\/wp\/v2\/pages"}],"about":[{"href":"http:\/\/pro-it.hu\/kunagota.hu\/wp-json\/wp\/v2\/types\/page"}],"author":[{"embeddable":true,"href":"http:\/\/pro-it.hu\/kunagota.hu\/wp-json\/wp\/v2\/users\/1"}],"replies":[{"embeddable":true,"href":"http:\/\/pro-it.hu\/kunagota.hu\/wp-json\/wp\/v2\/comments?post=158"}],"version-history":[{"count":40,"href":"http:\/\/pro-it.hu\/kunagota.hu\/wp-json\/wp\/v2\/pages\/158\/revisions"}],"predecessor-version":[{"id":2388,"href":"http:\/\/pro-it.hu\/kunagota.hu\/wp-json\/wp\/v2\/pages\/158\/revisions\/2388"}],"up":[{"embeddable":true,"href":"http:\/\/pro-it.hu\/kunagota.hu\/wp-json\/wp\/v2\/pages\/148"}],"wp:attachment":[{"href":"http:\/\/pro-it.hu\/kunagota.hu\/wp-json\/wp\/v2\/media?parent=158"}],"curies":[{"name":"wp","href":"https:\/\/api.w.org\/{rel}","templated":true}]}}