{"id":160,"date":"2019-01-25T12:04:53","date_gmt":"2019-01-25T12:04:53","guid":{"rendered":"http:\/\/www.pro-it.hu\/kunagota.hu\/?page_id=160"},"modified":"2022-01-11T13:04:02","modified_gmt":"2022-01-11T13:04:02","slug":"szocialis-szolgaltato-kozpont","status":"publish","type":"page","link":"http:\/\/pro-it.hu\/kunagota.hu\/intezmenyek\/szocialis-szolgaltato-kozpont\/","title":{"rendered":"Szoci\u00e1lis Szolg\u00e1ltat\u00f3 K\u00f6zpont"},"content":{"rendered":"<div>R\u00e1k\u00f3czi u. 6.<br \/>\nId\u0151sek nappali ell\u00e1t\u00e1sa<br \/>\nH\u00e1zi seg\u00edts\u00e9gny\u00fajt\u00e1s<br \/>\nSzoci\u00e1lis \u00e9tkeztet\u00e9s<br \/>\nCsal\u00e1dseg\u00edt\u0151 \u00e9s Gyermekj\u00f3l\u00e9ti Szolg\u00e1lat<\/div>\n<h4><a href=\"http:\/\/kunagota.hu\/res\/dokumentumok\/nyugdijasklub\/tajekoztato.doc\">SZOCI\u00c1LIS SZOLG\u00c1LTAT\u00d3 K\u00d6ZPONT TEV\u00c9KENYS\u00c9GI K\u00d6RE<\/a><\/h4>\n<h4>&nbsp;<\/h4>\n<h4><a href=\"http:\/\/pro-it.hu\/kunagota.hu\/wp-content\/uploads\/2022\/01\/Kun\u00e1gotai-Szoci\u00e1lis-Szolg\u00e1ltat\u00f3-K\u00f6zpont-\u00e9s-Konyha-SZMSZ.pdf\">SZERVEZETI \u00c9S M\u0170K\u00d6D\u00c9SI SZAB\u00c1LYZAT<\/a><\/h4>\n<h4>&nbsp;<\/h4>\n<h4><a href=\"http:\/\/kunagota.hu\/res\/dokumentumok\/nyugdijasklub\/ellatorendszer.doc\">SZOCI\u00c1LIS ELL\u00c1T\u00d3RENDSZER<\/a><\/h4>\n<h4>&nbsp;<\/h4>\n<h4><a href=\"http:\/\/kunagota.hu\/res\/dokumentumok\/nyugdijasklub\/hazirend.doc\">KLUB-H\u00c1ZIREND<\/a><\/h4>\n","protected":false},"excerpt":{"rendered":"<p>R\u00e1k\u00f3czi u. 6. Id\u0151sek nappali ell\u00e1t\u00e1sa H\u00e1zi seg\u00edts\u00e9gny\u00fajt\u00e1s Szoci\u00e1lis \u00e9tkeztet\u00e9s Csal\u00e1dseg\u00edt\u0151 \u00e9s Gyermekj\u00f3l\u00e9ti Szolg\u00e1lat SZOCI\u00c1LIS SZOLG\u00c1LTAT\u00d3 K\u00d6ZPONT TEV\u00c9KENYS\u00c9GI K\u00d6RE &nbsp; SZERVEZETI \u00c9S M\u0170K\u00d6D\u00c9SI SZAB\u00c1LYZAT &nbsp; SZOCI\u00c1LIS ELL\u00c1T\u00d3RENDSZER &nbsp; KLUB-H\u00c1ZIREND<\/p>\n","protected":false},"author":1,"featured_media":0,"parent":145,"menu_order":1,"comment_status":"closed","ping_status":"closed","template":"","meta":{"ngg_post_thumbnail":0,"footnotes":"","_links_to":"","_links_to_target":""},"class_list":["post-160","page","type-page","status-publish","hentry"],"_links":{"self":[{"href":"http:\/\/pro-it.hu\/kunagota.hu\/wp-json\/wp\/v2\/pages\/160","targetHints":{"allow":["GET"]}}],"collection":[{"href":"http:\/\/pro-it.hu\/kunagota.hu\/wp-json\/wp\/v2\/pages"}],"about":[{"href":"http:\/\/pro-it.hu\/kunagota.hu\/wp-json\/wp\/v2\/types\/page"}],"author":[{"embeddable":true,"href":"http:\/\/pro-it.hu\/kunagota.hu\/wp-json\/wp\/v2\/users\/1"}],"replies":[{"embeddable":true,"href":"http:\/\/pro-it.hu\/kunagota.hu\/wp-json\/wp\/v2\/comments?post=160"}],"version-history":[{"count":3,"href":"http:\/\/pro-it.hu\/kunagota.hu\/wp-json\/wp\/v2\/pages\/160\/revisions"}],"predecessor-version":[{"id":2428,"href":"http:\/\/pro-it.hu\/kunagota.hu\/wp-json\/wp\/v2\/pages\/160\/revisions\/2428"}],"up":[{"embeddable":true,"href":"http:\/\/pro-it.hu\/kunagota.hu\/wp-json\/wp\/v2\/pages\/145"}],"wp:attachment":[{"href":"http:\/\/pro-it.hu\/kunagota.hu\/wp-json\/wp\/v2\/media?parent=160"}],"curies":[{"name":"wp","href":"https:\/\/api.w.org\/{rel}","templated":true}]}}