{"id":164,"date":"2019-01-25T12:05:55","date_gmt":"2019-01-25T12:05:55","guid":{"rendered":"http:\/\/www.pro-it.hu\/kunagota.hu\/?page_id=164"},"modified":"2019-01-25T12:05:55","modified_gmt":"2019-01-25T12:05:55","slug":"haziorvosi-szolgalat","status":"publish","type":"page","link":"http:\/\/pro-it.hu\/kunagota.hu\/intezmenyek\/egeszsegugyi-ellatas\/haziorvosi-szolgalat\/","title":{"rendered":"H\u00e1ziorvosi szolg\u00e1lat"},"content":{"rendered":"<p><strong>Medifontana Bt.<\/strong><br \/>\nDr. Gyurk\u00f3-Rigler Magda<br \/>\nR\u00e1k\u00f3czi u. 65.<br \/>\nTel 06-68-430-010<\/p>\n<p><strong>K\u00e9p\u00edr\u00f3 Bt.<\/strong><br \/>\nDr. K\u00e9p\u00edr\u00f3 Zsuzsanna<br \/>\nR\u00e1k\u00f3czi u. 47<br \/>\n06-68-430-014<\/p>\n<p><strong>Orvosi \u00fcgyelet<\/strong><br \/>\nSanimed Kft.<br \/>\nR\u00e1k\u00f3czi u. 10.<br \/>\n06-68-430-541<\/p>\n<p><strong>V\u00e9d\u0151n\u0151i szolg\u00e1lat<\/strong><br \/>\nD\u00f3zsa u. 70<br \/>\n06-68-430-639<\/p>\n","protected":false},"excerpt":{"rendered":"<p>Medifontana Bt. Dr. Gyurk\u00f3-Rigler Magda R\u00e1k\u00f3czi u. 65. Tel 06-68-430-010 K\u00e9p\u00edr\u00f3 Bt. Dr. K\u00e9p\u00edr\u00f3 Zsuzsanna R\u00e1k\u00f3czi u. 47 06-68-430-014 Orvosi \u00fcgyelet Sanimed Kft. R\u00e1k\u00f3czi u. 10. 06-68-430-541 V\u00e9d\u0151n\u0151i szolg\u00e1lat D\u00f3zsa u. 70 06-68-430-639<\/p>\n","protected":false},"author":1,"featured_media":0,"parent":162,"menu_order":0,"comment_status":"closed","ping_status":"closed","template":"","meta":{"ngg_post_thumbnail":0,"footnotes":"","_links_to":"","_links_to_target":""},"class_list":["post-164","page","type-page","status-publish","hentry"],"_links":{"self":[{"href":"http:\/\/pro-it.hu\/kunagota.hu\/wp-json\/wp\/v2\/pages\/164","targetHints":{"allow":["GET"]}}],"collection":[{"href":"http:\/\/pro-it.hu\/kunagota.hu\/wp-json\/wp\/v2\/pages"}],"about":[{"href":"http:\/\/pro-it.hu\/kunagota.hu\/wp-json\/wp\/v2\/types\/page"}],"author":[{"embeddable":true,"href":"http:\/\/pro-it.hu\/kunagota.hu\/wp-json\/wp\/v2\/users\/1"}],"replies":[{"embeddable":true,"href":"http:\/\/pro-it.hu\/kunagota.hu\/wp-json\/wp\/v2\/comments?post=164"}],"version-history":[{"count":1,"href":"http:\/\/pro-it.hu\/kunagota.hu\/wp-json\/wp\/v2\/pages\/164\/revisions"}],"predecessor-version":[{"id":165,"href":"http:\/\/pro-it.hu\/kunagota.hu\/wp-json\/wp\/v2\/pages\/164\/revisions\/165"}],"up":[{"embeddable":true,"href":"http:\/\/pro-it.hu\/kunagota.hu\/wp-json\/wp\/v2\/pages\/162"}],"wp:attachment":[{"href":"http:\/\/pro-it.hu\/kunagota.hu\/wp-json\/wp\/v2\/media?parent=164"}],"curies":[{"name":"wp","href":"https:\/\/api.w.org\/{rel}","templated":true}]}}