{"id":166,"date":"2019-01-25T12:06:20","date_gmt":"2019-01-25T12:06:20","guid":{"rendered":"http:\/\/www.pro-it.hu\/kunagota.hu\/?page_id=166"},"modified":"2019-01-25T12:06:20","modified_gmt":"2019-01-25T12:06:20","slug":"fogorvosi-szolgalat","status":"publish","type":"page","link":"http:\/\/pro-it.hu\/kunagota.hu\/intezmenyek\/egeszsegugyi-ellatas\/fogorvosi-szolgalat\/","title":{"rendered":"Fogorvosi szolg\u00e1lat"},"content":{"rendered":"<p><strong>Dr. Fakhouri Antoine<\/strong><br \/>\nV\u00e1llalkoz\u00f3 fogorvos<br \/>\nR\u00e1k\u00f3czi u. 5\/b<br \/>\n06-68-430-063<\/p>\n","protected":false},"excerpt":{"rendered":"<p>Dr. Fakhouri Antoine V\u00e1llalkoz\u00f3 fogorvos R\u00e1k\u00f3czi u. 5\/b 06-68-430-063<\/p>\n","protected":false},"author":1,"featured_media":0,"parent":162,"menu_order":1,"comment_status":"closed","ping_status":"closed","template":"","meta":{"ngg_post_thumbnail":0,"footnotes":"","_links_to":"","_links_to_target":""},"class_list":["post-166","page","type-page","status-publish","hentry"],"_links":{"self":[{"href":"http:\/\/pro-it.hu\/kunagota.hu\/wp-json\/wp\/v2\/pages\/166","targetHints":{"allow":["GET"]}}],"collection":[{"href":"http:\/\/pro-it.hu\/kunagota.hu\/wp-json\/wp\/v2\/pages"}],"about":[{"href":"http:\/\/pro-it.hu\/kunagota.hu\/wp-json\/wp\/v2\/types\/page"}],"author":[{"embeddable":true,"href":"http:\/\/pro-it.hu\/kunagota.hu\/wp-json\/wp\/v2\/users\/1"}],"replies":[{"embeddable":true,"href":"http:\/\/pro-it.hu\/kunagota.hu\/wp-json\/wp\/v2\/comments?post=166"}],"version-history":[{"count":1,"href":"http:\/\/pro-it.hu\/kunagota.hu\/wp-json\/wp\/v2\/pages\/166\/revisions"}],"predecessor-version":[{"id":167,"href":"http:\/\/pro-it.hu\/kunagota.hu\/wp-json\/wp\/v2\/pages\/166\/revisions\/167"}],"up":[{"embeddable":true,"href":"http:\/\/pro-it.hu\/kunagota.hu\/wp-json\/wp\/v2\/pages\/162"}],"wp:attachment":[{"href":"http:\/\/pro-it.hu\/kunagota.hu\/wp-json\/wp\/v2\/media?parent=166"}],"curies":[{"name":"wp","href":"https:\/\/api.w.org\/{rel}","templated":true}]}}