{"id":170,"date":"2019-01-25T12:06:59","date_gmt":"2019-01-25T12:06:59","guid":{"rendered":"http:\/\/www.pro-it.hu\/kunagota.hu\/?page_id=170"},"modified":"2019-01-25T12:06:59","modified_gmt":"2019-01-25T12:06:59","slug":"gyogyszertar","status":"publish","type":"page","link":"http:\/\/pro-it.hu\/kunagota.hu\/intezmenyek\/egeszsegugyi-ellatas\/gyogyszertar\/","title":{"rendered":"Gy\u00f3gyszert\u00e1r"},"content":{"rendered":"<p><strong>Ametiszt Gy\u00f3gyszert\u00e1r<\/strong><br \/>\nDr. Fekete J\u00f3zsefn\u00e9<br \/>\nR\u00e1k\u00f3czi u. 28\/b<br \/>\n06-68-430-025<\/p>\n","protected":false},"excerpt":{"rendered":"<p>Ametiszt Gy\u00f3gyszert\u00e1r Dr. Fekete J\u00f3zsefn\u00e9 R\u00e1k\u00f3czi u. 28\/b 06-68-430-025<\/p>\n","protected":false},"author":1,"featured_media":0,"parent":162,"menu_order":3,"comment_status":"closed","ping_status":"closed","template":"","meta":{"ngg_post_thumbnail":0,"footnotes":"","_links_to":"","_links_to_target":""},"class_list":["post-170","page","type-page","status-publish","hentry"],"_links":{"self":[{"href":"http:\/\/pro-it.hu\/kunagota.hu\/wp-json\/wp\/v2\/pages\/170","targetHints":{"allow":["GET"]}}],"collection":[{"href":"http:\/\/pro-it.hu\/kunagota.hu\/wp-json\/wp\/v2\/pages"}],"about":[{"href":"http:\/\/pro-it.hu\/kunagota.hu\/wp-json\/wp\/v2\/types\/page"}],"author":[{"embeddable":true,"href":"http:\/\/pro-it.hu\/kunagota.hu\/wp-json\/wp\/v2\/users\/1"}],"replies":[{"embeddable":true,"href":"http:\/\/pro-it.hu\/kunagota.hu\/wp-json\/wp\/v2\/comments?post=170"}],"version-history":[{"count":1,"href":"http:\/\/pro-it.hu\/kunagota.hu\/wp-json\/wp\/v2\/pages\/170\/revisions"}],"predecessor-version":[{"id":171,"href":"http:\/\/pro-it.hu\/kunagota.hu\/wp-json\/wp\/v2\/pages\/170\/revisions\/171"}],"up":[{"embeddable":true,"href":"http:\/\/pro-it.hu\/kunagota.hu\/wp-json\/wp\/v2\/pages\/162"}],"wp:attachment":[{"href":"http:\/\/pro-it.hu\/kunagota.hu\/wp-json\/wp\/v2\/media?parent=170"}],"curies":[{"name":"wp","href":"https:\/\/api.w.org\/{rel}","templated":true}]}}