{"id":179,"date":"2019-01-25T12:08:56","date_gmt":"2019-01-25T12:08:56","guid":{"rendered":"http:\/\/www.pro-it.hu\/kunagota.hu\/?page_id=179"},"modified":"2019-01-25T12:08:56","modified_gmt":"2019-01-25T12:08:56","slug":"kunagotai-testedzo-egyesulet","status":"publish","type":"page","link":"http:\/\/pro-it.hu\/kunagota.hu\/civil-szervezetek\/kunagotai-testedzo-egyesulet\/","title":{"rendered":"Kun\u00e1gotai Testedz\u00f6 Egyes\u00fclet"},"content":{"rendered":"<p>n\u00e9v: Kun\u00e1gotai Testedz\u0151 Egyes\u00fclet<br \/>\nc\u00edm: 5746 Kun\u00e1gota Vir\u00e1g utca 11. sz\u00e1m<br \/>\nAd\u00f3sz\u00e1m: 19976361-1-04<br \/>\nEln\u00f6k: K\u0151r\u00f6si S\u00e1ndor<br \/>\nSz\u00f6vets\u00e9gi k\u00e9pvisel\u0151: P\u00e1li J\u00f3zsefn\u00e9<br \/>\ne-mail: kunagotai.te@freemail.hu<br \/>\nhonlap: http:\/\/www.kte-1920.gportal.hu\/<\/p>\n","protected":false},"excerpt":{"rendered":"<p>n\u00e9v: Kun\u00e1gotai Testedz\u0151 Egyes\u00fclet c\u00edm: 5746 Kun\u00e1gota Vir\u00e1g utca 11. sz\u00e1m Ad\u00f3sz\u00e1m: 19976361-1-04 Eln\u00f6k: K\u0151r\u00f6si S\u00e1ndor Sz\u00f6vets\u00e9gi k\u00e9pvisel\u0151: P\u00e1li J\u00f3zsefn\u00e9 e-mail: kunagotai.te@freemail.hu honlap: http:\/\/www.kte-1920.gportal.hu\/<\/p>\n","protected":false},"author":1,"featured_media":0,"parent":174,"menu_order":1,"comment_status":"closed","ping_status":"closed","template":"","meta":{"ngg_post_thumbnail":0,"footnotes":"","_links_to":"","_links_to_target":""},"class_list":["post-179","page","type-page","status-publish","hentry"],"_links":{"self":[{"href":"http:\/\/pro-it.hu\/kunagota.hu\/wp-json\/wp\/v2\/pages\/179","targetHints":{"allow":["GET"]}}],"collection":[{"href":"http:\/\/pro-it.hu\/kunagota.hu\/wp-json\/wp\/v2\/pages"}],"about":[{"href":"http:\/\/pro-it.hu\/kunagota.hu\/wp-json\/wp\/v2\/types\/page"}],"author":[{"embeddable":true,"href":"http:\/\/pro-it.hu\/kunagota.hu\/wp-json\/wp\/v2\/users\/1"}],"replies":[{"embeddable":true,"href":"http:\/\/pro-it.hu\/kunagota.hu\/wp-json\/wp\/v2\/comments?post=179"}],"version-history":[{"count":1,"href":"http:\/\/pro-it.hu\/kunagota.hu\/wp-json\/wp\/v2\/pages\/179\/revisions"}],"predecessor-version":[{"id":180,"href":"http:\/\/pro-it.hu\/kunagota.hu\/wp-json\/wp\/v2\/pages\/179\/revisions\/180"}],"up":[{"embeddable":true,"href":"http:\/\/pro-it.hu\/kunagota.hu\/wp-json\/wp\/v2\/pages\/174"}],"wp:attachment":[{"href":"http:\/\/pro-it.hu\/kunagota.hu\/wp-json\/wp\/v2\/media?parent=179"}],"curies":[{"name":"wp","href":"https:\/\/api.w.org\/{rel}","templated":true}]}}