{"id":187,"date":"2019-01-25T12:11:23","date_gmt":"2019-01-25T12:11:23","guid":{"rendered":"http:\/\/www.pro-it.hu\/kunagota.hu\/?page_id=187"},"modified":"2019-01-27T14:19:31","modified_gmt":"2019-01-27T14:19:31","slug":"fotogaleria","status":"publish","type":"page","link":"http:\/\/pro-it.hu\/kunagota.hu\/fotogaleria\/","title":{"rendered":"Fot\u00f3gal\u00e9ria"},"content":{"rendered":"<div class=\"ngg-albumoverview default-view\">\n            <div class=\"ngg-album-compact\">\n            <div class=\"ngg-album-compactbox\">\n                <div class=\"ngg-album-link\">\n                                        <a title='I. Vh. eml\u00e9km\u0171 avat\u00e1s 2016.okt\u00f3ber 26. (fot\u00f3: P\u00e1li J\u00f3zsefn\u00e9)'\n                       href='http:\/\/pro-it.hu\/kunagota.hu\/fotogaleria\/nggallery\/i-vh-emlekmu-avatas-2016-oktober-26-foto-pali-jozsefne\/emlekmu_avatas2016'>\n                        <img class=\"Thumb\"\n                             alt=\"I. Vh. eml\u00e9km\u0171 avat\u00e1s 2016.okt\u00f3ber 26. (fot\u00f3: P\u00e1li J\u00f3zsefn\u00e9)\"\n                             src=\"http:\/\/pro-it.hu\/kunagota.hu\/wp-content\/gallery\/emlekmu_avatas2016\/cache\/kep_1.jpg-nggid011-ngg0dyn-240x160x100-00f0w010c011r110f110r010t010.jpg\"\/>\n                    <\/a>\n                                    <\/div>\n            <\/div>\n                        <h4>\n                <a class='ngg-album-desc' title='I. Vh. eml\u00e9km\u0171 avat\u00e1s 2016.okt\u00f3ber 26. (fot\u00f3: P\u00e1li J\u00f3zsefn\u00e9)'\n                       href='http:\/\/pro-it.hu\/kunagota.hu\/fotogaleria\/nggallery\/i-vh-emlekmu-avatas-2016-oktober-26-foto-pali-jozsefne\/emlekmu_avatas2016'style=\"max-width: 260px\">I. Vh. eml\u00e9km\u0171 avat\u00e1s 2016.okt\u00f3ber 26. (fot\u00f3: P\u00e1li J\u00f3zsefn\u00e9)<\/a>\n            <\/h4>\n            <p class=\"ngg-album-gallery-image-counter\">\n                                    <strong>72<\/strong>&nbsp;F\u00e9nyk\u00e9p                            <\/p>\n        <\/div>\n            <div class=\"ngg-album-compact\">\n            <div class=\"ngg-album-compactbox\">\n                <div class=\"ngg-album-link\">\n                                        <a title='falunap2016'\n                       href='http:\/\/pro-it.hu\/kunagota.hu\/fotogaleria\/nggallery\/2016-evi-falunap-foto-pali-jozsefne\/falunap2016'>\n                        <img class=\"Thumb\"\n                             alt=\"falunap2016\"\n                             src=\"http:\/\/pro-it.hu\/kunagota.hu\/wp-content\/gallery\/falunap2016\/cache\/kep_1.jpg-nggid03144-ngg0dyn-240x160x100-00f0w010c011r110f110r010t010.jpg\"\/>\n                    <\/a>\n                                    <\/div>\n            <\/div>\n                        <h4>\n                <a class='ngg-album-desc' title='falunap2016'\n                       href='http:\/\/pro-it.hu\/kunagota.hu\/fotogaleria\/nggallery\/2016-evi-falunap-foto-pali-jozsefne\/falunap2016'style=\"max-width: 260px\">falunap2016<\/a>\n            <\/h4>\n            <p class=\"ngg-album-gallery-image-counter\">\n                                    <strong>218<\/strong>&nbsp;F\u00e9nyk\u00e9p                            <\/p>\n        <\/div>\n            <div class=\"ngg-album-compact\">\n            <div class=\"ngg-album-compactbox\">\n                <div class=\"ngg-album-link\">\n                                        <a title='romai_katolikus_templom'\n                       href='http:\/\/pro-it.hu\/kunagota.hu\/fotogaleria\/nggallery\/kunagotai-romai-katolikus-templom-foto-pali-jozsefne\/romai_katolikus_templom'>\n                        <img class=\"Thumb\"\n                             alt=\"romai_katolikus_templom\"\n                             src=\"http:\/\/pro-it.hu\/kunagota.hu\/wp-content\/gallery\/romai_katolikus_templom\/cache\/kep_1.jpg-nggid03670-ngg0dyn-240x160x100-00f0w010c011r110f110r010t010.jpg\"\/>\n                    <\/a>\n                                    <\/div>\n            <\/div>\n                        <h4>\n                <a class='ngg-album-desc' title='romai_katolikus_templom'\n                       href='http:\/\/pro-it.hu\/kunagota.hu\/fotogaleria\/nggallery\/kunagotai-romai-katolikus-templom-foto-pali-jozsefne\/romai_katolikus_templom'style=\"max-width: 260px\">romai_katolikus_templom<\/a>\n            <\/h4>\n            <p class=\"ngg-album-gallery-image-counter\">\n                                    <strong>36<\/strong>&nbsp;F\u00e9nyk\u00e9p                            <\/p>\n        <\/div>\n            <div class=\"ngg-album-compact\">\n            <div class=\"ngg-album-compactbox\">\n                <div class=\"ngg-album-link\">\n                                        <a title='elelmiszeradomany'\n                       href='http:\/\/pro-it.hu\/kunagota.hu\/fotogaleria\/nggallery\/elelmiszer-adomany\/elelmiszeradomany'>\n                        <img class=\"Thumb\"\n                             alt=\"elelmiszeradomany\"\n                             src=\"http:\/\/pro-it.hu\/kunagota.hu\/wp-content\/gallery\/elelmiszeradomany\/cache\/kep_1.jpg-nggid03135-ngg0dyn-240x160x100-00f0w010c011r110f110r010t010.jpg\"\/>\n                    <\/a>\n                                    <\/div>\n            <\/div>\n                        <h4>\n                <a class='ngg-album-desc' title='elelmiszeradomany'\n                       href='http:\/\/pro-it.hu\/kunagota.hu\/fotogaleria\/nggallery\/elelmiszer-adomany\/elelmiszeradomany'style=\"max-width: 260px\">elelmiszeradomany<\/a>\n            <\/h4>\n            <p class=\"ngg-album-gallery-image-counter\">\n                                    <strong>9<\/strong>&nbsp;F\u00e9nyk\u00e9p                            <\/p>\n        <\/div>\n            <div class=\"ngg-album-compact\">\n            <div class=\"ngg-album-compactbox\">\n                <div class=\"ngg-album-link\">\n                                        <a title='2013tarlatmegnyito'\n                       href='http:\/\/pro-it.hu\/kunagota.hu\/fotogaleria\/nggallery\/tarlat-megnyito-2013\/2013tarlatmegnyito'>\n                        <img class=\"Thumb\"\n                             alt=\"2013tarlatmegnyito\"\n                             src=\"http:\/\/pro-it.hu\/kunagota.hu\/wp-content\/gallery\/2013tarlatmegnyito\/cache\/kep_1.jpg-nggid0273-ngg0dyn-240x160x100-00f0w010c011r110f110r010t010.jpg\"\/>\n                    <\/a>\n                                    <\/div>\n            <\/div>\n                        <h4>\n                <a class='ngg-album-desc' title='2013tarlatmegnyito'\n                       href='http:\/\/pro-it.hu\/kunagota.hu\/fotogaleria\/nggallery\/tarlat-megnyito-2013\/2013tarlatmegnyito'style=\"max-width: 260px\">2013tarlatmegnyito<\/a>\n            <\/h4>\n            <p class=\"ngg-album-gallery-image-counter\">\n                                    <strong>62<\/strong>&nbsp;F\u00e9nyk\u00e9p                            <\/p>\n        <\/div>\n            <div class=\"ngg-album-compact\">\n            <div class=\"ngg-album-compactbox\">\n                <div class=\"ngg-album-link\">\n                                        <a title='iskola_avato'\n                       href='http:\/\/pro-it.hu\/kunagota.hu\/fotogaleria\/nggallery\/iskola-avato-foto-pali-jozsefne\/iskola_avato'>\n                        <img class=\"Thumb\"\n                             alt=\"iskola_avato\"\n                             src=\"http:\/\/pro-it.hu\/kunagota.hu\/wp-content\/gallery\/iskola_avato\/cache\/kep_1.jpg-nggid03413-ngg0dyn-240x160x100-00f0w010c011r110f110r010t010.jpg\"\/>\n                    <\/a>\n                                    <\/div>\n            <\/div>\n                        <h4>\n                <a class='ngg-album-desc' title='iskola_avato'\n                       href='http:\/\/pro-it.hu\/kunagota.hu\/fotogaleria\/nggallery\/iskola-avato-foto-pali-jozsefne\/iskola_avato'style=\"max-width: 260px\">iskola_avato<\/a>\n            <\/h4>\n            <p class=\"ngg-album-gallery-image-counter\">\n                                    <strong>193<\/strong>&nbsp;F\u00e9nyk\u00e9p                            <\/p>\n        <\/div>\n            <div class=\"ngg-album-compact\">\n            <div class=\"ngg-album-compactbox\">\n                <div class=\"ngg-album-link\">\n                                        <a title='fenyo_unnep_2010.12.20'\n                       href='http:\/\/pro-it.hu\/kunagota.hu\/fotogaleria\/nggallery\/fenyo-unnep-2010-12-20-foto-pali-jozsefne\/fenyo_unnep_2010.12.20'>\n                        <img class=\"Thumb\"\n                             alt=\"fenyo_unnep_2010.12.20\"\n                             src=\"http:\/\/pro-it.hu\/kunagota.hu\/wp-content\/gallery\/fenyo_unnep_2010-12-20\/cache\/kep_1.jpg.JPG-nggid03362-ngg0dyn-240x160x100-00f0w010c011r110f110r010t010.JPG\"\/>\n                    <\/a>\n                                    <\/div>\n            <\/div>\n                        <h4>\n                <a class='ngg-album-desc' title='fenyo_unnep_2010.12.20'\n                       href='http:\/\/pro-it.hu\/kunagota.hu\/fotogaleria\/nggallery\/fenyo-unnep-2010-12-20-foto-pali-jozsefne\/fenyo_unnep_2010.12.20'style=\"max-width: 260px\">fenyo_unnep_2010.12.20<\/a>\n            <\/h4>\n            <p class=\"ngg-album-gallery-image-counter\">\n                                    <strong>23<\/strong>&nbsp;F\u00e9nyk\u00e9p                            <\/p>\n        <\/div>\n            <div class=\"ngg-album-compact\">\n            <div class=\"ngg-album-compactbox\">\n                <div class=\"ngg-album-link\">\n                                        <a title='Idoszak2010'\n                       href='http:\/\/pro-it.hu\/kunagota.hu\/fotogaleria\/nggallery\/idoszaki-kiallitas-2010-foto-pali-jozsefne\/Idoszak2010'>\n                        <img class=\"Thumb\"\n                             alt=\"Idoszak2010\"\n                             src=\"http:\/\/pro-it.hu\/kunagota.hu\/wp-content\/gallery\/idoszak2010\/cache\/kep_1.jpg-nggid03388-ngg0dyn-240x160x100-00f0w010c011r110f110r010t010.jpg\"\/>\n                    <\/a>\n                                    <\/div>\n            <\/div>\n                        <h4>\n                <a class='ngg-album-desc' title='Idoszak2010'\n                       href='http:\/\/pro-it.hu\/kunagota.hu\/fotogaleria\/nggallery\/idoszaki-kiallitas-2010-foto-pali-jozsefne\/Idoszak2010'style=\"max-width: 260px\">Idoszak2010<\/a>\n            <\/h4>\n            <p class=\"ngg-album-gallery-image-counter\">\n                                    <strong>25<\/strong>&nbsp;F\u00e9nyk\u00e9p                            <\/p>\n        <\/div>\n            <div class=\"ngg-album-compact\">\n            <div class=\"ngg-album-compactbox\">\n                <div class=\"ngg-album-link\">\n                                        <a title='jatszoter'\n                       href='http:\/\/pro-it.hu\/kunagota.hu\/fotogaleria\/nggallery\/jatszoter-foto-pali-jozsefne\/jatszoter'>\n                        <img class=\"Thumb\"\n                             alt=\"jatszoter\"\n                             src=\"http:\/\/pro-it.hu\/kunagota.hu\/wp-content\/gallery\/jatszoter\/cache\/kep_1.jpg-nggid03606-ngg0dyn-240x160x100-00f0w010c011r110f110r010t010.jpg\"\/>\n                    <\/a>\n                                    <\/div>\n            <\/div>\n                        <h4>\n                <a class='ngg-album-desc' title='jatszoter'\n                       href='http:\/\/pro-it.hu\/kunagota.hu\/fotogaleria\/nggallery\/jatszoter-foto-pali-jozsefne\/jatszoter'style=\"max-width: 260px\">jatszoter<\/a>\n            <\/h4>\n            <p class=\"ngg-album-gallery-image-counter\">\n                                    <strong>23<\/strong>&nbsp;F\u00e9nyk\u00e9p                            <\/p>\n        <\/div>\n            <div class=\"ngg-album-compact\">\n            <div class=\"ngg-album-compactbox\">\n                <div class=\"ngg-album-link\">\n                                        <a title='marcius_15'\n                       href='http:\/\/pro-it.hu\/kunagota.hu\/fotogaleria\/nggallery\/marcius-15-unnepseg-koszoruzas-foto-pali-jozsefne\/marcius_15'>\n                        <img class=\"Thumb\"\n                             alt=\"marcius_15\"\n                             src=\"http:\/\/pro-it.hu\/kunagota.hu\/wp-content\/gallery\/marcius_15\/cache\/kep_1.jpg-nggid03629-ngg0dyn-240x160x100-00f0w010c011r110f110r010t010.jpg\"\/>\n                    <\/a>\n                                    <\/div>\n            <\/div>\n                        <h4>\n                <a class='ngg-album-desc' title='marcius_15'\n                       href='http:\/\/pro-it.hu\/kunagota.hu\/fotogaleria\/nggallery\/marcius-15-unnepseg-koszoruzas-foto-pali-jozsefne\/marcius_15'style=\"max-width: 260px\">marcius_15<\/a>\n            <\/h4>\n            <p class=\"ngg-album-gallery-image-counter\">\n                                    <strong>23<\/strong>&nbsp;F\u00e9nyk\u00e9p                            <\/p>\n        <\/div>\n            <div class=\"ngg-album-compact\">\n            <div class=\"ngg-album-compactbox\">\n                <div class=\"ngg-album-link\">\n                                        <a title='tel'\n                       href='http:\/\/pro-it.hu\/kunagota.hu\/fotogaleria\/nggallery\/teli-kepek-foto-pali-jozsefne\/tel'>\n                        <img class=\"Thumb\"\n                             alt=\"tel\"\n                             src=\"http:\/\/pro-it.hu\/kunagota.hu\/wp-content\/gallery\/tel\/cache\/kep_1.jpg-nggid03703-ngg0dyn-240x160x100-00f0w010c011r110f110r010t010.jpg\"\/>\n                    <\/a>\n                                    <\/div>\n            <\/div>\n                        <h4>\n                <a class='ngg-album-desc' title='tel'\n                       href='http:\/\/pro-it.hu\/kunagota.hu\/fotogaleria\/nggallery\/teli-kepek-foto-pali-jozsefne\/tel'style=\"max-width: 260px\">tel<\/a>\n            <\/h4>\n            <p class=\"ngg-album-gallery-image-counter\">\n                                    <strong>13<\/strong>&nbsp;F\u00e9nyk\u00e9p                            <\/p>\n        <\/div>\n            <div class=\"ngg-album-compact\">\n            <div class=\"ngg-album-compactbox\">\n                <div class=\"ngg-album-link\">\n                                        <a title='megyejaras'\n                       href='http:\/\/pro-it.hu\/kunagota.hu\/fotogaleria\/nggallery\/megyejaras-foto-pali-jozsefne\/megyejaras'>\n                        <img class=\"Thumb\"\n                             alt=\"megyejaras\"\n                             src=\"http:\/\/pro-it.hu\/kunagota.hu\/wp-content\/gallery\/megyejaras\/cache\/kep_1.jpg-nggid03652-ngg0dyn-240x160x100-00f0w010c011r110f110r010t010.jpg\"\/>\n                    <\/a>\n                                    <\/div>\n            <\/div>\n                        <h4>\n                <a class='ngg-album-desc' title='megyejaras'\n                       href='http:\/\/pro-it.hu\/kunagota.hu\/fotogaleria\/nggallery\/megyejaras-foto-pali-jozsefne\/megyejaras'style=\"max-width: 260px\">megyejaras<\/a>\n            <\/h4>\n            <p class=\"ngg-album-gallery-image-counter\">\n                                    <strong>15<\/strong>&nbsp;F\u00e9nyk\u00e9p                            <\/p>\n        <\/div>\n            <div class=\"ngg-album-compact\">\n            <div class=\"ngg-album-compactbox\">\n                <div class=\"ngg-album-link\">\n                                        <a title='viragos'\n                       href='http:\/\/pro-it.hu\/kunagota.hu\/fotogaleria\/nggallery\/tavaszi-kepek-foto-gabor-laszlo\/viragos'>\n                        <img class=\"Thumb\"\n                             alt=\"viragos\"\n                             src=\"http:\/\/pro-it.hu\/kunagota.hu\/wp-content\/gallery\/viragos\/cache\/kep_1.jpg-nggid03715-ngg0dyn-240x160x100-00f0w010c011r110f110r010t010.jpg\"\/>\n                    <\/a>\n                                    <\/div>\n            <\/div>\n                        <h4>\n                <a class='ngg-album-desc' title='viragos'\n                       href='http:\/\/pro-it.hu\/kunagota.hu\/fotogaleria\/nggallery\/tavaszi-kepek-foto-gabor-laszlo\/viragos'style=\"max-width: 260px\">viragos<\/a>\n            <\/h4>\n            <p class=\"ngg-album-gallery-image-counter\">\n                                    <strong>77<\/strong>&nbsp;F\u00e9nyk\u00e9p                            <\/p>\n        <\/div>\n        <br class=\"ngg-clear\"\/>\n    <div class='ngg-clear'><\/div><\/div>\n\n","protected":false},"excerpt":{"rendered":"","protected":false},"author":1,"featured_media":0,"parent":0,"menu_order":7,"comment_status":"closed","ping_status":"closed","template":"","meta":{"ngg_post_thumbnail":0,"footnotes":"","_links_to":"","_links_to_target":""},"class_list":["post-187","page","type-page","status-publish","hentry"],"_links":{"self":[{"href":"http:\/\/pro-it.hu\/kunagota.hu\/wp-json\/wp\/v2\/pages\/187","targetHints":{"allow":["GET"]}}],"collection":[{"href":"http:\/\/pro-it.hu\/kunagota.hu\/wp-json\/wp\/v2\/pages"}],"about":[{"href":"http:\/\/pro-it.hu\/kunagota.hu\/wp-json\/wp\/v2\/types\/page"}],"author":[{"embeddable":true,"href":"http:\/\/pro-it.hu\/kunagota.hu\/wp-json\/wp\/v2\/users\/1"}],"replies":[{"embeddable":true,"href":"http:\/\/pro-it.hu\/kunagota.hu\/wp-json\/wp\/v2\/comments?post=187"}],"version-history":[{"count":5,"href":"http:\/\/pro-it.hu\/kunagota.hu\/wp-json\/wp\/v2\/pages\/187\/revisions"}],"predecessor-version":[{"id":655,"href":"http:\/\/pro-it.hu\/kunagota.hu\/wp-json\/wp\/v2\/pages\/187\/revisions\/655"}],"wp:attachment":[{"href":"http:\/\/pro-it.hu\/kunagota.hu\/wp-json\/wp\/v2\/media?parent=187"}],"curies":[{"name":"wp","href":"https:\/\/api.w.org\/{rel}","templated":true}]}}