{"id":193,"date":"2019-01-25T12:12:01","date_gmt":"2019-01-25T12:12:01","guid":{"rendered":"http:\/\/www.pro-it.hu\/kunagota.hu\/?page_id=193"},"modified":"2019-01-25T12:12:01","modified_gmt":"2019-01-25T12:12:01","slug":"latnivalok","status":"publish","type":"page","link":"http:\/\/pro-it.hu\/kunagota.hu\/latnivalok\/","title":{"rendered":"L\u00e1tnival\u00f3k"},"content":{"rendered":"<table border=\"0\" width=\"90%\" cellspacing=\"0\" cellpadding=\"0\" align=\"center\">\n<tbody>\n<tr>\n<td class=\"topcolborder\">\n<h3>R\u00f6kk Marika a kun\u00e1gotai Urb\u00e1n-birtokon forgatta filmj\u00e9t<\/h3>\n<\/td>\n<\/tr>\n<tr>\n<td class=\"bottomcolborder\">2017-04-10<\/p>\n<h3><a href=\"http:\/\/www.kunagota.hu\/res\/dokumentumok\/Rokk_Marika_a_kunagotai_Urban.doc\" target=\"_blank\" rel=\"noopener\">Link<\/a><\/h3>\n<\/td>\n<\/tr>\n<\/tbody>\n<\/table>\n<p>&nbsp;<\/p>\n<table border=\"0\" width=\"90%\" cellspacing=\"0\" cellpadding=\"0\" align=\"center\">\n<tbody>\n<tr>\n<td class=\"topcolborder\">\n<h3>B\u00fcszkes\u00e9ggel t\u00f6lt\u00f6tt eml\u00e9kez\u00e9s Kun\u00e1got\u00e1n<\/h3>\n<\/td>\n<\/tr>\n<tr>\n<td class=\"bottomcolborder\">2017-04-10<\/p>\n<h3><a href=\"http:\/\/www.kunagota.hu\/res\/dokumentumok\/Buszkeseggel_toltott_emlekezes_Kunagotan_20170314.doc\" target=\"_blank\" rel=\"noopener\">Link<\/a><\/h3>\n<\/td>\n<\/tr>\n<\/tbody>\n<\/table>\n<p>&nbsp;<\/p>\n<table border=\"0\" width=\"90%\" cellspacing=\"0\" cellpadding=\"0\" align=\"center\">\n<tbody>\n<tr>\n<td class=\"topcolborder\">\n<h3>Bandi pap ha nem pr\u00e9dik\u00e1lt, a pesti bulv\u00e1rban szerepelt<\/h3>\n<\/td>\n<\/tr>\n<tr>\n<td class=\"bottomcolborder\">2017-04-10<\/p>\n<h3><a href=\"http:\/\/www.kunagota.hu\/res\/dokumentumok\/Bandi_pap_ha_nem_predikalt_2017.doc\" target=\"_blank\" rel=\"noopener\">Link<\/a><\/h3>\n<\/td>\n<\/tr>\n<\/tbody>\n<\/table>\n<p>&nbsp;<\/p>\n<table border=\"0\" width=\"90%\" cellspacing=\"0\" cellpadding=\"0\" align=\"center\">\n<tbody>\n<tr>\n<td class=\"topcolborder\">\n<h3>105 \u00e9ves lesz Kun\u00e1gota legid\u0151sebb polg\u00e1ra<\/h3>\n<\/td>\n<\/tr>\n<tr>\n<td class=\"bottomcolborder\">2017-04-10<\/p>\n<h3><a href=\"http:\/\/www.kunagota.hu\/res\/dokumentumok\/105_eves_lesz_Kunagota_legidosebb_polgara.doc\" target=\"_blank\" rel=\"noopener\">Link<\/a><\/h3>\n<\/td>\n<\/tr>\n<\/tbody>\n<\/table>\n<p>&nbsp;<\/p>\n<table border=\"0\" width=\"90%\" cellspacing=\"0\" cellpadding=\"0\" align=\"center\">\n<tbody>\n<tr>\n<td class=\"topcolborder\">\n<h3>A kun\u00e1gotai Nagy T\u0151lgyfa<\/h3>\n<\/td>\n<\/tr>\n<tr>\n<td class=\"bottomcolborder\">2015-09-08<\/p>\n<h3><a href=\"http:\/\/evfaja.okotars.hu\/fa\/2015\/kunagotai-nagy-tolgyfa\" target=\"_blank\" rel=\"noopener\">Link<\/a><\/h3>\n<\/td>\n<\/tr>\n<\/tbody>\n<\/table>\n<p>&nbsp;<\/p>\n<table border=\"0\" width=\"90%\" cellspacing=\"0\" cellpadding=\"0\" align=\"center\">\n<tbody>\n<tr>\n<td class=\"topcolborder\">\n<h3>Az els\u0151 vil\u00e1gh\u00e1bor\u00fa kun\u00e1gotai h\u0151si halottai<\/h3>\n<\/td>\n<\/tr>\n<tr>\n<td class=\"bottomcolborder\">2014-10-31<\/p>\n<h3><a href=\"http:\/\/www.kunagota.hu\/res\/dokumentumok\/elso_vilaghaboru_hosi_halottai.doc\" target=\"_blank\" rel=\"noopener\">Link<\/a><\/h3>\n<\/td>\n<\/tr>\n<\/tbody>\n<\/table>\n<p>&nbsp;<\/p>\n<table border=\"0\" width=\"90%\" cellspacing=\"0\" cellpadding=\"0\" align=\"center\">\n<tbody>\n<tr>\n<td class=\"topcolborder\">\n<h3>A m\u00e1sodik vil\u00e1gh\u00e1bor\u00fa \u00e1ldozatai<\/h3>\n<\/td>\n<\/tr>\n<tr>\n<td class=\"bottomcolborder\">2014-10-31<\/p>\n<h3><a href=\"http:\/\/www.kunagota.hu\/res\/dokumentumok\/masodik_vilaghaboru_hosi_halottai.doc\" target=\"_blank\" rel=\"noopener\">Link<\/a><\/h3>\n<\/td>\n<\/tr>\n<\/tbody>\n<\/table>\n<p>&nbsp;<\/p>\n<table border=\"0\" width=\"90%\" cellspacing=\"0\" cellpadding=\"0\" align=\"center\">\n<tbody>\n<tr>\n<td class=\"topcolborder\">\n<h3>Mozaikok T\u00f3th K\u00e1lm\u00e1n kih\u00edv\u00e1sokkal \u00e9s \u00faj\u00edt\u00e1sokkal teli \u00e9let\u00e9b\u0151l<\/h3>\n<\/td>\n<\/tr>\n<tr>\n<td class=\"bottomcolborder\">2014-05-27<\/p>\n<h3><a href=\"http:\/\/www.szellemitulajdon.hu\/cikkek\/tegnap-es-ma\/mozaikok-toth-kalman-eletebol\/759\/mozaikok-toth-kalman-kihivasokkal-es-ujitasokkal-teli-eletebol.html\" target=\"_blank\" rel=\"noopener\">Link<\/a><\/h3>\n<\/td>\n<\/tr>\n<\/tbody>\n<\/table>\n<p>&nbsp;<\/p>\n<table border=\"0\" width=\"90%\" cellspacing=\"0\" cellpadding=\"0\" align=\"center\">\n<tbody>\n<tr>\n<td class=\"topcolborder\">\n<h3>Bereczki M\u00e1t\u00e9r\u00f3l \u00edrott tanulm\u00e1ny<\/h3>\n<\/td>\n<\/tr>\n<tr>\n<td class=\"bottomcolborder\">2013-04-15<\/p>\n<h3><a href=\"http:\/\/www.sulinet.hu\/oroksegtar\/data\/telepulesek_ertekei\/Kunagota\/index.htm\" target=\"_blank\" rel=\"noopener\">Link<\/a><\/h3>\n<\/td>\n<\/tr>\n<\/tbody>\n<\/table>\n<p>&nbsp;<\/p>\n<table border=\"0\" width=\"90%\" cellspacing=\"0\" cellpadding=\"0\" align=\"center\">\n<tbody>\n<tr>\n<td class=\"topcolborder\">\n<h3>Bereczki M\u00e1t\u00e9: Gy\u00fcm\u00f6lcs\u00e9szeti V\u00e1zlatok c. munk\u00e1ja<\/h3>\n<\/td>\n<\/tr>\n<tr>\n<td class=\"bottomcolborder\">2013-04-15<\/p>\n<h3><a href=\"http:\/\/mek.oszk.hu\/09600\/09614\/pdf\/index.html\" target=\"_blank\" rel=\"noopener\">Link<\/a><\/h3>\n<\/td>\n<\/tr>\n<\/tbody>\n<\/table>\n<p>&nbsp;<\/p>\n<table border=\"0\" width=\"90%\" cellspacing=\"0\" cellpadding=\"0\" align=\"center\">\n<tbody>\n<tr>\n<td class=\"topcolborder\">\n<h3>Daczer K\u00e1roly<\/h3>\n<\/td>\n<\/tr>\n<tr>\n<td class=\"bottomcolborder\">2012-07-06<\/p>\n<h3><a href=\"http:\/\/kunagota.hu\/res\/dokumentumok\/daczerkaroly.doc\" target=\"_blank\" rel=\"noopener\">Link<\/a><\/h3>\n<\/td>\n<\/tr>\n<\/tbody>\n<\/table>\n<p>&nbsp;<\/p>\n<table border=\"0\" width=\"90%\" cellspacing=\"0\" cellpadding=\"0\" align=\"center\">\n<tbody>\n<tr>\n<td class=\"topcolborder\">\n<h3>Szokolay S\u00e1ndor: \u00d6reg tan\u00edt\u00f3m \u00fczenete<\/h3>\n<\/td>\n<\/tr>\n<tr>\n<td class=\"bottomcolborder\">2012-07-06<\/p>\n<h3><a href=\"http:\/\/kunagota.hu\/res\/dokumentumok\/oregtanitom.pdf\" target=\"_blank\" rel=\"noopener\">Link<\/a><\/h3>\n<\/td>\n<\/tr>\n<\/tbody>\n<\/table>\n<p>&nbsp;<\/p>\n<table border=\"0\" width=\"90%\" cellspacing=\"0\" cellpadding=\"0\" align=\"center\">\n<tbody>\n<tr>\n<td class=\"topcolborder\">\n<h3>Kun\u00e1gota kert\u00e9sztelep paraszti t\u00e1rsadalma<\/h3>\n<\/td>\n<\/tr>\n<tr>\n<td class=\"bottomcolborder\">2012-06-19<\/p>\n<h3><a href=\"http:\/\/epa.oszk.hu\/01500\/01577\/00011\/pdf\/bmmk_1988_195-245.pdf\" target=\"_blank\" rel=\"noopener\">Link<\/a><\/h3>\n<\/td>\n<\/tr>\n<\/tbody>\n<\/table>\n<p>&nbsp;<\/p>\n<table border=\"0\" width=\"90%\" cellspacing=\"0\" cellpadding=\"0\" align=\"center\">\n<tbody>\n<tr>\n<td class=\"topcolborder\">\n<h3>Adatok a kun\u00e1gotai avar kori fejedelmi s\u00edr el\u0151ker\u00fcl\u00e9s\u00e9nek k\u00f6r\u00fclm\u00e9nyeihez<\/h3>\n<\/td>\n<\/tr>\n<tr>\n<td class=\"bottomcolborder\">2012-06-19<\/p>\n<h3><a href=\"http:\/\/www.erkelmuzeumbaratai.hu\/pdf_anyagok\/adatok_a_kunagotai_avar_kori_fejedelmi.pdf\" target=\"_blank\" rel=\"noopener\">Link<\/a><\/h3>\n<\/td>\n<\/tr>\n<\/tbody>\n<\/table>\n<p>&nbsp;<\/p>\n<table border=\"0\" width=\"90%\" cellspacing=\"0\" cellpadding=\"0\" align=\"center\">\n<tbody>\n<tr>\n<td class=\"topcolborder\">\n<h3>Kun\u00e1gota r\u00e9gi f\u00e1i \u00e1tadj\u00e1k hely\u00fcket a fiataloknak<\/h3>\n<\/td>\n<\/tr>\n<tr>\n<td class=\"bottomcolborder\">2012-06-19<\/p>\n<h3><a href=\"http:\/\/www.beol.hu\/bekes\/kozelet\/kunagota-regi-fai-atadjak-helyuket-a-fiataloknak-185357\" target=\"_blank\" rel=\"noopener\">Link<\/a><\/h3>\n<\/td>\n<\/tr>\n<\/tbody>\n<\/table>\n<p>&nbsp;<\/p>\n<table border=\"0\" width=\"90%\" cellspacing=\"0\" cellpadding=\"0\" align=\"center\">\n<tbody>\n<tr>\n<td class=\"topcolborder\">\n<h3>T\u00f6bb mint f\u00e9l \u00e9vezrede eml\u00edtett\u00e9k el\u0151sz\u00f6r Kun\u00e1gota nev\u00e9t<\/h3>\n<\/td>\n<\/tr>\n<tr>\n<td class=\"bottomcolborder\">2012-06-19<\/p>\n<h3><a href=\"http:\/\/w3.beol.hu\/bekes\/kozelet\/tobb-mint-fel-evezrede-emlitettek-eloszor-kunagota-nevet-393584\" target=\"_blank\" rel=\"noopener\">Link<\/a><\/h3>\n<\/td>\n<\/tr>\n<\/tbody>\n<\/table>\n<p>&nbsp;<\/p>\n<table border=\"0\" width=\"90%\" cellspacing=\"0\" cellpadding=\"0\" align=\"center\">\n<tbody>\n<tr>\n<td class=\"topcolborder\">\n<h3>40 \u00e9vvel ezel\u0151tti interj\u00fa Moln\u00e1r Pirosk\u00e1val<\/h3>\n<\/td>\n<\/tr>\n<tr>\n<td class=\"bottomcolborder\">2012-06-19<\/p>\n<h3><a href=\"http:\/\/szinhaz.hu\/budapest\/40489-bpmolnarpiroska\" target=\"_blank\" rel=\"noopener\">Link<\/a><\/h3>\n<\/td>\n<\/tr>\n<\/tbody>\n<\/table>\n<p>&nbsp;<\/p>\n<table border=\"0\" width=\"90%\" cellspacing=\"0\" cellpadding=\"0\" align=\"center\">\n<tbody>\n<tr>\n<td class=\"topcolborder\">\n<h3>Magyar N\u00e9prajz VIII. T\u00e1rsadalom\/Kun\u00e1gota<\/h3>\n<\/td>\n<\/tr>\n<tr>\n<td class=\"bottomcolborder\">2012-06-19<\/p>\n<h3><a href=\"http:\/\/mek.niif.hu\/02100\/02152\/html\/08\/427.html\" target=\"_blank\" rel=\"noopener\">Link<\/a><\/h3>\n<\/td>\n<\/tr>\n<\/tbody>\n<\/table>\n<p>&nbsp;<\/p>\n<table border=\"0\" width=\"90%\" cellspacing=\"0\" cellpadding=\"0\" align=\"center\">\n<tbody>\n<tr>\n<td class=\"topcolborder\">\n<h3>Kun\u00e1gota c\u00edmere (Digit\u00e1lis k\u00e9parh\u00edvum)<\/h3>\n<\/td>\n<\/tr>\n<tr>\n<td class=\"bottomcolborder\">2012-06-19<\/p>\n<h3><a href=\"http:\/\/keptar.oszk.hu\/html\/kepoldal\/index.phtml?id=017690\" target=\"_blank\" rel=\"noopener\">Link<\/a><\/h3>\n<\/td>\n<\/tr>\n<\/tbody>\n<\/table>\n<p>&nbsp;<\/p>\n<table border=\"0\" width=\"90%\" cellspacing=\"0\" cellpadding=\"0\" align=\"center\">\n<tbody>\n<tr>\n<td class=\"topcolborder\">\n<h3>Harangsz\u00f6veg &#8211; Kun\u00e1gotai, r\u00f3mai katolikus pl\u00e9b\u00e1niatemplom<\/h3>\n<\/td>\n<\/tr>\n<tr>\n<td class=\"bottomcolborder\">2012-06-19<\/p>\n<h3><a href=\"http:\/\/kereso.nava.hu\/document\/show\/id\/1017906\" target=\"_blank\" rel=\"noopener\">Link<\/a><\/h3>\n<\/td>\n<\/tr>\n<\/tbody>\n<\/table>\n<p>&nbsp;<\/p>\n<table border=\"0\" width=\"90%\" cellspacing=\"0\" cellpadding=\"0\" align=\"center\">\n<tbody>\n<tr>\n<td class=\"topcolborder\">\n<h3>Kun\u00e1gota K\u00f6zs\u00e9g \u00d6r\u00f6ks\u00e9ge<\/h3>\n<\/td>\n<\/tr>\n<tr>\n<td class=\"bottomcolborder\">2012-06-19<\/p>\n<h3><a href=\"http:\/\/www.sulinet.hu\/oroksegtar\/data\/telepulesek_ertekei\/Kunagota\/index.htm\" target=\"_blank\" rel=\"noopener\">Link<\/a><\/h3>\n<\/td>\n<\/tr>\n<\/tbody>\n<\/table>\n<p>&nbsp;<\/p>\n<table border=\"0\" width=\"90%\" cellspacing=\"0\" cellpadding=\"0\" align=\"center\">\n<tbody>\n<tr>\n<td class=\"topcolborder\">\n<h3>Bereczki M\u00e1t\u00e9<\/h3>\n<\/td>\n<\/tr>\n<tr>\n<td class=\"bottomcolborder\">2009-11-07<\/p>\n<h2>Romh\u00e1ny, 1824 \u2013 Kun\u00e1gota, 1895<\/h2>\n<h2>tud\u00f3s, gy\u00fcm\u00f6lcstermeszt\u0151<\/h2>\n<p>Romh\u00e1nyban sz\u00fcletett 1824-ben szeptember 22-\u00e9n, Bagyinszki M\u00e1t\u00e9 n\u00e9ven. Sz\u00fclei egyszer\u0171 k\u00e9tkezi munk\u00e1sok voltak, akik csak nehezen tudt\u00e1k finansz\u00edrozni fiuk tanulm\u00e1nyait. Elemi- \u00e9s k\u00f6z\u00e9ptanulm\u00e1nyait V\u00e1cott, a &#8222;latin iskol\u00e1ban&#8221; v\u00e9gezte, majd Budapestre ment, hogy a jogi egyetemen szerezzen diplom\u00e1t. A f\u0151v\u00e1rosban \u00e9pp akkor kezdtek viharos szelek kavarogni, s \u0151 Pet\u0151fivel, Vasv\u00e1rival, J\u00f3kaival ott volt a m\u00e1rciusi ifjak k\u00f6z\u00f6tt, de ott volt a csatat\u00e9ren is, a Kossuth-f\u00e9le szabadcsapatban, ahol tiszti rangot \u00e9rdemelt ki. A szabads\u00e1gharc buk\u00e1sa ut\u00e1n \u00fcld\u00f6z\u00f6tt\u00e9 v\u00e1lt \u00e9s bujdosnia kellett, de egy volt iskolat\u00e1rsa seg\u00edts\u00e9g\u00e9vel megmenek\u00fclt, \u00e9s 1857-ben k\u00f6zkegyelemben r\u00e9szes\u00fclt. Mag\u00e1ntan\u00edt\u00f3k\u00e9nt kezdett dolgozni, de amikor lehets\u00e9gess\u00e9 v\u00e1lt az alkotm\u00e1nyos viszonyok megteremt\u00e9se, Kossuth felk\u00e9r\u00e9s\u00e9re elv\u00e1llalta hat erd\u00e9lyi falu k\u00f6zjegyz\u0151s\u00e9g\u00e9t. Amikor ez a lehet\u0151s\u00e9g elillant, visszat\u00e9rt a tan\u00edt\u00e1shoz, m\u00e9ghozz\u00e1 egykori katonat\u00e1rs\u00e1nak csal\u00e1dj\u00e1hoz szeg\u0151d\u00f6tt el, hogy t\u00edz \u00e9ven kereszt\u00fcl tan\u00edtsa annak gyermekeit.<\/p>\n<p>&nbsp;<\/p>\n<p><img decoding=\"async\" src=\"http:\/\/kunagota.hu\/res\/kepek\/bereczki_mate.jpg\" alt=\"\" \/><\/p>\n<p>Tal\u00e1n m\u00e9g \u0151 sem gondolta akkor, hogy ez a d\u00f6nt\u00e9se milyen hat\u00e1ssal lesz \u00e9let\u00e9nek tov\u00e1bbi alakul\u00e1s\u00e1ra. Ugyanis ott kezdett el a pomol\u00f3gi\u00e1val foglalkozni. Egyik level\u00e9ben \u00edgy sz\u00e1molt be err\u0151l: &#8222;Itt, ahol \u00e9rkez\u00e9sem idej\u00e9n csak n\u00e9h\u00e1ny beteg meggy- \u00e9s ak\u00e1cfa volt, telep\u00edtettem egy k\u00f6r\u00fclbel\u00fcl n\u00e9gy magyarholdnyi nagy gy\u00fcm\u00f6lcskertet. Itt most t\u00f6bb mint ezer fa \u00e1ll, valamennyi az \u00e9n nemes\u00edt\u00e9sem, minden gy\u00fcm\u00f6lcsfajta k\u00fcl\u00f6nb\u00f6z\u0151 v\u00e1ltozat\u00e1b\u00f3l.&#8221; A kert\u00e9szked\u00e9sbe teh\u00e1t beleszeretett, rengeteg szakk\u00f6nyvet olvasott \u00e9s gy\u0171jt\u00f6tt itthonr\u00f3l \u00e9s k\u00fclf\u00f6ldr\u0151l egyar\u00e1nt, de hivatalos m\u00f3don sosem tanulta. V\u00e1s\u00e1rolt egy kertet a Mez\u0151kov\u00e1csh\u00e1z\u00e1hoz tartoz\u00f3 Kun\u00e1gota puszt\u00e1n, ahol a n\u00e9met, francia, belga, holland pomol\u00f3gusokt\u00f3l hozatott gy\u00fcm\u00f6lcsf\u00e1kb\u00f3l kialak\u00edtotta az akkori Magyarorsz\u00e1g egyetlen hiteles fajtagy\u0171jtem\u00e9ny\u00e9t.<br \/>\nTev\u00e9kenys\u00e9g\u00e9nek \u00e9s mintagy\u00fcm\u00f6lcs\u00f6s\u00e9nek nem csak az orsz\u00e1gban, hanem Eur\u00f3p\u00e1ban, de m\u00e9g a tengerent\u00falon is jelent\u0151s h\u00edre volt. Ennek eredm\u00e9nyek\u00e9pp itthon nyolc, de k\u00fclf\u00f6ld\u00f6n is t\u00f6bb &#8211; belga, n\u00e9met &#8211; gy\u00fcm\u00f6lcs\u00e9szeti egyes\u00fclet fogadta tiszteletbeli tagj\u00e1v\u00e1. Nem fukarkodott tud\u00e1s\u00e1nak terjeszt\u00e9s\u00e9vel, mert amire r\u00e1j\u00f6tt, vagy amit megtapasztalt, sz\u00edvesen adta tov\u00e1bb az \u00e9rdekl\u0151d\u0151knek \u00e9s tan\u00edtv\u00e1nyainak.<br \/>\nT\u00f6bb hazai \u00e9s k\u00fclhoni kert\u00e9szeti szaklapba \u00edrt ismeretterjeszt\u0151 cikkeket, valamint egy n\u00e9gyk\u00f6tetes k\u00f6nyvet, amit a gy\u00fcm\u00f6lcstermeszt\u0151k az\u00f3ta is val\u00f3s\u00e1gos bibliak\u00e9nt forgatnak. 472 f\u00e9le k\u00f6rt\u00e9t, 423 alm\u00e1t, 136 szilv\u00e1t, 27 csereszny\u00e9t \u00e9s 17 meggyfajt\u00e1t k\u00fcl\u00f6nb\u00f6ztetett meg a m\u00falt sz\u00e1zad hetvenes-nyolcvanas \u00e9veiben els\u0151k\u00e9nt az orsz\u00e1gban. Az \u0151 nev\u00e9hez f\u0171z\u0151dik a jonat\u00e1n els\u0151 hazai ismertet\u00e9se is. Harminch\u00e1rom \u00e9ven kereszt\u00fcl, 1895. december 9-\u00e9n bek\u00f6vetkezett hal\u00e1l\u00e1ig \u00e9p\u00edtette gy\u00fcm\u00f6lcskertj\u00e9t, nemes\u00edtette f\u00e1it.<br \/>\n\u0150t tekintett\u00e9k a hazai gy\u00fcm\u00f6lcs\u00e9szet atyj\u00e1nak \u00e9s tan\u00edt\u00f3mester\u00e9nek.<\/p>\n<h3><a href=\"http:\/\/kunagota.hu\/complex.php?tipus=latnivalok#\" target=\"_blank\" rel=\"noopener\">Link<\/a><\/h3>\n<\/td>\n<\/tr>\n<\/tbody>\n<\/table>\n","protected":false},"excerpt":{"rendered":"<p>R\u00f6kk Marika a kun\u00e1gotai Urb\u00e1n-birtokon forgatta filmj\u00e9t 2017-04-10 Link &nbsp; B\u00fcszkes\u00e9ggel t\u00f6lt\u00f6tt eml\u00e9kez\u00e9s Kun\u00e1got\u00e1n 2017-04-10 Link &nbsp; Bandi pap ha nem pr\u00e9dik\u00e1lt, a pesti bulv\u00e1rban szerepelt 2017-04-10 Link &nbsp; 105 \u00e9ves lesz Kun\u00e1gota legid\u0151sebb polg\u00e1ra 2017-04-10 Link &nbsp; A kun\u00e1gotai&hellip; <\/p>\n","protected":false},"author":1,"featured_media":0,"parent":0,"menu_order":9,"comment_status":"closed","ping_status":"closed","template":"","meta":{"ngg_post_thumbnail":0,"footnotes":"","_links_to":"","_links_to_target":""},"class_list":["post-193","page","type-page","status-publish","hentry"],"_links":{"self":[{"href":"http:\/\/pro-it.hu\/kunagota.hu\/wp-json\/wp\/v2\/pages\/193","targetHints":{"allow":["GET"]}}],"collection":[{"href":"http:\/\/pro-it.hu\/kunagota.hu\/wp-json\/wp\/v2\/pages"}],"about":[{"href":"http:\/\/pro-it.hu\/kunagota.hu\/wp-json\/wp\/v2\/types\/page"}],"author":[{"embeddable":true,"href":"http:\/\/pro-it.hu\/kunagota.hu\/wp-json\/wp\/v2\/users\/1"}],"replies":[{"embeddable":true,"href":"http:\/\/pro-it.hu\/kunagota.hu\/wp-json\/wp\/v2\/comments?post=193"}],"version-history":[{"count":1,"href":"http:\/\/pro-it.hu\/kunagota.hu\/wp-json\/wp\/v2\/pages\/193\/revisions"}],"predecessor-version":[{"id":195,"href":"http:\/\/pro-it.hu\/kunagota.hu\/wp-json\/wp\/v2\/pages\/193\/revisions\/195"}],"wp:attachment":[{"href":"http:\/\/pro-it.hu\/kunagota.hu\/wp-json\/wp\/v2\/media?parent=193"}],"curies":[{"name":"wp","href":"https:\/\/api.w.org\/{rel}","templated":true}]}}