{"id":205,"date":"2019-01-25T12:16:23","date_gmt":"2019-01-25T12:16:23","guid":{"rendered":"http:\/\/www.pro-it.hu\/kunagota.hu\/?page_id=205"},"modified":"2023-05-03T05:55:04","modified_gmt":"2023-05-03T05:55:04","slug":"toppalyazatok","status":"publish","type":"page","link":"http:\/\/pro-it.hu\/kunagota.hu\/toppalyazatok\/","title":{"rendered":"TOP\tP\u00c1LY\u00c1ZATOK"},"content":{"rendered":"<table class=\"fotabla\" border=\"0\" width=\"650\" cellspacing=\"0\" cellpadding=\"0\">\n<tbody>\n<tr>\n<td class=\"fotabla_szoveg\" colspan=\"2\" align=\"left\" valign=\"top\" width=\"630\" height=\"350\">\n<div id=\"Container\">\n<div>\n<p>TOP P\u00c1LY\u00c1ZATOK<\/p>\n<p><a style=\"font-size: 14px;\" href=\"http:\/\/pro-it.hu\/kunagota.hu\/wp-content\/uploads\/2023\/05\/TOP_113_piac_aloldaltervezet-.pdf\" target=\"_blank\" rel=\"noopener noreferrer\">Termel\u0151i piact\u00e9r kialak\u00edt\u00e1sa \u00e9s fejleszt\u00e9se Kun\u00e1got\u00e1n<\/a><\/p>\n<\/div>\n<p><a href=\"http:\/\/pro-it.hu\/kunagota.hu\/wp-content\/uploads\/2021\/07\/TOP-1.4.1_00049-Aloldal_tervezet-8.pdf\" target=\"_blank\" rel=\"noopener noreferrer\">Kun\u00e1gotai \u00f3vod\u00e1k udvarainak fejleszt\u00e9se, sport udvar kialak\u00edt\u00e1sa<\/a><br \/>\n<a href=\"http:\/\/www.pro-it.hu\/kunagota.hu\/wp-content\/uploads\/2019\/02\/TOP-3.1.1-Aloldal_tervezet-3.pdf\" target=\"_blank\" rel=\"noopener noreferrer\">K\u00f6z\u00fati k\u00f6zleked\u00e9si biztons\u00e1g komplex fejleszt\u00e9se Kun\u00e1gota telep\u00fcl\u00e9sen<\/a><br \/>\n<a href=\"http:\/\/pro-it.hu\/kunagota.hu\/wp-content\/uploads\/2022\/02\/Aloldal_Kun\u00e1gota-K\u00f6zs\u00e9gh\u00e1za_friss\u00edtett.pdf\" target=\"_blank\" rel=\"noopener noreferrer\">K\u00f6zs\u00e9gh\u00e1za energetikai korszer\u0171s\u00edt\u00e9se Kun\u00e1gota telep\u00fcl\u00e9sen<\/a><br \/>\n<a href=\"http:\/\/pro-it.hu\/kunagota.hu\/wp-content\/uploads\/2021\/02\/TOP-4.1.1_00024-Aloldal_tervezet_z\u00e1r\u00e1skor.pdf\" target=\"_blank\" rel=\"noopener noreferrer\">Kun\u00e1gota I. sz\u00e1m\u00fa rendel\u0151 infrastruktur\u00e1lis fejleszt\u00e9se<\/a><br \/>\n<a href=\"http:\/\/pro-it.hu\/kunagota.hu\/wp-content\/uploads\/2021\/02\/Kunagota_TOP411_24_aloldal_folyamatos_friss\u00edt\u00e9se.pdf\" target=\"_blank\" rel=\"noopener noreferrer\">Folyamatos friss\u00edt\u00e9se<\/a><br \/>\n<a href=\"http:\/\/pro-it.hu\/kunagota.hu\/wp-content\/uploads\/2021\/02\/TOP-4.1.1_00025-Aloldal_tervezet.pdf\" target=\"_blank\" rel=\"noopener noreferrer\">Kun\u00e1gota II. sz\u00e1m\u00fa rendel\u0151 infrastruktur\u00e1lis fejleszt\u00e9se<\/a><br \/>\n<a href=\"http:\/\/pro-it.hu\/kunagota.hu\/wp-content\/uploads\/2021\/02\/Kunagota_TOP411_25_aloldal_folyamatos_friss\u00edt\u00e9se.pdf\" target=\"_blank\" rel=\"noopener noreferrer\">Folyamatos friss\u00edt\u00e9se<\/a><br \/>\n<a href=\"http:\/\/pro-it.hu\/kunagota.hu\/wp-content\/uploads\/2021\/06\/TOP-4.2.1_00048-Aloldal-Kun\u00e1gota.pdf\" target=\"_blank\" rel=\"noopener noreferrer\">Kun\u00e1gota, R\u00e1k\u00f3czi u. 6. sz\u00e1m alatti gyermekv\u00e9delmi \u00e9s csal\u00e1dseg\u00edt\u0151 ell\u00e1t\u00e1si \u00e9p\u00fclet teljes fel\u00faj\u00edt\u00e1sa, \u00e9p\u00edt\u00e9se<\/a><\/p>\n<div>\n<p>\u201eTermeloi piact\u00e9r kialak\u00edt\u00e1sa \u00e9s fejleszt\u00e9se Kun\u00e1got\u00e1n\u201d<br \/>\nTOP-1.1.3-15-BS1-2016-00034 azonos\u00edt\u00f3sz\u00e1m\u00fa projekt keret\u00e9ben<\/p>\n<\/div>\n<p><a href=\"http:\/\/kunagota.hu\/top-palyazatok\/00034\/Ajanlatteteli_Felhivas_alairt.pdf\" target=\"_blank\" rel=\"noopener noreferrer\">AJ\u00c1NLATT\u00c9TELI FELH\u00cdV\u00c1S<\/a><br \/>\n<a href=\"http:\/\/kunagota.hu\/top-palyazatok\/00034\/Kozbeszerzesi_dokumentumok_alairt.pdf\" target=\"_blank\" rel=\"noopener noreferrer\">K\u00d6ZBESZERZ\u00c9SI DOKUMENTUMOK<\/a><br \/>\n<a href=\"http:\/\/kunagota.hu\/top-palyazatok\/00034\/Kozbeszerzesi_dokumentumok_piac.pdf\" target=\"_blank\" rel=\"noopener noreferrer\">K\u00d6ZBESZERZ\u00c9SI DOKUMENTUMOK<\/a><br \/>\n<a href=\"http:\/\/kunagota.hu\/top-palyazatok\/00034\/Vallalkozasi_szerzodes_alairt.pdf\" target=\"_blank\" rel=\"noopener noreferrer\">V\u00e1llalkoz\u00e1si szerz\u0151d\u00e9s<\/a><br \/>\n<a href=\"http:\/\/www.pro-it.hu\/kunagota.hu\/wp-content\/uploads\/2019\/03\/kunagota_muszaki_dokumentacio.rar\" target=\"_blank\" rel=\"noopener noreferrer\">Let\u00f6lthet\u0151 m\u0171szaki dokument\u00e1ci\u00f3k<\/a><\/p>\n<div>\u201eK\u00f6z\u00fati k\u00f6zleked\u00e9si biztons\u00e1g komplex fejleszt\u00e9se Kun\u00e1gota telep\u00fcl\u00e9sen<br \/>\nTOP-3.1.1-15-BS1-2016-00016 azonos\u00edt\u00f3sz\u00e1m\u00fa projekt keret\u00e9ben \u201d<\/div>\n<p><a href=\"http:\/\/kunagota.hu\/top-palyazatok\/Ajanlatteteli_Felhivas.pdf\" target=\"_blank\" rel=\"noopener noreferrer\">Aj\u00e1nlatt\u00e9teli felh\u00edv\u00e1s<\/a><br \/>\n<a href=\"http:\/\/kunagota.hu\/top-palyazatok\/ajanlatteteli_dokumentacio.pdf\" target=\"_blank\" rel=\"noopener noreferrer\">Aj\u00e1nlatt\u00e9teli dokument\u00e1ci\u00f3<\/a><br \/>\n<a href=\"http:\/\/kunagota.hu\/top-palyazatok\/Szerzodes_tervezet.pdf\" target=\"_blank\" rel=\"noopener noreferrer\">Szerz\u0151d\u00e9s tervezet<\/a><br \/>\n<a href=\"http:\/\/kunagota.hu\/top-palyazatok\/KUNaGOTA_kput_arazatlan_koltsegvetes.pdf\" target=\"_blank\" rel=\"noopener noreferrer\">K\u00f6lts\u00e9gvet\u00e9s<\/a><br \/>\n<a href=\"http:\/\/kunagota.hu\/top-palyazatok\/muszaki_leiras\" target=\"_blank\" rel=\"noopener noreferrer\">M\u0171szaki le\u00edr\u00e1s<\/a><br \/>\n<a href=\"http:\/\/kunagota.hu\/top-palyazatok\/kiegeszito_tajekoztatas.pdf\" target=\"_blank\" rel=\"noopener noreferrer\">Kieg\u00e9sz\u00edt\u0151 t\u00e1j\u00e9koztat\u00e1s<\/a><br \/>\n<a href=\"http:\/\/kunagota.hu\/top-palyazatok\/Ajanlattetelre_felkert_gazd.szereplok.pdf\" target=\"_blank\" rel=\"noopener noreferrer\">Aj\u00e1nlatt\u00e9telre felk\u00e9rt szerepl\u0151k<\/a><br \/>\n<a href=\"http:\/\/kunagota.hu\/top-palyazatok\/Bontasi_jkv_es_Jelenleti_iv0001.pdf\" target=\"_blank\" rel=\"noopener noreferrer\">Bont\u00e1si jegyz\u0151k\u00f6nyv \u00e9s jelenl\u00e9ti \u00edv<\/a><\/p>\n<div>\u201eKun\u00e1gota II.sz. rendel\u0151 infrastrukt\u00far\u00e1lis fejleszt\u00e9se\u201d<br \/>\nTOP-4.1.1-15-BS1-2016-00025 azonos\u00edt\u00f3sz\u00e1m\u00fa projekt keret\u00e9ben<\/div>\n<p><a href=\"http:\/\/kunagota.hu\/top-palyazatok\/Ajanlatteteli_Felhivas-00025.pdf\" target=\"_blank\" rel=\"noopener noreferrer\">Aj\u00e1nlatt\u00e9teli felh\u00edv\u00e1s<\/a><br \/>\n<a href=\"http:\/\/kunagota.hu\/top-palyazatok\/Ajanlatteteli_dokumentacio-00025.pdf\" target=\"_blank\" rel=\"noopener noreferrer\">Aj\u00e1nlatt\u00e9teli dokument\u00e1ci\u00f3<\/a><br \/>\n<a href=\"http:\/\/kunagota.hu\/top-palyazatok\/vallalkozasi_szerzodes_orvosi_rendelo_II_alairt-00025.pdf\" target=\"_blank\" rel=\"noopener noreferrer\">V\u00e1llalkoz\u00f3i szerz\u0151d\u00e9s tervezet<\/a><br \/>\n<a href=\"http:\/\/kunagota.hu\/top-palyazatok\/Kunagota-II.-rendelo-vall.szerz-25.pdf\" target=\"_blank\" rel=\"noopener noreferrer\">V\u00e1llalkoz\u00f3i szerz\u0151d\u00e9s<\/a><br \/>\n<a href=\"http:\/\/kunagota.hu\/top-palyazatok\/Bontasi_jkv_alairt.pdf\" target=\"_blank\" rel=\"noopener noreferrer\">Bont\u00e1si jegyz\u0151k\u00f6nyv<\/a><br \/>\n<a href=\"http:\/\/kunagota.hu\/top-palyazatok\/Felkert_ajanlattevok.pdf\" target=\"_blank\" rel=\"noopener noreferrer\">Aj\u00e1nlatt\u00e9telre felk\u00e9rt gazdas\u00e1gi szerepl\u0151k<\/a><br \/>\n<a href=\"http:\/\/kunagota.hu\/top-palyazatok\/arazatlan_koltsegvetes-00025\" target=\"_blank\" rel=\"noopener noreferrer\">\u00c1razatlan k\u00f6lts\u00e9gvet\u00e9s<\/a><br \/>\n<a href=\"http:\/\/kunagota.hu\/top-palyazatok\/tervek-00025\" target=\"_blank\" rel=\"noopener noreferrer\">Tervek<\/a><\/p>\n<p><a href=\"http:\/\/kunagota.hu\/top-palyazatok\/KUNAGOTA_II_szezodes.pdf\" target=\"_blank\" rel=\"noopener noreferrer\">V\u00e1llalkoz\u00e1si szerzod\u00e9s<\/a><\/p>\n<div>\u201eKun\u00e1gota I.sz. rendel\u0151 infrastrukt\u00far\u00e1lis fejleszt\u00e9se\u201d<br \/>\nTOP-4.1.1-15-BS1-2016-00024 azonos\u00edt\u00f3sz\u00e1m\u00fa projekt keret\u00e9ben<\/div>\n<p><a href=\"http:\/\/kunagota.hu\/top-palyazatok\/rendeloI\/AF_Kunagota_orvosi_rendelo_I.alairt.pdf\" target=\"_blank\" rel=\"noopener noreferrer\">Aj\u00e1nlatt\u00e9teli felh\u00edv\u00e1s<\/a><br \/>\n<a href=\"http:\/\/kunagota.hu\/top-palyazatok\/rendeloI\/Vallalkozasi_szerzodes_epites_orvosi%20_I.alairt.pdf\" target=\"_blank\" rel=\"noopener noreferrer\">Szerz\u0151d\u00e9s&nbsp;<\/a><br \/>\n<a href=\"http:\/\/kunagota.hu\/top-palyazatok\/rendeloI\/Koltsegvetesek.vegleges.zip\" target=\"_blank\" rel=\"noopener noreferrer\">K\u00f6lts\u00e9gvet\u00e9s<\/a><br \/>\n<a href=\"http:\/\/kunagota.hu\/top-palyazatok\/rendeloI\/Muszaki_dokumentumok.rar\" target=\"_blank\" rel=\"noopener noreferrer\">M\u0171szaki le\u00edr\u00e1s<\/a><br \/>\n<a href=\"http:\/\/kunagota.hu\/top-palyazatok\/rendeloI\/Kozbeszerzesi_dokumentumok_orvosi_rendelo_I.doc\" target=\"_blank\" rel=\"noopener noreferrer\">K\u00f6zbeszerz\u00e9si Dokumentumok<\/a><br \/>\n<a href=\"http:\/\/kunagota.hu\/top-palyazatok\/rendeloI\/Kozbeszerzesi_dokumentumok_orvosi_rendelo_I_alairt.pdf\" target=\"_blank\" rel=\"noopener noreferrer\">K\u00f6zbeszerz\u00e9si Dokumentumok Al\u00e1\u00edrt<\/a><\/p>\n<div>\u201eK\u00f6zs\u00e9gh\u00e1za energetikai korszer\u0171s\u00edt\u00e9se Kun\u00e1gota telep\u00fcl\u00e9sen\u201d TOP-3.2.1-15-BS1-2016-00035 azonos\u00edt\u00f3sz\u00e1m\u00fa projekt keret\u00e9ben<\/div>\n<p><a href=\"http:\/\/kunagota.hu\/top-palyazatok\/00035\/AF_Kunagota_energetika.alairt.pdf\" target=\"_blank\" rel=\"noopener noreferrer\">AJ\u00c1NLATT\u00c9TELI FELH\u00cdV\u00c1S<\/a><br \/>\n<a href=\"http:\/\/kunagota.hu\/top-palyazatok\/00035\/Kozbeszerzesi_dokumentumok_energetika.pdf\" target=\"_blank\" rel=\"noopener noreferrer\">K\u00d6ZBESZERZ\u00c9SI DOKUMENTUMOK<\/a><br \/>\n<a href=\"http:\/\/kunagota.hu\/top-palyazatok\/00035\/Kozbeszerzesi_dokumentumok_energetika.alairt.pdf\" target=\"_blank\" rel=\"noopener noreferrer\">K\u00d6ZBESZERZ\u00c9SI DOKUMENTUMOK &#8211; AL\u00c1\u00cdRT<\/a><\/p>\n<\/div>\n<\/td>\n<\/tr>\n<\/tbody>\n<\/table>\n","protected":false},"excerpt":{"rendered":"<p>TOP P\u00c1LY\u00c1ZATOK Termel\u0151i piact\u00e9r kialak\u00edt\u00e1sa \u00e9s fejleszt\u00e9se Kun\u00e1got\u00e1n Kun\u00e1gotai \u00f3vod\u00e1k udvarainak fejleszt\u00e9se, sport udvar kialak\u00edt\u00e1sa K\u00f6z\u00fati k\u00f6zleked\u00e9si biztons\u00e1g komplex fejleszt\u00e9se Kun\u00e1gota telep\u00fcl\u00e9sen K\u00f6zs\u00e9gh\u00e1za energetikai korszer\u0171s\u00edt\u00e9se Kun\u00e1gota telep\u00fcl\u00e9sen Kun\u00e1gota I. sz\u00e1m\u00fa rendel\u0151 infrastruktur\u00e1lis fejleszt\u00e9se Folyamatos friss\u00edt\u00e9se Kun\u00e1gota II. sz\u00e1m\u00fa rendel\u0151 infrastruktur\u00e1lis&hellip; <\/p>\n","protected":false},"author":1,"featured_media":0,"parent":0,"menu_order":13,"comment_status":"closed","ping_status":"closed","template":"","meta":{"ngg_post_thumbnail":0,"footnotes":"","_links_to":"","_links_to_target":""},"class_list":["post-205","page","type-page","status-publish","hentry"],"_links":{"self":[{"href":"http:\/\/pro-it.hu\/kunagota.hu\/wp-json\/wp\/v2\/pages\/205","targetHints":{"allow":["GET"]}}],"collection":[{"href":"http:\/\/pro-it.hu\/kunagota.hu\/wp-json\/wp\/v2\/pages"}],"about":[{"href":"http:\/\/pro-it.hu\/kunagota.hu\/wp-json\/wp\/v2\/types\/page"}],"author":[{"embeddable":true,"href":"http:\/\/pro-it.hu\/kunagota.hu\/wp-json\/wp\/v2\/users\/1"}],"replies":[{"embeddable":true,"href":"http:\/\/pro-it.hu\/kunagota.hu\/wp-json\/wp\/v2\/comments?post=205"}],"version-history":[{"count":29,"href":"http:\/\/pro-it.hu\/kunagota.hu\/wp-json\/wp\/v2\/pages\/205\/revisions"}],"predecessor-version":[{"id":1401,"href":"http:\/\/pro-it.hu\/kunagota.hu\/wp-json\/wp\/v2\/pages\/205\/revisions\/1401"}],"wp:attachment":[{"href":"http:\/\/pro-it.hu\/kunagota.hu\/wp-json\/wp\/v2\/media?parent=205"}],"curies":[{"name":"wp","href":"https:\/\/api.w.org\/{rel}","templated":true}]}}