{"id":2085,"date":"2020-04-23T06:25:32","date_gmt":"2020-04-23T06:25:32","guid":{"rendered":"http:\/\/www.pro-it.hu\/kunagota.hu\/?page_id=2085"},"modified":"2024-07-11T08:38:58","modified_gmt":"2024-07-11T08:38:58","slug":"helyi-eselyegyenlosegi-program","status":"publish","type":"page","link":"http:\/\/pro-it.hu\/kunagota.hu\/helyi-eselyegyenlosegi-program\/","title":{"rendered":"Helyi Es\u00e9lyegyenl\u0151s\u00e9gi program"},"content":{"rendered":"<a href=\"http:\/\/pro-it.hu\/kunagota.hu\/wp-content\/uploads\/2024\/05\/Helyi-Es\u00e8lyegyenl\u0151s\u00e8gi-Program.pdf\" class=\"pdfemb-viewer\" style=\"\" data-width=\"max\" data-height=\"max\" data-toolbar=\"bottom\" data-toolbar-fixed=\"off\">Helyi Es\u00e8lyegyenl\u0151s\u00e8gi Program<\/a>\n<p>&nbsp;<\/p>\n<p><span style=\"font-family: Helvetica, sans-serif; font-size: 14px; font-style: normal; font-weight: 400;\"><a href=\"http:\/\/pro-it.hu\/kunagota.hu\/wp-content\/uploads\/2020\/11\/HEP.pdf\" class=\"pdfemb-viewer\" style=\"\" data-width=\"max\" data-height=\"max\" data-toolbar=\"bottom\" data-toolbar-fixed=\"off\">HEP<\/a><\/span><\/p>\n<p>&nbsp;<\/p>\n<p style=\"font-family: Helvetica, sans-serif; font-size: 14px; font-style: normal; font-weight: 400;\"><span style=\"font-family: Helvetica, sans-serif; font-size: 14px; font-style: normal; font-weight: 400;\"><a href=\"http:\/\/pro-it.hu\/kunagota.hu\/wp-content\/uploads\/2020\/11\/HEP-fel\u00fclvizsg\u00e1lat-2020.pdf\" class=\"pdfemb-viewer\" style=\"\" data-width=\"max\" data-height=\"max\" data-toolbar=\"bottom\" data-toolbar-fixed=\"off\">HEP fel\u00fclvizsg\u00e1lat 2020<\/a><\/span><\/p>\n<p>&nbsp;<\/p>\n","protected":false},"excerpt":{"rendered":"<p>&nbsp; &nbsp; &nbsp;<\/p>\n","protected":false},"author":1,"featured_media":0,"parent":0,"menu_order":0,"comment_status":"closed","ping_status":"closed","template":"","meta":{"ngg_post_thumbnail":0,"footnotes":"","_links_to":"","_links_to_target":""},"class_list":["post-2085","page","type-page","status-publish","hentry"],"_links":{"self":[{"href":"http:\/\/pro-it.hu\/kunagota.hu\/wp-json\/wp\/v2\/pages\/2085","targetHints":{"allow":["GET"]}}],"collection":[{"href":"http:\/\/pro-it.hu\/kunagota.hu\/wp-json\/wp\/v2\/pages"}],"about":[{"href":"http:\/\/pro-it.hu\/kunagota.hu\/wp-json\/wp\/v2\/types\/page"}],"author":[{"embeddable":true,"href":"http:\/\/pro-it.hu\/kunagota.hu\/wp-json\/wp\/v2\/users\/1"}],"replies":[{"embeddable":true,"href":"http:\/\/pro-it.hu\/kunagota.hu\/wp-json\/wp\/v2\/comments?post=2085"}],"version-history":[{"count":13,"href":"http:\/\/pro-it.hu\/kunagota.hu\/wp-json\/wp\/v2\/pages\/2085\/revisions"}],"predecessor-version":[{"id":5109,"href":"http:\/\/pro-it.hu\/kunagota.hu\/wp-json\/wp\/v2\/pages\/2085\/revisions\/5109"}],"wp:attachment":[{"href":"http:\/\/pro-it.hu\/kunagota.hu\/wp-json\/wp\/v2\/media?parent=2085"}],"curies":[{"name":"wp","href":"https:\/\/api.w.org\/{rel}","templated":true}]}}