{"id":209,"date":"2019-01-25T12:17:29","date_gmt":"2019-01-25T12:17:29","guid":{"rendered":"http:\/\/www.pro-it.hu\/kunagota.hu\/?page_id=209"},"modified":"2019-02-08T13:57:49","modified_gmt":"2019-02-08T13:57:49","slug":"asp-csatlakozas","status":"publish","type":"page","link":"http:\/\/pro-it.hu\/kunagota.hu\/asp-csatlakozas\/","title":{"rendered":"ASP CSATLAKOZ\u00c1S"},"content":{"rendered":"<p><img decoding=\"async\" src=\"http:\/\/kunagota.hu\/asp\/asp.gif\" alt=\"\" width=\"35%\"><\/p>\n<div>&#8222;KUN\u00c1GOTA K\u00d6ZS\u00c9G \u00d6NKORM\u00c1NYZAT<br \/>\nASP K\u00d6ZPONTHOZ VAL\u00d3 CSATLAKOZ\u00c1SA&#8221;<br \/>\nK\u00d6FOP-1.2.1-VEKOP-16-2017-00794<\/div>\n<div><strong>Kedvezm\u00e9nyezett neve:<\/strong>&nbsp;KUN\u00c1GOTA K\u00d6ZS\u00c9G \u00d6NKORM\u00c1NYZAT<br \/>\n<strong>Projekt c\u00edme:<\/strong>&nbsp;&#8222;KUN\u00c1GOTA K\u00d6ZS\u00c9G \u00d6NKORM\u00c1NYZAT ASP K\u00d6ZPONTHOZ VAL\u00d3 CSATLAKOZ\u00c1SA\u201d<br \/>\n<strong>Projekt azonos\u00edt\u00f3 sz\u00e1ma:<\/strong>&nbsp;K\u00d6FOP-1.2.1-VEKOP-16-2016-00189<br \/>\n<strong>A szerz\u0151d\u00f6tt t\u00e1mogat\u00e1s \u00f6sszege:<\/strong>&nbsp;7 000 000 Ft<br \/>\n<strong>A t\u00e1mogat\u00e1s m\u00e9rt\u00e9ke:&nbsp;<\/strong>100%<br \/>\n<strong>A projekt tervezett befejez\u00e9si d\u00e1tuma:&nbsp;<\/strong>2018.05.31<\/div>\n<div>Projekt tartalm\u00e1nak bemutat\u00e1sa:<\/div>\n<div>\n<h2>EL\u0150ZM\u00c9NYEK:<\/h2>\n<p>Az elektronikus k\u00f6zigazgat\u00e1s kiterjeszt\u00e9s\u00e9nek egyik l\u00e9nyegi eleme az \u00f6nkorm\u00e1nyzatokn\u00e1l foly\u00f3, l\u00e9nyeg\u00e9ben a teljes lakoss\u00e1got \u00e9rint\u0151 k\u00f6zigazgat\u00e1si munka informatikai eszk\u00f6z\u00f6kkel t\u00f6rt\u00e9n\u0151 t\u00e1mogat\u00e1sa. Az \u00f6nkorm\u00e1nyzati feladatell\u00e1t\u00e1s egys\u00e9gess\u00e9g\u00e9nek biztos\u00edt\u00e1sa, az orsz\u00e1g p\u00e9nz\u00fcgyi stabilit\u00e1s\u00e1nak meg\u0151rz\u00e9se \u00e9rdek\u00e9ben a feladatell\u00e1t\u00e1shoz az \u00e1llam biztos\u00edt k\u00f6zponti inform\u00e1ci\u00f3s rendszer szint\u0171 t\u00e1mogat\u00e1st. Az \u00f6nkorm\u00e1nyzatok sz\u00e1m\u00e1ra, az \u00e1llampolg\u00e1rok magas sz\u00ednvonal\u00fa kiszolg\u00e1l\u00e1sa \u00e9rdek\u00e9ben gazdas\u00e1gosabb, hat\u00e9konyabb \u00e9s biztons\u00e1gosabb az ASP technol\u00f3gia alkalmaz\u00e1sa, \u00e9s egy orsz\u00e1gos \u00f6nkorm\u00e1nyzati ASP k\u00f6zpont l\u00e9trehoz\u00e1sa, amelynek l\u00e9nyege, hogy az \u00f6nkorm\u00e1nyzat az ASP szolg\u00e1ltat\u00f3 k\u00f6zpontt\u00f3l szolg\u00e1ltat\u00e1sk\u00e9nt veszi ig\u00e9nybe a k\u00f6telez\u0151 feladatok ell\u00e1t\u00e1s\u00e1hoz sz\u00fcks\u00e9ges alkalmaz\u00e1sokat, \u00edgy biztos\u00edtja \u00fcgyfelei hat\u00e9kony kiszolg\u00e1l\u00e1s\u00e1t, valamint a szakfeladatok ell\u00e1t\u00e1s\u00e1nak informatikai t\u00e1mogat\u00e1s\u00e1t.<\/p>\n<p>Az elektronikus \u00fcgyint\u00e9z\u00e9s \u00e9s a bizalmi szolg\u00e1ltat\u00e1sok \u00e1ltal\u00e1nos szab\u00e1lyair\u00f3l sz\u00f3l\u00f3 2015. \u00e9vi CCXXII. t\u00f6rv\u00e9ny rendelkez\u00e9sei alapj\u00e1n az elektronikus \u00fcgyint\u00e9z\u00e9sre k\u00f6telezett szerveknek \u2013 \u00edgy az \u00f6nkorm\u00e1nyzatoknak is \u2013 legk\u00e9s\u0151bb 2018. janu\u00e1r 1-j\u00e9t\u0151l biztos\u00edtaniuk kell a t\u00f6rv\u00e9nyben el\u0151\u00edrtak szerint (25. 8 \u00a7) az e-\u00fcgyint\u00e9z\u00e9s lehet\u0151s\u00e9g\u00e9t. Az \u00e1llam \u00e1ltal ingyenesen biztos\u00edtott \u00f6nkorm\u00e1nyzati ASP rendszer ezeket a k\u00e9pess\u00e9geket az \u00f6nkorm\u00e1nyzatn\u00e1l \u2013 rendszercsatlakoz\u00e1s eset\u00e9n \u2013 megteremti.<br \/>\nAz \u00f6nkorm\u00e1nyzati ASP k\u00f6zpontr\u00f3l \u00e9s a k\u00f6zfeladatot ell\u00e1t\u00f3 szervek iratkezel\u00e9s\u00e9nek \u00e1ltal\u00e1nos k\u00f6vetelm\u00e9nyeir\u0151l sz\u00f3l\u00f3 335\/2005. (XII. 29.) Korm. rendelet m\u00f3dos\u00edt\u00e1s\u00e1r\u00f3l sz\u00f3l\u00f3 62\/2015. (III. 24.) Korm. rendelet megteremtette az ASP rendszer m\u0171k\u00f6dtet\u00e9s\u00e9nek jogi, szervezeti \u00e9s felel\u0151ss\u00e9gi keret\u00e9t. Az ASP k\u00f6zpont m\u0171k\u00f6dtet\u0151jek\u00e9nt a Magyar \u00c1llamkincst\u00e1r (a tov\u00e1bbiakban: Kincst\u00e1r) ker\u00fclt kijel\u00f6l\u00e9sre, az ASP k\u00f6zpont alapinfrastrukt\u00fara informatikai \u00fczemeltet\u00e9s\u00e9rt a NISZ Nemzeti Infokommunik\u00e1ci\u00f3s Szolg\u00e1ltat\u00f3 Z\u00e1rtk\u00f6r\u0171en M\u0171k\u00f6d\u0151 R\u00e9szv\u00e9nyt\u00e1rsas\u00e1g (a tov\u00e1bbiakban: NISZ Zrt.) felel\u0151s. Az \u00f6nkorm\u00e1nyzati ASP k\u00f6zpont az uni\u00f3s forr\u00e1sb\u00f3l megval\u00f3sult EKOP-2.1.25. \u201e\u00d6nkorm\u00e1nyzati ASP k\u00f6zpont fel\u00e1ll\u00edt\u00e1sa\u201d c\u00edm\u0171 kiemelt projekt keret\u00e9ben ker\u00fclt kialak\u00edt\u00e1sa.<br \/>\nA projekt megval\u00f3s\u00edt\u00e1sa kapcs\u00e1n a k\u00f6vetkez\u0151 szakrendszeri szolg\u00e1ltat\u00e1sok j\u00f6ttek l\u00e9tre: keretrendszer, gazd\u00e1lkod\u00e1si rendszer, ingatlan-vagyonkataszter rendszer, \u00f6nkorm\u00e1nyzati ad\u00f3 rendszer, iratkezel\u0151 rendszer, \u00f6nkorm\u00e1nyzati \u00e9s elektronikus \u00fcgyint\u00e9z\u00e9si port\u00e1lrendszer, ipar- \u00e9s kereskedelmi rendszer. Az egyes szakrendszerek az \u00f6nkorm\u00e1nyzat egy-egy, jogszab\u00e1lyban r\u00f6gz\u00edtett feladat\u00e1nak informatikai t\u00e1mogat\u00e1s\u00e1t l\u00e1tj\u00e1k el. Az ASP technol\u00f3gia alkalmaz\u00e1s\u00e1ra, az \u00f6nkorm\u00e1nyzati ASP k\u00f6zponthoz t\u00f6rt\u00e9n\u0151 csatlakoz\u00e1sokra m\u00e1r sor ker\u00fclt egy, az \u00f6nkorm\u00e1nyzatok \u00f6nk\u00e9ntes r\u00e9szv\u00e9tel\u00e9n alapul\u00f3 korm\u00e1nyrendelet alapj\u00e1n. Az \u00f6nkorm\u00e1nyzatok egy r\u00e9sz\u00e9nek \u00f6nk\u00e9ntes csatlakoz\u00e1sa \u00e9s a feladatt\u00e1mogat\u00e1shoz sz\u00fcks\u00e9ges fejleszt\u00e9sek megval\u00f3s\u00edt\u00e1s\u00e1nak els\u0151 szakasza uni\u00f3s t\u00e1mogat\u00e1ssal t\u00f6rt\u00e9nt a k\u00f6z\u00e9p-magyarorsz\u00e1gi r\u00e9gi\u00f3ban, egyr\u00e9szt az EKOP-2.1.25 kiemelt projekt keret\u00e9ben, m\u00e1sr\u00e9szt a KMOP-4.7.1-13 sz\u00e1m\u00fa csatlakoz\u00e1si p\u00e1ly\u00e1zat keret\u00e9ben.<\/p>\n<p>Az \u00faj t\u00f6rv\u00e9nyi \u00e9s korm\u00e1nyrendeleti szab\u00e1lyoz\u00e1s ennek a technol\u00f3gi\u00e1nak az orsz\u00e1gos kiterjeszt\u00e9s\u00e9t c\u00e9lozza \u00fagy, hogy most m\u00e1r k\u00f6telez\u0151v\u00e9 teszi az \u00f6nkorm\u00e1nyzatok sz\u00e1m\u00e1ra a csatlakoz\u00e1st. A K\u00f6zigazgat\u00e1s- \u00e9s K\u00f6zszolg\u00e1ltat\u00e1s-fejleszt\u00e9s Operat\u00edv Program \u00e9ves fejleszt\u00e9si keret\u00e9nek meg\u00e1llap\u00edt\u00e1s\u00e1r\u00f3l sz\u00f3l\u00f3 1004\/2016. (I. 18.) Korm. hat\u00e1rozat neves\u00edti \u201eAz \u00f6nkorm\u00e1nyzati ASP rendszer tov\u00e1bbfejleszt\u00e9se \u00e9s orsz\u00e1gos kiterjeszt\u00e9se (ASP 2.0)\u201e c\u00edm\u0171 kiemelt projektet, amely az \u00f6nkorm\u00e1nyzati ASP k\u00f6zpont tov\u00e1bbfejleszt\u00e9s\u00e9t, \u2013 ennek keret\u00e9ben \u00faj szakrendszer kialak\u00edt\u00e1sa: ; hagyat\u00e9ki lelt\u00e1r rendszer egyes szakrendszerek tov\u00e1bbfejleszt\u00e9se, adatt\u00e1rh\u00e1z fejleszt\u00e9se \u2013 valamint az orsz\u00e1gos kiterjeszt\u00e9s biztos\u00edt\u00e1s\u00e1t \u00e9s t\u00e1mogat\u00e1s\u00e1t val\u00f3s\u00edtja meg. Az orsz\u00e1gos kiterjeszt\u00e9s \u00e9rdek\u00e9ben k\u00fcl\u00f6n konstrukci\u00f3 keret\u00e9ben ker\u00fclnek t\u00e1mogat\u00e1sra az egyes jogosult \u00f6nkorm\u00e1nyzatok \u00f6nkorm\u00e1nyzati ASP k\u00f6zponthoz t\u00f6rt\u00e9n\u0151 csatlakoz\u00e1s\u00e1nak k\u00f6lts\u00e9gei.<\/p>\n<h2>A PROJEKT TARTALMA:<\/h2>\n<p>A projekt sor\u00e1n az al\u00e1bbi szakrendszerek tekintet\u00e9ben val\u00f3sul meg rendszercsatlakoz\u00e1s: &#8211; iratkezel\u0151 rendszer &#8211; \u00f6nkorm\u00e1nyzati telep\u00fcl\u00e9si port\u00e1l rendszer &#8211; gazd\u00e1lkod\u00e1si rendszer &#8211; ingatlanvagyon-kataszter &#8211; \u00f6nkorm\u00e1nyzati ad\u00f3 rendszer &#8211; ipar- \u00e9s kereskedelmi rendszer &#8211; hagyat\u00e9ki lelt\u00e1rrendszer. A megval\u00f3s\u00edt\u00e1s alatt az \u00e9rintett munkav\u00e1llal\u00f3knak a Magyar \u00c1llamkincst\u00e1r \u00e1ltal szervezett oktat\u00e1sokon kell r\u00e9szt venni\u00fck.<br \/>\nA korszer\u0171 informatikai h\u00e1tt\u00e9r biztos\u00edt\u00e1sa \u00e9rdek\u00e9ben a p\u00e1ly\u00e1zat keretein bel\u00fcl a k\u00f6vetkez\u0151 informatikai eszk\u00f6z\u00f6k ker\u00fcltek beszerz\u00e9sre:<\/p>\n<hr>\n<table>\n<tbody>\n<tr>\n<td>Megval\u00f3s\u00edt\u00e1si<br \/>\nhelysz\u00edn<\/td>\n<td>Tev\u00e9kenys\u00e9g neve<\/td>\n<td class=\"right\">Mennyis\u00e9g(db)<\/td>\n<\/tr>\n<\/tbody>\n<\/table>\n<hr>\n<p><strong>Munka\u00e1llom\u00e1sok MS Windows k\u00f6rnyezetben<\/strong><\/p>\n<table width=\"100%\">\n<tbody>\n<tr>\n<td rowspan=\"6\">Kun\u00e1gota<\/td>\n<td>PRO-IT ASP PC(G4400\/4GB<\/td>\n<td class=\"right\" rowspan=\"6\">1<\/td>\n<\/tr>\n<tr>\n<td>DDR4\/120GB\/DVD\/iVGA\/400W\/BILL+EG\u00c9R)<\/td>\n<\/tr>\n<tr>\n<td>Win Pro 7 SP1 x64 Hungarian 1pk DSP OEM<\/td>\n<\/tr>\n<tr>\n<td>Office Home and Business 2016 Win Hungarian EuroZone<\/td>\n<\/tr>\n<tr>\n<td>Medialess<\/td>\n<\/tr>\n<tr>\n<td>Kaspersky Intern Sec. 2016 MD HUN<\/td>\n<\/tr>\n<\/tbody>\n<\/table>\n<table width=\"100%\">\n<tbody>\n<tr>\n<td rowspan=\"6\">Alm\u00e1skamar\u00e1s<\/td>\n<td>PRO-IT ASP PC(G4400\/4GB<\/td>\n<td class=\"right\" rowspan=\"6\">1<\/td>\n<\/tr>\n<tr>\n<td>DDR4\/120GB\/DVD\/iVGA\/400W\/BILL+EG\u00c9R)<\/td>\n<\/tr>\n<tr>\n<td>Win Pro 7 SP1 x64 Hungarian 1pk DSP OEM<\/td>\n<\/tr>\n<tr>\n<td>Office Home and Business 2016 Win Hungarian EuroZone<\/td>\n<\/tr>\n<tr>\n<td>Medialess<\/td>\n<\/tr>\n<tr>\n<td>Kaspersky Intern Sec. 2016 MD HUN<\/td>\n<\/tr>\n<\/tbody>\n<\/table>\n<table width=\"100%\">\n<tbody>\n<tr>\n<td rowspan=\"6\">Pusztaottlaka<\/td>\n<td>PRO-IT ASP PC(G4400\/4GB<\/td>\n<td class=\"right\" rowspan=\"6\">1<\/td>\n<\/tr>\n<tr>\n<td>DDR4\/120GB\/DVD\/iVGA\/400W\/BILL+EG\u00c9R)<\/td>\n<\/tr>\n<tr>\n<td>Win Pro 7 SP1 x64 Hungarian 1pk DSP OEM<\/td>\n<\/tr>\n<tr>\n<td>Office Home and Business 2016 Win Hungarian EuroZone<\/td>\n<\/tr>\n<tr>\n<td>Medialess<\/td>\n<\/tr>\n<tr>\n<td>Kaspersky Intern Sec. 2016 MD HUN<\/td>\n<\/tr>\n<\/tbody>\n<\/table>\n<hr>\n<p><strong>Multifunkci\u00f3s, nyomatk\u00e9sz\u00edt\u0151 alapkonfigur\u00e1ci\u00f3<\/strong><\/p>\n<table>\n<tbody>\n<tr>\n<td>Kun\u00e1gota<\/td>\n<td>Epson WorkForce M200 mono A4 3in1 MFP, ADF, Ethernet, 3 \u00e9v<\/td>\n<td class=\"right\">1<\/td>\n<\/tr>\n<\/tbody>\n<\/table>\n<hr>\n<p><strong>Monitor alapkonfigur\u00e1ci\u00f3<\/strong><\/p>\n<table>\n<tbody>\n<tr>\n<td>Kun\u00e1gota<\/td>\n<td>LG 22M38A-B FullHD monitor<\/td>\n<td class=\"right\">1<\/td>\n<\/tr>\n<tr>\n<td>Alm\u00e1skamar\u00e1s<\/td>\n<td>LG 22M38A-B FullHD monitor<\/td>\n<td class=\"right\">1<\/td>\n<\/tr>\n<tr>\n<td>Pusztaottlaka<\/td>\n<td>LG 22M38A-B FullHD monitor<\/td>\n<td class=\"right\">1<\/td>\n<\/tr>\n<\/tbody>\n<\/table>\n<hr>\n<p><strong>Sz\u00fcnetmentes t\u00e1pegys\u00e9g<\/strong><\/p>\n<table>\n<tbody>\n<tr>\n<td>Kun\u00e1gota<\/td>\n<td>INFOSEC UPS E6 Evolution &#8211; 1000 VA\/900W &#8211; OnLine<\/td>\n<td class=\"right\">1<\/td>\n<\/tr>\n<tr>\n<td>Alm\u00e1skamar\u00e1s<\/td>\n<td>INFOSEC UPS E6 Evolution &#8211; 1000 VA\/900W &#8211; OnLine<\/td>\n<td class=\"right\">1<\/td>\n<\/tr>\n<tr>\n<td>Pusztaottlaka<\/td>\n<td>INFOSEC UPS E6 Evolution &#8211; 1000 VA\/900W &#8211; OnLine<\/td>\n<td class=\"right\">1<\/td>\n<\/tr>\n<\/tbody>\n<\/table>\n<hr>\n<p><strong>Switch eszk\u00f6z 1.<\/strong><\/p>\n<table>\n<tbody>\n<tr>\n<td>Alm\u00e1skamar\u00e1s<\/td>\n<td>D-Link 16-port 10\/100\/1000 Base-T port with 4 x 1000Base-T \/SFP<\/td>\n<td class=\"right\">1<\/td>\n<\/tr>\n<tr>\n<td>Pusztaottlaka<\/td>\n<td>D-Link 16-port 10\/100\/1000 Base-T port with 4 x 1000Base-T \/SFP<\/td>\n<td class=\"right\">1<\/td>\n<\/tr>\n<\/tbody>\n<\/table>\n<hr>\n<p><strong>Switch eszk\u00f6z 2.<\/strong><\/p>\n<table>\n<tbody>\n<tr>\n<td>Kun\u00e1gota<\/td>\n<td>ZyXEL GS1900-24, 24x Gigabit metal + 2x SFP, IPv6, 802.3az<\/td>\n<td class=\"right\">2<\/td>\n<\/tr>\n<\/tbody>\n<\/table>\n<hr>\n<p><strong>Rack szekr\u00e9ny 1.<\/strong><\/p>\n<table>\n<tbody>\n<tr>\n<td>Alm\u00e1skamar\u00e1s<\/td>\n<td>RITTAL NT fali rack 12U 600&#215;600, \u00fcvegajt\u00f3val<\/td>\n<td class=\"right\">1<\/td>\n<\/tr>\n<tr>\n<td>Pusztaottlaka<\/td>\n<td>RITTAL NT fali rack 12U 600&#215;600, \u00fcvegajt\u00f3val<\/td>\n<td class=\"right\">1<\/td>\n<\/tr>\n<\/tbody>\n<\/table>\n<hr>\n<p><strong>Rack szekr\u00e9ny 2.<\/strong><\/p>\n<table>\n<tbody>\n<tr>\n<td>Kun\u00e1gota<\/td>\n<td>RITTAL NT fali rack 15U 600&#215;600, \u00fcvegajt\u00f3val<\/td>\n<td class=\"right\">1<\/td>\n<\/tr>\n<\/tbody>\n<\/table>\n<hr>\n<p><strong>K\u00e1rtyaolvas\u00f3 alapkonfigur\u00e1ci\u00f3<\/strong><\/p>\n<table>\n<tbody>\n<tr>\n<td>Kun\u00e1gota<\/td>\n<td>REINER SCT cyberJack RFID basis &#8211; e-szem\u00e9lyi igazolv\u00e1ny olvas\u00f3 2718500-100<\/td>\n<td class=\"right\">4<\/td>\n<\/tr>\n<tr>\n<td>Alm\u00e1skamar\u00e1s<\/td>\n<td>REINER SCT cyberJack RFID basis &#8211; e-szem\u00e9lyi igazolv\u00e1ny olvas\u00f3 2718500-100<\/td>\n<td class=\"right\">3<\/td>\n<\/tr>\n<tr>\n<td>Pusztaottlaka<\/td>\n<td>REINER SCT cyberJack RFID basis &#8211; e-szem\u00e9lyi igazolv\u00e1ny olvas\u00f3 2718500-100<\/td>\n<td class=\"right\">3<\/td>\n<\/tr>\n<\/tbody>\n<\/table>\n<p>A megval\u00f3s\u00edt\u00e1s sor\u00e1n sz\u00fcks\u00e9ges a helyi szab\u00e1lyzatok fel\u00fclvizsg\u00e1lata \u00e9s m\u00f3dos\u00edt\u00e1sa. Ennek sor\u00e1n iratkezel\u00e9si \u00e9s informatikai biztons\u00e1gi szab\u00e1lyzat ker\u00fcl elk\u00e9sz\u00edt\u00e9sre a hat\u00e1lyos jogszab\u00e1lyi el\u0151\u00edr\u00e1soknak megfelel\u0151en.<\/p>\n<h3>A P\u00c1LY\u00c1ZATOT K\u00c9SZ\u00cdTETTE \u00c9S KIVITELEZI:<\/h3>\n<div>\n<h2 style=\"text-align: center;\"><a href=\"http:\/\/www.pro-it.hu\/\" target=\"_blank\" rel=\"noopener\">PRO-IT MANAGEMENT KFT.<\/a><\/h2>\n<p style=\"text-align: center;\">H-5820&nbsp;<strong>Mez\u0151hegyes<\/strong>&nbsp;Pet\u0151fi S\u00e9t\u00e1ny 4\/1.<br \/>\n<a href=\"http:\/\/www.pro-it.hu\/\" target=\"_blank\" rel=\"noopener\">http:\/\/www.pro-it.hu<\/a><br \/>\nAd\u00f3sz\u00e1m: 25164411-2-04<\/p>\n<\/div>\n<p><a href=\"http:\/\/www.pro-it.hu\/\" target=\"_blank\" rel=\"noopener\"><img decoding=\"async\" src=\"http:\/\/kunagota.hu\/asp\/pro-it.gif\" alt=\"\" width=\"100%\"><\/a><\/p>\n<\/div>\n","protected":false},"excerpt":{"rendered":"<p>&#8222;KUN\u00c1GOTA K\u00d6ZS\u00c9G \u00d6NKORM\u00c1NYZAT ASP K\u00d6ZPONTHOZ VAL\u00d3 CSATLAKOZ\u00c1SA&#8221; K\u00d6FOP-1.2.1-VEKOP-16-2017-00794 Kedvezm\u00e9nyezett neve:&nbsp;KUN\u00c1GOTA K\u00d6ZS\u00c9G \u00d6NKORM\u00c1NYZAT Projekt c\u00edme:&nbsp;&#8222;KUN\u00c1GOTA K\u00d6ZS\u00c9G \u00d6NKORM\u00c1NYZAT ASP K\u00d6ZPONTHOZ VAL\u00d3 CSATLAKOZ\u00c1SA\u201d Projekt azonos\u00edt\u00f3 sz\u00e1ma:&nbsp;K\u00d6FOP-1.2.1-VEKOP-16-2016-00189 A szerz\u0151d\u00f6tt t\u00e1mogat\u00e1s \u00f6sszege:&nbsp;7 000 000 Ft A t\u00e1mogat\u00e1s m\u00e9rt\u00e9ke:&nbsp;100% A projekt tervezett befejez\u00e9si d\u00e1tuma:&nbsp;2018.05.31 Projekt tartalm\u00e1nak&hellip; <\/p>\n","protected":false},"author":1,"featured_media":0,"parent":0,"menu_order":15,"comment_status":"closed","ping_status":"closed","template":"","meta":{"ngg_post_thumbnail":0,"footnotes":"","_links_to":"","_links_to_target":""},"class_list":["post-209","page","type-page","status-publish","hentry"],"_links":{"self":[{"href":"http:\/\/pro-it.hu\/kunagota.hu\/wp-json\/wp\/v2\/pages\/209","targetHints":{"allow":["GET"]}}],"collection":[{"href":"http:\/\/pro-it.hu\/kunagota.hu\/wp-json\/wp\/v2\/pages"}],"about":[{"href":"http:\/\/pro-it.hu\/kunagota.hu\/wp-json\/wp\/v2\/types\/page"}],"author":[{"embeddable":true,"href":"http:\/\/pro-it.hu\/kunagota.hu\/wp-json\/wp\/v2\/users\/1"}],"replies":[{"embeddable":true,"href":"http:\/\/pro-it.hu\/kunagota.hu\/wp-json\/wp\/v2\/comments?post=209"}],"version-history":[{"count":2,"href":"http:\/\/pro-it.hu\/kunagota.hu\/wp-json\/wp\/v2\/pages\/209\/revisions"}],"predecessor-version":[{"id":1399,"href":"http:\/\/pro-it.hu\/kunagota.hu\/wp-json\/wp\/v2\/pages\/209\/revisions\/1399"}],"wp:attachment":[{"href":"http:\/\/pro-it.hu\/kunagota.hu\/wp-json\/wp\/v2\/media?parent=209"}],"curies":[{"name":"wp","href":"https:\/\/api.w.org\/{rel}","templated":true}]}}