{"id":215,"date":"2019-01-25T12:18:50","date_gmt":"2019-01-25T12:18:50","guid":{"rendered":"http:\/\/www.pro-it.hu\/kunagota.hu\/?page_id=215"},"modified":"2019-01-25T12:18:50","modified_gmt":"2019-01-25T12:18:50","slug":"archiv-programok","status":"publish","type":"page","link":"http:\/\/pro-it.hu\/kunagota.hu\/programok\/archiv-programok\/","title":{"rendered":"Arch\u00edv programok"},"content":{"rendered":"<table border=\"0\" width=\"90%\" cellspacing=\"0\" cellpadding=\"0\" align=\"center\">\n<tbody>\n<tr>\n<td class=\"topcolborder\">\n<h3>Megh\u00edv\u00f3 2017. m\u00e1rcius 15.<\/h3>\n<\/td>\n<\/tr>\n<tr>\n<td class=\"bottomcolborder\">2017-03-06<\/p>\n<h3><a href=\"http:\/\/www.kunagota.hu\/res\/dokumentumok\/2017marcius15\/marcius_15_meghivo_2017.pdf\" target=\"_blank\" rel=\"noopener\">Link<\/a><\/h3>\n<\/td>\n<\/tr>\n<\/tbody>\n<\/table>\n<p>&nbsp;<\/p>\n<table border=\"0\" width=\"90%\" cellspacing=\"0\" cellpadding=\"0\" align=\"center\">\n<tbody>\n<tr>\n<td class=\"topcolborder\">\n<h3>Megh\u00edv\u00f3 Lovasnap 2013<\/h3>\n<\/td>\n<\/tr>\n<tr>\n<td class=\"bottomcolborder\">2013-07-30<\/p>\n<h3><a href=\"http:\/\/www.kunagota.hu\/res\/dokumentumok\/lovasnap\/meghivo2013.doc\" target=\"_blank\" rel=\"noopener\">Link<\/a><\/h3>\n<\/td>\n<\/tr>\n<\/tbody>\n<\/table>\n<p>&nbsp;<\/p>\n<table border=\"0\" width=\"90%\" cellspacing=\"0\" cellpadding=\"0\" align=\"center\">\n<tbody>\n<tr>\n<td class=\"topcolborder\">\n<h3>Falunapi Megh\u00edv\u00f3 2013<\/h3>\n<\/td>\n<\/tr>\n<tr>\n<td class=\"bottomcolborder\">2013-07-30<\/p>\n<h3><a href=\"http:\/\/www.kunagota.hu\/res\/dokumentumok\/2013falunap\/falunapi_meghivo2013.doc\" target=\"_blank\" rel=\"noopener\">Link<\/a><\/h3>\n<\/td>\n<\/tr>\n<\/tbody>\n<\/table>\n<p>&nbsp;<\/p>\n<table border=\"0\" width=\"90%\" cellspacing=\"0\" cellpadding=\"0\" align=\"center\">\n<tbody>\n<tr>\n<td class=\"topcolborder\">\n<h3>Megh\u00edv\u00f3 Lovasnap 2012.<\/h3>\n<\/td>\n<\/tr>\n<tr>\n<td class=\"bottomcolborder\">2012-07-30<\/p>\n<h3><a href=\"http:\/\/www.kunagota.hu\/res\/dokumentumok\/lovasnap\/meghivo.doc\" target=\"_blank\" rel=\"noopener\">Link<\/a><\/h3>\n<\/td>\n<\/tr>\n<\/tbody>\n<\/table>\n<p>&nbsp;<\/p>\n<table border=\"0\" width=\"90%\" cellspacing=\"0\" cellpadding=\"0\" align=\"center\">\n<tbody>\n<tr>\n<td class=\"topcolborder\">\n<h3>Kun\u00e1gotai falunap plak\u00e1t 2010. augusztus 7-8.<\/h3>\n<\/td>\n<\/tr>\n<tr>\n<td class=\"bottomcolborder\">2010-07-31<\/p>\n<h3><a href=\"http:\/\/kunagota.hu\/res\/dokumentumok\/plakatfalunap.doc\" target=\"_blank\" rel=\"noopener\">Link<\/a><\/h3>\n<\/td>\n<\/tr>\n<\/tbody>\n<\/table>\n<p>&nbsp;<\/p>\n<table border=\"0\" width=\"90%\" cellspacing=\"0\" cellpadding=\"0\" align=\"center\">\n<tbody>\n<tr>\n<td class=\"topcolborder\">\n<h3>Megh\u00edv\u00f3 id\u0151szaki t\u00e1rlat megnyit\u00f3j\u00e1ra &#8211; 2010<\/h3>\n<\/td>\n<\/tr>\n<tr>\n<td class=\"bottomcolborder\">2010-07-31<\/p>\n<h3><a href=\"http:\/\/kunagota.hu\/res\/dokumentumok\/Meghivokiall.doc\" target=\"_blank\" rel=\"noopener\">Link<\/a><\/h3>\n<\/td>\n<\/tr>\n<\/tbody>\n<\/table>\n<p>&nbsp;<\/p>\n<table border=\"0\" width=\"90%\" cellspacing=\"0\" cellpadding=\"0\" align=\"center\">\n<tbody>\n<tr>\n<td class=\"topcolborder\">\n<h3>Falunapi megh\u00edv\u00f3 (augusztus 8-ai programok)<\/h3>\n<\/td>\n<\/tr>\n<tr>\n<td class=\"bottomcolborder\">2010-07-31<\/p>\n<h3><a href=\"http:\/\/kunagota.hu\/res\/dokumentumok\/falunap8.doc\" target=\"_blank\" rel=\"noopener\">Link<\/a><\/h3>\n<\/td>\n<\/tr>\n<\/tbody>\n<\/table>\n<p>&nbsp;<\/p>\n<table border=\"0\" width=\"90%\" cellspacing=\"0\" cellpadding=\"0\" align=\"center\">\n<tbody>\n<tr>\n<td class=\"topcolborder\">\n<h3>Falunapi megh\u00edv\u00f3 (augusztus 7-ei programok)<\/h3>\n<\/td>\n<\/tr>\n<tr>\n<td class=\"bottomcolborder\">2010-07-31<\/p>\n<h3><a href=\"http:\/\/kunagota.hu\/res\/dokumentumok\/falunap7.doc\" target=\"_blank\" rel=\"noopener\">Link<\/a><\/h3>\n<\/td>\n<\/tr>\n<\/tbody>\n<\/table>\n<p>&nbsp;<\/p>\n","protected":false},"excerpt":{"rendered":"<p>Megh\u00edv\u00f3 2017. m\u00e1rcius 15. 2017-03-06 Link &nbsp; Megh\u00edv\u00f3 Lovasnap 2013 2013-07-30 Link &nbsp; Falunapi Megh\u00edv\u00f3 2013 2013-07-30 Link &nbsp; Megh\u00edv\u00f3 Lovasnap 2012. 2012-07-30 Link &nbsp; Kun\u00e1gotai falunap plak\u00e1t 2010. augusztus 7-8. 2010-07-31 Link &nbsp; Megh\u00edv\u00f3 id\u0151szaki t\u00e1rlat megnyit\u00f3j\u00e1ra &#8211; 2010&hellip; <\/p>\n","protected":false},"author":1,"featured_media":0,"parent":196,"menu_order":1,"comment_status":"closed","ping_status":"closed","template":"","meta":{"ngg_post_thumbnail":0,"footnotes":"","_links_to":"","_links_to_target":""},"class_list":["post-215","page","type-page","status-publish","hentry"],"_links":{"self":[{"href":"http:\/\/pro-it.hu\/kunagota.hu\/wp-json\/wp\/v2\/pages\/215","targetHints":{"allow":["GET"]}}],"collection":[{"href":"http:\/\/pro-it.hu\/kunagota.hu\/wp-json\/wp\/v2\/pages"}],"about":[{"href":"http:\/\/pro-it.hu\/kunagota.hu\/wp-json\/wp\/v2\/types\/page"}],"author":[{"embeddable":true,"href":"http:\/\/pro-it.hu\/kunagota.hu\/wp-json\/wp\/v2\/users\/1"}],"replies":[{"embeddable":true,"href":"http:\/\/pro-it.hu\/kunagota.hu\/wp-json\/wp\/v2\/comments?post=215"}],"version-history":[{"count":1,"href":"http:\/\/pro-it.hu\/kunagota.hu\/wp-json\/wp\/v2\/pages\/215\/revisions"}],"predecessor-version":[{"id":216,"href":"http:\/\/pro-it.hu\/kunagota.hu\/wp-json\/wp\/v2\/pages\/215\/revisions\/216"}],"up":[{"embeddable":true,"href":"http:\/\/pro-it.hu\/kunagota.hu\/wp-json\/wp\/v2\/pages\/196"}],"wp:attachment":[{"href":"http:\/\/pro-it.hu\/kunagota.hu\/wp-json\/wp\/v2\/media?parent=215"}],"curies":[{"name":"wp","href":"https:\/\/api.w.org\/{rel}","templated":true}]}}