{"id":2301,"date":"2021-03-05T09:19:39","date_gmt":"2021-03-05T09:19:39","guid":{"rendered":"http:\/\/pro-it.hu\/kunagota.hu\/?page_id=2301"},"modified":"2021-03-05T09:20:10","modified_gmt":"2021-03-05T09:20:10","slug":"2301-2","status":"publish","type":"page","link":"http:\/\/pro-it.hu\/kunagota.hu\/2301-2\/","title":{"rendered":"KarrierM"},"content":{"rendered":"<a href=\"http:\/\/pro-it.hu\/kunagota.hu\/wp-content\/uploads\/2021\/03\/Sz\u00f6veges_netre.pdf\" class=\"pdfemb-viewer\" style=\"\" data-width=\"max\" data-height=\"max\" data-toolbar=\"bottom\" data-toolbar-fixed=\"off\">Sz\u00f6veges_netre<\/a>\n<a href=\"http:\/\/pro-it.hu\/kunagota.hu\/wp-content\/uploads\/2021\/03\/Felel\u0151s-Foglalkoztatat\u00e1s-\u00e9s-min\u0151s\u00edt\u00e9si-rendszer.pdf\" class=\"pdfemb-viewer\" style=\"\" data-width=\"max\" data-height=\"max\" data-toolbar=\"bottom\" data-toolbar-fixed=\"off\">Felel\u0151s Foglalkoztatat\u00e1s \u00e9s min\u0151s\u00edt\u00e9si rendszer<\/a>\n<a href=\"http:\/\/pro-it.hu\/kunagota.hu\/wp-content\/uploads\/2021\/03\/KarrierM-sz\u00f3r\u00f3lap-\u00e1ll\u00e1skeres\u0151knek.pdf\" class=\"pdfemb-viewer\" style=\"\" data-width=\"max\" data-height=\"max\" data-toolbar=\"bottom\" data-toolbar-fixed=\"off\">KarrierM sz\u00f3r\u00f3lap \u00e1ll\u00e1skeres\u0151knek<\/a>\n<a href=\"http:\/\/pro-it.hu\/kunagota.hu\/wp-content\/uploads\/2021\/03\/KarrierM-sz\u00f3r\u00f3lap-tan\u00e1csad\u00f3kkal.pdf\" class=\"pdfemb-viewer\" style=\"\" data-width=\"max\" data-height=\"max\" data-toolbar=\"bottom\" data-toolbar-fixed=\"off\">KarrierM sz\u00f3r\u00f3lap tan\u00e1csad\u00f3kkal<\/a>\n","protected":false},"excerpt":{"rendered":"","protected":false},"author":1,"featured_media":0,"parent":0,"menu_order":0,"comment_status":"closed","ping_status":"closed","template":"","meta":{"ngg_post_thumbnail":0,"footnotes":"","_links_to":"","_links_to_target":""},"class_list":["post-2301","page","type-page","status-publish","hentry"],"_links":{"self":[{"href":"http:\/\/pro-it.hu\/kunagota.hu\/wp-json\/wp\/v2\/pages\/2301","targetHints":{"allow":["GET"]}}],"collection":[{"href":"http:\/\/pro-it.hu\/kunagota.hu\/wp-json\/wp\/v2\/pages"}],"about":[{"href":"http:\/\/pro-it.hu\/kunagota.hu\/wp-json\/wp\/v2\/types\/page"}],"author":[{"embeddable":true,"href":"http:\/\/pro-it.hu\/kunagota.hu\/wp-json\/wp\/v2\/users\/1"}],"replies":[{"embeddable":true,"href":"http:\/\/pro-it.hu\/kunagota.hu\/wp-json\/wp\/v2\/comments?post=2301"}],"version-history":[{"count":2,"href":"http:\/\/pro-it.hu\/kunagota.hu\/wp-json\/wp\/v2\/pages\/2301\/revisions"}],"predecessor-version":[{"id":2308,"href":"http:\/\/pro-it.hu\/kunagota.hu\/wp-json\/wp\/v2\/pages\/2301\/revisions\/2308"}],"wp:attachment":[{"href":"http:\/\/pro-it.hu\/kunagota.hu\/wp-json\/wp\/v2\/media?parent=2301"}],"curies":[{"name":"wp","href":"https:\/\/api.w.org\/{rel}","templated":true}]}}