{"id":2519,"date":"2022-08-02T13:10:57","date_gmt":"2022-08-02T13:10:57","guid":{"rendered":"http:\/\/pro-it.hu\/kunagota.hu\/?page_id=2519"},"modified":"2026-01-06T14:40:19","modified_gmt":"2026-01-06T14:40:19","slug":"kunagota-roma-nemzetisegi-onkormanyzat","status":"publish","type":"page","link":"http:\/\/pro-it.hu\/kunagota.hu\/kunagota-roma-nemzetisegi-onkormanyzat\/","title":{"rendered":"Kun\u00e1gota Roma Nemzetis\u00e9gi \u00d6nkorm\u00e1nyzat"},"content":{"rendered":"<p>Sz\u00e9khelye: 5746 Kun\u00e1gota, R\u00e1k\u00f3czi u. 9.<br \/>\nEln\u00f6ke: Balog S\u00e1ndor<br \/>\nEln\u00f6k helyettese: Balogn\u00e9 V\u00e1g\u00e1si M\u00f3nika<br \/>\nTagja: Balogh S\u00e1ndor Alex<\/p>\n<a href=\"http:\/\/pro-it.hu\/kunagota.hu\/wp-content\/uploads\/2022\/08\/Roma-SZMSZ.pdf\" class=\"pdfemb-viewer\" style=\"\" data-width=\"max\" data-height=\"max\" data-toolbar=\"bottom\" data-toolbar-fixed=\"off\">Roma SZMSZ<\/a>\n","protected":false},"excerpt":{"rendered":"<p>Sz\u00e9khelye: 5746 Kun\u00e1gota, R\u00e1k\u00f3czi u. 9. Eln\u00f6ke: Balog S\u00e1ndor Eln\u00f6k helyettese: Balogn\u00e9 V\u00e1g\u00e1si M\u00f3nika Tagja: Balogh S\u00e1ndor Alex<\/p>\n","protected":false},"author":1,"featured_media":0,"parent":0,"menu_order":0,"comment_status":"closed","ping_status":"closed","template":"","meta":{"ngg_post_thumbnail":0,"footnotes":"","_links_to":"","_links_to_target":""},"class_list":["post-2519","page","type-page","status-publish","hentry"],"_links":{"self":[{"href":"http:\/\/pro-it.hu\/kunagota.hu\/wp-json\/wp\/v2\/pages\/2519","targetHints":{"allow":["GET"]}}],"collection":[{"href":"http:\/\/pro-it.hu\/kunagota.hu\/wp-json\/wp\/v2\/pages"}],"about":[{"href":"http:\/\/pro-it.hu\/kunagota.hu\/wp-json\/wp\/v2\/types\/page"}],"author":[{"embeddable":true,"href":"http:\/\/pro-it.hu\/kunagota.hu\/wp-json\/wp\/v2\/users\/1"}],"replies":[{"embeddable":true,"href":"http:\/\/pro-it.hu\/kunagota.hu\/wp-json\/wp\/v2\/comments?post=2519"}],"version-history":[{"count":4,"href":"http:\/\/pro-it.hu\/kunagota.hu\/wp-json\/wp\/v2\/pages\/2519\/revisions"}],"predecessor-version":[{"id":6064,"href":"http:\/\/pro-it.hu\/kunagota.hu\/wp-json\/wp\/v2\/pages\/2519\/revisions\/6064"}],"wp:attachment":[{"href":"http:\/\/pro-it.hu\/kunagota.hu\/wp-json\/wp\/v2\/media?parent=2519"}],"curies":[{"name":"wp","href":"https:\/\/api.w.org\/{rel}","templated":true}]}}