{"id":2535,"date":"2022-08-08T05:52:19","date_gmt":"2022-08-08T05:52:19","guid":{"rendered":"http:\/\/pro-it.hu\/kunagota.hu\/?page_id=2535"},"modified":"2022-08-08T05:53:56","modified_gmt":"2022-08-08T05:53:56","slug":"mfp-palyazatok","status":"publish","type":"page","link":"http:\/\/pro-it.hu\/kunagota.hu\/mfp-palyazatok\/","title":{"rendered":"MFP p\u00e1ly\u00e1zatok"},"content":{"rendered":"<a href=\"http:\/\/pro-it.hu\/kunagota.hu\/wp-content\/uploads\/2022\/08\/K\u00f6zter\u00fclet-karbantart\u00e1si-eszk\u00f6z\u00f6k-beszerz\u00e9se.pdf\" class=\"pdfemb-viewer\" style=\"\" data-width=\"max\" data-height=\"max\" data-toolbar=\"bottom\" data-toolbar-fixed=\"off\">K\u00f6zter\u00fclet karbantart\u00e1si eszk\u00f6z\u00f6k beszerz\u00e9se<\/a>\n<a href=\"http:\/\/pro-it.hu\/kunagota.hu\/wp-content\/uploads\/2022\/08\/Orvosi-Eszk\u00f6z-beszerz\u00e9s.pdf\" class=\"pdfemb-viewer\" style=\"\" data-width=\"max\" data-height=\"max\" data-toolbar=\"bottom\" data-toolbar-fixed=\"off\">Orvosi Eszk\u00f6z beszerz\u00e9s<\/a>\n","protected":false},"excerpt":{"rendered":"","protected":false},"author":1,"featured_media":0,"parent":0,"menu_order":0,"comment_status":"closed","ping_status":"closed","template":"","meta":{"ngg_post_thumbnail":0,"footnotes":"","_links_to":"","_links_to_target":""},"class_list":["post-2535","page","type-page","status-publish","hentry"],"_links":{"self":[{"href":"http:\/\/pro-it.hu\/kunagota.hu\/wp-json\/wp\/v2\/pages\/2535","targetHints":{"allow":["GET"]}}],"collection":[{"href":"http:\/\/pro-it.hu\/kunagota.hu\/wp-json\/wp\/v2\/pages"}],"about":[{"href":"http:\/\/pro-it.hu\/kunagota.hu\/wp-json\/wp\/v2\/types\/page"}],"author":[{"embeddable":true,"href":"http:\/\/pro-it.hu\/kunagota.hu\/wp-json\/wp\/v2\/users\/1"}],"replies":[{"embeddable":true,"href":"http:\/\/pro-it.hu\/kunagota.hu\/wp-json\/wp\/v2\/comments?post=2535"}],"version-history":[{"count":2,"href":"http:\/\/pro-it.hu\/kunagota.hu\/wp-json\/wp\/v2\/pages\/2535\/revisions"}],"predecessor-version":[{"id":2544,"href":"http:\/\/pro-it.hu\/kunagota.hu\/wp-json\/wp\/v2\/pages\/2535\/revisions\/2544"}],"wp:attachment":[{"href":"http:\/\/pro-it.hu\/kunagota.hu\/wp-json\/wp\/v2\/media?parent=2535"}],"curies":[{"name":"wp","href":"https:\/\/api.w.org\/{rel}","templated":true}]}}