{"id":2546,"date":"2022-08-16T06:27:31","date_gmt":"2022-08-16T06:27:31","guid":{"rendered":"http:\/\/pro-it.hu\/kunagota.hu\/?page_id=2546"},"modified":"2022-08-16T06:27:31","modified_gmt":"2022-08-16T06:27:31","slug":"kezmuves-termekek-vasara","status":"publish","type":"page","link":"http:\/\/pro-it.hu\/kunagota.hu\/kezmuves-termekek-vasara\/","title":{"rendered":"K\u00e9zm\u0171ves term\u00e9kek v\u00e1s\u00e1ra"},"content":{"rendered":"<p><a href=\"http:\/\/pro-it.hu\/kunagota.hu\/wp-content\/uploads\/2022\/08\/K\u00e9zm\u0171ves-term\u00e9kek-v\u00e1s\u00e1ra-kun\u00e1gota-scaled.jpg\"><img loading=\"lazy\" decoding=\"async\" class=\"size-full wp-image-2547 aligncenter\" src=\"http:\/\/pro-it.hu\/kunagota.hu\/wp-content\/uploads\/2022\/08\/K\u00e9zm\u0171ves-term\u00e9kek-v\u00e1s\u00e1ra-kun\u00e1gota-scaled.jpg\" alt=\"\" width=\"1817\" height=\"2560\" srcset=\"http:\/\/pro-it.hu\/kunagota.hu\/wp-content\/uploads\/2022\/08\/K\u00e9zm\u0171ves-term\u00e9kek-v\u00e1s\u00e1ra-kun\u00e1gota-scaled.jpg 1817w, http:\/\/pro-it.hu\/kunagota.hu\/wp-content\/uploads\/2022\/08\/K\u00e9zm\u0171ves-term\u00e9kek-v\u00e1s\u00e1ra-kun\u00e1gota-768x1082.jpg 768w, http:\/\/pro-it.hu\/kunagota.hu\/wp-content\/uploads\/2022\/08\/K\u00e9zm\u0171ves-term\u00e9kek-v\u00e1s\u00e1ra-kun\u00e1gota-1090x1536.jpg 1090w, http:\/\/pro-it.hu\/kunagota.hu\/wp-content\/uploads\/2022\/08\/K\u00e9zm\u0171ves-term\u00e9kek-v\u00e1s\u00e1ra-kun\u00e1gota-1454x2048.jpg 1454w\" sizes=\"auto, (max-width: 1817px) 100vw, 1817px\" \/><\/a><\/p>\n","protected":false},"excerpt":{"rendered":"","protected":false},"author":1,"featured_media":0,"parent":0,"menu_order":0,"comment_status":"closed","ping_status":"closed","template":"","meta":{"ngg_post_thumbnail":0,"footnotes":"","_links_to":"","_links_to_target":""},"class_list":["post-2546","page","type-page","status-publish","hentry"],"_links":{"self":[{"href":"http:\/\/pro-it.hu\/kunagota.hu\/wp-json\/wp\/v2\/pages\/2546","targetHints":{"allow":["GET"]}}],"collection":[{"href":"http:\/\/pro-it.hu\/kunagota.hu\/wp-json\/wp\/v2\/pages"}],"about":[{"href":"http:\/\/pro-it.hu\/kunagota.hu\/wp-json\/wp\/v2\/types\/page"}],"author":[{"embeddable":true,"href":"http:\/\/pro-it.hu\/kunagota.hu\/wp-json\/wp\/v2\/users\/1"}],"replies":[{"embeddable":true,"href":"http:\/\/pro-it.hu\/kunagota.hu\/wp-json\/wp\/v2\/comments?post=2546"}],"version-history":[{"count":1,"href":"http:\/\/pro-it.hu\/kunagota.hu\/wp-json\/wp\/v2\/pages\/2546\/revisions"}],"predecessor-version":[{"id":2549,"href":"http:\/\/pro-it.hu\/kunagota.hu\/wp-json\/wp\/v2\/pages\/2546\/revisions\/2549"}],"wp:attachment":[{"href":"http:\/\/pro-it.hu\/kunagota.hu\/wp-json\/wp\/v2\/media?parent=2546"}],"curies":[{"name":"wp","href":"https:\/\/api.w.org\/{rel}","templated":true}]}}