{"id":2572,"date":"2022-09-26T06:15:04","date_gmt":"2022-09-26T06:15:04","guid":{"rendered":"http:\/\/pro-it.hu\/kunagota.hu\/?page_id=2572"},"modified":"2022-09-26T06:15:04","modified_gmt":"2022-09-26T06:15:04","slug":"1-merfoldko-2018-04-01-2018-09-30","status":"publish","type":"page","link":"http:\/\/pro-it.hu\/kunagota.hu\/1-merfoldko-2018-04-01-2018-09-30\/","title":{"rendered":"1. m\u00e9rf\u00f6ldk\u0151 2018. 04. 01 &#8211; 2018. 09. 30."},"content":{"rendered":"<a href=\"http:\/\/pro-it.hu\/kunagota.hu\/wp-content\/uploads\/2022\/09\/Honlapra-1.-m\u00e9rf\u00f6ldk\u0151ig.pdf\" class=\"pdfemb-viewer\" style=\"\" data-width=\"max\" data-height=\"max\" data-toolbar=\"bottom\" data-toolbar-fixed=\"off\">Honlapra 1. m\u00e9rf\u00f6ldk\u0151ig<\/a>\n","protected":false},"excerpt":{"rendered":"","protected":false},"author":1,"featured_media":0,"parent":0,"menu_order":0,"comment_status":"closed","ping_status":"closed","template":"","meta":{"ngg_post_thumbnail":0,"footnotes":"","_links_to":"","_links_to_target":""},"class_list":["post-2572","page","type-page","status-publish","hentry"],"_links":{"self":[{"href":"http:\/\/pro-it.hu\/kunagota.hu\/wp-json\/wp\/v2\/pages\/2572","targetHints":{"allow":["GET"]}}],"collection":[{"href":"http:\/\/pro-it.hu\/kunagota.hu\/wp-json\/wp\/v2\/pages"}],"about":[{"href":"http:\/\/pro-it.hu\/kunagota.hu\/wp-json\/wp\/v2\/types\/page"}],"author":[{"embeddable":true,"href":"http:\/\/pro-it.hu\/kunagota.hu\/wp-json\/wp\/v2\/users\/1"}],"replies":[{"embeddable":true,"href":"http:\/\/pro-it.hu\/kunagota.hu\/wp-json\/wp\/v2\/comments?post=2572"}],"version-history":[{"count":1,"href":"http:\/\/pro-it.hu\/kunagota.hu\/wp-json\/wp\/v2\/pages\/2572\/revisions"}],"predecessor-version":[{"id":2575,"href":"http:\/\/pro-it.hu\/kunagota.hu\/wp-json\/wp\/v2\/pages\/2572\/revisions\/2575"}],"wp:attachment":[{"href":"http:\/\/pro-it.hu\/kunagota.hu\/wp-json\/wp\/v2\/media?parent=2572"}],"curies":[{"name":"wp","href":"https:\/\/api.w.org\/{rel}","templated":true}]}}