{"id":2578,"date":"2022-09-26T06:16:48","date_gmt":"2022-09-26T06:16:48","guid":{"rendered":"http:\/\/pro-it.hu\/kunagota.hu\/?page_id=2578"},"modified":"2022-09-26T06:16:48","modified_gmt":"2022-09-26T06:16:48","slug":"2-merfoldko-2018-10-01-2019-03-31","status":"publish","type":"page","link":"http:\/\/pro-it.hu\/kunagota.hu\/efop-palyazatok\/2-merfoldko-2018-10-01-2019-03-31\/","title":{"rendered":"2. m\u00e9rf\u00f6ldk\u0151 2018. 10. 01 &#8211; 2019. 03. 31."},"content":{"rendered":"<a href=\"http:\/\/pro-it.hu\/kunagota.hu\/wp-content\/uploads\/2022\/09\/Honlapra-2.-m\u00e9rf\u00f6ldk\u0151.pdf\" class=\"pdfemb-viewer\" style=\"\" data-width=\"max\" data-height=\"max\" data-toolbar=\"bottom\" data-toolbar-fixed=\"off\">Honlapra - 2. m\u00e9rf\u00f6ldk\u0151<\/a>\n","protected":false},"excerpt":{"rendered":"","protected":false},"author":1,"featured_media":0,"parent":1736,"menu_order":0,"comment_status":"closed","ping_status":"closed","template":"","meta":{"ngg_post_thumbnail":0,"footnotes":"","_links_to":"","_links_to_target":""},"class_list":["post-2578","page","type-page","status-publish","hentry"],"_links":{"self":[{"href":"http:\/\/pro-it.hu\/kunagota.hu\/wp-json\/wp\/v2\/pages\/2578","targetHints":{"allow":["GET"]}}],"collection":[{"href":"http:\/\/pro-it.hu\/kunagota.hu\/wp-json\/wp\/v2\/pages"}],"about":[{"href":"http:\/\/pro-it.hu\/kunagota.hu\/wp-json\/wp\/v2\/types\/page"}],"author":[{"embeddable":true,"href":"http:\/\/pro-it.hu\/kunagota.hu\/wp-json\/wp\/v2\/users\/1"}],"replies":[{"embeddable":true,"href":"http:\/\/pro-it.hu\/kunagota.hu\/wp-json\/wp\/v2\/comments?post=2578"}],"version-history":[{"count":1,"href":"http:\/\/pro-it.hu\/kunagota.hu\/wp-json\/wp\/v2\/pages\/2578\/revisions"}],"predecessor-version":[{"id":2580,"href":"http:\/\/pro-it.hu\/kunagota.hu\/wp-json\/wp\/v2\/pages\/2578\/revisions\/2580"}],"up":[{"embeddable":true,"href":"http:\/\/pro-it.hu\/kunagota.hu\/wp-json\/wp\/v2\/pages\/1736"}],"wp:attachment":[{"href":"http:\/\/pro-it.hu\/kunagota.hu\/wp-json\/wp\/v2\/media?parent=2578"}],"curies":[{"name":"wp","href":"https:\/\/api.w.org\/{rel}","templated":true}]}}