{"id":2583,"date":"2022-09-26T06:18:12","date_gmt":"2022-09-26T06:18:12","guid":{"rendered":"http:\/\/pro-it.hu\/kunagota.hu\/?page_id=2583"},"modified":"2022-09-26T06:18:12","modified_gmt":"2022-09-26T06:18:12","slug":"3-merfoldko-2019-04-01-2021-06-29","status":"publish","type":"page","link":"http:\/\/pro-it.hu\/kunagota.hu\/efop-palyazatok\/3-merfoldko-2019-04-01-2021-06-29\/","title":{"rendered":"3. m\u00e9rf\u00f6ldk\u0151 2019. 04. 01 &#8211; 2021. 06. 29."},"content":{"rendered":"<a href=\"http:\/\/pro-it.hu\/kunagota.hu\/wp-content\/uploads\/2022\/09\/Honlapra-3.-m\u00e9rf\u00f6ldk\u0151ig.pdf\" class=\"pdfemb-viewer\" style=\"\" data-width=\"max\" data-height=\"max\" data-toolbar=\"bottom\" data-toolbar-fixed=\"off\">Honlapra - 3. m\u00e9rf\u00f6ldk\u0151ig<\/a>\n","protected":false},"excerpt":{"rendered":"","protected":false},"author":1,"featured_media":0,"parent":1736,"menu_order":0,"comment_status":"closed","ping_status":"closed","template":"","meta":{"ngg_post_thumbnail":0,"footnotes":"","_links_to":"","_links_to_target":""},"class_list":["post-2583","page","type-page","status-publish","hentry"],"_links":{"self":[{"href":"http:\/\/pro-it.hu\/kunagota.hu\/wp-json\/wp\/v2\/pages\/2583","targetHints":{"allow":["GET"]}}],"collection":[{"href":"http:\/\/pro-it.hu\/kunagota.hu\/wp-json\/wp\/v2\/pages"}],"about":[{"href":"http:\/\/pro-it.hu\/kunagota.hu\/wp-json\/wp\/v2\/types\/page"}],"author":[{"embeddable":true,"href":"http:\/\/pro-it.hu\/kunagota.hu\/wp-json\/wp\/v2\/users\/1"}],"replies":[{"embeddable":true,"href":"http:\/\/pro-it.hu\/kunagota.hu\/wp-json\/wp\/v2\/comments?post=2583"}],"version-history":[{"count":1,"href":"http:\/\/pro-it.hu\/kunagota.hu\/wp-json\/wp\/v2\/pages\/2583\/revisions"}],"predecessor-version":[{"id":2585,"href":"http:\/\/pro-it.hu\/kunagota.hu\/wp-json\/wp\/v2\/pages\/2583\/revisions\/2585"}],"up":[{"embeddable":true,"href":"http:\/\/pro-it.hu\/kunagota.hu\/wp-json\/wp\/v2\/pages\/1736"}],"wp:attachment":[{"href":"http:\/\/pro-it.hu\/kunagota.hu\/wp-json\/wp\/v2\/media?parent=2583"}],"curies":[{"name":"wp","href":"https:\/\/api.w.org\/{rel}","templated":true}]}}