{"id":3108,"date":"2023-04-17T08:11:34","date_gmt":"2023-04-17T08:11:34","guid":{"rendered":"http:\/\/pro-it.hu\/kunagota.hu\/?page_id=3108"},"modified":"2025-02-11T07:10:11","modified_gmt":"2025-02-11T07:10:11","slug":"nyomtatvanyok","status":"publish","type":"page","link":"http:\/\/pro-it.hu\/kunagota.hu\/onkormanyzati-hivatal\/nyomtatvanyok\/","title":{"rendered":"K\u00e9relmek"},"content":{"rendered":"<table style=\"height: 107px;\" border=\"0\" width=\"610\" cellspacing=\"0\" cellpadding=\"0\" align=\"center\">\n<tbody>\n<tr>\n<td class=\"topcolborder\">\n<h3>&nbsp;<\/h3>\n<h3 style=\"text-align: center;\"><a href=\"http:\/\/pro-it.hu\/kunagota.hu\/wp-content\/uploads\/2025\/02\/Fakif\u00e1g\u00e1si-enged\u00e9lyk\u00e9relem.pdf\">K \u00c9 R E L E M-Fakiv\u00e1g\u00e1si enged\u00e9ly<\/a><\/h3>\n<p>&nbsp;<\/td>\n<\/tr>\n<\/tbody>\n<\/table>\n<p>&nbsp;<\/p>\n<table style=\"height: 107px;\" border=\"0\" width=\"610\" cellspacing=\"0\" cellpadding=\"0\" align=\"center\">\n<tbody>\n<tr>\n<td class=\"topcolborder\">\n<h3>&nbsp;<\/h3>\n<h3 style=\"text-align: center;\"><a href=\"http:\/\/pro-it.hu\/kunagota.hu\/wp-content\/uploads\/2023\/04\/K-\u00c9-R-E-L-E-M-kutak-v\u00edzjogi-\u00fczemeltet\u00e9si-fennmarad\u00e1si-elj\u00e1r\u00e1shoz-2.pdf\">K \u00c9 R E L E M-kutak-v\u00edzjogi-\u00fczemeltet\u00e9si-fennmarad\u00e1si-elj\u00e1r\u00e1shoz<\/a><\/h3>\n<p>&nbsp;<\/td>\n<\/tr>\n<\/tbody>\n<\/table>\n<p>&nbsp;<\/p>\n<table style=\"height: 107px;\" border=\"0\" width=\"610\" cellspacing=\"0\" cellpadding=\"0\" align=\"center\">\n<tbody>\n<tr>\n<td class=\"topcolborder\">\n<h3>&nbsp;<\/h3>\n<h3 style=\"text-align: center;\"><a href=\"http:\/\/pro-it.hu\/kunagota.hu\/wp-content\/uploads\/2023\/04\/KERELEM-kutak-vizjogi-letesitesi-engedelyezesi-eljarashoz.pdf\">K\u00c9RELEM-kutak-v\u00edzjogi-l\u00e9tes\u00edt\u00e9si-enged\u00e9lyez\u00e9si-elj\u00e1r\u00e1shoz<\/a><\/h3>\n<p>&nbsp;<\/td>\n<\/tr>\n<\/tbody>\n<\/table>\n<p>&nbsp;<\/p>\n<table style=\"height: 107px;\" border=\"0\" width=\"610\" cellspacing=\"0\" cellpadding=\"0\" align=\"center\">\n<tbody>\n<tr>\n<td class=\"topcolborder\">\n<h3>&nbsp;<\/h3>\n<h3 style=\"text-align: center;\"><a href=\"http:\/\/pro-it.hu\/kunagota.hu\/wp-content\/uploads\/2023\/04\/KERELEM-kutak-vizjogi-megszuntetesi-engedelyezesi-eljarashoz.pdf\">K\u00c9RELEM-kutak-v\u00edzjogi-megsz\u00fcntet\u00e9si-enged\u00e9lyez\u00e9si-elj\u00e1r\u00e1shoz<\/a><\/h3>\n<p>&nbsp;<\/td>\n<\/tr>\n<\/tbody>\n<\/table>\n","protected":false},"excerpt":{"rendered":"<p>&nbsp; K \u00c9 R E L E M-Fakiv\u00e1g\u00e1si enged\u00e9ly &nbsp; &nbsp; &nbsp; K \u00c9 R E L E M-kutak-v\u00edzjogi-\u00fczemeltet\u00e9si-fennmarad\u00e1si-elj\u00e1r\u00e1shoz &nbsp; &nbsp; &nbsp; K\u00c9RELEM-kutak-v\u00edzjogi-l\u00e9tes\u00edt\u00e9si-enged\u00e9lyez\u00e9si-elj\u00e1r\u00e1shoz &nbsp; &nbsp; &nbsp; K\u00c9RELEM-kutak-v\u00edzjogi-megsz\u00fcntet\u00e9si-enged\u00e9lyez\u00e9si-elj\u00e1r\u00e1shoz &nbsp;<\/p>\n","protected":false},"author":1,"featured_media":0,"parent":138,"menu_order":0,"comment_status":"closed","ping_status":"closed","template":"","meta":{"ngg_post_thumbnail":0,"footnotes":"","_links_to":"","_links_to_target":""},"class_list":["post-3108","page","type-page","status-publish","hentry"],"_links":{"self":[{"href":"http:\/\/pro-it.hu\/kunagota.hu\/wp-json\/wp\/v2\/pages\/3108","targetHints":{"allow":["GET"]}}],"collection":[{"href":"http:\/\/pro-it.hu\/kunagota.hu\/wp-json\/wp\/v2\/pages"}],"about":[{"href":"http:\/\/pro-it.hu\/kunagota.hu\/wp-json\/wp\/v2\/types\/page"}],"author":[{"embeddable":true,"href":"http:\/\/pro-it.hu\/kunagota.hu\/wp-json\/wp\/v2\/users\/1"}],"replies":[{"embeddable":true,"href":"http:\/\/pro-it.hu\/kunagota.hu\/wp-json\/wp\/v2\/comments?post=3108"}],"version-history":[{"count":14,"href":"http:\/\/pro-it.hu\/kunagota.hu\/wp-json\/wp\/v2\/pages\/3108\/revisions"}],"predecessor-version":[{"id":3123,"href":"http:\/\/pro-it.hu\/kunagota.hu\/wp-json\/wp\/v2\/pages\/3108\/revisions\/3123"}],"up":[{"embeddable":true,"href":"http:\/\/pro-it.hu\/kunagota.hu\/wp-json\/wp\/v2\/pages\/138"}],"wp:attachment":[{"href":"http:\/\/pro-it.hu\/kunagota.hu\/wp-json\/wp\/v2\/media?parent=3108"}],"curies":[{"name":"wp","href":"https:\/\/api.w.org\/{rel}","templated":true}]}}