{"id":3149,"date":"2023-04-28T09:58:21","date_gmt":"2023-04-28T09:58:21","guid":{"rendered":"http:\/\/pro-it.hu\/kunagota.hu\/?page_id=3149"},"modified":"2025-04-01T12:10:16","modified_gmt":"2025-04-01T12:10:16","slug":"szocialis-lakhatasi-lehetosegek-javitasa-kunagota-telepulesen","status":"publish","type":"page","link":"http:\/\/pro-it.hu\/kunagota.hu\/szocialis-lakhatasi-lehetosegek-javitasa-kunagota-telepulesen\/","title":{"rendered":"EFOP-2.4.1-16-2017-00060"},"content":{"rendered":"<p>&nbsp;<\/p>\n<a href=\"http:\/\/pro-it.hu\/kunagota.hu\/wp-content\/uploads\/2025\/04\/honlapra.pdf\" class=\"pdfemb-viewer\" style=\"\" data-width=\"max\" data-height=\"max\" data-toolbar=\"bottom\" data-toolbar-fixed=\"off\">honlapra<\/a>\n<p>&nbsp;<\/p>\n<a href=\"http:\/\/pro-it.hu\/kunagota.hu\/wp-content\/uploads\/2023\/04\/Szoci\u00e1lis-lakhat\u00e1si-lehet\u0151s\u00e9gek-jav\u00edt\u00e1sa-Kun\u00e1gota-telep\u00fcl\u00e9sen.pdf\" class=\"pdfemb-viewer\" style=\"\" data-width=\"max\" data-height=\"max\" data-toolbar=\"bottom\" data-toolbar-fixed=\"off\">Szoci\u00e1lis lakhat\u00e1si lehet\u0151s\u00e9gek jav\u00edt\u00e1sa Kun\u00e1gota telep\u00fcl\u00e9sen<\/a>\n","protected":false},"excerpt":{"rendered":"<p>&nbsp; &nbsp;<\/p>\n","protected":false},"author":1,"featured_media":0,"parent":0,"menu_order":0,"comment_status":"closed","ping_status":"closed","template":"","meta":{"ngg_post_thumbnail":0,"footnotes":"","_links_to":"","_links_to_target":""},"class_list":["post-3149","page","type-page","status-publish","hentry"],"_links":{"self":[{"href":"http:\/\/pro-it.hu\/kunagota.hu\/wp-json\/wp\/v2\/pages\/3149","targetHints":{"allow":["GET"]}}],"collection":[{"href":"http:\/\/pro-it.hu\/kunagota.hu\/wp-json\/wp\/v2\/pages"}],"about":[{"href":"http:\/\/pro-it.hu\/kunagota.hu\/wp-json\/wp\/v2\/types\/page"}],"author":[{"embeddable":true,"href":"http:\/\/pro-it.hu\/kunagota.hu\/wp-json\/wp\/v2\/users\/1"}],"replies":[{"embeddable":true,"href":"http:\/\/pro-it.hu\/kunagota.hu\/wp-json\/wp\/v2\/comments?post=3149"}],"version-history":[{"count":4,"href":"http:\/\/pro-it.hu\/kunagota.hu\/wp-json\/wp\/v2\/pages\/3149\/revisions"}],"predecessor-version":[{"id":5630,"href":"http:\/\/pro-it.hu\/kunagota.hu\/wp-json\/wp\/v2\/pages\/3149\/revisions\/5630"}],"wp:attachment":[{"href":"http:\/\/pro-it.hu\/kunagota.hu\/wp-json\/wp\/v2\/media?parent=3149"}],"curies":[{"name":"wp","href":"https:\/\/api.w.org\/{rel}","templated":true}]}}