{"id":3159,"date":"2023-04-28T10:41:37","date_gmt":"2023-04-28T10:41:37","guid":{"rendered":"http:\/\/pro-it.hu\/kunagota.hu\/?page_id=3159"},"modified":"2025-02-06T09:26:18","modified_gmt":"2025-02-06T09:26:18","slug":"sajtokozlemenyek","status":"publish","type":"page","link":"http:\/\/pro-it.hu\/kunagota.hu\/sajtokozlemenyek\/","title":{"rendered":"Sajt\u00f3k\u00f6zlem\u00e9nyek"},"content":{"rendered":"<a href=\"http:\/\/pro-it.hu\/kunagota.hu\/wp-content\/uploads\/2023\/04\/Sajt\u00f3k\u00f6zlem\u00e9ny_EFOP-2.4.1-16-2017-00060.pdf\" class=\"pdfemb-viewer\" style=\"\" data-width=\"max\" data-height=\"max\" data-toolbar=\"bottom\" data-toolbar-fixed=\"off\">Sajt\u00f3k\u00f6zlem\u00e9ny_EFOP-2.4.1-16-2017-00060<\/a>\n<p>&nbsp;<\/p>\n<a href=\"http:\/\/pro-it.hu\/kunagota.hu\/wp-content\/uploads\/2025\/02\/Sajtokozlemeny_.pdf\" class=\"pdfemb-viewer\" style=\"\" data-width=\"max\" data-height=\"max\" data-toolbar=\"bottom\" data-toolbar-fixed=\"off\">Sajtokozlemeny_<\/a>\n","protected":false},"excerpt":{"rendered":"<p>&nbsp;<\/p>\n","protected":false},"author":1,"featured_media":0,"parent":0,"menu_order":0,"comment_status":"closed","ping_status":"closed","template":"","meta":{"ngg_post_thumbnail":0,"footnotes":"","_links_to":"","_links_to_target":""},"class_list":["post-3159","page","type-page","status-publish","hentry"],"_links":{"self":[{"href":"http:\/\/pro-it.hu\/kunagota.hu\/wp-json\/wp\/v2\/pages\/3159","targetHints":{"allow":["GET"]}}],"collection":[{"href":"http:\/\/pro-it.hu\/kunagota.hu\/wp-json\/wp\/v2\/pages"}],"about":[{"href":"http:\/\/pro-it.hu\/kunagota.hu\/wp-json\/wp\/v2\/types\/page"}],"author":[{"embeddable":true,"href":"http:\/\/pro-it.hu\/kunagota.hu\/wp-json\/wp\/v2\/users\/1"}],"replies":[{"embeddable":true,"href":"http:\/\/pro-it.hu\/kunagota.hu\/wp-json\/wp\/v2\/comments?post=3159"}],"version-history":[{"count":4,"href":"http:\/\/pro-it.hu\/kunagota.hu\/wp-json\/wp\/v2\/pages\/3159\/revisions"}],"predecessor-version":[{"id":5539,"href":"http:\/\/pro-it.hu\/kunagota.hu\/wp-json\/wp\/v2\/pages\/3159\/revisions\/5539"}],"wp:attachment":[{"href":"http:\/\/pro-it.hu\/kunagota.hu\/wp-json\/wp\/v2\/media?parent=3159"}],"curies":[{"name":"wp","href":"https:\/\/api.w.org\/{rel}","templated":true}]}}