{"id":4336,"date":"2023-11-15T12:50:20","date_gmt":"2023-11-15T12:50:20","guid":{"rendered":"http:\/\/pro-it.hu\/kunagota.hu\/?page_id=4336"},"modified":"2026-02-16T07:57:35","modified_gmt":"2026-02-16T07:57:35","slug":"top-plusz","status":"publish","type":"page","link":"http:\/\/pro-it.hu\/kunagota.hu\/top-plusz\/","title":{"rendered":"TOP Plusz"},"content":{"rendered":"<style type=\"text\/css\">\n#foogallery-gallery-6249 .fg-image { width: 270px; }\n#foogallery-gallery-6249 { --fg-gutter: 10px; }<\/style>\n\t\t\t<div class=\"foogallery foogallery-container foogallery-default foogallery-lightbox-none fg-left fg-default fg-ready fg-light fg-shadow-medium fg-loading-default fg-loaded-fade-in fg-preset fg-brad fg-preset-small fg-preset fg-brad fg-preset-small\" id=\"foogallery-gallery-6249\" data-foogallery=\"{&quot;item&quot;:{&quot;showCaptionTitle&quot;:true,&quot;showCaptionDescription&quot;:true},&quot;lazy&quot;:true}\" style=\"--fg-title-line-clamp: 0; --fg-description-line-clamp: 0;\" >\n\t<div class=\"fg-item fg-type-iframe fg-idle\"><figure class=\"fg-item-inner\"><a href=\"https:\/\/pro-it.hu\/kunagota.hu\/tajekoztatas-2\/\" data-caption-title=\"Komplex infrastruktur\u00e1lis fejleszt\u00e9s Kun\u00e1got\u00e1n\" data-attachment-id=\"6262\" data-type=\"iframe\" class=\"fg-thumb\"><span class=\"fg-image-wrap\"><img fetchpriority=\"high\" decoding=\"async\" width=\"270\" height=\"230\" class=\"skip-lazy fg-image\" data-src-fg=\"http:\/\/pro-it.hu\/kunagota.hu\/wp-content\/uploads\/cache\/2026\/02\/Komplex-infrastrukturalis-fejlesztes-Kunagotan\/2642429891.png\" src=\"data:image\/svg+xml,%3Csvg%20xmlns%3D%22http%3A%2F%2Fwww.w3.org%2F2000%2Fsvg%22%20width%3D%22270%22%20height%3D%22230%22%20viewBox%3D%220%200%20270%20230%22%3E%3C%2Fsvg%3E\" loading=\"eager\"><\/span><span class=\"fg-image-overlay\"><\/span><\/a><figcaption class=\"fg-caption\"><div class=\"fg-caption-inner\"><div class=\"fg-caption-title\">Komplex infrastruktur\u00e1lis fejleszt\u00e9s Kun\u00e1got\u00e1n<\/div><\/div><\/figcaption><\/figure><div class=\"fg-loader\"><\/div><\/div><div class=\"fg-item fg-type-iframe fg-idle\"><figure class=\"fg-item-inner\"><a href=\"https:\/\/pro-it.hu\/kunagota.hu\/tajekoztatas\/\" data-caption-title=\"1. Helyi gazdas\u00e1gfejleszt\u00e9s TOP Plusz-1.1.1-21\" data-attachment-id=\"6265\" data-type=\"iframe\" class=\"fg-thumb\"><span class=\"fg-image-wrap\"><img decoding=\"async\" width=\"270\" height=\"230\" class=\"skip-lazy fg-image\" data-src-fg=\"http:\/\/pro-it.hu\/kunagota.hu\/wp-content\/uploads\/cache\/2026\/02\/1_-Helyi-gazdasagfejlesztes-TOP-Plusz-1_1_1-21\/751868425.png\" src=\"data:image\/svg+xml,%3Csvg%20xmlns%3D%22http%3A%2F%2Fwww.w3.org%2F2000%2Fsvg%22%20width%3D%22270%22%20height%3D%22230%22%20viewBox%3D%220%200%20270%20230%22%3E%3C%2Fsvg%3E\" loading=\"eager\"><\/span><span class=\"fg-image-overlay\"><\/span><\/a><figcaption class=\"fg-caption\"><div class=\"fg-caption-inner\"><div class=\"fg-caption-title\">1. Helyi gazdas\u00e1gfejleszt\u00e9s TOP Plusz-1.1.1-21<\/div><\/div><\/figcaption><\/figure><div class=\"fg-loader\"><\/div><\/div><div class=\"fg-item fg-type-iframe fg-idle\"><figure class=\"fg-item-inner\"><a href=\"https:\/\/pro-it.hu\/kunagota.hu\/tajekoztatas-3\/\" data-caption-title=\"\u00c9lehet\u0151 telep\u00fcl\u00e9sek TOP Plusz-1-2-1-21\" data-attachment-id=\"6266\" data-type=\"iframe\" class=\"fg-thumb\"><span class=\"fg-image-wrap\"><img decoding=\"async\" width=\"270\" height=\"230\" class=\"skip-lazy fg-image\" data-src-fg=\"http:\/\/pro-it.hu\/kunagota.hu\/wp-content\/uploads\/cache\/2026\/02\/Eleheto-telepulesek-TOP-Plusz-1-2-1-21\/2799992453.png\" src=\"data:image\/svg+xml,%3Csvg%20xmlns%3D%22http%3A%2F%2Fwww.w3.org%2F2000%2Fsvg%22%20width%3D%22270%22%20height%3D%22230%22%20viewBox%3D%220%200%20270%20230%22%3E%3C%2Fsvg%3E\" loading=\"eager\"><\/span><span class=\"fg-image-overlay\"><\/span><\/a><figcaption class=\"fg-caption\"><div class=\"fg-caption-inner\"><div class=\"fg-caption-title\">\u00c9lehet\u0151 telep\u00fcl\u00e9sek TOP Plusz-1-2-1-21<\/div><\/div><\/figcaption><\/figure><div class=\"fg-loader\"><\/div><\/div><div class=\"fg-item fg-type-iframe fg-idle\"><figure class=\"fg-item-inner\"><a href=\"https:\/\/pro-it.hu\/kunagota.hu\/tajekoztatas-4\/\" data-caption-title=\"Belter\u00fcleti utak fejleszt\u00e9se Top Plusz-1.2.3-21\" data-attachment-id=\"6271\" data-type=\"iframe\" class=\"fg-thumb\"><span class=\"fg-image-wrap\"><img decoding=\"async\" width=\"270\" height=\"230\" class=\"skip-lazy fg-image\" data-src-fg=\"http:\/\/pro-it.hu\/kunagota.hu\/wp-content\/uploads\/cache\/2026\/02\/Belteruleti-utak-fejlesztese-Top-Plusz-1_2_3-21\/932870877.png\" src=\"data:image\/svg+xml,%3Csvg%20xmlns%3D%22http%3A%2F%2Fwww.w3.org%2F2000%2Fsvg%22%20width%3D%22270%22%20height%3D%22230%22%20viewBox%3D%220%200%20270%20230%22%3E%3C%2Fsvg%3E\" loading=\"eager\"><\/span><span class=\"fg-image-overlay\"><\/span><\/a><figcaption class=\"fg-caption\"><div class=\"fg-caption-inner\"><div class=\"fg-caption-title\">Belter\u00fcleti utak fejleszt\u00e9se Top Plusz-1.2.3-21<\/div><\/div><\/figcaption><\/figure><div class=\"fg-loader\"><\/div><\/div><div class=\"fg-item fg-type-iframe fg-idle\"><figure class=\"fg-item-inner\"><a href=\"https:\/\/pro-it.hu\/kunagota.hu\/tajekoztatas-5\/\" data-caption-title=\"TOP Plusz-3.3.1-21\" data-attachment-id=\"6257\" data-type=\"iframe\" class=\"fg-thumb\"><span class=\"fg-image-wrap\"><img decoding=\"async\" width=\"270\" height=\"230\" class=\"skip-lazy fg-image\" data-src-fg=\"http:\/\/pro-it.hu\/kunagota.hu\/wp-content\/uploads\/cache\/2026\/02\/TOP-Plusz-3_3_1-21\/1659715501.jpg\" src=\"data:image\/svg+xml,%3Csvg%20xmlns%3D%22http%3A%2F%2Fwww.w3.org%2F2000%2Fsvg%22%20width%3D%22270%22%20height%3D%22230%22%20viewBox%3D%220%200%20270%20230%22%3E%3C%2Fsvg%3E\" loading=\"eager\"><\/span><span class=\"fg-image-overlay\"><\/span><\/a><figcaption class=\"fg-caption\"><div class=\"fg-caption-inner\"><div class=\"fg-caption-title\">TOP Plusz-3.3.1-21<\/div><\/div><\/figcaption><\/figure><div class=\"fg-loader\"><\/div><\/div><\/div>\n\n","protected":false},"excerpt":{"rendered":"","protected":false},"author":1,"featured_media":6187,"parent":0,"menu_order":1,"comment_status":"closed","ping_status":"closed","template":"","meta":{"ngg_post_thumbnail":0,"footnotes":"","_links_to":"","_links_to_target":""},"class_list":["post-4336","page","type-page","status-publish","has-post-thumbnail","hentry"],"_links":{"self":[{"href":"http:\/\/pro-it.hu\/kunagota.hu\/wp-json\/wp\/v2\/pages\/4336","targetHints":{"allow":["GET"]}}],"collection":[{"href":"http:\/\/pro-it.hu\/kunagota.hu\/wp-json\/wp\/v2\/pages"}],"about":[{"href":"http:\/\/pro-it.hu\/kunagota.hu\/wp-json\/wp\/v2\/types\/page"}],"author":[{"embeddable":true,"href":"http:\/\/pro-it.hu\/kunagota.hu\/wp-json\/wp\/v2\/users\/1"}],"replies":[{"embeddable":true,"href":"http:\/\/pro-it.hu\/kunagota.hu\/wp-json\/wp\/v2\/comments?post=4336"}],"version-history":[{"count":9,"href":"http:\/\/pro-it.hu\/kunagota.hu\/wp-json\/wp\/v2\/pages\/4336\/revisions"}],"predecessor-version":[{"id":6260,"href":"http:\/\/pro-it.hu\/kunagota.hu\/wp-json\/wp\/v2\/pages\/4336\/revisions\/6260"}],"wp:featuredmedia":[{"embeddable":true,"href":"http:\/\/pro-it.hu\/kunagota.hu\/wp-json\/wp\/v2\/media\/6187"}],"wp:attachment":[{"href":"http:\/\/pro-it.hu\/kunagota.hu\/wp-json\/wp\/v2\/media?parent=4336"}],"curies":[{"name":"wp","href":"https:\/\/api.w.org\/{rel}","templated":true}]}}