{"id":4350,"date":"2023-11-15T12:52:31","date_gmt":"2023-11-15T12:52:31","guid":{"rendered":"http:\/\/pro-it.hu\/kunagota.hu\/?page_id=4350"},"modified":"2026-02-12T14:55:20","modified_gmt":"2026-02-12T14:55:20","slug":"eleheto-telepulesek-top-plusz-1-2-1-21","status":"publish","type":"page","link":"http:\/\/pro-it.hu\/kunagota.hu\/eleheto-telepulesek-top-plusz-1-2-1-21\/","title":{"rendered":"\u00c9lehet\u0151 telep\u00fcl\u00e9sek TOP Plusz-1-2-1-21"},"content":{"rendered":"","protected":false},"excerpt":{"rendered":"","protected":false},"author":1,"featured_media":0,"parent":0,"menu_order":0,"comment_status":"closed","ping_status":"closed","template":"","meta":{"ngg_post_thumbnail":0,"footnotes":"","_links_to":"","_links_to_target":""},"class_list":["post-4350","page","type-page","status-publish","hentry"],"_links":{"self":[{"href":"http:\/\/pro-it.hu\/kunagota.hu\/wp-json\/wp\/v2\/pages\/4350","targetHints":{"allow":["GET"]}}],"collection":[{"href":"http:\/\/pro-it.hu\/kunagota.hu\/wp-json\/wp\/v2\/pages"}],"about":[{"href":"http:\/\/pro-it.hu\/kunagota.hu\/wp-json\/wp\/v2\/types\/page"}],"author":[{"embeddable":true,"href":"http:\/\/pro-it.hu\/kunagota.hu\/wp-json\/wp\/v2\/users\/1"}],"replies":[{"embeddable":true,"href":"http:\/\/pro-it.hu\/kunagota.hu\/wp-json\/wp\/v2\/comments?post=4350"}],"version-history":[{"count":3,"href":"http:\/\/pro-it.hu\/kunagota.hu\/wp-json\/wp\/v2\/pages\/4350\/revisions"}],"predecessor-version":[{"id":6233,"href":"http:\/\/pro-it.hu\/kunagota.hu\/wp-json\/wp\/v2\/pages\/4350\/revisions\/6233"}],"wp:attachment":[{"href":"http:\/\/pro-it.hu\/kunagota.hu\/wp-json\/wp\/v2\/media?parent=4350"}],"curies":[{"name":"wp","href":"https:\/\/api.w.org\/{rel}","templated":true}]}}