{"id":4785,"date":"2024-04-02T13:08:22","date_gmt":"2024-04-02T13:08:22","guid":{"rendered":"http:\/\/pro-it.hu\/kunagota.hu\/?page_id=4785"},"modified":"2026-01-23T07:25:35","modified_gmt":"2026-01-23T07:25:35","slug":"sajtokozlemeny","status":"publish","type":"page","link":"http:\/\/pro-it.hu\/kunagota.hu\/sajtokozlemeny\/","title":{"rendered":"Sajt\u00f3k\u00f6zlem\u00e9ny"},"content":{"rendered":"<a href=\"http:\/\/pro-it.hu\/kunagota.hu\/wp-content\/uploads\/2026\/01\/TP111_Kunagota_Zaro_Sajtokozlemeny_HU.pdf\" class=\"pdfemb-viewer\" style=\"\" data-width=\"max\" data-height=\"max\" data-toolbar=\"bottom\" data-toolbar-fixed=\"off\">TP111_Kun\u00e1gota_Z\u00e1r\u00f3_Sajt\u00f3k\u00f6zlem\u00e9ny_HU<\/a>\n<p><span style=\"font-family: Helvetica, sans-serif; font-size: 14px; font-style: normal; font-weight: 400;\"><a href=\"http:\/\/pro-it.hu\/kunagota.hu\/wp-content\/uploads\/2024\/04\/TOP_PLUSZ-1.1.1_Sajt\u00f3k\u00f6zlem\u00e9ny_megind\u00edt\u00e1s.pdf\" class=\"pdfemb-viewer\" style=\"\" data-width=\"max\" data-height=\"max\" data-toolbar=\"bottom\" data-toolbar-fixed=\"off\">TOP_PLUSZ-1.1.1_Sajt\u00f3k\u00f6zlem\u00e9ny_megind\u00edt\u00e1s<\/a><\/span><\/p>\n","protected":false},"excerpt":{"rendered":"","protected":false},"author":1,"featured_media":0,"parent":0,"menu_order":0,"comment_status":"closed","ping_status":"closed","template":"","meta":{"ngg_post_thumbnail":0,"footnotes":"","_links_to":"","_links_to_target":""},"class_list":["post-4785","page","type-page","status-publish","hentry"],"_links":{"self":[{"href":"http:\/\/pro-it.hu\/kunagota.hu\/wp-json\/wp\/v2\/pages\/4785","targetHints":{"allow":["GET"]}}],"collection":[{"href":"http:\/\/pro-it.hu\/kunagota.hu\/wp-json\/wp\/v2\/pages"}],"about":[{"href":"http:\/\/pro-it.hu\/kunagota.hu\/wp-json\/wp\/v2\/types\/page"}],"author":[{"embeddable":true,"href":"http:\/\/pro-it.hu\/kunagota.hu\/wp-json\/wp\/v2\/users\/1"}],"replies":[{"embeddable":true,"href":"http:\/\/pro-it.hu\/kunagota.hu\/wp-json\/wp\/v2\/comments?post=4785"}],"version-history":[{"count":2,"href":"http:\/\/pro-it.hu\/kunagota.hu\/wp-json\/wp\/v2\/pages\/4785\/revisions"}],"predecessor-version":[{"id":6113,"href":"http:\/\/pro-it.hu\/kunagota.hu\/wp-json\/wp\/v2\/pages\/4785\/revisions\/6113"}],"wp:attachment":[{"href":"http:\/\/pro-it.hu\/kunagota.hu\/wp-json\/wp\/v2\/media?parent=4785"}],"curies":[{"name":"wp","href":"https:\/\/api.w.org\/{rel}","templated":true}]}}