{"id":4973,"date":"2024-05-27T05:52:50","date_gmt":"2024-05-27T05:52:50","guid":{"rendered":"http:\/\/pro-it.hu\/kunagota.hu\/?page_id=4973"},"modified":"2024-05-27T05:53:55","modified_gmt":"2024-05-27T05:53:55","slug":"elso-tarlat","status":"publish","type":"page","link":"http:\/\/pro-it.hu\/kunagota.hu\/elso-tarlat\/","title":{"rendered":"Els\u0151 t\u00e1rlat"},"content":{"rendered":"<h1 style=\"text-align: center;\">Id\u0151szaki t\u00e1rlat a M\u0171vel\u0151d\u00e9si H\u00e1z el\u0151ter\u00e9ben<\/h1>\n<p>&nbsp;<\/p>\n<p>A kun\u00e1gotai \u0150szir\u00f3zsa Nyugd\u00edjas Klub&nbsp; \u00e9s a K\u00e9zm\u0171ves szakk\u00f6r tagjai k\u00f6z\u00f6tt sz\u00e9p sz\u00e1mmal vannak olyan \u00fcgyeskez\u0171 alkot\u00f3k, akik sz\u00edvesen k\u00f6zkinccs\u00e9 teszik az \u00e1ltaluk k\u00e9sz\u00edtett \u2013 olykor m\u0171v\u00e9szi \u00e9rt\u00e9k\u0171 \u2013 haszn\u00e1lati \u00e9s d\u00edszt\u00e1rgyaikat.<\/p>\n<p>&nbsp;<\/p>\n<p>Az els\u0151 t\u00e1rlat megnyit\u00e1s\u00e1ra 2024. m\u00e1jus 16-\u00e1n ker\u00fclt sor. A ki\u00e1ll\u00edt\u00f3 teret Kis J\u00e1nosn\u00e9 Boldog M\u00e1ria h\u00edmz\u00e9sei t\u00f6lt\u00f6tt\u00e9k meg.<\/p>\n<p>&nbsp;<\/p>\n<p>A ki\u00e1ll\u00edt\u00e1s 2 h\u00f3napig l\u00e1that\u00f3, majd azt k\u00f6vet\u0151en \u00fajabb alkot\u00f3k mutatkoznak be hasonl\u00f3 id\u0151tartamban. A k\u00e9s\u0151bbiekben csipk\u00e9k, gobelinek, pap\u00edrfon\u00e1sok, pl\u00fcss\u00e1llatok \u00e9s rajzok is ki\u00e1ll\u00edt\u00e1sra ker\u00fclnek.<\/p>\n<p>&nbsp;<\/p>\n<div class=\"wp-block-image\"><a href=\"http:\/\/pro-it.hu\/kunagota.hu\/wp-content\/uploads\/2024\/05\/DSC_0742-scaled.jpg\"><img loading=\"lazy\" decoding=\"async\" class=\"wpa-warning wpa-image-missing-alt alignnone size-full wp-image-4974\" src=\"http:\/\/pro-it.hu\/kunagota.hu\/wp-content\/uploads\/2024\/05\/DSC_0742-scaled.jpg\" alt=\"\" width=\"2560\" height=\"1711\" data-warning=\"Missing alt text\" srcset=\"http:\/\/pro-it.hu\/kunagota.hu\/wp-content\/uploads\/2024\/05\/DSC_0742-scaled.jpg 2560w, http:\/\/pro-it.hu\/kunagota.hu\/wp-content\/uploads\/2024\/05\/DSC_0742-768x513.jpg 768w, http:\/\/pro-it.hu\/kunagota.hu\/wp-content\/uploads\/2024\/05\/DSC_0742-1536x1027.jpg 1536w, http:\/\/pro-it.hu\/kunagota.hu\/wp-content\/uploads\/2024\/05\/DSC_0742-2048x1369.jpg 2048w\" sizes=\"auto, (max-width: 2560px) 100vw, 2560px\" \/><\/a><\/div>\n<div>&nbsp;<\/div>\n<div>&nbsp;<\/div>\n<div>&nbsp;<\/div>\n<div>\n<div class=\"wp-block-image\"><a href=\"http:\/\/pro-it.hu\/kunagota.hu\/wp-content\/uploads\/2024\/05\/DSC_0737-scaled.jpg\"><img loading=\"lazy\" decoding=\"async\" class=\"wpa-warning wpa-image-missing-alt alignnone size-full wp-image-4975\" src=\"http:\/\/pro-it.hu\/kunagota.hu\/wp-content\/uploads\/2024\/05\/DSC_0737-scaled.jpg\" alt=\"\" width=\"2560\" height=\"1711\" data-warning=\"Missing alt text\" srcset=\"http:\/\/pro-it.hu\/kunagota.hu\/wp-content\/uploads\/2024\/05\/DSC_0737-scaled.jpg 2560w, http:\/\/pro-it.hu\/kunagota.hu\/wp-content\/uploads\/2024\/05\/DSC_0737-768x513.jpg 768w, http:\/\/pro-it.hu\/kunagota.hu\/wp-content\/uploads\/2024\/05\/DSC_0737-1536x1027.jpg 1536w, http:\/\/pro-it.hu\/kunagota.hu\/wp-content\/uploads\/2024\/05\/DSC_0737-2048x1369.jpg 2048w\" sizes=\"auto, (max-width: 2560px) 100vw, 2560px\" \/><\/a><\/div>\n<\/div>\n<div>&nbsp;<\/div>\n<div>&nbsp;<\/div>\n<div>&nbsp;<\/div>\n<div>\n<div class=\"wp-block-image\"><a href=\"http:\/\/pro-it.hu\/kunagota.hu\/wp-content\/uploads\/2024\/05\/DSC_0741-scaled.jpg\"><img loading=\"lazy\" decoding=\"async\" class=\"wpa-warning wpa-image-missing-alt alignnone size-full wp-image-4976\" src=\"http:\/\/pro-it.hu\/kunagota.hu\/wp-content\/uploads\/2024\/05\/DSC_0741-scaled.jpg\" alt=\"\" width=\"2560\" height=\"1711\" data-warning=\"Missing alt text\" srcset=\"http:\/\/pro-it.hu\/kunagota.hu\/wp-content\/uploads\/2024\/05\/DSC_0741-scaled.jpg 2560w, http:\/\/pro-it.hu\/kunagota.hu\/wp-content\/uploads\/2024\/05\/DSC_0741-768x513.jpg 768w, http:\/\/pro-it.hu\/kunagota.hu\/wp-content\/uploads\/2024\/05\/DSC_0741-1536x1027.jpg 1536w, http:\/\/pro-it.hu\/kunagota.hu\/wp-content\/uploads\/2024\/05\/DSC_0741-2048x1369.jpg 2048w\" sizes=\"auto, (max-width: 2560px) 100vw, 2560px\" \/><\/a><\/div>\n<\/div>\n<div>&nbsp;<\/div>\n<div>&nbsp;<\/div>\n<div>&nbsp;<\/div>\n<div>\n<div class=\"wp-block-image\"><a href=\"http:\/\/pro-it.hu\/kunagota.hu\/wp-content\/uploads\/2024\/05\/Kis-J\u00e1nosn\u00e9-az-alkot\u00f3-scaled.jpg\"><img loading=\"lazy\" decoding=\"async\" class=\"wpa-warning wpa-image-missing-alt alignnone size-full wp-image-4977\" src=\"http:\/\/pro-it.hu\/kunagota.hu\/wp-content\/uploads\/2024\/05\/Kis-J\u00e1nosn\u00e9-az-alkot\u00f3-scaled.jpg\" alt=\"\" width=\"1920\" height=\"2560\" data-warning=\"Missing alt text\" srcset=\"http:\/\/pro-it.hu\/kunagota.hu\/wp-content\/uploads\/2024\/05\/Kis-J\u00e1nosn\u00e9-az-alkot\u00f3-scaled.jpg 1920w, http:\/\/pro-it.hu\/kunagota.hu\/wp-content\/uploads\/2024\/05\/Kis-J\u00e1nosn\u00e9-az-alkot\u00f3-768x1024.jpg 768w, http:\/\/pro-it.hu\/kunagota.hu\/wp-content\/uploads\/2024\/05\/Kis-J\u00e1nosn\u00e9-az-alkot\u00f3-1152x1536.jpg 1152w, http:\/\/pro-it.hu\/kunagota.hu\/wp-content\/uploads\/2024\/05\/Kis-J\u00e1nosn\u00e9-az-alkot\u00f3-1536x2048.jpg 1536w\" sizes=\"auto, (max-width: 1920px) 100vw, 1920px\" \/><\/a><\/div>\n<\/div>\n<div>&nbsp;<\/div>\n<div>&nbsp;<\/div>\n<div>&nbsp;<\/div>\n<div>\n<div class=\"wp-block-image\"><a href=\"http:\/\/pro-it.hu\/kunagota.hu\/wp-content\/uploads\/2024\/05\/DSC_0733-scaled.jpg\"><img loading=\"lazy\" decoding=\"async\" class=\"wpa-warning wpa-image-missing-alt alignnone size-full wp-image-4978\" src=\"http:\/\/pro-it.hu\/kunagota.hu\/wp-content\/uploads\/2024\/05\/DSC_0733-scaled.jpg\" alt=\"\" width=\"2560\" height=\"1707\" data-warning=\"Missing alt text\" srcset=\"http:\/\/pro-it.hu\/kunagota.hu\/wp-content\/uploads\/2024\/05\/DSC_0733-scaled.jpg 2560w, http:\/\/pro-it.hu\/kunagota.hu\/wp-content\/uploads\/2024\/05\/DSC_0733-768x512.jpg 768w, http:\/\/pro-it.hu\/kunagota.hu\/wp-content\/uploads\/2024\/05\/DSC_0733-1536x1024.jpg 1536w, http:\/\/pro-it.hu\/kunagota.hu\/wp-content\/uploads\/2024\/05\/DSC_0733-2048x1365.jpg 2048w\" sizes=\"auto, (max-width: 2560px) 100vw, 2560px\" \/><\/a><\/div>\n<\/div>\n","protected":false},"excerpt":{"rendered":"<p>Id\u0151szaki t\u00e1rlat a M\u0171vel\u0151d\u00e9si H\u00e1z el\u0151ter\u00e9ben &nbsp; A kun\u00e1gotai \u0150szir\u00f3zsa Nyugd\u00edjas Klub&nbsp; \u00e9s a K\u00e9zm\u0171ves szakk\u00f6r tagjai k\u00f6z\u00f6tt sz\u00e9p sz\u00e1mmal vannak olyan \u00fcgyeskez\u0171 alkot\u00f3k, akik sz\u00edvesen k\u00f6zkinccs\u00e9 teszik az \u00e1ltaluk k\u00e9sz\u00edtett \u2013 olykor m\u0171v\u00e9szi \u00e9rt\u00e9k\u0171 \u2013 haszn\u00e1lati \u00e9s d\u00edszt\u00e1rgyaikat. &nbsp;&hellip; <\/p>\n","protected":false},"author":1,"featured_media":0,"parent":0,"menu_order":0,"comment_status":"closed","ping_status":"closed","template":"","meta":{"ngg_post_thumbnail":0,"footnotes":"","_links_to":"","_links_to_target":""},"class_list":["post-4973","page","type-page","status-publish","hentry"],"_links":{"self":[{"href":"http:\/\/pro-it.hu\/kunagota.hu\/wp-json\/wp\/v2\/pages\/4973","targetHints":{"allow":["GET"]}}],"collection":[{"href":"http:\/\/pro-it.hu\/kunagota.hu\/wp-json\/wp\/v2\/pages"}],"about":[{"href":"http:\/\/pro-it.hu\/kunagota.hu\/wp-json\/wp\/v2\/types\/page"}],"author":[{"embeddable":true,"href":"http:\/\/pro-it.hu\/kunagota.hu\/wp-json\/wp\/v2\/users\/1"}],"replies":[{"embeddable":true,"href":"http:\/\/pro-it.hu\/kunagota.hu\/wp-json\/wp\/v2\/comments?post=4973"}],"version-history":[{"count":2,"href":"http:\/\/pro-it.hu\/kunagota.hu\/wp-json\/wp\/v2\/pages\/4973\/revisions"}],"predecessor-version":[{"id":4981,"href":"http:\/\/pro-it.hu\/kunagota.hu\/wp-json\/wp\/v2\/pages\/4973\/revisions\/4981"}],"wp:attachment":[{"href":"http:\/\/pro-it.hu\/kunagota.hu\/wp-json\/wp\/v2\/media?parent=4973"}],"curies":[{"name":"wp","href":"https:\/\/api.w.org\/{rel}","templated":true}]}}