{"id":5095,"date":"2024-07-11T08:01:16","date_gmt":"2024-07-11T08:01:16","guid":{"rendered":"http:\/\/pro-it.hu\/kunagota.hu\/?page_id=5095"},"modified":"2024-07-25T06:39:14","modified_gmt":"2024-07-25T06:39:14","slug":"2023-ev","status":"publish","type":"page","link":"http:\/\/pro-it.hu\/kunagota.hu\/2023-ev\/","title":{"rendered":"2023. \u00e9v"},"content":{"rendered":"<a href=\"http:\/\/pro-it.hu\/kunagota.hu\/wp-content\/uploads\/2024\/07\/1-2023.I.18.-KT\u00dc.-jkv.-honlapra.pdf\" class=\"pdfemb-viewer\" style=\"\" data-width=\"max\" data-height=\"max\" data-toolbar=\"bottom\" data-toolbar-fixed=\"off\">1-2023.(I.18.) KT\u00dc. jkv. honlapra<\/a>\n<p>&nbsp;<\/p>\n<a href=\"http:\/\/pro-it.hu\/kunagota.hu\/wp-content\/uploads\/2024\/07\/2-2023.I.31.-jkv.-honlapra.pdf\" class=\"pdfemb-viewer\" style=\"\" data-width=\"max\" data-height=\"max\" data-toolbar=\"bottom\" data-toolbar-fixed=\"off\">2-2023.(I.31.) jkv. honlapra<\/a>\n<p>&nbsp;<\/p>\n<a href=\"http:\/\/pro-it.hu\/kunagota.hu\/wp-content\/uploads\/2024\/07\/3-2023.02.07.JKV_.-honlapra.pdf\" class=\"pdfemb-viewer\" style=\"\" data-width=\"max\" data-height=\"max\" data-toolbar=\"bottom\" data-toolbar-fixed=\"off\">3-2023.(02.07.)JKV. honlapra<\/a>\n<p>&nbsp;<\/p>\n<a href=\"http:\/\/pro-it.hu\/kunagota.hu\/wp-content\/uploads\/2024\/07\/4-2023.II_.4.-egy\u00fcttes-\u00fcl\u00e9s-jkv.-honlapra.pdf\" class=\"pdfemb-viewer\" style=\"\" data-width=\"max\" data-height=\"max\" data-toolbar=\"bottom\" data-toolbar-fixed=\"off\">4-2023.(II.4.) egy\u00fcttes \u00fcl\u00e9s jkv. honlapra<\/a>\n<p>&nbsp;<\/p>\n<a href=\"http:\/\/pro-it.hu\/kunagota.hu\/wp-content\/uploads\/2024\/07\/5-2023.II_.14.-KT\u00dc.-honlapra.pdf\" class=\"pdfemb-viewer\" style=\"\" data-width=\"max\" data-height=\"max\" data-toolbar=\"bottom\" data-toolbar-fixed=\"off\">5-2023.(II.14.) KT\u00dc. honlapra<\/a>\n<p>&nbsp;<\/p>\n<a href=\"http:\/\/pro-it.hu\/kunagota.hu\/wp-content\/uploads\/2024\/07\/6-2023.II_.20.-KT\u00dc.-honlapra.pdf\" class=\"pdfemb-viewer\" style=\"\" data-width=\"max\" data-height=\"max\" data-toolbar=\"bottom\" data-toolbar-fixed=\"off\">6-2023.(II.20.) KT\u00dc. honlapra<\/a>\n<p>&nbsp;<\/p>\n<a href=\"http:\/\/pro-it.hu\/kunagota.hu\/wp-content\/uploads\/2024\/07\/7-2023.-II.28.-KT\u00dc.honlapra.pdf\" class=\"pdfemb-viewer\" style=\"\" data-width=\"max\" data-height=\"max\" data-toolbar=\"bottom\" data-toolbar-fixed=\"off\">7-2023. (II.28.) KT\u00dc.honlapra<\/a>\n<p>&nbsp;<\/p>\n<a href=\"http:\/\/pro-it.hu\/kunagota.hu\/wp-content\/uploads\/2024\/07\/8-2023.III_.2.-KT\u00dc.-honlapra.pdf\" class=\"pdfemb-viewer\" style=\"\" data-width=\"max\" data-height=\"max\" data-toolbar=\"bottom\" data-toolbar-fixed=\"off\">8-2023.(III.2.) KT\u00dc. honlapra<\/a>\n<p>&nbsp;<\/p>\n<a href=\"http:\/\/pro-it.hu\/kunagota.hu\/wp-content\/uploads\/2024\/07\/9-2023.III_.14.-KT\u00dc.-honlapra-1.pdf\" class=\"pdfemb-viewer\" style=\"\" data-width=\"max\" data-height=\"max\" data-toolbar=\"bottom\" data-toolbar-fixed=\"off\">9-2023.(III.14.) KT\u00dc. honlapra<\/a>\n<p>&nbsp;<\/p>\n<a href=\"http:\/\/pro-it.hu\/kunagota.hu\/wp-content\/uploads\/2024\/07\/10-2023.III_.22.-KT\u00dc.honlapra-1.pdf\" class=\"pdfemb-viewer\" style=\"\" data-width=\"max\" data-height=\"max\" data-toolbar=\"bottom\" data-toolbar-fixed=\"off\">10-2023.(III.22.) KT\u00dc.honlapra<\/a>\n<p>&nbsp;<\/p>\n<a href=\"http:\/\/pro-it.hu\/kunagota.hu\/wp-content\/uploads\/2024\/07\/11-2023.III_.27.-KT\u00dc.honlapra.pdf\" class=\"pdfemb-viewer\" style=\"\" data-width=\"max\" data-height=\"max\" data-toolbar=\"bottom\" data-toolbar-fixed=\"off\">11-2023.(III.27.) KT\u00dc.honlapra<\/a>\n<p>&nbsp;<\/p>\n<a href=\"http:\/\/pro-it.hu\/kunagota.hu\/wp-content\/uploads\/2024\/07\/12-2023.IV_.4.-KT\u00dc.honlapra.pdf\" class=\"pdfemb-viewer\" style=\"\" data-width=\"max\" data-height=\"max\" data-toolbar=\"bottom\" data-toolbar-fixed=\"off\">12-2023.(IV.4.) KT\u00dc.honlapra<\/a>\n<p>&nbsp;<\/p>\n<a href=\"http:\/\/pro-it.hu\/kunagota.hu\/wp-content\/uploads\/2024\/07\/13-2023.IV_.12.-jkv.honlapra.pdf\" class=\"pdfemb-viewer\" style=\"\" data-width=\"max\" data-height=\"max\" data-toolbar=\"bottom\" data-toolbar-fixed=\"off\">13-2023.(IV.12.) jkv.honlapra<\/a>\n<p>&nbsp;<\/p>\n<a href=\"http:\/\/pro-it.hu\/kunagota.hu\/wp-content\/uploads\/2024\/07\/14-2023.IV_.17.-JZK.honlapra-1.pdf\" class=\"pdfemb-viewer\" style=\"\" data-width=\"max\" data-height=\"max\" data-toolbar=\"bottom\" data-toolbar-fixed=\"off\">14-2023.(IV.17.) JZK.honlapra<\/a>\n<p>&nbsp;<\/p>\n<a href=\"http:\/\/pro-it.hu\/kunagota.hu\/wp-content\/uploads\/2024\/07\/15-2023.IV_.26.-KT\u00dc.honlapra-1.pdf\" class=\"pdfemb-viewer\" style=\"\" data-width=\"max\" data-height=\"max\" data-toolbar=\"bottom\" data-toolbar-fixed=\"off\">15-2023.(IV.26.) KT\u00dc.honlapra<\/a>\n<p>&nbsp;<\/p>\n<a href=\"http:\/\/pro-it.hu\/kunagota.hu\/wp-content\/uploads\/2024\/07\/16-2023.V.10.-KT\u00dc.honlapra-1.pdf\" class=\"pdfemb-viewer\" style=\"\" data-width=\"max\" data-height=\"max\" data-toolbar=\"bottom\" data-toolbar-fixed=\"off\">16-2023.(V.10.) KT\u00dc.honlapra<\/a>\n<p>&nbsp;<\/p>\n<a href=\"http:\/\/pro-it.hu\/kunagota.hu\/wp-content\/uploads\/2024\/07\/18-2023.V.30.-KT\u00dc.honlapra-1.pdf\" class=\"pdfemb-viewer\" style=\"\" data-width=\"max\" data-height=\"max\" data-toolbar=\"bottom\" data-toolbar-fixed=\"off\">18-2023.(V.30.) KT\u00dc.honlapra<\/a>\n<p>&nbsp;<\/p>\n<a href=\"http:\/\/pro-it.hu\/kunagota.hu\/wp-content\/uploads\/2024\/07\/19-2023.VI_.13.-KT\u00dc.honlapra-1.pdf\" class=\"pdfemb-viewer\" style=\"\" data-width=\"max\" data-height=\"max\" data-toolbar=\"bottom\" data-toolbar-fixed=\"off\">19-2023.(VI.13.) KT\u00dc.honlapra<\/a>\n<p>&nbsp;<\/p>\n<a href=\"http:\/\/pro-it.hu\/kunagota.hu\/wp-content\/uploads\/2024\/07\/20-2023.-VI.20.-KT\u00dc.honlapra-1.pdf\" class=\"pdfemb-viewer\" style=\"\" data-width=\"max\" data-height=\"max\" data-toolbar=\"bottom\" data-toolbar-fixed=\"off\">20-2023. (VI.20.) KT\u00dc.honlapra<\/a>\n<p>&nbsp;<\/p>\n<a href=\"http:\/\/pro-it.hu\/kunagota.hu\/wp-content\/uploads\/2024\/07\/21-2023.VI_.28.-KT\u00dc.honlapra-1.pdf\" class=\"pdfemb-viewer\" style=\"\" data-width=\"max\" data-height=\"max\" data-toolbar=\"bottom\" data-toolbar-fixed=\"off\">21-2023.(VI.28.) KT\u00dc.honlapra<\/a>\n<p>&nbsp;<\/p>\n<a href=\"http:\/\/pro-it.hu\/kunagota.hu\/wp-content\/uploads\/2024\/07\/22-2023.VII_.5.-KT\u00dc.honlapra-1.pdf\" class=\"pdfemb-viewer\" style=\"\" data-width=\"max\" data-height=\"max\" data-toolbar=\"bottom\" data-toolbar-fixed=\"off\">22-2023.(VII.5.) KT\u00dc.honlapra<\/a>\n<p>&nbsp;<\/p>\n<a href=\"http:\/\/pro-it.hu\/kunagota.hu\/wp-content\/uploads\/2024\/07\/23-2023.VII_.17.-jkv.-honlapra-1.pdf\" class=\"pdfemb-viewer\" style=\"\" data-width=\"max\" data-height=\"max\" data-toolbar=\"bottom\" data-toolbar-fixed=\"off\">23-2023.(VII.17.) jkv. honlapra<\/a>\n<p>&nbsp;<\/p>\n<a href=\"http:\/\/pro-it.hu\/kunagota.hu\/wp-content\/uploads\/2024\/07\/24-2023.VIII_.8.-jkv.-honlapra-1.pdf\" class=\"pdfemb-viewer\" style=\"\" data-width=\"max\" data-height=\"max\" data-toolbar=\"bottom\" data-toolbar-fixed=\"off\">24-2023.(VIII.8.) jkv. honlapra<\/a>\n<p>&nbsp;<\/p>\n<a href=\"http:\/\/pro-it.hu\/kunagota.hu\/wp-content\/uploads\/2024\/07\/25-2023.VIII_.14.-KT\u00dc.honlapra-1.pdf\" class=\"pdfemb-viewer\" style=\"\" data-width=\"max\" data-height=\"max\" data-toolbar=\"bottom\" data-toolbar-fixed=\"off\">25-2023.(VIII.14.) KT\u00dc.honlapra<\/a>\n<p>&nbsp;<\/p>\n<a href=\"http:\/\/pro-it.hu\/kunagota.hu\/wp-content\/uploads\/2024\/07\/26-2023.VIII_.31.-KT\u00dc.honlapra-1.pdf\" class=\"pdfemb-viewer\" style=\"\" data-width=\"max\" data-height=\"max\" data-toolbar=\"bottom\" data-toolbar-fixed=\"off\">26-2023.(VIII.31.) KT\u00dc.honlapra<\/a>\n<p>&nbsp;<\/p>\n<a href=\"http:\/\/pro-it.hu\/kunagota.hu\/wp-content\/uploads\/2024\/07\/27-2023.-IX.5.-KT\u00dc.honlapra.pdf\" class=\"pdfemb-viewer\" style=\"\" data-width=\"max\" data-height=\"max\" data-toolbar=\"bottom\" data-toolbar-fixed=\"off\">27-2023. (IX.5.) KT\u00dc.honlapra<\/a>\n<p>&nbsp;<\/p>\n<a href=\"http:\/\/pro-it.hu\/kunagota.hu\/wp-content\/uploads\/2024\/07\/28-2023.IX_.28.-KT\u00dc.-honlapra.pdf\" class=\"pdfemb-viewer\" style=\"\" data-width=\"max\" data-height=\"max\" data-toolbar=\"bottom\" data-toolbar-fixed=\"off\">28-2023.(IX.28.) KT\u00dc. honlapra<\/a>\n<p>&nbsp;<\/p>\n<a href=\"http:\/\/pro-it.hu\/kunagota.hu\/wp-content\/uploads\/2024\/07\/29-2023.X.18.-KT\u00dc.honlapra.pdf\" class=\"pdfemb-viewer\" style=\"\" data-width=\"max\" data-height=\"max\" data-toolbar=\"bottom\" data-toolbar-fixed=\"off\">29-2023.(X.18.) KT\u00dc.honlapra<\/a>\n<p>&nbsp;<\/p>\n<a href=\"http:\/\/pro-it.hu\/kunagota.hu\/wp-content\/uploads\/2024\/07\/30-2023.X.25.-KT\u00dc.honlapra.pdf\" class=\"pdfemb-viewer\" style=\"\" data-width=\"max\" data-height=\"max\" data-toolbar=\"bottom\" data-toolbar-fixed=\"off\">30-2023.(X.25.) KT\u00dc.honlapra<\/a>\n<p>&nbsp;<\/p>\n<a href=\"http:\/\/pro-it.hu\/kunagota.hu\/wp-content\/uploads\/2024\/07\/31-2023.XI_.8.-KT\u00dc.honlapra.pdf\" class=\"pdfemb-viewer\" style=\"\" data-width=\"max\" data-height=\"max\" data-toolbar=\"bottom\" data-toolbar-fixed=\"off\">31-2023.(XI.8.) KT\u00dc.honlapra<\/a>\n<p>&nbsp;<\/p>\n<a href=\"http:\/\/pro-it.hu\/kunagota.hu\/wp-content\/uploads\/2024\/07\/32-2023.XI_.14.-k\u00f6zmeghallgat\u00e1s.honlapra.pdf\" class=\"pdfemb-viewer\" style=\"\" data-width=\"max\" data-height=\"max\" data-toolbar=\"bottom\" data-toolbar-fixed=\"off\">32-2023.(XI.14.) k\u00f6zmeghallgat\u00e1s.honlapra<\/a>\n<p>&nbsp;<\/p>\n<a href=\"http:\/\/pro-it.hu\/kunagota.hu\/wp-content\/uploads\/2024\/07\/33-2023.XI_.21.-KT\u00dc.honlapra.pdf\" class=\"pdfemb-viewer\" style=\"\" data-width=\"max\" data-height=\"max\" data-toolbar=\"bottom\" data-toolbar-fixed=\"off\">33-2023.(XI.21.) KT\u00dc.honlapra<\/a>\n<p>&nbsp;<\/p>\n<a href=\"http:\/\/pro-it.hu\/kunagota.hu\/wp-content\/uploads\/2024\/07\/34-2023.XI_.29.-KT\u00dc.honlapra.pdf\" class=\"pdfemb-viewer\" style=\"\" data-width=\"max\" data-height=\"max\" data-toolbar=\"bottom\" data-toolbar-fixed=\"off\">34-2023.(XI.29.) KT\u00dc.honlapra<\/a>\n<p>&nbsp;<\/p>\n<a href=\"http:\/\/pro-it.hu\/kunagota.hu\/wp-content\/uploads\/2024\/07\/35-2023.XII_.5.-KT\u00dc.honlapra.pdf\" class=\"pdfemb-viewer\" style=\"\" data-width=\"max\" data-height=\"max\" data-toolbar=\"bottom\" data-toolbar-fixed=\"off\">35-2023.(XII.5.) KT\u00dc.honlapra<\/a>\n<p>&nbsp;<\/p>\n<a href=\"http:\/\/pro-it.hu\/kunagota.hu\/wp-content\/uploads\/2024\/07\/36-2023.XII_.18.-KT\u00dc.honlapra.pdf\" class=\"pdfemb-viewer\" style=\"\" data-width=\"max\" data-height=\"max\" data-toolbar=\"bottom\" data-toolbar-fixed=\"off\">36-2023.(XII.18.) KT\u00dc.honlapra<\/a>\n<p>&nbsp;<\/p>\n<a href=\"http:\/\/pro-it.hu\/kunagota.hu\/wp-content\/uploads\/2024\/07\/37-2023.XII_.19.-KT\u00dc.honlapra.pdf\" class=\"pdfemb-viewer\" style=\"\" data-width=\"max\" data-height=\"max\" data-toolbar=\"bottom\" data-toolbar-fixed=\"off\">37-2023.(XII.19.) KT\u00dc.honlapra<\/a>\n<p>&nbsp;<\/p>\n<a href=\"http:\/\/pro-it.hu\/kunagota.hu\/wp-content\/uploads\/2024\/07\/38-2023.XII_.28.-lakoss\u00e1gi-f\u00f3rum.honlapra.pdf\" class=\"pdfemb-viewer\" style=\"\" data-width=\"max\" data-height=\"max\" data-toolbar=\"bottom\" data-toolbar-fixed=\"off\">38-2023.(XII.28.) lakoss\u00e1gi f\u00f3rum.honlapra<\/a>\n<p>&nbsp;<\/p>\n<p>&nbsp;<\/p>\n<p>&nbsp;<\/p>\n<p>&nbsp;<\/p>\n","protected":false},"excerpt":{"rendered":"<p>&nbsp; &nbsp; &nbsp; &nbsp; &nbsp; &nbsp; &nbsp; &nbsp; &nbsp; &nbsp; &nbsp; &nbsp; &nbsp; &nbsp; &nbsp; &nbsp; &nbsp; &nbsp; &nbsp; &nbsp; &nbsp; &nbsp; &nbsp; &nbsp; &nbsp; &nbsp; &nbsp; &nbsp; &nbsp; &nbsp; &nbsp; &nbsp; &nbsp; &nbsp; &nbsp; &nbsp; &nbsp; &nbsp; &nbsp; &nbsp;<\/p>\n","protected":false},"author":1,"featured_media":0,"parent":0,"menu_order":0,"comment_status":"closed","ping_status":"closed","template":"","meta":{"ngg_post_thumbnail":0,"footnotes":"","_links_to":"","_links_to_target":""},"class_list":["post-5095","page","type-page","status-publish","hentry"],"_links":{"self":[{"href":"http:\/\/pro-it.hu\/kunagota.hu\/wp-json\/wp\/v2\/pages\/5095","targetHints":{"allow":["GET"]}}],"collection":[{"href":"http:\/\/pro-it.hu\/kunagota.hu\/wp-json\/wp\/v2\/pages"}],"about":[{"href":"http:\/\/pro-it.hu\/kunagota.hu\/wp-json\/wp\/v2\/types\/page"}],"author":[{"embeddable":true,"href":"http:\/\/pro-it.hu\/kunagota.hu\/wp-json\/wp\/v2\/users\/1"}],"replies":[{"embeddable":true,"href":"http:\/\/pro-it.hu\/kunagota.hu\/wp-json\/wp\/v2\/comments?post=5095"}],"version-history":[{"count":7,"href":"http:\/\/pro-it.hu\/kunagota.hu\/wp-json\/wp\/v2\/pages\/5095\/revisions"}],"predecessor-version":[{"id":5236,"href":"http:\/\/pro-it.hu\/kunagota.hu\/wp-json\/wp\/v2\/pages\/5095\/revisions\/5236"}],"wp:attachment":[{"href":"http:\/\/pro-it.hu\/kunagota.hu\/wp-json\/wp\/v2\/media?parent=5095"}],"curies":[{"name":"wp","href":"https:\/\/api.w.org\/{rel}","templated":true}]}}