{"id":5353,"date":"2024-09-03T09:18:02","date_gmt":"2024-09-03T09:18:02","guid":{"rendered":"http:\/\/pro-it.hu\/kunagota.hu\/?page_id=5353"},"modified":"2026-02-12T14:55:11","modified_gmt":"2026-02-12T14:55:11","slug":"komplex-infrastrukturalis-fejlesztes-kunagotan","status":"publish","type":"page","link":"http:\/\/pro-it.hu\/kunagota.hu\/komplex-infrastrukturalis-fejlesztes-kunagotan\/","title":{"rendered":"Komplex infrastruktur\u00e1lis fejleszt\u00e9s Kun\u00e1got\u00e1n"},"content":{"rendered":"","protected":false},"excerpt":{"rendered":"","protected":false},"author":1,"featured_media":0,"parent":0,"menu_order":0,"comment_status":"closed","ping_status":"closed","template":"","meta":{"ngg_post_thumbnail":0,"footnotes":"","_links_to":"","_links_to_target":""},"class_list":["post-5353","page","type-page","status-publish","hentry"],"_links":{"self":[{"href":"http:\/\/pro-it.hu\/kunagota.hu\/wp-json\/wp\/v2\/pages\/5353","targetHints":{"allow":["GET"]}}],"collection":[{"href":"http:\/\/pro-it.hu\/kunagota.hu\/wp-json\/wp\/v2\/pages"}],"about":[{"href":"http:\/\/pro-it.hu\/kunagota.hu\/wp-json\/wp\/v2\/types\/page"}],"author":[{"embeddable":true,"href":"http:\/\/pro-it.hu\/kunagota.hu\/wp-json\/wp\/v2\/users\/1"}],"replies":[{"embeddable":true,"href":"http:\/\/pro-it.hu\/kunagota.hu\/wp-json\/wp\/v2\/comments?post=5353"}],"version-history":[{"count":2,"href":"http:\/\/pro-it.hu\/kunagota.hu\/wp-json\/wp\/v2\/pages\/5353\/revisions"}],"predecessor-version":[{"id":6235,"href":"http:\/\/pro-it.hu\/kunagota.hu\/wp-json\/wp\/v2\/pages\/5353\/revisions\/6235"}],"wp:attachment":[{"href":"http:\/\/pro-it.hu\/kunagota.hu\/wp-json\/wp\/v2\/media?parent=5353"}],"curies":[{"name":"wp","href":"https:\/\/api.w.org\/{rel}","templated":true}]}}