{"id":5357,"date":"2024-09-03T09:18:24","date_gmt":"2024-09-03T09:18:24","guid":{"rendered":"http:\/\/pro-it.hu\/kunagota.hu\/?page_id=5357"},"modified":"2024-09-03T09:18:24","modified_gmt":"2024-09-03T09:18:24","slug":"sajtokozlemeny-2","status":"publish","type":"page","link":"http:\/\/pro-it.hu\/kunagota.hu\/sajtokozlemeny-2\/","title":{"rendered":"Sajt\u00f3k\u00f6zlem\u00e9ny"},"content":{"rendered":"<a href=\"http:\/\/pro-it.hu\/kunagota.hu\/wp-content\/uploads\/2024\/09\/SZTP_2021_Sajtokozlemeny_Kun\u00e1gota.pdf\" class=\"pdfemb-viewer\" style=\"\" data-width=\"max\" data-height=\"max\" data-toolbar=\"bottom\" data-toolbar-fixed=\"off\">SZTP_2021_Sajtokozlemeny_Kun\u00e1gota<\/a>\n","protected":false},"excerpt":{"rendered":"","protected":false},"author":1,"featured_media":0,"parent":0,"menu_order":0,"comment_status":"closed","ping_status":"closed","template":"","meta":{"ngg_post_thumbnail":0,"footnotes":"","_links_to":"","_links_to_target":""},"class_list":["post-5357","page","type-page","status-publish","hentry"],"_links":{"self":[{"href":"http:\/\/pro-it.hu\/kunagota.hu\/wp-json\/wp\/v2\/pages\/5357","targetHints":{"allow":["GET"]}}],"collection":[{"href":"http:\/\/pro-it.hu\/kunagota.hu\/wp-json\/wp\/v2\/pages"}],"about":[{"href":"http:\/\/pro-it.hu\/kunagota.hu\/wp-json\/wp\/v2\/types\/page"}],"author":[{"embeddable":true,"href":"http:\/\/pro-it.hu\/kunagota.hu\/wp-json\/wp\/v2\/users\/1"}],"replies":[{"embeddable":true,"href":"http:\/\/pro-it.hu\/kunagota.hu\/wp-json\/wp\/v2\/comments?post=5357"}],"version-history":[{"count":1,"href":"http:\/\/pro-it.hu\/kunagota.hu\/wp-json\/wp\/v2\/pages\/5357\/revisions"}],"predecessor-version":[{"id":5360,"href":"http:\/\/pro-it.hu\/kunagota.hu\/wp-json\/wp\/v2\/pages\/5357\/revisions\/5360"}],"wp:attachment":[{"href":"http:\/\/pro-it.hu\/kunagota.hu\/wp-json\/wp\/v2\/media?parent=5357"}],"curies":[{"name":"wp","href":"https:\/\/api.w.org\/{rel}","templated":true}]}}