{"id":5728,"date":"2025-06-17T06:04:42","date_gmt":"2025-06-17T06:04:42","guid":{"rendered":"https:\/\/pro-it.hu\/kunagota.hu\/?page_id=5728"},"modified":"2025-06-19T05:54:20","modified_gmt":"2025-06-19T05:54:20","slug":"elegedettsegi-kerdoiv","status":"publish","type":"page","link":"http:\/\/pro-it.hu\/kunagota.hu\/elegedettsegi-kerdoiv\/","title":{"rendered":"El\u00e9gedetts\u00e9gi k\u00e9rd\u0151\u00edv"},"content":{"rendered":"<p>A Linkre kattintva kit\u00f6ltheti&nbsp; az al\u00e1bbi k\u00e9rd\u0151\u00edvet:<a href=\"https:\/\/docs.google.com\/forms\/d\/e\/1FAIpQLSfQS_KoHNz6oV3IZgVxKYN2DalMHto4wIOlCNIb61g_wWO7sw\/viewform?usp=dialog\">https:\/\/docs.google.com\/forms\/d\/e\/1FAIpQLSfQS_KoHNz6oV3IZgVxKYN2DalMHto4wIOlCNIb61g_wWO7sw\/viewform?usp=dialog<\/a><\/p>\n","protected":false},"excerpt":{"rendered":"<p>A Linkre kattintva kit\u00f6ltheti&nbsp; az al\u00e1bbi k\u00e9rd\u0151\u00edvet:https:\/\/docs.google.com\/forms\/d\/e\/1FAIpQLSfQS_KoHNz6oV3IZgVxKYN2DalMHto4wIOlCNIb61g_wWO7sw\/viewform?usp=dialog<\/p>\n","protected":false},"author":1,"featured_media":0,"parent":0,"menu_order":0,"comment_status":"closed","ping_status":"closed","template":"","meta":{"ngg_post_thumbnail":0,"footnotes":"","_links_to":"","_links_to_target":""},"class_list":["post-5728","page","type-page","status-publish","hentry"],"_links":{"self":[{"href":"http:\/\/pro-it.hu\/kunagota.hu\/wp-json\/wp\/v2\/pages\/5728","targetHints":{"allow":["GET"]}}],"collection":[{"href":"http:\/\/pro-it.hu\/kunagota.hu\/wp-json\/wp\/v2\/pages"}],"about":[{"href":"http:\/\/pro-it.hu\/kunagota.hu\/wp-json\/wp\/v2\/types\/page"}],"author":[{"embeddable":true,"href":"http:\/\/pro-it.hu\/kunagota.hu\/wp-json\/wp\/v2\/users\/1"}],"replies":[{"embeddable":true,"href":"http:\/\/pro-it.hu\/kunagota.hu\/wp-json\/wp\/v2\/comments?post=5728"}],"version-history":[{"count":4,"href":"http:\/\/pro-it.hu\/kunagota.hu\/wp-json\/wp\/v2\/pages\/5728\/revisions"}],"predecessor-version":[{"id":5735,"href":"http:\/\/pro-it.hu\/kunagota.hu\/wp-json\/wp\/v2\/pages\/5728\/revisions\/5735"}],"wp:attachment":[{"href":"http:\/\/pro-it.hu\/kunagota.hu\/wp-json\/wp\/v2\/media?parent=5728"}],"curies":[{"name":"wp","href":"https:\/\/api.w.org\/{rel}","templated":true}]}}