{"id":6001,"date":"2025-11-27T14:37:33","date_gmt":"2025-11-27T14:37:33","guid":{"rendered":"https:\/\/pro-it.hu\/kunagota.hu\/?page_id=6001"},"modified":"2025-11-27T14:37:33","modified_gmt":"2025-11-27T14:37:33","slug":"energiakozosseg-letrehozasa-a-mezokovacshazai-jarasban-i-utem","status":"publish","type":"page","link":"http:\/\/pro-it.hu\/kunagota.hu\/energiakozosseg-letrehozasa-a-mezokovacshazai-jarasban-i-utem\/","title":{"rendered":"Energiak\u00f6z\u00f6ss\u00e9g l\u00e9trehoz\u00e1sa a Mez\u0151kov\u00e1csh\u00e1zai J\u00e1r\u00e1sban I. \u00fctem"},"content":{"rendered":"","protected":false},"excerpt":{"rendered":"","protected":false},"author":1,"featured_media":0,"parent":0,"menu_order":0,"comment_status":"closed","ping_status":"closed","template":"","meta":{"ngg_post_thumbnail":0,"footnotes":"","_links_to":"","_links_to_target":""},"class_list":["post-6001","page","type-page","status-publish","hentry"],"_links":{"self":[{"href":"http:\/\/pro-it.hu\/kunagota.hu\/wp-json\/wp\/v2\/pages\/6001","targetHints":{"allow":["GET"]}}],"collection":[{"href":"http:\/\/pro-it.hu\/kunagota.hu\/wp-json\/wp\/v2\/pages"}],"about":[{"href":"http:\/\/pro-it.hu\/kunagota.hu\/wp-json\/wp\/v2\/types\/page"}],"author":[{"embeddable":true,"href":"http:\/\/pro-it.hu\/kunagota.hu\/wp-json\/wp\/v2\/users\/1"}],"replies":[{"embeddable":true,"href":"http:\/\/pro-it.hu\/kunagota.hu\/wp-json\/wp\/v2\/comments?post=6001"}],"version-history":[{"count":1,"href":"http:\/\/pro-it.hu\/kunagota.hu\/wp-json\/wp\/v2\/pages\/6001\/revisions"}],"predecessor-version":[{"id":6003,"href":"http:\/\/pro-it.hu\/kunagota.hu\/wp-json\/wp\/v2\/pages\/6001\/revisions\/6003"}],"wp:attachment":[{"href":"http:\/\/pro-it.hu\/kunagota.hu\/wp-json\/wp\/v2\/media?parent=6001"}],"curies":[{"name":"wp","href":"https:\/\/api.w.org\/{rel}","templated":true}]}}