{"id":6004,"date":"2025-11-27T14:38:04","date_gmt":"2025-11-27T14:38:04","guid":{"rendered":"https:\/\/pro-it.hu\/kunagota.hu\/?page_id=6004"},"modified":"2025-11-27T14:38:04","modified_gmt":"2025-11-27T14:38:04","slug":"terfigyelo-kamerarendszer-fejlesztese-a-mezokovacshazai-jarasban-i-utem","status":"publish","type":"page","link":"http:\/\/pro-it.hu\/kunagota.hu\/terfigyelo-kamerarendszer-fejlesztese-a-mezokovacshazai-jarasban-i-utem\/","title":{"rendered":"T\u00e9rfigyel\u0151 kamerarendszer fejleszt\u00e9se a Mez\u0151kov\u00e1csh\u00e1zai J\u00e1r\u00e1sban I. \u00fctem"},"content":{"rendered":"","protected":false},"excerpt":{"rendered":"","protected":false},"author":1,"featured_media":0,"parent":0,"menu_order":0,"comment_status":"closed","ping_status":"closed","template":"","meta":{"ngg_post_thumbnail":0,"footnotes":"","_links_to":"","_links_to_target":""},"class_list":["post-6004","page","type-page","status-publish","hentry"],"_links":{"self":[{"href":"http:\/\/pro-it.hu\/kunagota.hu\/wp-json\/wp\/v2\/pages\/6004","targetHints":{"allow":["GET"]}}],"collection":[{"href":"http:\/\/pro-it.hu\/kunagota.hu\/wp-json\/wp\/v2\/pages"}],"about":[{"href":"http:\/\/pro-it.hu\/kunagota.hu\/wp-json\/wp\/v2\/types\/page"}],"author":[{"embeddable":true,"href":"http:\/\/pro-it.hu\/kunagota.hu\/wp-json\/wp\/v2\/users\/1"}],"replies":[{"embeddable":true,"href":"http:\/\/pro-it.hu\/kunagota.hu\/wp-json\/wp\/v2\/comments?post=6004"}],"version-history":[{"count":1,"href":"http:\/\/pro-it.hu\/kunagota.hu\/wp-json\/wp\/v2\/pages\/6004\/revisions"}],"predecessor-version":[{"id":6006,"href":"http:\/\/pro-it.hu\/kunagota.hu\/wp-json\/wp\/v2\/pages\/6004\/revisions\/6006"}],"wp:attachment":[{"href":"http:\/\/pro-it.hu\/kunagota.hu\/wp-json\/wp\/v2\/media?parent=6004"}],"curies":[{"name":"wp","href":"https:\/\/api.w.org\/{rel}","templated":true}]}}