{"id":6033,"date":"2025-12-09T09:00:40","date_gmt":"2025-12-09T09:00:40","guid":{"rendered":"https:\/\/pro-it.hu\/kunagota.hu\/?page_id=6033"},"modified":"2025-12-09T09:00:40","modified_gmt":"2025-12-09T09:00:40","slug":"1-utem-mezokovacshazi-rendelointezet-infrastrukturalis-fejlesztese","status":"publish","type":"page","link":"http:\/\/pro-it.hu\/kunagota.hu\/1-utem-mezokovacshazi-rendelointezet-infrastrukturalis-fejlesztese\/","title":{"rendered":"1. \u00fctem &#8211; Mez\u0151kov\u00e1csh\u00e1zi Rendel\u0151int\u00e9zet infrastruktur\u00e1lis fejleszt\u00e9se"},"content":{"rendered":"","protected":false},"excerpt":{"rendered":"","protected":false},"author":1,"featured_media":0,"parent":0,"menu_order":0,"comment_status":"closed","ping_status":"closed","template":"","meta":{"ngg_post_thumbnail":0,"footnotes":"","_links_to":"","_links_to_target":""},"class_list":["post-6033","page","type-page","status-publish","hentry"],"_links":{"self":[{"href":"http:\/\/pro-it.hu\/kunagota.hu\/wp-json\/wp\/v2\/pages\/6033","targetHints":{"allow":["GET"]}}],"collection":[{"href":"http:\/\/pro-it.hu\/kunagota.hu\/wp-json\/wp\/v2\/pages"}],"about":[{"href":"http:\/\/pro-it.hu\/kunagota.hu\/wp-json\/wp\/v2\/types\/page"}],"author":[{"embeddable":true,"href":"http:\/\/pro-it.hu\/kunagota.hu\/wp-json\/wp\/v2\/users\/1"}],"replies":[{"embeddable":true,"href":"http:\/\/pro-it.hu\/kunagota.hu\/wp-json\/wp\/v2\/comments?post=6033"}],"version-history":[{"count":1,"href":"http:\/\/pro-it.hu\/kunagota.hu\/wp-json\/wp\/v2\/pages\/6033\/revisions"}],"predecessor-version":[{"id":6035,"href":"http:\/\/pro-it.hu\/kunagota.hu\/wp-json\/wp\/v2\/pages\/6033\/revisions\/6035"}],"wp:attachment":[{"href":"http:\/\/pro-it.hu\/kunagota.hu\/wp-json\/wp\/v2\/media?parent=6033"}],"curies":[{"name":"wp","href":"https:\/\/api.w.org\/{rel}","templated":true}]}}