{"id":6036,"date":"2025-12-09T09:03:32","date_gmt":"2025-12-09T09:03:32","guid":{"rendered":"https:\/\/pro-it.hu\/kunagota.hu\/?page_id=6036"},"modified":"2025-12-09T09:03:32","modified_gmt":"2025-12-09T09:03:32","slug":"sajtokozlemeny-5","status":"publish","type":"page","link":"http:\/\/pro-it.hu\/kunagota.hu\/sajtokozlemeny-5\/","title":{"rendered":"Sajt\u00f3k\u00f6zlem\u00e9ny"},"content":{"rendered":"<a href=\"http:\/\/pro-it.hu\/kunagota.hu\/wp-content\/uploads\/2025\/12\/VJP_kozlemeny_Mezokovacshaza.pdf\" class=\"pdfemb-viewer\" style=\"\" data-width=\"max\" data-height=\"max\" data-toolbar=\"bottom\" data-toolbar-fixed=\"off\">VJP_k\u00f6zlem\u00e9ny_Mez\u0151kov\u00e1csh\u00e1za<\/a>\n","protected":false},"excerpt":{"rendered":"","protected":false},"author":1,"featured_media":0,"parent":0,"menu_order":0,"comment_status":"closed","ping_status":"closed","template":"","meta":{"ngg_post_thumbnail":0,"footnotes":"","_links_to":"","_links_to_target":""},"class_list":["post-6036","page","type-page","status-publish","hentry"],"_links":{"self":[{"href":"http:\/\/pro-it.hu\/kunagota.hu\/wp-json\/wp\/v2\/pages\/6036","targetHints":{"allow":["GET"]}}],"collection":[{"href":"http:\/\/pro-it.hu\/kunagota.hu\/wp-json\/wp\/v2\/pages"}],"about":[{"href":"http:\/\/pro-it.hu\/kunagota.hu\/wp-json\/wp\/v2\/types\/page"}],"author":[{"embeddable":true,"href":"http:\/\/pro-it.hu\/kunagota.hu\/wp-json\/wp\/v2\/users\/1"}],"replies":[{"embeddable":true,"href":"http:\/\/pro-it.hu\/kunagota.hu\/wp-json\/wp\/v2\/comments?post=6036"}],"version-history":[{"count":1,"href":"http:\/\/pro-it.hu\/kunagota.hu\/wp-json\/wp\/v2\/pages\/6036\/revisions"}],"predecessor-version":[{"id":6039,"href":"http:\/\/pro-it.hu\/kunagota.hu\/wp-json\/wp\/v2\/pages\/6036\/revisions\/6039"}],"wp:attachment":[{"href":"http:\/\/pro-it.hu\/kunagota.hu\/wp-json\/wp\/v2\/media?parent=6036"}],"curies":[{"name":"wp","href":"https:\/\/api.w.org\/{rel}","templated":true}]}}