{"id":6144,"date":"2026-02-05T08:39:55","date_gmt":"2026-02-05T08:39:55","guid":{"rendered":"https:\/\/pro-it.hu\/kunagota.hu\/?page_id=6144"},"modified":"2026-02-05T08:39:55","modified_gmt":"2026-02-05T08:39:55","slug":"kap-rd43-1-25-kulteruleti-utak-fejlesztese","status":"publish","type":"page","link":"http:\/\/pro-it.hu\/kunagota.hu\/kap-rd43-1-25-kulteruleti-utak-fejlesztese\/","title":{"rendered":"KAP-RD43-1-25 K\u00fclter\u00fcleti utak fejleszt\u00e9se"},"content":{"rendered":"<a href=\"http:\/\/pro-it.hu\/kunagota.hu\/wp-content\/uploads\/2026\/02\/KAP-RD43-1-25-Kulteruleti-utak-fejlesztese.pdf\" class=\"pdfemb-viewer\" style=\"\" data-width=\"max\" data-height=\"max\" data-toolbar=\"bottom\" data-toolbar-fixed=\"off\">KAP-RD43-1-25 K\u00fclter\u00fcleti utak fejleszt\u00e9se<\/a>\n","protected":false},"excerpt":{"rendered":"","protected":false},"author":1,"featured_media":0,"parent":0,"menu_order":0,"comment_status":"closed","ping_status":"closed","template":"","meta":{"ngg_post_thumbnail":0,"footnotes":"","_links_to":"","_links_to_target":""},"class_list":["post-6144","page","type-page","status-publish","hentry"],"_links":{"self":[{"href":"http:\/\/pro-it.hu\/kunagota.hu\/wp-json\/wp\/v2\/pages\/6144","targetHints":{"allow":["GET"]}}],"collection":[{"href":"http:\/\/pro-it.hu\/kunagota.hu\/wp-json\/wp\/v2\/pages"}],"about":[{"href":"http:\/\/pro-it.hu\/kunagota.hu\/wp-json\/wp\/v2\/types\/page"}],"author":[{"embeddable":true,"href":"http:\/\/pro-it.hu\/kunagota.hu\/wp-json\/wp\/v2\/users\/1"}],"replies":[{"embeddable":true,"href":"http:\/\/pro-it.hu\/kunagota.hu\/wp-json\/wp\/v2\/comments?post=6144"}],"version-history":[{"count":1,"href":"http:\/\/pro-it.hu\/kunagota.hu\/wp-json\/wp\/v2\/pages\/6144\/revisions"}],"predecessor-version":[{"id":6147,"href":"http:\/\/pro-it.hu\/kunagota.hu\/wp-json\/wp\/v2\/pages\/6144\/revisions\/6147"}],"wp:attachment":[{"href":"http:\/\/pro-it.hu\/kunagota.hu\/wp-json\/wp\/v2\/media?parent=6144"}],"curies":[{"name":"wp","href":"https:\/\/api.w.org\/{rel}","templated":true}]}}