{"id":6236,"date":"2026-02-12T14:56:00","date_gmt":"2026-02-12T14:56:00","guid":{"rendered":"https:\/\/pro-it.hu\/kunagota.hu\/?page_id=6236"},"modified":"2026-02-16T08:31:20","modified_gmt":"2026-02-16T08:31:20","slug":"tajekoztatas-4","status":"publish","type":"page","link":"http:\/\/pro-it.hu\/kunagota.hu\/tajekoztatas-4\/","title":{"rendered":"T\u00e1j\u00e9koztat\u00e1s"},"content":{"rendered":"<p><img loading=\"lazy\" decoding=\"async\" class=\"alignnone size-full wp-image-4362\" src=\"http:\/\/pro-it.hu\/kunagota.hu\/wp-content\/uploads\/2023\/11\/1.png\" alt=\"\" width=\"481\" height=\"137\"><\/p>\n<p><strong>Projekt azonos\u00edt\u00f3:<\/strong> TOP_Plusz-1.2.3-21-BS1-2022-00016<\/p>\n<p><strong>Kedvezm\u00e9nyezett neve:<\/strong> Kun\u00e1gota K\u00f6zs\u00e9g \u00d6nkorm\u00e1nyzata<\/p>\n<p><strong>Projekt c\u00edme:<\/strong> Belter\u00fcleti utak fejleszt\u00e9se Kun\u00e1got\u00e1n<\/p>\n<p><strong>T\u00e1mogat\u00e1s \u00f6sszege (Ft): <\/strong>90&nbsp;000 001 forint<\/p>\n<p><strong>A projekt megval\u00f3s\u00edt\u00e1s\u00e1nak kezdete:<\/strong> 2023. janu\u00e1r 18.<\/p>\n<p><strong>A projekt fizikai befejez\u00e9s\u00e9nek hat\u00e1rideje:<\/strong> 2024. december 31.<\/p>\n<p><strong>T\u00e1mogat\u00e1s m\u00e9rt\u00e9ke: <\/strong>100 %<\/p>\n<p><strong><u>A projekt bemutat\u00e1sa:<\/u><\/strong><\/p>\n<p><strong>A beruh\u00e1z\u00e1s helysz\u00edne:<\/strong><\/p>\n<p>A projekt kapcs\u00e1n tervezett \u00fat\u00e9p\u00edt\u00e9sek Kun\u00e1gota belter\u00fclet \u00c1rp\u00e1d utca (hrsz: 1955,1805) R\u00e1k\u00f3czi utca \u00e9s Vir\u00e1g utca k\u00f6z\u00f6tti szakasz\u00e1nak \u00fatburkolat fel\u00faj\u00edt\u00e1s\u00e1t tartalmazza.<\/p>\n<p><strong>Az \u00e9p\u00edt\u00e9s teljes hossza:<\/strong> 749,50 m<\/p>\n<p><strong>A fel\u00faj\u00edtani tervezett utak besorol\u00e1sa:<\/strong><\/p>\n<ul>\n<li>B.VI. \u2013&nbsp; t\u00e9rs\u00e9gi jelent\u0151s\u00e9g\u0171 orsz\u00e1gos mell\u00e9k\u00fat<\/li>\n<\/ul>\n<p><strong>Forgalmi s\u00e1vok sz\u00e1ma:<\/strong> 1<\/p>\n<p><strong>Tervez\u00e9si sebess\u00e9g:<\/strong> 30 km\/h;<\/p>\n<p><strong>Tervez\u00e9si \u00e9lettartam: <\/strong>10 \u00e9v<\/p>\n<p><strong>A projekt a Sz\u00e9chenyi Terv Plusz program keret\u00e9ben val\u00f3sul meg.<\/strong><\/p>\n<p><strong>Tov\u00e1bbi inform\u00e1ci\u00f3 k\u00e9rhet\u0151:<\/strong><\/p>\n<p>Kun\u00e1gota K\u00f6zs\u00e9g \u00d6nkorm\u00e1nyzata<\/p>\n<p>5746 Kun\u00e1gota, R\u00e1k\u00f3czi u. 9.<\/p>\n<p>email: <a href=\"mailto:jegyzo@kunagota.t-online.hu\">jegyzo@kunagota.t-online.hu<\/a><\/p>\n<p>&nbsp;<\/p>\n","protected":false},"excerpt":{"rendered":"<p>Projekt azonos\u00edt\u00f3: TOP_Plusz-1.2.3-21-BS1-2022-00016 Kedvezm\u00e9nyezett neve: Kun\u00e1gota K\u00f6zs\u00e9g \u00d6nkorm\u00e1nyzata Projekt c\u00edme: Belter\u00fcleti utak fejleszt\u00e9se Kun\u00e1got\u00e1n T\u00e1mogat\u00e1s \u00f6sszege (Ft): 90&nbsp;000 001 forint A projekt megval\u00f3s\u00edt\u00e1s\u00e1nak kezdete: 2023. janu\u00e1r 18. A projekt fizikai befejez\u00e9s\u00e9nek hat\u00e1rideje: 2024. december 31. T\u00e1mogat\u00e1s m\u00e9rt\u00e9ke: 100 % A&hellip; <\/p>\n","protected":false},"author":1,"featured_media":0,"parent":0,"menu_order":0,"comment_status":"closed","ping_status":"closed","template":"","meta":{"ngg_post_thumbnail":0,"footnotes":"","_links_to":"","_links_to_target":""},"class_list":["post-6236","page","type-page","status-publish","hentry"],"_links":{"self":[{"href":"http:\/\/pro-it.hu\/kunagota.hu\/wp-json\/wp\/v2\/pages\/6236","targetHints":{"allow":["GET"]}}],"collection":[{"href":"http:\/\/pro-it.hu\/kunagota.hu\/wp-json\/wp\/v2\/pages"}],"about":[{"href":"http:\/\/pro-it.hu\/kunagota.hu\/wp-json\/wp\/v2\/types\/page"}],"author":[{"embeddable":true,"href":"http:\/\/pro-it.hu\/kunagota.hu\/wp-json\/wp\/v2\/users\/1"}],"replies":[{"embeddable":true,"href":"http:\/\/pro-it.hu\/kunagota.hu\/wp-json\/wp\/v2\/comments?post=6236"}],"version-history":[{"count":3,"href":"http:\/\/pro-it.hu\/kunagota.hu\/wp-json\/wp\/v2\/pages\/6236\/revisions"}],"predecessor-version":[{"id":6270,"href":"http:\/\/pro-it.hu\/kunagota.hu\/wp-json\/wp\/v2\/pages\/6236\/revisions\/6270"}],"wp:attachment":[{"href":"http:\/\/pro-it.hu\/kunagota.hu\/wp-json\/wp\/v2\/media?parent=6236"}],"curies":[{"name":"wp","href":"https:\/\/api.w.org\/{rel}","templated":true}]}}