{"id":73,"date":"2019-01-13T15:31:03","date_gmt":"2019-01-13T15:31:03","guid":{"rendered":"http:\/\/www.pro-it.hu\/kunagota.hu\/?page_id=73"},"modified":"2019-01-25T11:31:21","modified_gmt":"2019-01-25T11:31:21","slug":"terkep","status":"publish","type":"page","link":"http:\/\/pro-it.hu\/kunagota.hu\/a-telepules\/terkep\/","title":{"rendered":"T\u00e9rk\u00e9p"},"content":{"rendered":"<p style=\"text-align: center;\"><iframe loading=\"lazy\" src=\"http:\/\/maps.google.com\/maps?f=q&amp;source=s_q&amp;hl=hu&amp;geocode=&amp;q=Kun%C3%A1gota&amp;sll=46.539971,20.89325&amp;sspn=0.855808,1.766052&amp;ie=UTF8&amp;hq=&amp;hnear=Kun%C3%A1gota,+Magyarorsz%C3%A1g&amp;ll=46.422845,21.04507&amp;spn=0.053604,0.110378&amp;t=h&amp;z=13&amp;output=embed\" width=\"425\" height=\"350\" frameborder=\"0\" marginwidth=\"0\" marginheight=\"0\" scrolling=\"no\" data-mce-fragment=\"1\"><\/iframe><br \/>\n<small><a href=\"http:\/\/maps.google.com\/maps?f=q&amp;source=embed&amp;hl=hu&amp;geocode=&amp;q=Kun%C3%A1gota&amp;sll=46.539971,20.89325&amp;sspn=0.855808,1.766052&amp;ie=UTF8&amp;hq=&amp;hnear=Kun%C3%A1gota,+Magyarorsz%C3%A1g&amp;ll=46.422845,21.04507&amp;spn=0.053604,0.110378&amp;t=h&amp;z=13\">Nagyobb t\u00e9rk\u00e9pre v\u00e1lt\u00e1s<\/a><\/small><\/p>\n","protected":false},"excerpt":{"rendered":"<p>Nagyobb t\u00e9rk\u00e9pre v\u00e1lt\u00e1s<\/p>\n","protected":false},"author":1,"featured_media":0,"parent":70,"menu_order":0,"comment_status":"closed","ping_status":"closed","template":"","meta":{"ngg_post_thumbnail":0,"footnotes":"","_links_to":"","_links_to_target":""},"class_list":["post-73","page","type-page","status-publish","hentry"],"_links":{"self":[{"href":"http:\/\/pro-it.hu\/kunagota.hu\/wp-json\/wp\/v2\/pages\/73","targetHints":{"allow":["GET"]}}],"collection":[{"href":"http:\/\/pro-it.hu\/kunagota.hu\/wp-json\/wp\/v2\/pages"}],"about":[{"href":"http:\/\/pro-it.hu\/kunagota.hu\/wp-json\/wp\/v2\/types\/page"}],"author":[{"embeddable":true,"href":"http:\/\/pro-it.hu\/kunagota.hu\/wp-json\/wp\/v2\/users\/1"}],"replies":[{"embeddable":true,"href":"http:\/\/pro-it.hu\/kunagota.hu\/wp-json\/wp\/v2\/comments?post=73"}],"version-history":[{"count":3,"href":"http:\/\/pro-it.hu\/kunagota.hu\/wp-json\/wp\/v2\/pages\/73\/revisions"}],"predecessor-version":[{"id":117,"href":"http:\/\/pro-it.hu\/kunagota.hu\/wp-json\/wp\/v2\/pages\/73\/revisions\/117"}],"up":[{"embeddable":true,"href":"http:\/\/pro-it.hu\/kunagota.hu\/wp-json\/wp\/v2\/pages\/70"}],"wp:attachment":[{"href":"http:\/\/pro-it.hu\/kunagota.hu\/wp-json\/wp\/v2\/media?parent=73"}],"curies":[{"name":"wp","href":"https:\/\/api.w.org\/{rel}","templated":true}]}}