{"id":75,"date":"2019-01-13T15:31:21","date_gmt":"2019-01-13T15:31:21","guid":{"rendered":"http:\/\/www.pro-it.hu\/kunagota.hu\/?page_id=75"},"modified":"2020-01-30T13:50:11","modified_gmt":"2020-01-30T13:50:11","slug":"telepules-tortenet","status":"publish","type":"page","link":"http:\/\/pro-it.hu\/kunagota.hu\/a-telepules\/telepules-tortenet\/","title":{"rendered":"Telep\u00fcl\u00e9s t\u00f6rt\u00e9net"},"content":{"rendered":"<p>Kun\u00e1gota B\u00e9k\u00e9s megye d\u00e9li r\u00e9sz\u00e9n helyezkedik el. Hat\u00e1r telep\u00fcl\u00e9sei Medgyesegyh\u00e1za, Alm\u00e1skamar\u00e1s, Dombiratos, Magyardombegyh\u00e1za, Mez\u0151kov\u00e1csh\u00e1za \u00e9s Magyarb\u00e1nhegyes.&nbsp;<\/p>\n<p>A XX. sz\u00e1zadban felt\u00e1rt bronzkori, avar kori, honfoglal\u00e1s-korabeli s\u00edrok, leletek alapj\u00e1n tudjuk, hogy a telep\u00fcl\u00e9s ter\u00fclete r\u00e9gt\u0151l fogva lakott hely.<\/p>\n<p>A k\u00f6zs\u00e9g nev\u00e9vel el\u0151sz\u00f6r egy 1461. m\u00e1jus 30-\u00e1n \u00edr\u00f3dott oklev\u00e9lben tal\u00e1lkozunk. A t\u00f6r\u00f6k\u00f6k 1596-ban teljesen elpuszt\u00edtott\u00e1k a falut, majd ki\u0171z\u00e9s\u00fck ut\u00e1n Kun\u00e1gota a Kincst\u00e1r \u00e1llom\u00e1ny\u00e1ba ker\u00fclt.<br \/>\nA k\u00f6zs\u00e9g \u00fajratelep\u00edt\u00e9s\u00e9re az 1843-ban megk\u00f6t\u00f6tt szerz\u0151d\u00e9sek alapj\u00e1n 1844 tavasz\u00e1n ker\u00fcl sor. Az 1870-es \u00e9vekig 163 doh\u00e1nykert\u00e9sz csal\u00e1d telep\u00fcl le a k\u00f6zs\u00e9gben.<br \/>\nA k\u00f6zs\u00e9g n\u00e9pess\u00e9ge \u00e9s ter\u00fclete az \u00fajratelep\u00edt\u00e9st\u0151l fokozatosan n\u00f6vekedett \u00e9s terjedt. Az akkor Csan\u00e1d megy\u00e9hez tartoz\u00f3 telep\u00fcl\u00e9s lakoss\u00e1ga 1869 \u00e9s 1930 k\u00f6z\u00f6tt megh\u00e1romszoroz\u00f3dott. Ezut\u00e1n azonban r\u00e9szben a gazdas\u00e1gi v\u00e1ls\u00e1g, r\u00e9szben a h\u00e1bor\u00fa k\u00f6vetkezt\u00e9ben jelent\u0151sen cs\u00f6kkent a lakoss\u00e1g sz\u00e1ma, 1998-ra 3242 f\u0151re esett vissza. A n\u00e9pess\u00e9g sz\u00e1ma folyamatosan cs\u00f6kken. 2019-ben 2743 f\u0151.<\/p>\n<p>A telep\u00fcl\u00e9s belter\u00fclete 458 ha. A telep\u00fcl\u00e9s szerkezet\u00e9re a m\u00e9rn\u00f6ki kialak\u00edt\u00e1s\u00fa der\u00e9ksz\u00f6g\u0171 utca- \u00e9s telekrendszer jellemz\u0151. A k\u00f6zs\u00e9g kb. 6 km-re fekszik a legk\u00f6zelebbi vas\u00fat\u00e1llom\u00e1st\u00f3l, ami Mez\u0151hegyes \u00e9s B\u00e9k\u00e9scsaba ir\u00e1ny\u00e1ba biztos\u00edt kapcsolatot.<\/p>\n<p>A belter\u00fcleti \u00fath\u00e1l\u00f3zat ki\u00e9p\u00edtetts\u00e9ge javul\u00f3, jelenleg mintegy 65-70%-os. Ennek b\u0151v\u00edt\u00e9s\u00e9re az \u00f6nkorm\u00e1nyzat \u00e9s a lakoss\u00e1g k\u00f6z\u00f6tt j\u00f3 egy\u00fcttm\u0171k\u00f6d\u00e9s alakult ki.<\/p>\n<p>A k\u00f6zel k\u00e9tsz\u00e1z embernek munk\u00e1t biztos\u00edt\u00f3, \u00e1talakult Kun\u00e1gotai Bercs\u00e9nyi Zrt. a helyiek egyik f\u0151 foglalkoztat\u00f3ja. A \u201eBercs\u00e9nyi\u201d a n\u00f6v\u00e9nytermeszt\u00e9s, szolg\u00e1ltat\u00e1s mellett sert\u00e9s h\u00edzlal\u00e1ssal is foglalkozik.<\/p>\n<p>A telep\u00fcl\u00e9s ipar\u00e1t a helyi baromfifeldolgoz\u00f3 \u00fczem k\u00e9pviseli.<\/p>\n<p>A helyi \u00f6nkorm\u00e1nyzat int\u00e9zm\u00e9nyein kereszt\u00fcl biztos\u00edtja a telep\u00fcl\u00e9s lakoss\u00e1g\u00e1nak alapell\u00e1t\u00e1s\u00e1t. A k\u00f6zs\u00e9gben \u00f3voda, \u00e1ltal\u00e1nos iskola, szoci\u00e1lis int\u00e9zm\u00e9ny, csal\u00e1dseg\u00edt\u00e9s, \u00f6nkorm\u00e1nyzati konyha, m\u0171vel\u0151d\u00e9si h\u00e1z \u00e9s k\u00f6nyvt\u00e1r szolg\u00e1lja a gyermekek nevel\u00e9s\u00e9t, oktat\u00e1s\u00e1t, a csal\u00e1dok ell\u00e1t\u00e1s\u00e1t. 2019 november\u00e9t\u0151l mini b\u00f6lcs\u0151de eg\u00e9sz\u00edti ki az ell\u00e1t\u00f3 rendszert.<\/p>\n<p>Az eg\u00e9szs\u00e9g\u00fcgyi ell\u00e1t\u00e1st k\u00e9t h\u00e1ziorvosi rendel\u0151ben, a fogorvosi rendel\u0151ben \u00e9s az eg\u00e9szs\u00e9gh\u00e1zban szakorvosok, v\u00e9d\u0151n\u0151k \u00e9s szakalkalmazottak biztos\u00edtj\u00e1k. Egy j\u00f3l ell\u00e1tott gy\u00f3gyszert\u00e1r is m\u0171k\u00f6dik a telep\u00fcl\u00e9sen.<\/p>\n<p>T\u00e9rs\u00e9gi feladatot l\u00e1t el, Kun\u00e1got\u00e1n k\u00edv\u00fcl m\u00e9g tov\u00e1bbi 10 telep\u00fcl\u00e9snek az eg\u00e9szs\u00e9g\u00fcgyi ell\u00e1t\u00e1s\u00e1t seg\u00edti a 2002-ben megval\u00f3sult Ment\u0151\u00e1llom\u00e1s.<\/p>\n<p>A Ment\u0151\u00e1llom\u00e1s mellett m\u0171k\u00f6dik a 12 telep\u00fcl\u00e9st ell\u00e1t\u00f3 orvosi \u00fcgyelet, mely h\u00e9t k\u00f6zben a rendel\u00e9si id\u0151n t\u00fal, tov\u00e1bb\u00e1 h\u00e9tv\u00e9g\u00e9n \u00e1ll a lakoss\u00e1g rendelkez\u00e9s\u00e9re.<\/p>\n<p>Az id\u0151sek h\u00e1zi gondoz\u00e1sa mellett 1996 \u00f3ta m\u0171k\u00f6dik a telep\u00fcl\u00e9sen az id\u0151sek klubja, 1999 \u00f3ta gyermekj\u00f3l\u00e9ti szolg\u00e1lat is, napjainkban csal\u00e1dseg\u00edt\u0151 \u00e9s gyermekj\u00f3l\u00e9ti szolg\u00e1latk\u00e9nt.<\/p>\n<p>Mag\u00e1nfenntart\u00e1sban 24 f\u00e9r\u0151helyes bentlak\u00e1sos szoci\u00e1lis otthon m\u0171k\u00f6dik a telep\u00fcl\u00e9sen.<\/p>\n<p>Az elm\u00falt \u00e9vtizedekben jelent\u0151s fejl\u0151d\u00e9s volt tapasztalhat\u00f3 a telep\u00fcl\u00e9s infrastrukt\u00far\u00e1j\u00e1nak ki\u00e9p\u00edt\u00e9s\u00e9ben. A kor\u00e1bban meg\u00e9p\u00fclt v\u00edzvezet\u00e9k rendszer mellett megval\u00f3sult a belter\u00fclet teljes k\u00f6r\u0171 g\u00e1zell\u00e1t\u00e1sa, t\u00f6bb szil\u00e1rd burkolat\u00fa \u00fat \u00e9p\u00fclt. A telep\u00fcl\u00e9s tervei szerint 1998-ban megindulhatott a szennyv\u00edzh\u00e1l\u00f3zat ki\u00e9p\u00edt\u00e9se Alm\u00e1skamar\u00e1ssal \u00e9s Nagykamar\u00e1ssal k\u00f6z\u00f6s beruh\u00e1z\u00e1s keret\u00e9ben. A beruh\u00e1z\u00e1s I. \u00fctem\u00e9nek megval\u00f3sul\u00e1s\u00e1val 2000-t\u0151l \u00fczemelhet a Kun\u00e1got\u00e1n \u00e9p\u00fclt szennyv\u00edztiszt\u00edt\u00f3 telep, melyhez a csatornah\u00e1l\u00f3zat mindh\u00e1rom telep\u00fcl\u00e9sen ki\u00e9p\u00fcl. A szennyv\u00edztiszt\u00edt\u00f3 b\u0151v\u00edt\u00e9s\u00e9re \u00e9s a csatornah\u00e1l\u00f3zat tov\u00e1bb\u00e9p\u00edt\u00e9s\u00e9re a h\u00e1rom egy\u00fcttm\u0171k\u00f6d\u0151 telep\u00fcl\u00e9s tov\u00e1bb p\u00e1ly\u00e1zott, melynek eredm\u00e9nyek\u00e9nt dupl\u00e1j\u00e1ra b\u0151v\u00fclt a 300 k\u00f6bm\u00e9teres tiszt\u00edt\u00f3, \u00e9s tov\u00e1bbi ingatlanok csatlakozhattak a csatornah\u00e1l\u00f3zathoz.<\/p>\n<p>A telep\u00fcl\u00e9s r\u00e9gi, sz\u00e9pen rendben tartott k\u00f6z\u00e9p\u00fcletei k\u00f6z\u00fcl eml\u00edt\u00e9sre m\u00e9lt\u00f3ak: a templomok (r\u00f3mai katolikus, reform\u00e1tus), a m\u0171vel\u0151d\u00e9si h\u00e1z, az iskola, a k\u00f6zs\u00e9gh\u00e1za \u00e9p\u00fcletei. A m\u0171vel\u0151d\u00e9si h\u00e1z egykori k\u00e1ntorlak\u00e1s\u00e1ban \u00e1lland\u00f3 helyt\u00f6rt\u00e9neti gy\u0171jtem\u00e9ny mutatja be a Kun\u00e1gota t\u00f6rt\u00e9net\u00e9nek egy-egy id\u0151szak\u00e1t.<\/p>\n<p>A Kun\u00e1got\u00e1t \u00fajratelep\u00edt\u0151 104 doh\u00e1nykert\u00e9sz \u00e9s h\u00e1zast\u00e1rsainak n\u00e9vsor\u00e1t tartalmaz\u00f3 alap\u00edt\u00f3i eml\u00e9km\u0171vet a Bereczki M\u00e1t\u00e9 parkban az \u00fajratelep\u00edt\u00e9s 175. \u00e9vfordul\u00f3ja alkalm\u00e1b\u00f3l 2018. december 12-\u00e9n avatt\u00e1k fel.<\/p>\n<p>Az \u00e9vfordul\u00f3 tisztelet\u00e9re k\u00e9sz\u00fclt el 2019-ben G\u00e1bor L\u00e1szl\u00f3: Kun\u00e1gota 175 K\u00e9pes fejezetek egy kert\u00e9szk\u00f6zs\u00e9g \u00e9let\u00e9b\u0151l c\u00edm\u0171 k\u00f6nyve.<\/p>\n<p>&nbsp;<\/p>\n<p>A temet\u0151ben tal\u00e1lhat\u00f3k az \u00f6nkorm\u00e1nyzat \u00e1ltal \u00e1ll\u00edtott I. \u00e9s II. vil\u00e1gh\u00e1bor\u00fas eml\u00e9km\u0171vek. Itt nyugszik Bereczki M\u00e1t\u00e9, az 1895. december 9-\u00e9n Kun\u00e1got\u00e1n elhunyt tekint\u00e9lyes pomol\u00f3gus. A temet\u0151ben \u00e1ll a Kun\u00e1gota mindk\u00e9t templom\u00e1t fel\u00e9p\u00edt\u0151 Bodn\u00e1r Endre s\u00edreml\u00e9ke is.<\/p>\n<p>&nbsp;<\/p>\n<p>A telep\u00fcl\u00e9s h\u00edres sz\u00fcl\u00f6ttei Ronyecz M\u00e1ria sz\u00ednm\u0171v\u00e9szn\u0151. P\u00f3csik D\u00e9nes olimpiai v\u00e1logatott v\u00edzilabd\u00e1z\u00f3, Szokolay S\u00e1ndor zeneszerz\u0151. Kun\u00e1got\u00e1n t\u00f6lt\u00f6tte gyermekkor\u00e1t, itt v\u00e9gezte el az \u00e1ltal\u00e1nos iskol\u00e1t Moln\u00e1r Piroska sz\u00ednm\u0171v\u00e9szn\u0151.<\/p>\n<p>M\u00f3ra Ferenc is megfordult a faluban,&nbsp; melyr\u0151l eml\u00edt\u00e9st tesz a \u201eMit tal\u00e1ltam a cirokf\u00f6ld\u00f6n\u2026\u201d c\u00edm\u0171 elbesz\u00e9l\u00e9s\u00e9ben.<\/p>\n<p>A Millennium \u00e9v\u00e9ben, 2000-ben rendezte meg el\u0151sz\u00f6r a telep\u00fcl\u00e9s a Kun\u00e1gotai Falunapokat az augusztus 20-i \u00fcnnephez kapcsol\u00f3d\u00f3an. A j\u00f3l siker\u00fclt rendezv\u00e9ny hagyom\u00e1nyt teremtett, az\u00f3ta minden \u00e9vben augusztus h\u00f3napban megtartja az \u00f6nkorm\u00e1nyzat a falunapot.<\/p>\n<p>Hagyom\u00e1nyos rendezv\u00e9nye a telep\u00fcl\u00e9snek a katolikus templom v\u00e9d\u0151szentje tisztelet\u00e9re rendezett Imre naphoz k\u00f6t\u0151d\u0151 b\u00facs\u00fa is, melyre a k\u00f6rny\u00e9kbeli falvakb\u00f3l sokan idezar\u00e1ndokolnak.<\/p>\n<p>Az \u00f6nkorm\u00e1nyzat 1994. m\u00e1rcius 15-\u00e9n, a k\u00f6zs\u00e9g \u00fajratelep\u00edt\u00e9s\u00e9nek 150. \u00e9vfordul\u00f3ja tisztelet\u00e9re fogadta el a k\u00f6zs\u00e9g z\u00e1szl\u00f3j\u00e1r\u00f3l \u00e9s c\u00edmer\u00e9r\u0151l sz\u00f3l\u00f3 rendelet\u00e9t.<\/p>\n<p>Kun\u00e1gota a N\u00f3gr\u00e1d megyei Romh\u00e1nnyal testv\u00e9rtelep\u00fcl\u00e9si meg\u00e1llapod\u00e1st k\u00f6t\u00f6tt a m\u00e1r kialakult egy\u00fcttm\u0171k\u00f6d\u00e9s\u00fck er\u0151s\u00edt\u00e9s\u00e9re \u00e9s kiterjeszt\u00e9s\u00e9re, melynek alapja Bereczki M\u00e1t\u00e9 eml\u00e9k\u00e9nek k\u00f6z\u00f6s \u00e1pol\u00e1sa.<\/p>\n<p>&nbsp;<\/p>\n<p>Kun\u00e1gota, 2020. janu\u00e1r 28.<\/p>\n<p style=\"text-align: right;\">P\u00e1pai Zolt\u00e1n<\/p>\n<p style=\"text-align: right;\">polg\u00e1rmester<\/p>\n","protected":false},"excerpt":{"rendered":"<p>Kun\u00e1gota B\u00e9k\u00e9s megye d\u00e9li r\u00e9sz\u00e9n helyezkedik el. Hat\u00e1r telep\u00fcl\u00e9sei Medgyesegyh\u00e1za, Alm\u00e1skamar\u00e1s, Dombiratos, Magyardombegyh\u00e1za, Mez\u0151kov\u00e1csh\u00e1za \u00e9s Magyarb\u00e1nhegyes.&nbsp; A XX. sz\u00e1zadban felt\u00e1rt bronzkori, avar kori, honfoglal\u00e1s-korabeli s\u00edrok, leletek alapj\u00e1n tudjuk, hogy a telep\u00fcl\u00e9s ter\u00fclete r\u00e9gt\u0151l fogva lakott hely. A k\u00f6zs\u00e9g nev\u00e9vel el\u0151sz\u00f6r&hellip; <\/p>\n","protected":false},"author":1,"featured_media":0,"parent":70,"menu_order":1,"comment_status":"closed","ping_status":"closed","template":"","meta":{"ngg_post_thumbnail":0,"footnotes":"","_links_to":"","_links_to_target":""},"class_list":["post-75","page","type-page","status-publish","hentry"],"_links":{"self":[{"href":"http:\/\/pro-it.hu\/kunagota.hu\/wp-json\/wp\/v2\/pages\/75","targetHints":{"allow":["GET"]}}],"collection":[{"href":"http:\/\/pro-it.hu\/kunagota.hu\/wp-json\/wp\/v2\/pages"}],"about":[{"href":"http:\/\/pro-it.hu\/kunagota.hu\/wp-json\/wp\/v2\/types\/page"}],"author":[{"embeddable":true,"href":"http:\/\/pro-it.hu\/kunagota.hu\/wp-json\/wp\/v2\/users\/1"}],"replies":[{"embeddable":true,"href":"http:\/\/pro-it.hu\/kunagota.hu\/wp-json\/wp\/v2\/comments?post=75"}],"version-history":[{"count":12,"href":"http:\/\/pro-it.hu\/kunagota.hu\/wp-json\/wp\/v2\/pages\/75\/revisions"}],"predecessor-version":[{"id":1923,"href":"http:\/\/pro-it.hu\/kunagota.hu\/wp-json\/wp\/v2\/pages\/75\/revisions\/1923"}],"up":[{"embeddable":true,"href":"http:\/\/pro-it.hu\/kunagota.hu\/wp-json\/wp\/v2\/pages\/70"}],"wp:attachment":[{"href":"http:\/\/pro-it.hu\/kunagota.hu\/wp-json\/wp\/v2\/media?parent=75"}],"curies":[{"name":"wp","href":"https:\/\/api.w.org\/{rel}","templated":true}]}}