{"id":90,"date":"2019-01-13T15:38:54","date_gmt":"2019-01-13T15:38:54","guid":{"rendered":"http:\/\/www.pro-it.hu\/kunagota.hu\/?page_id=90"},"modified":"2020-01-30T13:23:23","modified_gmt":"2020-01-30T13:23:23","slug":"kunagota-cimere-zaszloja","status":"publish","type":"page","link":"http:\/\/pro-it.hu\/kunagota.hu\/a-telepules\/kunagota-cimere-zaszloja\/","title":{"rendered":"Kun\u00e1gota c\u00edmere, z\u00e1szl\u00f3ja"},"content":{"rendered":"<div align=\"center\">\n<table border=\"0\" width=\"90%\" cellspacing=\"0\" cellpadding=\"0\">\n<tbody>\n<tr>\n<td class=\"topcolborder\" colspan=\"2\">&nbsp;<\/td>\n<\/tr>\n<tr>\n<td align=\"center\" valign=\"top\">\n<h2 style=\"text-align: center;\">Kun\u00e1gota K\u00f6zs\u00e9g c\u00edmere<\/h2>\n<p style=\"text-align: center;\"><img loading=\"lazy\" decoding=\"async\" src=\"http:\/\/kunagota.hu\/res\/kepek\/cimer.jpg\" alt=\"Kun\u00e1gota c\u00edmere\" width=\"207\" height=\"300\"><\/p>\n<p style=\"text-align: center;\">Tervezte: Szereday Ilona<\/p>\n<\/td>\n<td align=\"center\" valign=\"top\">\n<h2 style=\"text-align: center;\">Kun\u00e1gota K\u00f6zs\u00e9g d\u00edszc\u00edmere<\/h2>\n<p style=\"text-align: center;\"><img loading=\"lazy\" decoding=\"async\" src=\"http:\/\/kunagota.hu\/res\/kepek\/diszcimer.jpg\" alt=\"Kun\u00e1gota k\u00f6zs\u00e9g d\u00edszc\u00edmere\" width=\"235\" height=\"300\"><\/p>\n<p style=\"text-align: center;\">Tervezte: Boros B\u00e9la<\/p>\n<\/td>\n<\/tr>\n<tr>\n<td class=\"bottomcolborder\" colspan=\"2\">&nbsp;<\/td>\n<\/tr>\n<\/tbody>\n<\/table>\n<p>&nbsp;<\/p>\n<p align=\"center\"><a href=\"http:\/\/www.pro-it.hu\/kunagota.hu\/wp-content\/uploads\/2020\/01\/Kun\u00e1gota-c\u00edmere-\u00e9s-z\u00e1szl\u00f3ja.doc\" target=\"_blank\" rel=\"noopener\">Kun\u00e1gota K\u00f6zs\u00e9gi \u00d6nkorm\u00e1nyzat<\/a><br \/>\n<a href=\"http:\/\/www.pro-it.hu\/kunagota.hu\/wp-content\/uploads\/2020\/01\/Kun\u00e1gota-c\u00edmere-\u00e9s-z\u00e1szl\u00f3ja.doc\" target=\"_blank\" rel=\"noopener\">4\/1994. (III. 1.) sz\u00e1m\u00fa<\/a><br \/>\n<a href=\"http:\/\/www.pro-it.hu\/kunagota.hu\/wp-content\/uploads\/2020\/01\/Kun\u00e1gota-c\u00edmere-\u00e9s-z\u00e1szl\u00f3ja.doc\" target=\"_blank\" rel=\"noopener\">\u00d6nkorm\u00e1nyzati Rendelete Kun\u00e1gota K\u00f6zs\u00e9g z\u00e1szl\u00f3j\u00e1r\u00f3l \u00e9s c\u00edmer\u00e9r\u0151l<\/a><\/p>\n<\/div>\n","protected":false},"excerpt":{"rendered":"<p>&nbsp; Kun\u00e1gota K\u00f6zs\u00e9g c\u00edmere Tervezte: Szereday Ilona Kun\u00e1gota K\u00f6zs\u00e9g d\u00edszc\u00edmere Tervezte: Boros B\u00e9la &nbsp; &nbsp; Kun\u00e1gota K\u00f6zs\u00e9gi \u00d6nkorm\u00e1nyzat 4\/1994. (III. 1.) sz\u00e1m\u00fa \u00d6nkorm\u00e1nyzati Rendelete Kun\u00e1gota K\u00f6zs\u00e9g z\u00e1szl\u00f3j\u00e1r\u00f3l \u00e9s c\u00edmer\u00e9r\u0151l<\/p>\n","protected":false},"author":1,"featured_media":0,"parent":70,"menu_order":3,"comment_status":"closed","ping_status":"closed","template":"","meta":{"ngg_post_thumbnail":0,"footnotes":"","_links_to":"","_links_to_target":""},"class_list":["post-90","page","type-page","status-publish","hentry"],"_links":{"self":[{"href":"http:\/\/pro-it.hu\/kunagota.hu\/wp-json\/wp\/v2\/pages\/90","targetHints":{"allow":["GET"]}}],"collection":[{"href":"http:\/\/pro-it.hu\/kunagota.hu\/wp-json\/wp\/v2\/pages"}],"about":[{"href":"http:\/\/pro-it.hu\/kunagota.hu\/wp-json\/wp\/v2\/types\/page"}],"author":[{"embeddable":true,"href":"http:\/\/pro-it.hu\/kunagota.hu\/wp-json\/wp\/v2\/users\/1"}],"replies":[{"embeddable":true,"href":"http:\/\/pro-it.hu\/kunagota.hu\/wp-json\/wp\/v2\/comments?post=90"}],"version-history":[{"count":5,"href":"http:\/\/pro-it.hu\/kunagota.hu\/wp-json\/wp\/v2\/pages\/90\/revisions"}],"predecessor-version":[{"id":1918,"href":"http:\/\/pro-it.hu\/kunagota.hu\/wp-json\/wp\/v2\/pages\/90\/revisions\/1918"}],"up":[{"embeddable":true,"href":"http:\/\/pro-it.hu\/kunagota.hu\/wp-json\/wp\/v2\/pages\/70"}],"wp:attachment":[{"href":"http:\/\/pro-it.hu\/kunagota.hu\/wp-json\/wp\/v2\/media?parent=90"}],"curies":[{"name":"wp","href":"https:\/\/api.w.org\/{rel}","templated":true}]}}